{"id":4143,"date":"2018-06-18T14:16:05","date_gmt":"2018-06-18T14:16:05","guid":{"rendered":"https:\/\/www.beijer.com\/produkte\/can-produkte\/beijer-can-interfaces-bci\/bci-can-to-analog\/"},"modified":"2022-01-31T14:49:31","modified_gmt":"2022-01-31T13:49:31","slug":"bci-can-to-analog","status":"publish","type":"page","link":"https:\/\/www.beijer.com\/de\/produkte\/can-produkte\/beijer-can-interfaces-bci\/bci-can-to-analog\/","title":{"rendered":"BCI | CAN-to-Analog"},"content":{"rendered":"<p>Diese BCI-Variante \u00fcbersetzt CAN-Daten in analoge Signale. Zum Beispiel ein Geschwindigkeitssignal oder eine geschaltete Stromversorgung (+15). Aber auch Motordrehzahl, R\u00fcckw\u00e4rtsgang, Bremse, Wischer, Nebelscheinwerfer, Fahrtrichtungsanzeiger, T\u00fcrkontakte, Kupplung, Motorlauf und viele weitere Signale aus dem CAN-Bus.<\/p>\n","protected":false},"excerpt":{"rendered":"<p>Diese BCI-Variante \u00fcbersetzt CAN-Daten in analoge Signale. Zum Beispiel ein Geschwindigkeitssignal oder eine geschaltete Stromversorgung (+15). Aber auch Motordrehzahl, R\u00fcckw\u00e4rtsgang, Bremse, Wischer, Nebelscheinwerfer, Fahrtrichtungsanzeiger,&#8230;<\/p>\n","protected":false},"author":1,"featured_media":3441,"parent":3971,"menu_order":1,"comment_status":"closed","ping_status":"closed","template":"","meta":{"_acf_changed":false,"footnotes":""},"class_list":["post-4143","page","type-page","status-publish","has-post-thumbnail","hentry"],"acf":[],"yoast_head":"<!-- This site is optimized with the Yoast SEO plugin v26.8 - https:\/\/yoast.com\/product\/yoast-seo-wordpress\/ -->\n<title>BCI | CAN-to-Analog - Beijer Automotive<\/title>\n<meta name=\"robots\" content=\"index, follow, max-snippet:-1, max-image-preview:large, max-video-preview:-1\" \/>\n<link rel=\"canonical\" href=\"https:\/\/www.beijer.com\/de\/produkte\/can-produkte\/beijer-can-interfaces-bci\/bci-can-to-analog\/\" \/>\n<meta property=\"og:locale\" content=\"de_DE\" \/>\n<meta property=\"og:type\" content=\"article\" \/>\n<meta property=\"og:title\" content=\"BCI | CAN-to-Analog - Beijer Automotive\" \/>\n<meta property=\"og:description\" content=\"Diese BCI-Variante \u00fcbersetzt CAN-Daten in analoge Signale. Zum Beispiel ein Geschwindigkeitssignal oder eine geschaltete Stromversorgung (+15). Aber auch Motordrehzahl, R\u00fcckw\u00e4rtsgang, Bremse, Wischer, Nebelscheinwerfer, Fahrtrichtungsanzeiger,...\" \/>\n<meta property=\"og:url\" content=\"https:\/\/www.beijer.com\/de\/produkte\/can-produkte\/beijer-can-interfaces-bci\/bci-can-to-analog\/\" \/>\n<meta property=\"og:site_name\" content=\"Beijer Automotive\" \/>\n<meta property=\"article:modified_time\" content=\"2022-01-31T13:49:31+00:00\" \/>\n<meta property=\"og:image\" content=\"https:\/\/www.beijer.com\/wp-content\/uploads\/2021\/08\/Beijer_NEW-Icons_DEF-site-zonder-cirkels-_BCI-CAN-to-Analog.png\" \/>\n\t<meta property=\"og:image:width\" content=\"417\" \/>\n\t<meta property=\"og:image:height\" content=\"417\" \/>\n\t<meta property=\"og:image:type\" content=\"image\/png\" \/>\n<meta name=\"twitter:card\" content=\"summary_large_image\" \/>\n<script type=\"application\/ld+json\" class=\"yoast-schema-graph\">{\"@context\":\"https:\/\/schema.org\",\"@graph\":[{\"@type\":\"WebPage\",\"@id\":\"https:\/\/www.beijer.com\/de\/produkte\/can-produkte\/beijer-can-interfaces-bci\/bci-can-to-analog\/\",\"url\":\"https:\/\/www.beijer.com\/de\/produkte\/can-produkte\/beijer-can-interfaces-bci\/bci-can-to-analog\/\",\"name\":\"BCI | CAN-to-Analog - Beijer Automotive\",\"isPartOf\":{\"@id\":\"https:\/\/www.beijer.com\/#website\"},\"primaryImageOfPage\":{\"@id\":\"https:\/\/www.beijer.com\/de\/produkte\/can-produkte\/beijer-can-interfaces-bci\/bci-can-to-analog\/#primaryimage\"},\"image\":{\"@id\":\"https:\/\/www.beijer.com\/de\/produkte\/can-produkte\/beijer-can-interfaces-bci\/bci-can-to-analog\/#primaryimage\"},\"thumbnailUrl\":\"https:\/\/www.beijer.com\/wp-content\/uploads\/2021\/08\/Beijer_NEW-Icons_DEF-site-zonder-cirkels-_BCI-CAN-to-Analog.png\",\"datePublished\":\"2018-06-18T14:16:05+00:00\",\"dateModified\":\"2022-01-31T13:49:31+00:00\",\"breadcrumb\":{\"@id\":\"https:\/\/www.beijer.com\/de\/produkte\/can-produkte\/beijer-can-interfaces-bci\/bci-can-to-analog\/#breadcrumb\"},\"inLanguage\":\"de\",\"potentialAction\":[{\"@type\":\"ReadAction\",\"target\":[\"https:\/\/www.beijer.com\/de\/produkte\/can-produkte\/beijer-can-interfaces-bci\/bci-can-to-analog\/\"]}]},{\"@type\":\"ImageObject\",\"inLanguage\":\"de\",\"@id\":\"https:\/\/www.beijer.com\/de\/produkte\/can-produkte\/beijer-can-interfaces-bci\/bci-can-to-analog\/#primaryimage\",\"url\":\"https:\/\/www.beijer.com\/wp-content\/uploads\/2021\/08\/Beijer_NEW-Icons_DEF-site-zonder-cirkels-_BCI-CAN-to-Analog.png\",\"contentUrl\":\"https:\/\/www.beijer.com\/wp-content\/uploads\/2021\/08\/Beijer_NEW-Icons_DEF-site-zonder-cirkels-_BCI-CAN-to-Analog.png\",\"width\":417,\"height\":417},{\"@type\":\"BreadcrumbList\",\"@id\":\"https:\/\/www.beijer.com\/de\/produkte\/can-produkte\/beijer-can-interfaces-bci\/bci-can-to-analog\/#breadcrumb\",\"itemListElement\":[{\"@type\":\"ListItem\",\"position\":1,\"name\":\"Home\",\"item\":\"https:\/\/www.beijer.com\/de\/\"},{\"@type\":\"ListItem\",\"position\":2,\"name\":\"Produkte\",\"item\":\"https:\/\/www.beijer.com\/de\/produkte\/\"},{\"@type\":\"ListItem\",\"position\":3,\"name\":\"CAN Produkte\",\"item\":\"https:\/\/www.beijer.com\/de\/produkte\/can-produkte\/\"},{\"@type\":\"ListItem\",\"position\":4,\"name\":\"Beijer CAN-Schnittstelle (BCI)\",\"item\":\"https:\/\/www.beijer.com\/de\/produkte\/can-produkte\/beijer-can-interfaces-bci\/\"},{\"@type\":\"ListItem\",\"position\":5,\"name\":\"BCI | CAN-to-Analog\"}]},{\"@type\":\"WebSite\",\"@id\":\"https:\/\/www.beijer.com\/#website\",\"url\":\"https:\/\/www.beijer.com\/\",\"name\":\"Beijer Automotive\",\"description\":\"\",\"publisher\":{\"@id\":\"https:\/\/www.beijer.com\/#organization\"},\"potentialAction\":[{\"@type\":\"SearchAction\",\"target\":{\"@type\":\"EntryPoint\",\"urlTemplate\":\"https:\/\/www.beijer.com\/?s={search_term_string}\"},\"query-input\":{\"@type\":\"PropertyValueSpecification\",\"valueRequired\":true,\"valueName\":\"search_term_string\"}}],\"inLanguage\":\"de\"},{\"@type\":\"Organization\",\"@id\":\"https:\/\/www.beijer.com\/#organization\",\"name\":\"Beijer Automotive\",\"url\":\"https:\/\/www.beijer.com\/\",\"logo\":{\"@type\":\"ImageObject\",\"inLanguage\":\"de\",\"@id\":\"https:\/\/www.beijer.com\/#\/schema\/logo\/image\/\",\"url\":\"https:\/\/www.beijer.com\/wp-content\/uploads\/2018\/06\/cropped-sdf.jpg\",\"contentUrl\":\"https:\/\/www.beijer.com\/wp-content\/uploads\/2018\/06\/cropped-sdf.jpg\",\"width\":\"180\",\"height\":\"59\",\"caption\":\"Beijer Automotive\"},\"image\":{\"@id\":\"https:\/\/www.beijer.com\/#\/schema\/logo\/image\/\"}}]}<\/script>\n<!-- \/ Yoast SEO plugin. -->","yoast_head_json":{"title":"BCI | CAN-to-Analog - Beijer Automotive","robots":{"index":"index","follow":"follow","max-snippet":"max-snippet:-1","max-image-preview":"max-image-preview:large","max-video-preview":"max-video-preview:-1"},"canonical":"https:\/\/www.beijer.com\/de\/produkte\/can-produkte\/beijer-can-interfaces-bci\/bci-can-to-analog\/","og_locale":"de_DE","og_type":"article","og_title":"BCI | CAN-to-Analog - Beijer Automotive","og_description":"Diese BCI-Variante \u00fcbersetzt CAN-Daten in analoge Signale. Zum Beispiel ein Geschwindigkeitssignal oder eine geschaltete Stromversorgung (+15). Aber auch Motordrehzahl, R\u00fcckw\u00e4rtsgang, Bremse, Wischer, Nebelscheinwerfer, Fahrtrichtungsanzeiger,...","og_url":"https:\/\/www.beijer.com\/de\/produkte\/can-produkte\/beijer-can-interfaces-bci\/bci-can-to-analog\/","og_site_name":"Beijer Automotive","article_modified_time":"2022-01-31T13:49:31+00:00","og_image":[{"width":417,"height":417,"url":"https:\/\/www.beijer.com\/wp-content\/uploads\/2021\/08\/Beijer_NEW-Icons_DEF-site-zonder-cirkels-_BCI-CAN-to-Analog.png","type":"image\/png"}],"twitter_card":"summary_large_image","schema":{"@context":"https:\/\/schema.org","@graph":[{"@type":"WebPage","@id":"https:\/\/www.beijer.com\/de\/produkte\/can-produkte\/beijer-can-interfaces-bci\/bci-can-to-analog\/","url":"https:\/\/www.beijer.com\/de\/produkte\/can-produkte\/beijer-can-interfaces-bci\/bci-can-to-analog\/","name":"BCI | CAN-to-Analog - Beijer Automotive","isPartOf":{"@id":"https:\/\/www.beijer.com\/#website"},"primaryImageOfPage":{"@id":"https:\/\/www.beijer.com\/de\/produkte\/can-produkte\/beijer-can-interfaces-bci\/bci-can-to-analog\/#primaryimage"},"image":{"@id":"https:\/\/www.beijer.com\/de\/produkte\/can-produkte\/beijer-can-interfaces-bci\/bci-can-to-analog\/#primaryimage"},"thumbnailUrl":"https:\/\/www.beijer.com\/wp-content\/uploads\/2021\/08\/Beijer_NEW-Icons_DEF-site-zonder-cirkels-_BCI-CAN-to-Analog.png","datePublished":"2018-06-18T14:16:05+00:00","dateModified":"2022-01-31T13:49:31+00:00","breadcrumb":{"@id":"https:\/\/www.beijer.com\/de\/produkte\/can-produkte\/beijer-can-interfaces-bci\/bci-can-to-analog\/#breadcrumb"},"inLanguage":"de","potentialAction":[{"@type":"ReadAction","target":["https:\/\/www.beijer.com\/de\/produkte\/can-produkte\/beijer-can-interfaces-bci\/bci-can-to-analog\/"]}]},{"@type":"ImageObject","inLanguage":"de","@id":"https:\/\/www.beijer.com\/de\/produkte\/can-produkte\/beijer-can-interfaces-bci\/bci-can-to-analog\/#primaryimage","url":"https:\/\/www.beijer.com\/wp-content\/uploads\/2021\/08\/Beijer_NEW-Icons_DEF-site-zonder-cirkels-_BCI-CAN-to-Analog.png","contentUrl":"https:\/\/www.beijer.com\/wp-content\/uploads\/2021\/08\/Beijer_NEW-Icons_DEF-site-zonder-cirkels-_BCI-CAN-to-Analog.png","width":417,"height":417},{"@type":"BreadcrumbList","@id":"https:\/\/www.beijer.com\/de\/produkte\/can-produkte\/beijer-can-interfaces-bci\/bci-can-to-analog\/#breadcrumb","itemListElement":[{"@type":"ListItem","position":1,"name":"Home","item":"https:\/\/www.beijer.com\/de\/"},{"@type":"ListItem","position":2,"name":"Produkte","item":"https:\/\/www.beijer.com\/de\/produkte\/"},{"@type":"ListItem","position":3,"name":"CAN Produkte","item":"https:\/\/www.beijer.com\/de\/produkte\/can-produkte\/"},{"@type":"ListItem","position":4,"name":"Beijer CAN-Schnittstelle (BCI)","item":"https:\/\/www.beijer.com\/de\/produkte\/can-produkte\/beijer-can-interfaces-bci\/"},{"@type":"ListItem","position":5,"name":"BCI | CAN-to-Analog"}]},{"@type":"WebSite","@id":"https:\/\/www.beijer.com\/#website","url":"https:\/\/www.beijer.com\/","name":"Beijer Automotive","description":"","publisher":{"@id":"https:\/\/www.beijer.com\/#organization"},"potentialAction":[{"@type":"SearchAction","target":{"@type":"EntryPoint","urlTemplate":"https:\/\/www.beijer.com\/?s={search_term_string}"},"query-input":{"@type":"PropertyValueSpecification","valueRequired":true,"valueName":"search_term_string"}}],"inLanguage":"de"},{"@type":"Organization","@id":"https:\/\/www.beijer.com\/#organization","name":"Beijer Automotive","url":"https:\/\/www.beijer.com\/","logo":{"@type":"ImageObject","inLanguage":"de","@id":"https:\/\/www.beijer.com\/#\/schema\/logo\/image\/","url":"https:\/\/www.beijer.com\/wp-content\/uploads\/2018\/06\/cropped-sdf.jpg","contentUrl":"https:\/\/www.beijer.com\/wp-content\/uploads\/2018\/06\/cropped-sdf.jpg","width":"180","height":"59","caption":"Beijer Automotive"},"image":{"@id":"https:\/\/www.beijer.com\/#\/schema\/logo\/image\/"}}]}},"_links":{"self":[{"href":"https:\/\/www.beijer.com\/de\/wp-json\/wp\/v2\/pages\/4143","targetHints":{"allow":["GET"]}}],"collection":[{"href":"https:\/\/www.beijer.com\/de\/wp-json\/wp\/v2\/pages"}],"about":[{"href":"https:\/\/www.beijer.com\/de\/wp-json\/wp\/v2\/types\/page"}],"author":[{"embeddable":true,"href":"https:\/\/www.beijer.com\/de\/wp-json\/wp\/v2\/users\/1"}],"replies":[{"embeddable":true,"href":"https:\/\/www.beijer.com\/de\/wp-json\/wp\/v2\/comments?post=4143"}],"version-history":[{"count":4,"href":"https:\/\/www.beijer.com\/de\/wp-json\/wp\/v2\/pages\/4143\/revisions"}],"predecessor-version":[{"id":7845,"href":"https:\/\/www.beijer.com\/de\/wp-json\/wp\/v2\/pages\/4143\/revisions\/7845"}],"up":[{"embeddable":true,"href":"https:\/\/www.beijer.com\/de\/wp-json\/wp\/v2\/pages\/3971"}],"wp:featuredmedia":[{"embeddable":true,"href":"https:\/\/www.beijer.com\/de\/wp-json\/wp\/v2\/media\/3441"}],"wp:attachment":[{"href":"https:\/\/www.beijer.com\/de\/wp-json\/wp\/v2\/media?parent=4143"}],"curies":[{"name":"wp","href":"https:\/\/api.w.org\/{rel}","templated":true}]}}