{"id":4160,"date":"2018-06-18T14:16:37","date_gmt":"2018-06-18T14:16:37","guid":{"rendered":"https:\/\/www.beijer.com\/produkte\/can-produkte\/beijer-can-interfaces-bci\/bci-can-to-analog\/bci-2\/"},"modified":"2026-03-30T11:49:47","modified_gmt":"2026-03-30T09:49:47","slug":"bci-2","status":"publish","type":"page","link":"https:\/\/www.beijer.com\/de\/produkte\/can-produkte\/beijer-can-interfaces-bci\/bci-can-to-analog\/bci-2\/","title":{"rendered":"BCI-2"},"content":{"rendered":"<div style=\"overflow: hidden; margin-bottom: 10px;\"><img loading=\"lazy\" decoding=\"async\" class=\"alignnone size-medium wp-image-45932\" style=\"float: right; margin-left: 4px; margin-bottom: 0;\" src=\"https:\/\/www.beijer.com\/wp-content\/uploads\/2025\/08\/supports-CAN-FD-e1754309341483.jpg\" alt=\"\" width=\"167\" height=\"109\" \/><\/p>\n<p style=\"margin-bottom: 0;\">Die BCI-2 ist eine universelle CAN-Schnittstelle mit zwei Ausg\u00e4nge.<br \/>\nMit \u00e9inem BCI auf Lager k\u00f6nnen Sie mit jedem Auto umgehen.<\/p>\n<\/div>\n<p>\n<table id=\"tablepress-9\" class=\"tablepress tablepress-id-9\">\n<tbody class=\"row-striping row-hover\">\n<tr class=\"row-1\">\n\t<td class=\"column-1\"><strong>INPUT<\/strong><br \/>\n- CAN High &amp; CAN Low (Highspeed)<br \/>\nSupports CAN FD<br \/>\n<br \/>\n<strong>OUTPUT<\/strong><br \/>\n- Speed<br \/>\n- Switched Power<\/td><td class=\"column-2\"><img loading=\"lazy\" decoding=\"async\" src=\"https:\/\/www.beijer.com\/wp-content\/uploads\/2025\/08\/BCI-2-NG-schuin-transp.png\" alt=\"BCI CAN interface\" width=\"250\" height=\"200\" class=\"alignnone size-full wp-image-1534\" \/><\/td>\n<\/tr>\n<\/tbody>\n<\/table>\n<!-- #tablepress-9 from cache -->\u20ac 155 zzgl. MwSt.<\/p>\n<p>Der Anschluss der BCI-Schnittstelle ist schnell und einfach. Sobald die Verbindung mit einer konstanten Stromversorgung, Masse und zwei CAN-Kabeln steht, erkennt die BCI-Schnittstelle die Fahrzeugmarke und das Modell automatisch. Die BCI ben\u00f6tigt h\u00f6chsten 20 Sekunden, um das Fahrzeug zu identifizieren, wonach sie die einschl\u00e4gigen Ausg\u00e4nge steuert. Auch das Auffinden der CAN-Anschl\u00fcsse im Auto ist mit Hilfe der kostenlosen (online) INCAR Anleitung, die jedem BCI beiliegt, ganz einfach.<\/p>\n<p>Der BCI-2 ist kompatibel mit dem Smart Tacho 2 (SMT2 \/ G2V2) sowie dem entsprechenden M1N1-Adapter und KITAS-Sensor und erf\u00fcllt die gesetzlichen Anforderungen.<\/p>\n<p>Entdecken Sie das BCI-2 (&#8218;Next Gen&#8216;) mit CAN-FD-Unterst\u00fctzung:<\/p>\n<p><a style=\"background-color: #04a1ef; color: #fff; padding: 8px 12px; text-decoration: none; border-radius: 4px; margin-right: 10px; display: inline-block;\" href=\"https:\/\/www.beijer.com\/bci-application-lists\/\" target=\"_blank\" rel=\"noopener\">APPLICATION LIST BCI-2<\/a>\u00a0<a style=\"background-color: #04a1ef; color: #fff; padding: 8px 12px; text-decoration: none; border-radius: 4px; margin-right: 10px; display: inline-block;\" href=\"https:\/\/www.beijer.com\/wp-content\/uploads\/2025\/12\/Manual_BCING_V2_0525.pdf\" target=\"_blank\" rel=\"noopener\">MANUAL BCI-2<\/a> <a style=\"background-color: #04a1ef; color: #fff; padding: 8px 12px; text-decoration: none; border-radius: 4px; display: inline-block;\" href=\"https:\/\/incar.beijer.com\/bci-2-ng.html\" target=\"_blank\" rel=\"noopener\">JETZT BCI-2 BESTELLEN<\/a><\/p>\n","protected":false},"excerpt":{"rendered":"<p>Die BCI-2 ist eine universelle CAN-Schnittstelle mit zwei Ausg\u00e4nge. Mit \u00e9inem BCI auf Lager k\u00f6nnen Sie mit jedem Auto umgehen. \u20ac 155 zzgl. MwSt&#8230;.<\/p>\n","protected":false},"author":1,"featured_media":3471,"parent":4143,"menu_order":1,"comment_status":"closed","ping_status":"closed","template":"","meta":{"_acf_changed":false,"footnotes":""},"class_list":["post-4160","page","type-page","status-publish","has-post-thumbnail","hentry"],"acf":[],"yoast_head":"<!-- This site is optimized with the Yoast SEO plugin v26.8 - https:\/\/yoast.com\/product\/yoast-seo-wordpress\/ -->\n<title>BCI-2 - Beijer Automotive<\/title>\n<meta name=\"robots\" content=\"index, follow, max-snippet:-1, max-image-preview:large, max-video-preview:-1\" \/>\n<link rel=\"canonical\" href=\"https:\/\/www.beijer.com\/de\/produkte\/can-produkte\/beijer-can-interfaces-bci\/bci-can-to-analog\/bci-2\/\" \/>\n<meta property=\"og:locale\" content=\"de_DE\" \/>\n<meta property=\"og:type\" content=\"article\" \/>\n<meta property=\"og:title\" content=\"BCI-2 - Beijer Automotive\" \/>\n<meta property=\"og:description\" content=\"Die BCI-2 ist eine universelle CAN-Schnittstelle mit zwei Ausg\u00e4nge. Mit \u00e9inem BCI auf Lager k\u00f6nnen Sie mit jedem Auto umgehen. \u20ac 155 zzgl. MwSt....\" \/>\n<meta property=\"og:url\" content=\"https:\/\/www.beijer.com\/de\/produkte\/can-produkte\/beijer-can-interfaces-bci\/bci-can-to-analog\/bci-2\/\" \/>\n<meta property=\"og:site_name\" content=\"Beijer Automotive\" \/>\n<meta property=\"article:modified_time\" content=\"2026-03-30T09:49:47+00:00\" \/>\n<meta property=\"og:image\" content=\"https:\/\/www.beijer.com\/wp-content\/uploads\/2021\/08\/Beijer_NEW-Icons_DEF-site-zonder-cirkels-_BCI-2.png\" \/>\n\t<meta property=\"og:image:width\" content=\"417\" \/>\n\t<meta property=\"og:image:height\" content=\"418\" \/>\n\t<meta property=\"og:image:type\" content=\"image\/png\" \/>\n<meta name=\"twitter:card\" content=\"summary_large_image\" \/>\n<script type=\"application\/ld+json\" class=\"yoast-schema-graph\">{\"@context\":\"https:\/\/schema.org\",\"@graph\":[{\"@type\":\"WebPage\",\"@id\":\"https:\/\/www.beijer.com\/de\/produkte\/can-produkte\/beijer-can-interfaces-bci\/bci-can-to-analog\/bci-2\/\",\"url\":\"https:\/\/www.beijer.com\/de\/produkte\/can-produkte\/beijer-can-interfaces-bci\/bci-can-to-analog\/bci-2\/\",\"name\":\"BCI-2 - Beijer Automotive\",\"isPartOf\":{\"@id\":\"https:\/\/www.beijer.com\/#website\"},\"primaryImageOfPage\":{\"@id\":\"https:\/\/www.beijer.com\/de\/produkte\/can-produkte\/beijer-can-interfaces-bci\/bci-can-to-analog\/bci-2\/#primaryimage\"},\"image\":{\"@id\":\"https:\/\/www.beijer.com\/de\/produkte\/can-produkte\/beijer-can-interfaces-bci\/bci-can-to-analog\/bci-2\/#primaryimage\"},\"thumbnailUrl\":\"https:\/\/www.beijer.com\/wp-content\/uploads\/2021\/08\/Beijer_NEW-Icons_DEF-site-zonder-cirkels-_BCI-2.png\",\"datePublished\":\"2018-06-18T14:16:37+00:00\",\"dateModified\":\"2026-03-30T09:49:47+00:00\",\"breadcrumb\":{\"@id\":\"https:\/\/www.beijer.com\/de\/produkte\/can-produkte\/beijer-can-interfaces-bci\/bci-can-to-analog\/bci-2\/#breadcrumb\"},\"inLanguage\":\"de\",\"potentialAction\":[{\"@type\":\"ReadAction\",\"target\":[\"https:\/\/www.beijer.com\/de\/produkte\/can-produkte\/beijer-can-interfaces-bci\/bci-can-to-analog\/bci-2\/\"]}]},{\"@type\":\"ImageObject\",\"inLanguage\":\"de\",\"@id\":\"https:\/\/www.beijer.com\/de\/produkte\/can-produkte\/beijer-can-interfaces-bci\/bci-can-to-analog\/bci-2\/#primaryimage\",\"url\":\"https:\/\/www.beijer.com\/wp-content\/uploads\/2021\/08\/Beijer_NEW-Icons_DEF-site-zonder-cirkels-_BCI-2.png\",\"contentUrl\":\"https:\/\/www.beijer.com\/wp-content\/uploads\/2021\/08\/Beijer_NEW-Icons_DEF-site-zonder-cirkels-_BCI-2.png\",\"width\":417,\"height\":418},{\"@type\":\"BreadcrumbList\",\"@id\":\"https:\/\/www.beijer.com\/de\/produkte\/can-produkte\/beijer-can-interfaces-bci\/bci-can-to-analog\/bci-2\/#breadcrumb\",\"itemListElement\":[{\"@type\":\"ListItem\",\"position\":1,\"name\":\"Home\",\"item\":\"https:\/\/www.beijer.com\/de\/\"},{\"@type\":\"ListItem\",\"position\":2,\"name\":\"Produkte\",\"item\":\"https:\/\/www.beijer.com\/de\/produkte\/\"},{\"@type\":\"ListItem\",\"position\":3,\"name\":\"CAN Produkte\",\"item\":\"https:\/\/www.beijer.com\/de\/produkte\/can-produkte\/\"},{\"@type\":\"ListItem\",\"position\":4,\"name\":\"Beijer CAN-Schnittstelle (BCI)\",\"item\":\"https:\/\/www.beijer.com\/de\/produkte\/can-produkte\/beijer-can-interfaces-bci\/\"},{\"@type\":\"ListItem\",\"position\":5,\"name\":\"BCI | CAN-to-Analog\",\"item\":\"https:\/\/www.beijer.com\/de\/produkte\/can-produkte\/beijer-can-interfaces-bci\/bci-can-to-analog\/\"},{\"@type\":\"ListItem\",\"position\":6,\"name\":\"BCI-2\"}]},{\"@type\":\"WebSite\",\"@id\":\"https:\/\/www.beijer.com\/#website\",\"url\":\"https:\/\/www.beijer.com\/\",\"name\":\"Beijer Automotive\",\"description\":\"\",\"publisher\":{\"@id\":\"https:\/\/www.beijer.com\/#organization\"},\"potentialAction\":[{\"@type\":\"SearchAction\",\"target\":{\"@type\":\"EntryPoint\",\"urlTemplate\":\"https:\/\/www.beijer.com\/?s={search_term_string}\"},\"query-input\":{\"@type\":\"PropertyValueSpecification\",\"valueRequired\":true,\"valueName\":\"search_term_string\"}}],\"inLanguage\":\"de\"},{\"@type\":\"Organization\",\"@id\":\"https:\/\/www.beijer.com\/#organization\",\"name\":\"Beijer Automotive\",\"url\":\"https:\/\/www.beijer.com\/\",\"logo\":{\"@type\":\"ImageObject\",\"inLanguage\":\"de\",\"@id\":\"https:\/\/www.beijer.com\/#\/schema\/logo\/image\/\",\"url\":\"https:\/\/www.beijer.com\/wp-content\/uploads\/2018\/06\/cropped-sdf.jpg\",\"contentUrl\":\"https:\/\/www.beijer.com\/wp-content\/uploads\/2018\/06\/cropped-sdf.jpg\",\"width\":\"180\",\"height\":\"59\",\"caption\":\"Beijer Automotive\"},\"image\":{\"@id\":\"https:\/\/www.beijer.com\/#\/schema\/logo\/image\/\"}}]}<\/script>\n<!-- \/ Yoast SEO plugin. -->","yoast_head_json":{"title":"BCI-2 - Beijer Automotive","robots":{"index":"index","follow":"follow","max-snippet":"max-snippet:-1","max-image-preview":"max-image-preview:large","max-video-preview":"max-video-preview:-1"},"canonical":"https:\/\/www.beijer.com\/de\/produkte\/can-produkte\/beijer-can-interfaces-bci\/bci-can-to-analog\/bci-2\/","og_locale":"de_DE","og_type":"article","og_title":"BCI-2 - Beijer Automotive","og_description":"Die BCI-2 ist eine universelle CAN-Schnittstelle mit zwei Ausg\u00e4nge. Mit \u00e9inem BCI auf Lager k\u00f6nnen Sie mit jedem Auto umgehen. \u20ac 155 zzgl. MwSt....","og_url":"https:\/\/www.beijer.com\/de\/produkte\/can-produkte\/beijer-can-interfaces-bci\/bci-can-to-analog\/bci-2\/","og_site_name":"Beijer Automotive","article_modified_time":"2026-03-30T09:49:47+00:00","og_image":[{"width":417,"height":418,"url":"https:\/\/www.beijer.com\/wp-content\/uploads\/2021\/08\/Beijer_NEW-Icons_DEF-site-zonder-cirkels-_BCI-2.png","type":"image\/png"}],"twitter_card":"summary_large_image","schema":{"@context":"https:\/\/schema.org","@graph":[{"@type":"WebPage","@id":"https:\/\/www.beijer.com\/de\/produkte\/can-produkte\/beijer-can-interfaces-bci\/bci-can-to-analog\/bci-2\/","url":"https:\/\/www.beijer.com\/de\/produkte\/can-produkte\/beijer-can-interfaces-bci\/bci-can-to-analog\/bci-2\/","name":"BCI-2 - Beijer Automotive","isPartOf":{"@id":"https:\/\/www.beijer.com\/#website"},"primaryImageOfPage":{"@id":"https:\/\/www.beijer.com\/de\/produkte\/can-produkte\/beijer-can-interfaces-bci\/bci-can-to-analog\/bci-2\/#primaryimage"},"image":{"@id":"https:\/\/www.beijer.com\/de\/produkte\/can-produkte\/beijer-can-interfaces-bci\/bci-can-to-analog\/bci-2\/#primaryimage"},"thumbnailUrl":"https:\/\/www.beijer.com\/wp-content\/uploads\/2021\/08\/Beijer_NEW-Icons_DEF-site-zonder-cirkels-_BCI-2.png","datePublished":"2018-06-18T14:16:37+00:00","dateModified":"2026-03-30T09:49:47+00:00","breadcrumb":{"@id":"https:\/\/www.beijer.com\/de\/produkte\/can-produkte\/beijer-can-interfaces-bci\/bci-can-to-analog\/bci-2\/#breadcrumb"},"inLanguage":"de","potentialAction":[{"@type":"ReadAction","target":["https:\/\/www.beijer.com\/de\/produkte\/can-produkte\/beijer-can-interfaces-bci\/bci-can-to-analog\/bci-2\/"]}]},{"@type":"ImageObject","inLanguage":"de","@id":"https:\/\/www.beijer.com\/de\/produkte\/can-produkte\/beijer-can-interfaces-bci\/bci-can-to-analog\/bci-2\/#primaryimage","url":"https:\/\/www.beijer.com\/wp-content\/uploads\/2021\/08\/Beijer_NEW-Icons_DEF-site-zonder-cirkels-_BCI-2.png","contentUrl":"https:\/\/www.beijer.com\/wp-content\/uploads\/2021\/08\/Beijer_NEW-Icons_DEF-site-zonder-cirkels-_BCI-2.png","width":417,"height":418},{"@type":"BreadcrumbList","@id":"https:\/\/www.beijer.com\/de\/produkte\/can-produkte\/beijer-can-interfaces-bci\/bci-can-to-analog\/bci-2\/#breadcrumb","itemListElement":[{"@type":"ListItem","position":1,"name":"Home","item":"https:\/\/www.beijer.com\/de\/"},{"@type":"ListItem","position":2,"name":"Produkte","item":"https:\/\/www.beijer.com\/de\/produkte\/"},{"@type":"ListItem","position":3,"name":"CAN Produkte","item":"https:\/\/www.beijer.com\/de\/produkte\/can-produkte\/"},{"@type":"ListItem","position":4,"name":"Beijer CAN-Schnittstelle (BCI)","item":"https:\/\/www.beijer.com\/de\/produkte\/can-produkte\/beijer-can-interfaces-bci\/"},{"@type":"ListItem","position":5,"name":"BCI | CAN-to-Analog","item":"https:\/\/www.beijer.com\/de\/produkte\/can-produkte\/beijer-can-interfaces-bci\/bci-can-to-analog\/"},{"@type":"ListItem","position":6,"name":"BCI-2"}]},{"@type":"WebSite","@id":"https:\/\/www.beijer.com\/#website","url":"https:\/\/www.beijer.com\/","name":"Beijer Automotive","description":"","publisher":{"@id":"https:\/\/www.beijer.com\/#organization"},"potentialAction":[{"@type":"SearchAction","target":{"@type":"EntryPoint","urlTemplate":"https:\/\/www.beijer.com\/?s={search_term_string}"},"query-input":{"@type":"PropertyValueSpecification","valueRequired":true,"valueName":"search_term_string"}}],"inLanguage":"de"},{"@type":"Organization","@id":"https:\/\/www.beijer.com\/#organization","name":"Beijer Automotive","url":"https:\/\/www.beijer.com\/","logo":{"@type":"ImageObject","inLanguage":"de","@id":"https:\/\/www.beijer.com\/#\/schema\/logo\/image\/","url":"https:\/\/www.beijer.com\/wp-content\/uploads\/2018\/06\/cropped-sdf.jpg","contentUrl":"https:\/\/www.beijer.com\/wp-content\/uploads\/2018\/06\/cropped-sdf.jpg","width":"180","height":"59","caption":"Beijer Automotive"},"image":{"@id":"https:\/\/www.beijer.com\/#\/schema\/logo\/image\/"}}]}},"_links":{"self":[{"href":"https:\/\/www.beijer.com\/de\/wp-json\/wp\/v2\/pages\/4160","targetHints":{"allow":["GET"]}}],"collection":[{"href":"https:\/\/www.beijer.com\/de\/wp-json\/wp\/v2\/pages"}],"about":[{"href":"https:\/\/www.beijer.com\/de\/wp-json\/wp\/v2\/types\/page"}],"author":[{"embeddable":true,"href":"https:\/\/www.beijer.com\/de\/wp-json\/wp\/v2\/users\/1"}],"replies":[{"embeddable":true,"href":"https:\/\/www.beijer.com\/de\/wp-json\/wp\/v2\/comments?post=4160"}],"version-history":[{"count":27,"href":"https:\/\/www.beijer.com\/de\/wp-json\/wp\/v2\/pages\/4160\/revisions"}],"predecessor-version":[{"id":52689,"href":"https:\/\/www.beijer.com\/de\/wp-json\/wp\/v2\/pages\/4160\/revisions\/52689"}],"up":[{"embeddable":true,"href":"https:\/\/www.beijer.com\/de\/wp-json\/wp\/v2\/pages\/4143"}],"wp:featuredmedia":[{"embeddable":true,"href":"https:\/\/www.beijer.com\/de\/wp-json\/wp\/v2\/media\/3471"}],"wp:attachment":[{"href":"https:\/\/www.beijer.com\/de\/wp-json\/wp\/v2\/media?parent=4160"}],"curies":[{"name":"wp","href":"https:\/\/api.w.org\/{rel}","templated":true}]}}