{"id":4177,"date":"2018-06-19T12:42:31","date_gmt":"2018-06-19T12:42:31","guid":{"rendered":"https:\/\/www.beijer.com\/produkte\/can-produkte\/beijer-can-interfaces-bci\/bci-can-to-rs232\/"},"modified":"2022-01-21T14:06:32","modified_gmt":"2022-01-21T14:06:32","slug":"bci-can-to-rs232","status":"publish","type":"page","link":"https:\/\/www.beijer.com\/de\/produkte\/can-produkte\/beijer-can-interfaces-bci\/bci-can-to-rs232\/","title":{"rendered":"BCI | CAN-to-RS232"},"content":{"rendered":"<p>Diese BCI-Variante \u00fcbersetzt CAN-Daten in serielle Daten nach dem RS232-Protokoll. Die pr\u00e4zise \u00dcbersetzung ist immer eine Kombination aus unserem Know-how und Ihrem Input, ein Protokoll, das wir mit Ihnen\/Ihren Spezialisten abstimmen. Die fahrzeuginternen Daten, die Ihnen dann zur Verf\u00fcgung stehen, reichen von Standardsignalen wie einem Geschwindigkeitssignal und einem R\u00fcckfahrsignal bis hin zu komplexeren Signalen wie Kraftstoffverbrauch, Laufleistung und Lenkwinkel. Auch EV-spezifische Daten sind in unserer CAN-Datenbank vollst\u00e4ndig verf\u00fcgbar und k\u00f6nnen \u00fcber RS232 angeboten werden.<\/p>\n<p><img loading=\"lazy\" decoding=\"async\" class=\"alignleft size-full wp-image-1947\" src=\"https:\/\/www.beijer.com\/wp-content\/uploads\/2018\/08\/RS232_703x104.png\" alt=\"Beijer CAN to RS232 serieel\" width=\"703\" height=\"104\" srcset=\"https:\/\/www.beijer.com\/wp-content\/uploads\/2018\/08\/RS232_703x104.png 703w, https:\/\/www.beijer.com\/wp-content\/uploads\/2018\/08\/RS232_703x104-300x44.png 300w\" sizes=\"auto, (max-width: 703px) 100vw, 703px\" \/><\/p>\n<p>Ist <strong>CAN-to-RS232<\/strong> die Variante, mit der Ihre Anwendung kommunizieren kann? F\u00fcr weitere Informationen wenden Sie sich bitte an:<\/p>\n<p>Stef van der Stokker<br \/>\nBusiness Development<br \/>\n+31 610924195<br \/>\n<a href=\"mailto:stef.vanderstokker@beijer.com\">stef.vanderstokker@beijer.com<\/a><\/p>\n","protected":false},"excerpt":{"rendered":"<p>Diese BCI-Variante \u00fcbersetzt CAN-Daten in serielle Daten nach dem RS232-Protokoll. Die pr\u00e4zise \u00dcbersetzung ist immer eine Kombination aus unserem Know-how und Ihrem Input, ein&#8230;<\/p>\n","protected":false},"author":1,"featured_media":3453,"parent":3971,"menu_order":2,"comment_status":"closed","ping_status":"closed","template":"","meta":{"_acf_changed":false,"footnotes":""},"class_list":["post-4177","page","type-page","status-publish","has-post-thumbnail","hentry"],"acf":[],"yoast_head":"<!-- This site is optimized with the Yoast SEO plugin v26.8 - https:\/\/yoast.com\/product\/yoast-seo-wordpress\/ -->\n<title>BCI | CAN-to-RS232 - Beijer Automotive<\/title>\n<meta name=\"robots\" content=\"index, follow, max-snippet:-1, max-image-preview:large, max-video-preview:-1\" \/>\n<link rel=\"canonical\" href=\"https:\/\/www.beijer.com\/de\/produkte\/can-produkte\/beijer-can-interfaces-bci\/bci-can-to-rs232\/\" \/>\n<meta property=\"og:locale\" content=\"de_DE\" \/>\n<meta property=\"og:type\" content=\"article\" \/>\n<meta property=\"og:title\" content=\"BCI | CAN-to-RS232 - Beijer Automotive\" \/>\n<meta property=\"og:description\" content=\"Diese BCI-Variante \u00fcbersetzt CAN-Daten in serielle Daten nach dem RS232-Protokoll. Die pr\u00e4zise \u00dcbersetzung ist immer eine Kombination aus unserem Know-how und Ihrem Input, ein...\" \/>\n<meta property=\"og:url\" content=\"https:\/\/www.beijer.com\/de\/produkte\/can-produkte\/beijer-can-interfaces-bci\/bci-can-to-rs232\/\" \/>\n<meta property=\"og:site_name\" content=\"Beijer Automotive\" \/>\n<meta property=\"article:modified_time\" content=\"2022-01-21T14:06:32+00:00\" \/>\n<meta property=\"og:image\" content=\"https:\/\/www.beijer.com\/wp-content\/uploads\/2021\/08\/Beijer_NEW-Icons_DEF-site-zonder-cirkels-_BCI-CAN-to-RS232.png\" \/>\n\t<meta property=\"og:image:width\" content=\"417\" \/>\n\t<meta property=\"og:image:height\" content=\"417\" \/>\n\t<meta property=\"og:image:type\" content=\"image\/png\" \/>\n<meta name=\"twitter:card\" content=\"summary_large_image\" \/>\n<script type=\"application\/ld+json\" class=\"yoast-schema-graph\">{\"@context\":\"https:\/\/schema.org\",\"@graph\":[{\"@type\":\"WebPage\",\"@id\":\"https:\/\/www.beijer.com\/de\/produkte\/can-produkte\/beijer-can-interfaces-bci\/bci-can-to-rs232\/\",\"url\":\"https:\/\/www.beijer.com\/de\/produkte\/can-produkte\/beijer-can-interfaces-bci\/bci-can-to-rs232\/\",\"name\":\"BCI | CAN-to-RS232 - Beijer Automotive\",\"isPartOf\":{\"@id\":\"https:\/\/www.beijer.com\/#website\"},\"primaryImageOfPage\":{\"@id\":\"https:\/\/www.beijer.com\/de\/produkte\/can-produkte\/beijer-can-interfaces-bci\/bci-can-to-rs232\/#primaryimage\"},\"image\":{\"@id\":\"https:\/\/www.beijer.com\/de\/produkte\/can-produkte\/beijer-can-interfaces-bci\/bci-can-to-rs232\/#primaryimage\"},\"thumbnailUrl\":\"https:\/\/www.beijer.com\/wp-content\/uploads\/2021\/08\/Beijer_NEW-Icons_DEF-site-zonder-cirkels-_BCI-CAN-to-RS232.png\",\"datePublished\":\"2018-06-19T12:42:31+00:00\",\"dateModified\":\"2022-01-21T14:06:32+00:00\",\"breadcrumb\":{\"@id\":\"https:\/\/www.beijer.com\/de\/produkte\/can-produkte\/beijer-can-interfaces-bci\/bci-can-to-rs232\/#breadcrumb\"},\"inLanguage\":\"de\",\"potentialAction\":[{\"@type\":\"ReadAction\",\"target\":[\"https:\/\/www.beijer.com\/de\/produkte\/can-produkte\/beijer-can-interfaces-bci\/bci-can-to-rs232\/\"]}]},{\"@type\":\"ImageObject\",\"inLanguage\":\"de\",\"@id\":\"https:\/\/www.beijer.com\/de\/produkte\/can-produkte\/beijer-can-interfaces-bci\/bci-can-to-rs232\/#primaryimage\",\"url\":\"https:\/\/www.beijer.com\/wp-content\/uploads\/2021\/08\/Beijer_NEW-Icons_DEF-site-zonder-cirkels-_BCI-CAN-to-RS232.png\",\"contentUrl\":\"https:\/\/www.beijer.com\/wp-content\/uploads\/2021\/08\/Beijer_NEW-Icons_DEF-site-zonder-cirkels-_BCI-CAN-to-RS232.png\",\"width\":417,\"height\":417},{\"@type\":\"BreadcrumbList\",\"@id\":\"https:\/\/www.beijer.com\/de\/produkte\/can-produkte\/beijer-can-interfaces-bci\/bci-can-to-rs232\/#breadcrumb\",\"itemListElement\":[{\"@type\":\"ListItem\",\"position\":1,\"name\":\"Home\",\"item\":\"https:\/\/www.beijer.com\/de\/\"},{\"@type\":\"ListItem\",\"position\":2,\"name\":\"Produkte\",\"item\":\"https:\/\/www.beijer.com\/de\/produkte\/\"},{\"@type\":\"ListItem\",\"position\":3,\"name\":\"CAN Produkte\",\"item\":\"https:\/\/www.beijer.com\/de\/produkte\/can-produkte\/\"},{\"@type\":\"ListItem\",\"position\":4,\"name\":\"Beijer CAN-Schnittstelle (BCI)\",\"item\":\"https:\/\/www.beijer.com\/de\/produkte\/can-produkte\/beijer-can-interfaces-bci\/\"},{\"@type\":\"ListItem\",\"position\":5,\"name\":\"BCI | CAN-to-RS232\"}]},{\"@type\":\"WebSite\",\"@id\":\"https:\/\/www.beijer.com\/#website\",\"url\":\"https:\/\/www.beijer.com\/\",\"name\":\"Beijer Automotive\",\"description\":\"\",\"publisher\":{\"@id\":\"https:\/\/www.beijer.com\/#organization\"},\"potentialAction\":[{\"@type\":\"SearchAction\",\"target\":{\"@type\":\"EntryPoint\",\"urlTemplate\":\"https:\/\/www.beijer.com\/?s={search_term_string}\"},\"query-input\":{\"@type\":\"PropertyValueSpecification\",\"valueRequired\":true,\"valueName\":\"search_term_string\"}}],\"inLanguage\":\"de\"},{\"@type\":\"Organization\",\"@id\":\"https:\/\/www.beijer.com\/#organization\",\"name\":\"Beijer Automotive\",\"url\":\"https:\/\/www.beijer.com\/\",\"logo\":{\"@type\":\"ImageObject\",\"inLanguage\":\"de\",\"@id\":\"https:\/\/www.beijer.com\/#\/schema\/logo\/image\/\",\"url\":\"https:\/\/www.beijer.com\/wp-content\/uploads\/2018\/06\/cropped-sdf.jpg\",\"contentUrl\":\"https:\/\/www.beijer.com\/wp-content\/uploads\/2018\/06\/cropped-sdf.jpg\",\"width\":\"180\",\"height\":\"59\",\"caption\":\"Beijer Automotive\"},\"image\":{\"@id\":\"https:\/\/www.beijer.com\/#\/schema\/logo\/image\/\"}}]}<\/script>\n<!-- \/ Yoast SEO plugin. -->","yoast_head_json":{"title":"BCI | CAN-to-RS232 - Beijer Automotive","robots":{"index":"index","follow":"follow","max-snippet":"max-snippet:-1","max-image-preview":"max-image-preview:large","max-video-preview":"max-video-preview:-1"},"canonical":"https:\/\/www.beijer.com\/de\/produkte\/can-produkte\/beijer-can-interfaces-bci\/bci-can-to-rs232\/","og_locale":"de_DE","og_type":"article","og_title":"BCI | CAN-to-RS232 - Beijer Automotive","og_description":"Diese BCI-Variante \u00fcbersetzt CAN-Daten in serielle Daten nach dem RS232-Protokoll. Die pr\u00e4zise \u00dcbersetzung ist immer eine Kombination aus unserem Know-how und Ihrem Input, ein...","og_url":"https:\/\/www.beijer.com\/de\/produkte\/can-produkte\/beijer-can-interfaces-bci\/bci-can-to-rs232\/","og_site_name":"Beijer Automotive","article_modified_time":"2022-01-21T14:06:32+00:00","og_image":[{"width":417,"height":417,"url":"https:\/\/www.beijer.com\/wp-content\/uploads\/2021\/08\/Beijer_NEW-Icons_DEF-site-zonder-cirkels-_BCI-CAN-to-RS232.png","type":"image\/png"}],"twitter_card":"summary_large_image","schema":{"@context":"https:\/\/schema.org","@graph":[{"@type":"WebPage","@id":"https:\/\/www.beijer.com\/de\/produkte\/can-produkte\/beijer-can-interfaces-bci\/bci-can-to-rs232\/","url":"https:\/\/www.beijer.com\/de\/produkte\/can-produkte\/beijer-can-interfaces-bci\/bci-can-to-rs232\/","name":"BCI | CAN-to-RS232 - Beijer Automotive","isPartOf":{"@id":"https:\/\/www.beijer.com\/#website"},"primaryImageOfPage":{"@id":"https:\/\/www.beijer.com\/de\/produkte\/can-produkte\/beijer-can-interfaces-bci\/bci-can-to-rs232\/#primaryimage"},"image":{"@id":"https:\/\/www.beijer.com\/de\/produkte\/can-produkte\/beijer-can-interfaces-bci\/bci-can-to-rs232\/#primaryimage"},"thumbnailUrl":"https:\/\/www.beijer.com\/wp-content\/uploads\/2021\/08\/Beijer_NEW-Icons_DEF-site-zonder-cirkels-_BCI-CAN-to-RS232.png","datePublished":"2018-06-19T12:42:31+00:00","dateModified":"2022-01-21T14:06:32+00:00","breadcrumb":{"@id":"https:\/\/www.beijer.com\/de\/produkte\/can-produkte\/beijer-can-interfaces-bci\/bci-can-to-rs232\/#breadcrumb"},"inLanguage":"de","potentialAction":[{"@type":"ReadAction","target":["https:\/\/www.beijer.com\/de\/produkte\/can-produkte\/beijer-can-interfaces-bci\/bci-can-to-rs232\/"]}]},{"@type":"ImageObject","inLanguage":"de","@id":"https:\/\/www.beijer.com\/de\/produkte\/can-produkte\/beijer-can-interfaces-bci\/bci-can-to-rs232\/#primaryimage","url":"https:\/\/www.beijer.com\/wp-content\/uploads\/2021\/08\/Beijer_NEW-Icons_DEF-site-zonder-cirkels-_BCI-CAN-to-RS232.png","contentUrl":"https:\/\/www.beijer.com\/wp-content\/uploads\/2021\/08\/Beijer_NEW-Icons_DEF-site-zonder-cirkels-_BCI-CAN-to-RS232.png","width":417,"height":417},{"@type":"BreadcrumbList","@id":"https:\/\/www.beijer.com\/de\/produkte\/can-produkte\/beijer-can-interfaces-bci\/bci-can-to-rs232\/#breadcrumb","itemListElement":[{"@type":"ListItem","position":1,"name":"Home","item":"https:\/\/www.beijer.com\/de\/"},{"@type":"ListItem","position":2,"name":"Produkte","item":"https:\/\/www.beijer.com\/de\/produkte\/"},{"@type":"ListItem","position":3,"name":"CAN Produkte","item":"https:\/\/www.beijer.com\/de\/produkte\/can-produkte\/"},{"@type":"ListItem","position":4,"name":"Beijer CAN-Schnittstelle (BCI)","item":"https:\/\/www.beijer.com\/de\/produkte\/can-produkte\/beijer-can-interfaces-bci\/"},{"@type":"ListItem","position":5,"name":"BCI | CAN-to-RS232"}]},{"@type":"WebSite","@id":"https:\/\/www.beijer.com\/#website","url":"https:\/\/www.beijer.com\/","name":"Beijer Automotive","description":"","publisher":{"@id":"https:\/\/www.beijer.com\/#organization"},"potentialAction":[{"@type":"SearchAction","target":{"@type":"EntryPoint","urlTemplate":"https:\/\/www.beijer.com\/?s={search_term_string}"},"query-input":{"@type":"PropertyValueSpecification","valueRequired":true,"valueName":"search_term_string"}}],"inLanguage":"de"},{"@type":"Organization","@id":"https:\/\/www.beijer.com\/#organization","name":"Beijer Automotive","url":"https:\/\/www.beijer.com\/","logo":{"@type":"ImageObject","inLanguage":"de","@id":"https:\/\/www.beijer.com\/#\/schema\/logo\/image\/","url":"https:\/\/www.beijer.com\/wp-content\/uploads\/2018\/06\/cropped-sdf.jpg","contentUrl":"https:\/\/www.beijer.com\/wp-content\/uploads\/2018\/06\/cropped-sdf.jpg","width":"180","height":"59","caption":"Beijer Automotive"},"image":{"@id":"https:\/\/www.beijer.com\/#\/schema\/logo\/image\/"}}]}},"_links":{"self":[{"href":"https:\/\/www.beijer.com\/de\/wp-json\/wp\/v2\/pages\/4177","targetHints":{"allow":["GET"]}}],"collection":[{"href":"https:\/\/www.beijer.com\/de\/wp-json\/wp\/v2\/pages"}],"about":[{"href":"https:\/\/www.beijer.com\/de\/wp-json\/wp\/v2\/types\/page"}],"author":[{"embeddable":true,"href":"https:\/\/www.beijer.com\/de\/wp-json\/wp\/v2\/users\/1"}],"replies":[{"embeddable":true,"href":"https:\/\/www.beijer.com\/de\/wp-json\/wp\/v2\/comments?post=4177"}],"version-history":[{"count":4,"href":"https:\/\/www.beijer.com\/de\/wp-json\/wp\/v2\/pages\/4177\/revisions"}],"predecessor-version":[{"id":7298,"href":"https:\/\/www.beijer.com\/de\/wp-json\/wp\/v2\/pages\/4177\/revisions\/7298"}],"up":[{"embeddable":true,"href":"https:\/\/www.beijer.com\/de\/wp-json\/wp\/v2\/pages\/3971"}],"wp:featuredmedia":[{"embeddable":true,"href":"https:\/\/www.beijer.com\/de\/wp-json\/wp\/v2\/media\/3453"}],"wp:attachment":[{"href":"https:\/\/www.beijer.com\/de\/wp-json\/wp\/v2\/media?parent=4177"}],"curies":[{"name":"wp","href":"https:\/\/api.w.org\/{rel}","templated":true}]}}