{"id":4202,"date":"2019-05-27T08:25:04","date_gmt":"2019-05-27T08:25:04","guid":{"rendered":"https:\/\/www.beijer.com\/produkte\/can-produkte\/beijer-can-interfaces-bci\/bci-can-to-wireless\/"},"modified":"2023-05-11T15:04:52","modified_gmt":"2023-05-11T13:04:52","slug":"bci-can-to-bluetooth","status":"publish","type":"page","link":"https:\/\/www.beijer.com\/de\/produkte\/can-produkte\/beijer-can-interfaces-bci\/bci-can-to-bluetooth\/","title":{"rendered":"BCI | CAN-to-BLUETOOTH"},"content":{"rendered":"\n<p>Sie m\u00f6chten CAN-Daten drahtlos an Ihre Anwendung senden? Die BCI-BLUETOOTH Variante eignet sich, um CAN-Daten \u00fcber Bluetooth 5.0 Certified beispielsweise an ein Android-Ger\u00e4t zu senden. Telematik- oder Taxameter-Anwendungen, aber auch Carsharing und Spezialanwendungen wie die drahtlose \u00dcbertragung von Tankdaten sind m\u00f6gliche Anwendungen.<\/p>\n\n\n\n<p><br>Die Ihnen zur Verf\u00fcgung stehenden Fahrzeugdaten reichen von Standardsignalen wie Geschwindigkeitssignal und R\u00fcckfahrsignal bis hin zu komplexeren Signalen wie Tankinhalt, Kraftstoffverbrauch, Kilometerstand und Lenkwinkel. EV-spezifische Daten wie Ladezustand, Aufladung, elektrische Reichweite sind ebenfalls vollst\u00e4ndig in unserer CAN-Datenbank vorhanden und k\u00f6nnen \u00fcber verschl\u00fcsselte, gesicherte Bluetooth-Verbindungen angeboten werden. Diese BCI-Variante kennt keine Einschr\u00e4nkungen hinsichtlich der Signalreichweite und holt das Maximum aus Ihrer Applikation heraus. Es ist universell und unterst\u00fctzt alle Automarken und Modelle.<\/p>\n\n\n<div class=\"wp-block-image\">\n<figure class=\"aligncenter size-full\"><img loading=\"lazy\" decoding=\"async\" width=\"703\" height=\"200\" src=\"https:\/\/www.beijer.com\/wp-content\/uploads\/2023\/05\/BCIBT_transp_703x200-1.png\" alt=\"\" class=\"wp-image-22959\" srcset=\"https:\/\/www.beijer.com\/wp-content\/uploads\/2023\/05\/BCIBT_transp_703x200-1.png 703w, https:\/\/www.beijer.com\/wp-content\/uploads\/2023\/05\/BCIBT_transp_703x200-1-300x85.png 300w\" sizes=\"auto, (max-width: 703px) 100vw, 703px\" \/><\/figure>\n<\/div>\n\n\n<p>Ist <strong>BCI-BLUETOOTH<\/strong> die Variante, mit der Ihre Anwendung kommunizieren kann? F\u00fcr weitere Informationen wenden Sie sich bitte an:<\/p>\n\n\n\n<p><strong><a href=\"https:\/\/www.beijer.com\/de\/kontakt\/\" target=\"_blank\" rel=\"noreferrer noopener\">KONTAKT<\/a><\/strong><\/p>\n\n\n\n<div class=\"wp-block-buttons is-layout-flex wp-block-buttons-is-layout-flex\"><\/div>\n","protected":false},"excerpt":{"rendered":"<p>Sie m\u00f6chten CAN-Daten drahtlos an Ihre Anwendung senden? Die BCI-BLUETOOTH Variante eignet sich, um CAN-Daten \u00fcber Bluetooth 5.0 Certified beispielsweise an ein Android-Ger\u00e4t zu&#8230;<\/p>\n","protected":false},"author":2,"featured_media":22888,"parent":3971,"menu_order":4,"comment_status":"closed","ping_status":"closed","template":"","meta":{"_acf_changed":false,"footnotes":""},"class_list":["post-4202","page","type-page","status-publish","has-post-thumbnail","hentry"],"acf":[],"yoast_head":"<!-- This site is optimized with the Yoast SEO plugin v26.8 - https:\/\/yoast.com\/product\/yoast-seo-wordpress\/ -->\n<title>BCI | CAN-to-BLUETOOTH - Beijer Automotive<\/title>\n<meta name=\"robots\" content=\"index, follow, max-snippet:-1, max-image-preview:large, max-video-preview:-1\" \/>\n<link rel=\"canonical\" href=\"https:\/\/www.beijer.com\/de\/produkte\/can-produkte\/beijer-can-interfaces-bci\/bci-can-to-bluetooth\/\" \/>\n<meta property=\"og:locale\" content=\"de_DE\" \/>\n<meta property=\"og:type\" content=\"article\" \/>\n<meta property=\"og:title\" content=\"BCI | CAN-to-BLUETOOTH - Beijer Automotive\" \/>\n<meta property=\"og:description\" content=\"Sie m\u00f6chten CAN-Daten drahtlos an Ihre Anwendung senden? Die BCI-BLUETOOTH Variante eignet sich, um CAN-Daten \u00fcber Bluetooth 5.0 Certified beispielsweise an ein Android-Ger\u00e4t zu...\" \/>\n<meta property=\"og:url\" content=\"https:\/\/www.beijer.com\/de\/produkte\/can-produkte\/beijer-can-interfaces-bci\/bci-can-to-bluetooth\/\" \/>\n<meta property=\"og:site_name\" content=\"Beijer Automotive\" \/>\n<meta property=\"article:modified_time\" content=\"2023-05-11T13:04:52+00:00\" \/>\n<meta property=\"og:image\" content=\"https:\/\/www.beijer.com\/wp-content\/uploads\/2023\/05\/Bluetooth-transparant.png\" \/>\n\t<meta property=\"og:image:width\" content=\"3570\" \/>\n\t<meta property=\"og:image:height\" content=\"3570\" \/>\n\t<meta property=\"og:image:type\" content=\"image\/png\" \/>\n<meta name=\"twitter:card\" content=\"summary_large_image\" \/>\n<script type=\"application\/ld+json\" class=\"yoast-schema-graph\">{\"@context\":\"https:\/\/schema.org\",\"@graph\":[{\"@type\":\"WebPage\",\"@id\":\"https:\/\/www.beijer.com\/de\/produkte\/can-produkte\/beijer-can-interfaces-bci\/bci-can-to-bluetooth\/\",\"url\":\"https:\/\/www.beijer.com\/de\/produkte\/can-produkte\/beijer-can-interfaces-bci\/bci-can-to-bluetooth\/\",\"name\":\"BCI | CAN-to-BLUETOOTH - Beijer Automotive\",\"isPartOf\":{\"@id\":\"https:\/\/www.beijer.com\/#website\"},\"primaryImageOfPage\":{\"@id\":\"https:\/\/www.beijer.com\/de\/produkte\/can-produkte\/beijer-can-interfaces-bci\/bci-can-to-bluetooth\/#primaryimage\"},\"image\":{\"@id\":\"https:\/\/www.beijer.com\/de\/produkte\/can-produkte\/beijer-can-interfaces-bci\/bci-can-to-bluetooth\/#primaryimage\"},\"thumbnailUrl\":\"https:\/\/www.beijer.com\/wp-content\/uploads\/2023\/05\/Bluetooth-transparant.png\",\"datePublished\":\"2019-05-27T08:25:04+00:00\",\"dateModified\":\"2023-05-11T13:04:52+00:00\",\"breadcrumb\":{\"@id\":\"https:\/\/www.beijer.com\/de\/produkte\/can-produkte\/beijer-can-interfaces-bci\/bci-can-to-bluetooth\/#breadcrumb\"},\"inLanguage\":\"de\",\"potentialAction\":[{\"@type\":\"ReadAction\",\"target\":[\"https:\/\/www.beijer.com\/de\/produkte\/can-produkte\/beijer-can-interfaces-bci\/bci-can-to-bluetooth\/\"]}]},{\"@type\":\"ImageObject\",\"inLanguage\":\"de\",\"@id\":\"https:\/\/www.beijer.com\/de\/produkte\/can-produkte\/beijer-can-interfaces-bci\/bci-can-to-bluetooth\/#primaryimage\",\"url\":\"https:\/\/www.beijer.com\/wp-content\/uploads\/2023\/05\/Bluetooth-transparant.png\",\"contentUrl\":\"https:\/\/www.beijer.com\/wp-content\/uploads\/2023\/05\/Bluetooth-transparant.png\",\"width\":3570,\"height\":3570},{\"@type\":\"BreadcrumbList\",\"@id\":\"https:\/\/www.beijer.com\/de\/produkte\/can-produkte\/beijer-can-interfaces-bci\/bci-can-to-bluetooth\/#breadcrumb\",\"itemListElement\":[{\"@type\":\"ListItem\",\"position\":1,\"name\":\"Home\",\"item\":\"https:\/\/www.beijer.com\/de\/\"},{\"@type\":\"ListItem\",\"position\":2,\"name\":\"Produkte\",\"item\":\"https:\/\/www.beijer.com\/de\/produkte\/\"},{\"@type\":\"ListItem\",\"position\":3,\"name\":\"CAN Produkte\",\"item\":\"https:\/\/www.beijer.com\/de\/produkte\/can-produkte\/\"},{\"@type\":\"ListItem\",\"position\":4,\"name\":\"Beijer CAN-Schnittstelle (BCI)\",\"item\":\"https:\/\/www.beijer.com\/de\/produkte\/can-produkte\/beijer-can-interfaces-bci\/\"},{\"@type\":\"ListItem\",\"position\":5,\"name\":\"BCI | CAN-to-BLUETOOTH\"}]},{\"@type\":\"WebSite\",\"@id\":\"https:\/\/www.beijer.com\/#website\",\"url\":\"https:\/\/www.beijer.com\/\",\"name\":\"Beijer Automotive\",\"description\":\"\",\"publisher\":{\"@id\":\"https:\/\/www.beijer.com\/#organization\"},\"potentialAction\":[{\"@type\":\"SearchAction\",\"target\":{\"@type\":\"EntryPoint\",\"urlTemplate\":\"https:\/\/www.beijer.com\/?s={search_term_string}\"},\"query-input\":{\"@type\":\"PropertyValueSpecification\",\"valueRequired\":true,\"valueName\":\"search_term_string\"}}],\"inLanguage\":\"de\"},{\"@type\":\"Organization\",\"@id\":\"https:\/\/www.beijer.com\/#organization\",\"name\":\"Beijer Automotive\",\"url\":\"https:\/\/www.beijer.com\/\",\"logo\":{\"@type\":\"ImageObject\",\"inLanguage\":\"de\",\"@id\":\"https:\/\/www.beijer.com\/#\/schema\/logo\/image\/\",\"url\":\"https:\/\/www.beijer.com\/wp-content\/uploads\/2018\/06\/cropped-sdf.jpg\",\"contentUrl\":\"https:\/\/www.beijer.com\/wp-content\/uploads\/2018\/06\/cropped-sdf.jpg\",\"width\":\"180\",\"height\":\"59\",\"caption\":\"Beijer Automotive\"},\"image\":{\"@id\":\"https:\/\/www.beijer.com\/#\/schema\/logo\/image\/\"}}]}<\/script>\n<!-- \/ Yoast SEO plugin. -->","yoast_head_json":{"title":"BCI | CAN-to-BLUETOOTH - Beijer Automotive","robots":{"index":"index","follow":"follow","max-snippet":"max-snippet:-1","max-image-preview":"max-image-preview:large","max-video-preview":"max-video-preview:-1"},"canonical":"https:\/\/www.beijer.com\/de\/produkte\/can-produkte\/beijer-can-interfaces-bci\/bci-can-to-bluetooth\/","og_locale":"de_DE","og_type":"article","og_title":"BCI | CAN-to-BLUETOOTH - Beijer Automotive","og_description":"Sie m\u00f6chten CAN-Daten drahtlos an Ihre Anwendung senden? Die BCI-BLUETOOTH Variante eignet sich, um CAN-Daten \u00fcber Bluetooth 5.0 Certified beispielsweise an ein Android-Ger\u00e4t zu...","og_url":"https:\/\/www.beijer.com\/de\/produkte\/can-produkte\/beijer-can-interfaces-bci\/bci-can-to-bluetooth\/","og_site_name":"Beijer Automotive","article_modified_time":"2023-05-11T13:04:52+00:00","og_image":[{"width":3570,"height":3570,"url":"https:\/\/www.beijer.com\/wp-content\/uploads\/2023\/05\/Bluetooth-transparant.png","type":"image\/png"}],"twitter_card":"summary_large_image","schema":{"@context":"https:\/\/schema.org","@graph":[{"@type":"WebPage","@id":"https:\/\/www.beijer.com\/de\/produkte\/can-produkte\/beijer-can-interfaces-bci\/bci-can-to-bluetooth\/","url":"https:\/\/www.beijer.com\/de\/produkte\/can-produkte\/beijer-can-interfaces-bci\/bci-can-to-bluetooth\/","name":"BCI | CAN-to-BLUETOOTH - Beijer Automotive","isPartOf":{"@id":"https:\/\/www.beijer.com\/#website"},"primaryImageOfPage":{"@id":"https:\/\/www.beijer.com\/de\/produkte\/can-produkte\/beijer-can-interfaces-bci\/bci-can-to-bluetooth\/#primaryimage"},"image":{"@id":"https:\/\/www.beijer.com\/de\/produkte\/can-produkte\/beijer-can-interfaces-bci\/bci-can-to-bluetooth\/#primaryimage"},"thumbnailUrl":"https:\/\/www.beijer.com\/wp-content\/uploads\/2023\/05\/Bluetooth-transparant.png","datePublished":"2019-05-27T08:25:04+00:00","dateModified":"2023-05-11T13:04:52+00:00","breadcrumb":{"@id":"https:\/\/www.beijer.com\/de\/produkte\/can-produkte\/beijer-can-interfaces-bci\/bci-can-to-bluetooth\/#breadcrumb"},"inLanguage":"de","potentialAction":[{"@type":"ReadAction","target":["https:\/\/www.beijer.com\/de\/produkte\/can-produkte\/beijer-can-interfaces-bci\/bci-can-to-bluetooth\/"]}]},{"@type":"ImageObject","inLanguage":"de","@id":"https:\/\/www.beijer.com\/de\/produkte\/can-produkte\/beijer-can-interfaces-bci\/bci-can-to-bluetooth\/#primaryimage","url":"https:\/\/www.beijer.com\/wp-content\/uploads\/2023\/05\/Bluetooth-transparant.png","contentUrl":"https:\/\/www.beijer.com\/wp-content\/uploads\/2023\/05\/Bluetooth-transparant.png","width":3570,"height":3570},{"@type":"BreadcrumbList","@id":"https:\/\/www.beijer.com\/de\/produkte\/can-produkte\/beijer-can-interfaces-bci\/bci-can-to-bluetooth\/#breadcrumb","itemListElement":[{"@type":"ListItem","position":1,"name":"Home","item":"https:\/\/www.beijer.com\/de\/"},{"@type":"ListItem","position":2,"name":"Produkte","item":"https:\/\/www.beijer.com\/de\/produkte\/"},{"@type":"ListItem","position":3,"name":"CAN Produkte","item":"https:\/\/www.beijer.com\/de\/produkte\/can-produkte\/"},{"@type":"ListItem","position":4,"name":"Beijer CAN-Schnittstelle (BCI)","item":"https:\/\/www.beijer.com\/de\/produkte\/can-produkte\/beijer-can-interfaces-bci\/"},{"@type":"ListItem","position":5,"name":"BCI | CAN-to-BLUETOOTH"}]},{"@type":"WebSite","@id":"https:\/\/www.beijer.com\/#website","url":"https:\/\/www.beijer.com\/","name":"Beijer Automotive","description":"","publisher":{"@id":"https:\/\/www.beijer.com\/#organization"},"potentialAction":[{"@type":"SearchAction","target":{"@type":"EntryPoint","urlTemplate":"https:\/\/www.beijer.com\/?s={search_term_string}"},"query-input":{"@type":"PropertyValueSpecification","valueRequired":true,"valueName":"search_term_string"}}],"inLanguage":"de"},{"@type":"Organization","@id":"https:\/\/www.beijer.com\/#organization","name":"Beijer Automotive","url":"https:\/\/www.beijer.com\/","logo":{"@type":"ImageObject","inLanguage":"de","@id":"https:\/\/www.beijer.com\/#\/schema\/logo\/image\/","url":"https:\/\/www.beijer.com\/wp-content\/uploads\/2018\/06\/cropped-sdf.jpg","contentUrl":"https:\/\/www.beijer.com\/wp-content\/uploads\/2018\/06\/cropped-sdf.jpg","width":"180","height":"59","caption":"Beijer Automotive"},"image":{"@id":"https:\/\/www.beijer.com\/#\/schema\/logo\/image\/"}}]}},"_links":{"self":[{"href":"https:\/\/www.beijer.com\/de\/wp-json\/wp\/v2\/pages\/4202","targetHints":{"allow":["GET"]}}],"collection":[{"href":"https:\/\/www.beijer.com\/de\/wp-json\/wp\/v2\/pages"}],"about":[{"href":"https:\/\/www.beijer.com\/de\/wp-json\/wp\/v2\/types\/page"}],"author":[{"embeddable":true,"href":"https:\/\/www.beijer.com\/de\/wp-json\/wp\/v2\/users\/2"}],"replies":[{"embeddable":true,"href":"https:\/\/www.beijer.com\/de\/wp-json\/wp\/v2\/comments?post=4202"}],"version-history":[{"count":11,"href":"https:\/\/www.beijer.com\/de\/wp-json\/wp\/v2\/pages\/4202\/revisions"}],"predecessor-version":[{"id":22973,"href":"https:\/\/www.beijer.com\/de\/wp-json\/wp\/v2\/pages\/4202\/revisions\/22973"}],"up":[{"embeddable":true,"href":"https:\/\/www.beijer.com\/de\/wp-json\/wp\/v2\/pages\/3971"}],"wp:featuredmedia":[{"embeddable":true,"href":"https:\/\/www.beijer.com\/de\/wp-json\/wp\/v2\/media\/22888"}],"wp:attachment":[{"href":"https:\/\/www.beijer.com\/de\/wp-json\/wp\/v2\/media?parent=4202"}],"curies":[{"name":"wp","href":"https:\/\/api.w.org\/{rel}","templated":true}]}}