{"id":4292,"date":"2018-07-05T10:07:35","date_gmt":"2018-07-05T10:07:35","guid":{"rendered":"https:\/\/www.beijer.com\/produkte\/incar-anleitungen\/incar-bundles\/"},"modified":"2021-11-18T08:00:36","modified_gmt":"2021-11-18T08:00:36","slug":"incar-bundles","status":"publish","type":"page","link":"https:\/\/www.beijer.com\/de\/produkte\/incar-anleitungen\/incar-bundles\/","title":{"rendered":"INCAR bundles"},"content":{"rendered":"<p>Ein Bundle ist erforderlich, um die Anleitungen von INCAR zu konsultieren. Wenn Sie ein Konto haben, k\u00f6nnen Sie Bundles im Webshop kaufen. Gekaufte Bundles sind 2 Jahre g\u00fcltig. Mit jedem Bundle k\u00f6nnen Sie die Anleitungen von INCAR einsehen. Mit BUNDLE-100 k\u00f6nnen Sie beispielsweise 100 INCAR Anleitungen einsehen.<\/p>\n<h5>Ein Bundle mit mehreren Benutzern teilen?<\/h5>\n<p>Es ist dem Kontoadministrator m\u00f6glich, mehrere Benutzer mit einem Bundle zu verkn\u00fcpfen. Hierzu k\u00f6nnen Personen \u00fcber einen einmaligen Link eingeladen werden. Die betroffene Person erh\u00e4lt dann eine Einladung in ihr Postfach. Nachdem sich diese Person registriert und mit dem Konto verkn\u00fcpft hat, kann der Kontoadministrator den verkn\u00fcpften Benutzern Bundles zuweisen. Sobald dies erledigt ist, kann der Benutzer mit der Verwendung der INCAR-Anleitungen beginnen.<\/p>\n<h5>Ein Bundle mit einem anderen Unternehmen teilen?<\/h5>\n<p>Auch das ist m\u00f6glich. Der Kontoadministrator kann Benutzern Zugriff auf die Statistiken gew\u00e4hren, damit die Kosten f\u00fcr alle transparent sind.<\/p>\n<p><strong><a href=\"https:\/\/incar.beijer.com\/shop\/bundles\/bundles.html\" target=\"_blank\" rel=\"noopener\">JETZT BESTELLEN<\/a><\/strong><\/p>\n","protected":false},"excerpt":{"rendered":"<p>Ein Bundle ist erforderlich, um die Anleitungen von INCAR zu konsultieren. Wenn Sie ein Konto haben, k\u00f6nnen Sie Bundles im Webshop kaufen. Gekaufte Bundles&#8230;<\/p>\n","protected":false},"author":2,"featured_media":3513,"parent":594,"menu_order":3,"comment_status":"closed","ping_status":"closed","template":"","meta":{"_acf_changed":false,"footnotes":""},"class_list":["post-4292","page","type-page","status-publish","has-post-thumbnail","hentry"],"acf":[],"yoast_head":"<!-- This site is optimized with the Yoast SEO plugin v26.8 - https:\/\/yoast.com\/product\/yoast-seo-wordpress\/ -->\n<title>INCAR bundles - Beijer Automotive<\/title>\n<meta name=\"robots\" content=\"index, follow, max-snippet:-1, max-image-preview:large, max-video-preview:-1\" \/>\n<link rel=\"canonical\" href=\"https:\/\/www.beijer.com\/de\/produkte\/incar-anleitungen\/incar-bundles\/\" \/>\n<meta property=\"og:locale\" content=\"de_DE\" \/>\n<meta property=\"og:type\" content=\"article\" \/>\n<meta property=\"og:title\" content=\"INCAR bundles - Beijer Automotive\" \/>\n<meta property=\"og:description\" content=\"Ein Bundle ist erforderlich, um die Anleitungen von INCAR zu konsultieren. Wenn Sie ein Konto haben, k\u00f6nnen Sie Bundles im Webshop kaufen. Gekaufte Bundles...\" \/>\n<meta property=\"og:url\" content=\"https:\/\/www.beijer.com\/de\/produkte\/incar-anleitungen\/incar-bundles\/\" \/>\n<meta property=\"og:site_name\" content=\"Beijer Automotive\" \/>\n<meta property=\"article:modified_time\" content=\"2021-11-18T08:00:36+00:00\" \/>\n<meta property=\"og:image\" content=\"https:\/\/www.beijer.com\/wp-content\/uploads\/2021\/08\/Beijer_NEW-Icons_DEF-site-zonder-cirkels-_INCAR-bundles-500.png\" \/>\n\t<meta property=\"og:image:width\" content=\"418\" \/>\n\t<meta property=\"og:image:height\" content=\"417\" \/>\n\t<meta property=\"og:image:type\" content=\"image\/png\" \/>\n<meta name=\"twitter:card\" content=\"summary_large_image\" \/>\n<script type=\"application\/ld+json\" class=\"yoast-schema-graph\">{\"@context\":\"https:\/\/schema.org\",\"@graph\":[{\"@type\":\"WebPage\",\"@id\":\"https:\/\/www.beijer.com\/de\/produkte\/incar-anleitungen\/incar-bundles\/\",\"url\":\"https:\/\/www.beijer.com\/de\/produkte\/incar-anleitungen\/incar-bundles\/\",\"name\":\"INCAR bundles - Beijer Automotive\",\"isPartOf\":{\"@id\":\"https:\/\/www.beijer.com\/#website\"},\"primaryImageOfPage\":{\"@id\":\"https:\/\/www.beijer.com\/de\/produkte\/incar-anleitungen\/incar-bundles\/#primaryimage\"},\"image\":{\"@id\":\"https:\/\/www.beijer.com\/de\/produkte\/incar-anleitungen\/incar-bundles\/#primaryimage\"},\"thumbnailUrl\":\"https:\/\/www.beijer.com\/wp-content\/uploads\/2021\/08\/Beijer_NEW-Icons_DEF-site-zonder-cirkels-_INCAR-bundles-500.png\",\"datePublished\":\"2018-07-05T10:07:35+00:00\",\"dateModified\":\"2021-11-18T08:00:36+00:00\",\"breadcrumb\":{\"@id\":\"https:\/\/www.beijer.com\/de\/produkte\/incar-anleitungen\/incar-bundles\/#breadcrumb\"},\"inLanguage\":\"de\",\"potentialAction\":[{\"@type\":\"ReadAction\",\"target\":[\"https:\/\/www.beijer.com\/de\/produkte\/incar-anleitungen\/incar-bundles\/\"]}]},{\"@type\":\"ImageObject\",\"inLanguage\":\"de\",\"@id\":\"https:\/\/www.beijer.com\/de\/produkte\/incar-anleitungen\/incar-bundles\/#primaryimage\",\"url\":\"https:\/\/www.beijer.com\/wp-content\/uploads\/2021\/08\/Beijer_NEW-Icons_DEF-site-zonder-cirkels-_INCAR-bundles-500.png\",\"contentUrl\":\"https:\/\/www.beijer.com\/wp-content\/uploads\/2021\/08\/Beijer_NEW-Icons_DEF-site-zonder-cirkels-_INCAR-bundles-500.png\",\"width\":418,\"height\":417},{\"@type\":\"BreadcrumbList\",\"@id\":\"https:\/\/www.beijer.com\/de\/produkte\/incar-anleitungen\/incar-bundles\/#breadcrumb\",\"itemListElement\":[{\"@type\":\"ListItem\",\"position\":1,\"name\":\"Home\",\"item\":\"https:\/\/www.beijer.com\/de\/\"},{\"@type\":\"ListItem\",\"position\":2,\"name\":\"Produkte\",\"item\":\"https:\/\/www.beijer.com\/de\/produkte\/\"},{\"@type\":\"ListItem\",\"position\":3,\"name\":\"INCAR Anleitungen\",\"item\":\"https:\/\/www.beijer.com\/de\/produkte\/incar-anleitungen\/\"},{\"@type\":\"ListItem\",\"position\":4,\"name\":\"INCAR bundles\"}]},{\"@type\":\"WebSite\",\"@id\":\"https:\/\/www.beijer.com\/#website\",\"url\":\"https:\/\/www.beijer.com\/\",\"name\":\"Beijer Automotive\",\"description\":\"\",\"publisher\":{\"@id\":\"https:\/\/www.beijer.com\/#organization\"},\"potentialAction\":[{\"@type\":\"SearchAction\",\"target\":{\"@type\":\"EntryPoint\",\"urlTemplate\":\"https:\/\/www.beijer.com\/?s={search_term_string}\"},\"query-input\":{\"@type\":\"PropertyValueSpecification\",\"valueRequired\":true,\"valueName\":\"search_term_string\"}}],\"inLanguage\":\"de\"},{\"@type\":\"Organization\",\"@id\":\"https:\/\/www.beijer.com\/#organization\",\"name\":\"Beijer Automotive\",\"url\":\"https:\/\/www.beijer.com\/\",\"logo\":{\"@type\":\"ImageObject\",\"inLanguage\":\"de\",\"@id\":\"https:\/\/www.beijer.com\/#\/schema\/logo\/image\/\",\"url\":\"https:\/\/www.beijer.com\/wp-content\/uploads\/2018\/06\/cropped-sdf.jpg\",\"contentUrl\":\"https:\/\/www.beijer.com\/wp-content\/uploads\/2018\/06\/cropped-sdf.jpg\",\"width\":\"180\",\"height\":\"59\",\"caption\":\"Beijer Automotive\"},\"image\":{\"@id\":\"https:\/\/www.beijer.com\/#\/schema\/logo\/image\/\"}}]}<\/script>\n<!-- \/ Yoast SEO plugin. -->","yoast_head_json":{"title":"INCAR bundles - Beijer Automotive","robots":{"index":"index","follow":"follow","max-snippet":"max-snippet:-1","max-image-preview":"max-image-preview:large","max-video-preview":"max-video-preview:-1"},"canonical":"https:\/\/www.beijer.com\/de\/produkte\/incar-anleitungen\/incar-bundles\/","og_locale":"de_DE","og_type":"article","og_title":"INCAR bundles - Beijer Automotive","og_description":"Ein Bundle ist erforderlich, um die Anleitungen von INCAR zu konsultieren. Wenn Sie ein Konto haben, k\u00f6nnen Sie Bundles im Webshop kaufen. Gekaufte Bundles...","og_url":"https:\/\/www.beijer.com\/de\/produkte\/incar-anleitungen\/incar-bundles\/","og_site_name":"Beijer Automotive","article_modified_time":"2021-11-18T08:00:36+00:00","og_image":[{"width":418,"height":417,"url":"https:\/\/www.beijer.com\/wp-content\/uploads\/2021\/08\/Beijer_NEW-Icons_DEF-site-zonder-cirkels-_INCAR-bundles-500.png","type":"image\/png"}],"twitter_card":"summary_large_image","schema":{"@context":"https:\/\/schema.org","@graph":[{"@type":"WebPage","@id":"https:\/\/www.beijer.com\/de\/produkte\/incar-anleitungen\/incar-bundles\/","url":"https:\/\/www.beijer.com\/de\/produkte\/incar-anleitungen\/incar-bundles\/","name":"INCAR bundles - Beijer Automotive","isPartOf":{"@id":"https:\/\/www.beijer.com\/#website"},"primaryImageOfPage":{"@id":"https:\/\/www.beijer.com\/de\/produkte\/incar-anleitungen\/incar-bundles\/#primaryimage"},"image":{"@id":"https:\/\/www.beijer.com\/de\/produkte\/incar-anleitungen\/incar-bundles\/#primaryimage"},"thumbnailUrl":"https:\/\/www.beijer.com\/wp-content\/uploads\/2021\/08\/Beijer_NEW-Icons_DEF-site-zonder-cirkels-_INCAR-bundles-500.png","datePublished":"2018-07-05T10:07:35+00:00","dateModified":"2021-11-18T08:00:36+00:00","breadcrumb":{"@id":"https:\/\/www.beijer.com\/de\/produkte\/incar-anleitungen\/incar-bundles\/#breadcrumb"},"inLanguage":"de","potentialAction":[{"@type":"ReadAction","target":["https:\/\/www.beijer.com\/de\/produkte\/incar-anleitungen\/incar-bundles\/"]}]},{"@type":"ImageObject","inLanguage":"de","@id":"https:\/\/www.beijer.com\/de\/produkte\/incar-anleitungen\/incar-bundles\/#primaryimage","url":"https:\/\/www.beijer.com\/wp-content\/uploads\/2021\/08\/Beijer_NEW-Icons_DEF-site-zonder-cirkels-_INCAR-bundles-500.png","contentUrl":"https:\/\/www.beijer.com\/wp-content\/uploads\/2021\/08\/Beijer_NEW-Icons_DEF-site-zonder-cirkels-_INCAR-bundles-500.png","width":418,"height":417},{"@type":"BreadcrumbList","@id":"https:\/\/www.beijer.com\/de\/produkte\/incar-anleitungen\/incar-bundles\/#breadcrumb","itemListElement":[{"@type":"ListItem","position":1,"name":"Home","item":"https:\/\/www.beijer.com\/de\/"},{"@type":"ListItem","position":2,"name":"Produkte","item":"https:\/\/www.beijer.com\/de\/produkte\/"},{"@type":"ListItem","position":3,"name":"INCAR Anleitungen","item":"https:\/\/www.beijer.com\/de\/produkte\/incar-anleitungen\/"},{"@type":"ListItem","position":4,"name":"INCAR bundles"}]},{"@type":"WebSite","@id":"https:\/\/www.beijer.com\/#website","url":"https:\/\/www.beijer.com\/","name":"Beijer Automotive","description":"","publisher":{"@id":"https:\/\/www.beijer.com\/#organization"},"potentialAction":[{"@type":"SearchAction","target":{"@type":"EntryPoint","urlTemplate":"https:\/\/www.beijer.com\/?s={search_term_string}"},"query-input":{"@type":"PropertyValueSpecification","valueRequired":true,"valueName":"search_term_string"}}],"inLanguage":"de"},{"@type":"Organization","@id":"https:\/\/www.beijer.com\/#organization","name":"Beijer Automotive","url":"https:\/\/www.beijer.com\/","logo":{"@type":"ImageObject","inLanguage":"de","@id":"https:\/\/www.beijer.com\/#\/schema\/logo\/image\/","url":"https:\/\/www.beijer.com\/wp-content\/uploads\/2018\/06\/cropped-sdf.jpg","contentUrl":"https:\/\/www.beijer.com\/wp-content\/uploads\/2018\/06\/cropped-sdf.jpg","width":"180","height":"59","caption":"Beijer Automotive"},"image":{"@id":"https:\/\/www.beijer.com\/#\/schema\/logo\/image\/"}}]}},"_links":{"self":[{"href":"https:\/\/www.beijer.com\/de\/wp-json\/wp\/v2\/pages\/4292","targetHints":{"allow":["GET"]}}],"collection":[{"href":"https:\/\/www.beijer.com\/de\/wp-json\/wp\/v2\/pages"}],"about":[{"href":"https:\/\/www.beijer.com\/de\/wp-json\/wp\/v2\/types\/page"}],"author":[{"embeddable":true,"href":"https:\/\/www.beijer.com\/de\/wp-json\/wp\/v2\/users\/2"}],"replies":[{"embeddable":true,"href":"https:\/\/www.beijer.com\/de\/wp-json\/wp\/v2\/comments?post=4292"}],"version-history":[{"count":8,"href":"https:\/\/www.beijer.com\/de\/wp-json\/wp\/v2\/pages\/4292\/revisions"}],"predecessor-version":[{"id":5874,"href":"https:\/\/www.beijer.com\/de\/wp-json\/wp\/v2\/pages\/4292\/revisions\/5874"}],"up":[{"embeddable":true,"href":"https:\/\/www.beijer.com\/de\/wp-json\/wp\/v2\/pages\/594"}],"wp:featuredmedia":[{"embeddable":true,"href":"https:\/\/www.beijer.com\/de\/wp-json\/wp\/v2\/media\/3513"}],"wp:attachment":[{"href":"https:\/\/www.beijer.com\/de\/wp-json\/wp\/v2\/media?parent=4292"}],"curies":[{"name":"wp","href":"https:\/\/api.w.org\/{rel}","templated":true}]}}