{"id":4360,"date":"2018-07-05T10:01:39","date_gmt":"2018-07-05T10:01:39","guid":{"rendered":"https:\/\/www.beijer.com\/produkte\/analog-produkte\/pulsgevers\/"},"modified":"2022-01-21T11:14:05","modified_gmt":"2022-01-21T11:14:05","slug":"impulsgeneratoren","status":"publish","type":"page","link":"https:\/\/www.beijer.com\/de\/produkte\/analog-produkte\/impulsgeneratoren\/","title":{"rendered":"Impulsgeneratoren"},"content":{"rendered":"<p>Es bedarf keiner Diskussion, dass diese nicht mehr die nachgefragtesten Produkte in unserer Produktpalette sind, aber wird behalten sie dennoch im Lagerbestand: unsere universalen Hall-Generatoren, die die Umwandlung eines mechanischen Geschwindigkeitssignals in ein elektronisches Geschwindigkeitssignal erm\u00f6glichen. Falls ein Fahrzeug mit mechanisch betriebenem Tachometer mit einem Nachr\u00fcstsystem ausgestattet werden soll, haben wir den geeigneten Impulsgenerator f\u00fcr Sie.<\/p>\n<p><strong><a href=\"https:\/\/incar.beijer.com\/shop\/interfaces\/signal.html\" target=\"_blank\" rel=\"noopener\">JETZT BESTELLEN<\/a><\/strong><\/p>\n","protected":false},"excerpt":{"rendered":"<p>Es bedarf keiner Diskussion, dass diese nicht mehr die nachgefragtesten Produkte in unserer Produktpalette sind, aber wird behalten sie dennoch im Lagerbestand: unsere universalen&#8230;<\/p>\n","protected":false},"author":2,"featured_media":3786,"parent":614,"menu_order":3,"comment_status":"closed","ping_status":"closed","template":"","meta":{"_acf_changed":false,"footnotes":""},"class_list":["post-4360","page","type-page","status-publish","has-post-thumbnail","hentry"],"acf":[],"yoast_head":"<!-- This site is optimized with the Yoast SEO plugin v27.5 - https:\/\/yoast.com\/product\/yoast-seo-wordpress\/ -->\n<title>Impulsgeneratoren - Beijer Automotive<\/title>\n<meta name=\"robots\" content=\"index, follow, max-snippet:-1, max-image-preview:large, max-video-preview:-1\" \/>\n<link rel=\"canonical\" href=\"https:\/\/www.beijer.com\/de\/produkte\/analog-produkte\/impulsgeneratoren\/\" \/>\n<meta property=\"og:locale\" content=\"de_DE\" \/>\n<meta property=\"og:type\" content=\"article\" \/>\n<meta property=\"og:title\" content=\"Impulsgeneratoren - Beijer Automotive\" \/>\n<meta property=\"og:description\" content=\"Es bedarf keiner Diskussion, dass diese nicht mehr die nachgefragtesten Produkte in unserer Produktpalette sind, aber wird behalten sie dennoch im Lagerbestand: unsere universalen...\" \/>\n<meta property=\"og:url\" content=\"https:\/\/www.beijer.com\/de\/produkte\/analog-produkte\/impulsgeneratoren\/\" \/>\n<meta property=\"og:site_name\" content=\"Beijer Automotive\" \/>\n<meta property=\"article:modified_time\" content=\"2022-01-21T11:14:05+00:00\" \/>\n<meta property=\"og:image\" content=\"https:\/\/www.beijer.com\/wp-content\/uploads\/2021\/08\/Productfoto_Pulsgever_512x512.png\" \/>\n\t<meta property=\"og:image:width\" content=\"512\" \/>\n\t<meta property=\"og:image:height\" content=\"512\" \/>\n\t<meta property=\"og:image:type\" content=\"image\/png\" \/>\n<meta name=\"twitter:card\" content=\"summary_large_image\" \/>\n<script type=\"application\/ld+json\" class=\"yoast-schema-graph\">{\"@context\":\"https:\\\/\\\/schema.org\",\"@graph\":[{\"@type\":\"WebPage\",\"@id\":\"https:\\\/\\\/www.beijer.com\\\/de\\\/produkte\\\/analog-produkte\\\/impulsgeneratoren\\\/\",\"url\":\"https:\\\/\\\/www.beijer.com\\\/de\\\/produkte\\\/analog-produkte\\\/impulsgeneratoren\\\/\",\"name\":\"Impulsgeneratoren - Beijer Automotive\",\"isPartOf\":{\"@id\":\"https:\\\/\\\/www.beijer.com\\\/#website\"},\"primaryImageOfPage\":{\"@id\":\"https:\\\/\\\/www.beijer.com\\\/de\\\/produkte\\\/analog-produkte\\\/impulsgeneratoren\\\/#primaryimage\"},\"image\":{\"@id\":\"https:\\\/\\\/www.beijer.com\\\/de\\\/produkte\\\/analog-produkte\\\/impulsgeneratoren\\\/#primaryimage\"},\"thumbnailUrl\":\"https:\\\/\\\/www.beijer.com\\\/wp-content\\\/uploads\\\/2021\\\/08\\\/Productfoto_Pulsgever_512x512.png\",\"datePublished\":\"2018-07-05T10:01:39+00:00\",\"dateModified\":\"2022-01-21T11:14:05+00:00\",\"breadcrumb\":{\"@id\":\"https:\\\/\\\/www.beijer.com\\\/de\\\/produkte\\\/analog-produkte\\\/impulsgeneratoren\\\/#breadcrumb\"},\"inLanguage\":\"de\",\"potentialAction\":[{\"@type\":\"ReadAction\",\"target\":[\"https:\\\/\\\/www.beijer.com\\\/de\\\/produkte\\\/analog-produkte\\\/impulsgeneratoren\\\/\"]}]},{\"@type\":\"ImageObject\",\"inLanguage\":\"de\",\"@id\":\"https:\\\/\\\/www.beijer.com\\\/de\\\/produkte\\\/analog-produkte\\\/impulsgeneratoren\\\/#primaryimage\",\"url\":\"https:\\\/\\\/www.beijer.com\\\/wp-content\\\/uploads\\\/2021\\\/08\\\/Productfoto_Pulsgever_512x512.png\",\"contentUrl\":\"https:\\\/\\\/www.beijer.com\\\/wp-content\\\/uploads\\\/2021\\\/08\\\/Productfoto_Pulsgever_512x512.png\",\"width\":512,\"height\":512,\"caption\":\"Pulsgever\"},{\"@type\":\"BreadcrumbList\",\"@id\":\"https:\\\/\\\/www.beijer.com\\\/de\\\/produkte\\\/analog-produkte\\\/impulsgeneratoren\\\/#breadcrumb\",\"itemListElement\":[{\"@type\":\"ListItem\",\"position\":1,\"name\":\"Home\",\"item\":\"https:\\\/\\\/www.beijer.com\\\/de\\\/\"},{\"@type\":\"ListItem\",\"position\":2,\"name\":\"Produkte\",\"item\":\"https:\\\/\\\/www.beijer.com\\\/de\\\/produkte\\\/\"},{\"@type\":\"ListItem\",\"position\":3,\"name\":\"Analog Produkte\",\"item\":\"https:\\\/\\\/www.beijer.com\\\/de\\\/produkte\\\/analog-produkte\\\/\"},{\"@type\":\"ListItem\",\"position\":4,\"name\":\"Impulsgeneratoren\"}]},{\"@type\":\"WebSite\",\"@id\":\"https:\\\/\\\/www.beijer.com\\\/#website\",\"url\":\"https:\\\/\\\/www.beijer.com\\\/\",\"name\":\"Beijer Automotive\",\"description\":\"\",\"publisher\":{\"@id\":\"https:\\\/\\\/www.beijer.com\\\/#organization\"},\"potentialAction\":[{\"@type\":\"SearchAction\",\"target\":{\"@type\":\"EntryPoint\",\"urlTemplate\":\"https:\\\/\\\/www.beijer.com\\\/?s={search_term_string}\"},\"query-input\":{\"@type\":\"PropertyValueSpecification\",\"valueRequired\":true,\"valueName\":\"search_term_string\"}}],\"inLanguage\":\"de\"},{\"@type\":\"Organization\",\"@id\":\"https:\\\/\\\/www.beijer.com\\\/#organization\",\"name\":\"Beijer Automotive\",\"url\":\"https:\\\/\\\/www.beijer.com\\\/\",\"logo\":{\"@type\":\"ImageObject\",\"inLanguage\":\"de\",\"@id\":\"https:\\\/\\\/www.beijer.com\\\/#\\\/schema\\\/logo\\\/image\\\/\",\"url\":\"https:\\\/\\\/www.beijer.com\\\/wp-content\\\/uploads\\\/2018\\\/06\\\/cropped-sdf.jpg\",\"contentUrl\":\"https:\\\/\\\/www.beijer.com\\\/wp-content\\\/uploads\\\/2018\\\/06\\\/cropped-sdf.jpg\",\"width\":\"180\",\"height\":\"59\",\"caption\":\"Beijer Automotive\"},\"image\":{\"@id\":\"https:\\\/\\\/www.beijer.com\\\/#\\\/schema\\\/logo\\\/image\\\/\"}}]}<\/script>\n<!-- \/ Yoast SEO plugin. -->","yoast_head_json":{"title":"Impulsgeneratoren - Beijer Automotive","robots":{"index":"index","follow":"follow","max-snippet":"max-snippet:-1","max-image-preview":"max-image-preview:large","max-video-preview":"max-video-preview:-1"},"canonical":"https:\/\/www.beijer.com\/de\/produkte\/analog-produkte\/impulsgeneratoren\/","og_locale":"de_DE","og_type":"article","og_title":"Impulsgeneratoren - Beijer Automotive","og_description":"Es bedarf keiner Diskussion, dass diese nicht mehr die nachgefragtesten Produkte in unserer Produktpalette sind, aber wird behalten sie dennoch im Lagerbestand: unsere universalen...","og_url":"https:\/\/www.beijer.com\/de\/produkte\/analog-produkte\/impulsgeneratoren\/","og_site_name":"Beijer Automotive","article_modified_time":"2022-01-21T11:14:05+00:00","og_image":[{"width":512,"height":512,"url":"https:\/\/www.beijer.com\/wp-content\/uploads\/2021\/08\/Productfoto_Pulsgever_512x512.png","type":"image\/png"}],"twitter_card":"summary_large_image","schema":{"@context":"https:\/\/schema.org","@graph":[{"@type":"WebPage","@id":"https:\/\/www.beijer.com\/de\/produkte\/analog-produkte\/impulsgeneratoren\/","url":"https:\/\/www.beijer.com\/de\/produkte\/analog-produkte\/impulsgeneratoren\/","name":"Impulsgeneratoren - Beijer Automotive","isPartOf":{"@id":"https:\/\/www.beijer.com\/#website"},"primaryImageOfPage":{"@id":"https:\/\/www.beijer.com\/de\/produkte\/analog-produkte\/impulsgeneratoren\/#primaryimage"},"image":{"@id":"https:\/\/www.beijer.com\/de\/produkte\/analog-produkte\/impulsgeneratoren\/#primaryimage"},"thumbnailUrl":"https:\/\/www.beijer.com\/wp-content\/uploads\/2021\/08\/Productfoto_Pulsgever_512x512.png","datePublished":"2018-07-05T10:01:39+00:00","dateModified":"2022-01-21T11:14:05+00:00","breadcrumb":{"@id":"https:\/\/www.beijer.com\/de\/produkte\/analog-produkte\/impulsgeneratoren\/#breadcrumb"},"inLanguage":"de","potentialAction":[{"@type":"ReadAction","target":["https:\/\/www.beijer.com\/de\/produkte\/analog-produkte\/impulsgeneratoren\/"]}]},{"@type":"ImageObject","inLanguage":"de","@id":"https:\/\/www.beijer.com\/de\/produkte\/analog-produkte\/impulsgeneratoren\/#primaryimage","url":"https:\/\/www.beijer.com\/wp-content\/uploads\/2021\/08\/Productfoto_Pulsgever_512x512.png","contentUrl":"https:\/\/www.beijer.com\/wp-content\/uploads\/2021\/08\/Productfoto_Pulsgever_512x512.png","width":512,"height":512,"caption":"Pulsgever"},{"@type":"BreadcrumbList","@id":"https:\/\/www.beijer.com\/de\/produkte\/analog-produkte\/impulsgeneratoren\/#breadcrumb","itemListElement":[{"@type":"ListItem","position":1,"name":"Home","item":"https:\/\/www.beijer.com\/de\/"},{"@type":"ListItem","position":2,"name":"Produkte","item":"https:\/\/www.beijer.com\/de\/produkte\/"},{"@type":"ListItem","position":3,"name":"Analog Produkte","item":"https:\/\/www.beijer.com\/de\/produkte\/analog-produkte\/"},{"@type":"ListItem","position":4,"name":"Impulsgeneratoren"}]},{"@type":"WebSite","@id":"https:\/\/www.beijer.com\/#website","url":"https:\/\/www.beijer.com\/","name":"Beijer Automotive","description":"","publisher":{"@id":"https:\/\/www.beijer.com\/#organization"},"potentialAction":[{"@type":"SearchAction","target":{"@type":"EntryPoint","urlTemplate":"https:\/\/www.beijer.com\/?s={search_term_string}"},"query-input":{"@type":"PropertyValueSpecification","valueRequired":true,"valueName":"search_term_string"}}],"inLanguage":"de"},{"@type":"Organization","@id":"https:\/\/www.beijer.com\/#organization","name":"Beijer Automotive","url":"https:\/\/www.beijer.com\/","logo":{"@type":"ImageObject","inLanguage":"de","@id":"https:\/\/www.beijer.com\/#\/schema\/logo\/image\/","url":"https:\/\/www.beijer.com\/wp-content\/uploads\/2018\/06\/cropped-sdf.jpg","contentUrl":"https:\/\/www.beijer.com\/wp-content\/uploads\/2018\/06\/cropped-sdf.jpg","width":"180","height":"59","caption":"Beijer Automotive"},"image":{"@id":"https:\/\/www.beijer.com\/#\/schema\/logo\/image\/"}}]}},"_links":{"self":[{"href":"https:\/\/www.beijer.com\/de\/wp-json\/wp\/v2\/pages\/4360","targetHints":{"allow":["GET"]}}],"collection":[{"href":"https:\/\/www.beijer.com\/de\/wp-json\/wp\/v2\/pages"}],"about":[{"href":"https:\/\/www.beijer.com\/de\/wp-json\/wp\/v2\/types\/page"}],"author":[{"embeddable":true,"href":"https:\/\/www.beijer.com\/de\/wp-json\/wp\/v2\/users\/2"}],"replies":[{"embeddable":true,"href":"https:\/\/www.beijer.com\/de\/wp-json\/wp\/v2\/comments?post=4360"}],"version-history":[{"count":4,"href":"https:\/\/www.beijer.com\/de\/wp-json\/wp\/v2\/pages\/4360\/revisions"}],"predecessor-version":[{"id":4925,"href":"https:\/\/www.beijer.com\/de\/wp-json\/wp\/v2\/pages\/4360\/revisions\/4925"}],"up":[{"embeddable":true,"href":"https:\/\/www.beijer.com\/de\/wp-json\/wp\/v2\/pages\/614"}],"wp:featuredmedia":[{"embeddable":true,"href":"https:\/\/www.beijer.com\/de\/wp-json\/wp\/v2\/media\/3786"}],"wp:attachment":[{"href":"https:\/\/www.beijer.com\/de\/wp-json\/wp\/v2\/media?parent=4360"}],"curies":[{"name":"wp","href":"https:\/\/api.w.org\/{rel}","templated":true}]}}