{"id":51842,"date":"2026-01-26T12:04:15","date_gmt":"2026-01-26T11:04:15","guid":{"rendered":"https:\/\/www.beijer.com\/produkte\/can-produkte\/beijer-can-interfaces-bci\/bci-can-to-analog\/bci-tacho\/"},"modified":"2026-04-10T11:47:53","modified_gmt":"2026-04-10T09:47:53","slug":"bci-tacho","status":"publish","type":"page","link":"https:\/\/www.beijer.com\/de\/produkte\/can-produkte\/beijer-can-interfaces-bci\/bci-can-to-analog\/bci-tacho\/","title":{"rendered":"BCI-TACHO"},"content":{"rendered":"\n<p>Diese universelle CAN-Schnittstelle mit 3 Ausg\u00e4ngen wurde speziell f\u00fcr die Integration mit dem Smart Tacho 2 (G2V2\/SMT2) entwickelt. Ab dem 1. Juli 2026 ist diese neue Generation von Tachographen auch f\u00fcr leichte Nutzfahrzeuge (&gt;2500 kg), die im internationalen G\u00fcterverkehr eingesetzt werden, verpflichtend. Weitere Informationen hierzu finden Sie in <strong><a href=\"https:\/\/www.beijer.com\/en\/news\/tachograph-regulations-for-light-commercial-vehicles-in-2026-be-prepared-with-a-beijer-can-interface-bci\/\" style=\"background:none !important; padding:0 !important; border:none !important; display:inline !important; color:#0a2540 !important; text-decoration:underline !important; font-weight:700 !important;\">diesem<\/a><\/strong> Artikel. Aufgrund der strengeren Anforderungen an Fahrtdatenerfassung und Datenaustausch sind zuverl\u00e4ssige Fahrzeugdaten unerl\u00e4sslich. Der BCI-TACHO wandelt CAN-Bus-Fahrzeugdaten in ein Geschwindigkeitssignal f\u00fcr den Tachographen \u00fcber die M1N1- und KITAS-Sensoren um.<\/p>\n\n\n<p><strong>Pre-order BCI-TACHO<\/strong><\/p>\n<p>Platzieren Sie jetzt Ihre Pre-Order, um sich die Lieferung im Juni zu sichern und von unseren Einf\u00fchrungsvorteilen zu profitieren.\n<\/p>\n<p>\n  <a style=\"background-color: #04a1ef; color: #fff; padding: 8px 12px; text-decoration: none; border-radius: 4px;\" href=\"https:\/\/www.beijer.com\/en\/bci-tacho-preorder\/\" target=\"_blank\" rel=\"noopener\">\n    PRE-ORDER BCI-TACHO\n  <\/a>\n<\/p>\n\n\n<table id=\"tablepress-17\" class=\"tablepress tablepress-id-17\">\n<tbody class=\"row-striping row-hover\">\n<tr class=\"row-1\">\n\t<td class=\"column-1\"><strong>INPUT<\/strong><br \/>\n&#8211; CAN High &amp; CAN Low (CAN Highspeed\/FD)<br \/>\n<br \/>\n<strong>OUTPUT<\/strong><br \/>\n&#8211; Speed<br \/>\n&#8211; Switched Power<br \/>\n&#8211; Parking Light<\/td><td class=\"column-2\"><img loading=\"lazy\" decoding=\"async\" src=\"https:\/\/www.beijer.com\/wp-content\/uploads\/2026\/01\/Productfoto-BCI-TACHO.png\" alt=\"BCI-TACHO CAN interface\" width=\"250\" height=\"200\" class=\"alignnone size-full wp-image-1534\" \/><\/td>\n<\/tr>\n<\/tbody>\n<\/table>\n<!-- #tablepress-17 from cache -->\n\n<p><strong>Warum den BCI-TACHO w\u00e4hlen?<\/strong><\/p>\n<ul class=\"beijer-checklist\">\n  <li>Stabiles und pr\u00e4zises <strong><u>Geschwindigkeitssignal<\/u><\/strong><\/li>\n  <li>Speziell entwickelt f\u00fcr <strong><u>Smart Tacho 2<\/u><\/strong><\/li>\n  <li><strong><u>Extra langes Kabel<\/u><\/strong> (2,5 m) f\u00fcr eine einfache Installation<\/li>\n  <li>Erf\u00fcllt die <strong><a href=\"https:\/\/business.gov.nl\/amendments\/smart-tachograph-type2-2500kg-and-more\/\" style=\"background:none !important; padding:0 !important; border:none !important; display:inline !important; color:#0a2540 !important; text-decoration:underline !important; font-weight:700 !important;\">EU-Vorschriften<\/a><\/strong><\/li>\n  <li><strong><u>Keine<\/u><\/strong> zus\u00e4tzliche Verbindung zum Tachographen erforderlich; auch Display- und Kontrollleuchten werden \u00fcber eine einzige Schnittstelle gesteuert<\/li>\n  <li>Geeignet f\u00fcr <strong><a href=\"https:\/\/www.beijer.com\/en\/can-database\/\" style=\"background:none !important; padding:0 !important; border:none !important; display:inline !important; color:#0a2540 !important; text-decoration:underline !important; font-weight:700 !important;\">alle leichten Nutzfahrzeuge<\/a><\/strong><\/li>\n  <li>Unterst\u00fctzt CAN FD<\/li>\n  <li>Einfache Installation dank <strong><a href=\"https:\/\/www.beijer.com\/en\/products\/incar-instructions\/\" style=\"background:none !important; padding:0 !important; border:none !important; display:inline !important; color:#0a2540 !important; text-decoration:underline !important; font-weight:700 !important;\">kostenloser INCAR-Anleitung<\/a><\/strong><\/li>\n<\/ul>\n\n<p><strong>Installation des BCI-TACHO<\/strong><\/p>\n<p>Der Anschluss des BCI-TACHO ist schnell und einfach.<\/p>\n<ol class=\"wp-block-list\">\n  <li>Schlie\u00dfen Sie den BCI-TACHO an eine Dauerstromversorgung, Masse und zwei CAN-Leitungen an<\/li>\n  <li>Der BCI-TACHO erkennt das Fahrzeug automatisch<\/li>\n  <li>Innerhalb von 20 Sekunden werden die entsprechenden Ausg\u00e4nge aktiviert<\/li>\n<\/ol>\n\n<p>Auch das Auffinden der richtigen CAN-Anschl\u00fcsse im Fahrzeug ist mit Hilfe der kostenlosen (Online-)INCAR-Anleitung einfach.<\/p>\n\n<p>Sehen Sie, welche Fahrzeuge vom BCI-TACHO unterst\u00fctzt werden, und rufen Sie die Installationsanleitung auf:<\/p>\n\n<div style=\"display:flex; gap:10px; flex-wrap:wrap;\">\n  <a style=\"background-color:#04a1ef; color:#fff; padding:8px 12px; text-decoration:none; border-radius:4px;\" href=\"https:\/\/www.beijer.com\/en\/bci-application-lists\/\" target=\"_blank\" rel=\"noopener\">\n    ANWENDUNGSLISTE BCI-TACHO\n  <\/a>\n  <a style=\"background-color:#04a1ef; color:#fff; padding:8px 12px; text-decoration:none; border-radius:4px;\" href=\"https:\/\/www.beijer.com\/wp-content\/uploads\/2025\/12\/Manual_BCING_V2_0525.pdf\" target=\"_blank\" rel=\"noopener\">\n    HANDBUCH BCI-TACHO\n  <\/a>\n<\/div>\n<br>\n\n<p>Haben Sie Fragen oder w\u00fcnschen Sie weitere Informationen zum BCI-TACHO?<\/p>\n\n<p>\n  <a style=\"background-color:#04a1ef; color:#fff; padding:8px 12px; text-decoration:none; border-radius:4px;\" href=\"https:\/\/www.beijer.com\/en\/contact\/\" target=\"_blank\" rel=\"noopener\">\n    KONTAKTIEREN SIE UNS\n  <\/a>\n<\/p>\n<br>\n\n<p>\n  <img loading=\"lazy\" decoding=\"async\" class=\"alignnone wp-image-52284\" src=\"https:\/\/www.beijer.com\/wp-content\/uploads\/2026\/03\/BCI-TACHO-voor-Smart-Tacho-2-1_ENG_VDO_DEF-300x160.jpg\" alt=\"\" width=\"446\" height=\"238\" srcset=\"https:\/\/www.beijer.com\/wp-content\/uploads\/2026\/03\/BCI-TACHO-voor-Smart-Tacho-2-1_ENG_VDO_DEF-300x160.jpg 300w, https:\/\/www.beijer.com\/wp-content\/uploads\/2026\/03\/BCI-TACHO-voor-Smart-Tacho-2-1_ENG_VDO_DEF.jpg 685w\" sizes=\"auto, (max-width: 446px) 100vw, 446px\" \/>\n<\/p>","protected":false},"excerpt":{"rendered":"<p>Diese universelle CAN-Schnittstelle mit 3 Ausg\u00e4ngen wurde speziell f\u00fcr die Integration mit dem Smart Tacho 2 (G2V2\/SMT2) entwickelt. Ab dem 1. Juli 2026 ist&#8230;<\/p>\n","protected":false},"author":2,"featured_media":51695,"parent":4143,"menu_order":0,"comment_status":"closed","ping_status":"closed","template":"","meta":{"_acf_changed":false,"footnotes":""},"class_list":["post-51842","page","type-page","status-publish","has-post-thumbnail","hentry"],"acf":[],"yoast_head":"<!-- This site is optimized with the Yoast SEO plugin v27.5 - https:\/\/yoast.com\/product\/yoast-seo-wordpress\/ -->\n<title>BCI-TACHO - Beijer Automotive<\/title>\n<meta name=\"robots\" content=\"index, follow, max-snippet:-1, max-image-preview:large, max-video-preview:-1\" \/>\n<link rel=\"canonical\" href=\"https:\/\/www.beijer.com\/de\/produkte\/can-produkte\/beijer-can-interfaces-bci\/bci-can-to-analog\/bci-tacho\/\" \/>\n<meta property=\"og:locale\" content=\"de_DE\" \/>\n<meta property=\"og:type\" content=\"article\" \/>\n<meta property=\"og:title\" content=\"BCI-TACHO - Beijer Automotive\" \/>\n<meta property=\"og:description\" content=\"Diese universelle CAN-Schnittstelle mit 3 Ausg\u00e4ngen wurde speziell f\u00fcr die Integration mit dem Smart Tacho 2 (G2V2\/SMT2) entwickelt. Ab dem 1. Juli 2026 ist...\" \/>\n<meta property=\"og:url\" content=\"https:\/\/www.beijer.com\/de\/produkte\/can-produkte\/beijer-can-interfaces-bci\/bci-can-to-analog\/bci-tacho\/\" \/>\n<meta property=\"og:site_name\" content=\"Beijer Automotive\" \/>\n<meta property=\"article:modified_time\" content=\"2026-04-10T09:47:53+00:00\" \/>\n<meta property=\"og:image\" content=\"https:\/\/www.beijer.com\/wp-content\/uploads\/2026\/01\/BCI_TACHO_icon.png\" \/>\n\t<meta property=\"og:image:width\" content=\"158\" \/>\n\t<meta property=\"og:image:height\" content=\"158\" \/>\n\t<meta property=\"og:image:type\" content=\"image\/png\" \/>\n<meta name=\"twitter:card\" content=\"summary_large_image\" \/>\n<script type=\"application\/ld+json\" class=\"yoast-schema-graph\">{\"@context\":\"https:\\\/\\\/schema.org\",\"@graph\":[{\"@type\":\"WebPage\",\"@id\":\"https:\\\/\\\/www.beijer.com\\\/de\\\/produkte\\\/can-produkte\\\/beijer-can-interfaces-bci\\\/bci-can-to-analog\\\/bci-tacho\\\/\",\"url\":\"https:\\\/\\\/www.beijer.com\\\/de\\\/produkte\\\/can-produkte\\\/beijer-can-interfaces-bci\\\/bci-can-to-analog\\\/bci-tacho\\\/\",\"name\":\"BCI-TACHO - Beijer Automotive\",\"isPartOf\":{\"@id\":\"https:\\\/\\\/www.beijer.com\\\/#website\"},\"primaryImageOfPage\":{\"@id\":\"https:\\\/\\\/www.beijer.com\\\/de\\\/produkte\\\/can-produkte\\\/beijer-can-interfaces-bci\\\/bci-can-to-analog\\\/bci-tacho\\\/#primaryimage\"},\"image\":{\"@id\":\"https:\\\/\\\/www.beijer.com\\\/de\\\/produkte\\\/can-produkte\\\/beijer-can-interfaces-bci\\\/bci-can-to-analog\\\/bci-tacho\\\/#primaryimage\"},\"thumbnailUrl\":\"https:\\\/\\\/www.beijer.com\\\/wp-content\\\/uploads\\\/2026\\\/01\\\/BCI_TACHO_icon.png\",\"datePublished\":\"2026-01-26T11:04:15+00:00\",\"dateModified\":\"2026-04-10T09:47:53+00:00\",\"breadcrumb\":{\"@id\":\"https:\\\/\\\/www.beijer.com\\\/de\\\/produkte\\\/can-produkte\\\/beijer-can-interfaces-bci\\\/bci-can-to-analog\\\/bci-tacho\\\/#breadcrumb\"},\"inLanguage\":\"de\",\"potentialAction\":[{\"@type\":\"ReadAction\",\"target\":[\"https:\\\/\\\/www.beijer.com\\\/de\\\/produkte\\\/can-produkte\\\/beijer-can-interfaces-bci\\\/bci-can-to-analog\\\/bci-tacho\\\/\"]}]},{\"@type\":\"ImageObject\",\"inLanguage\":\"de\",\"@id\":\"https:\\\/\\\/www.beijer.com\\\/de\\\/produkte\\\/can-produkte\\\/beijer-can-interfaces-bci\\\/bci-can-to-analog\\\/bci-tacho\\\/#primaryimage\",\"url\":\"https:\\\/\\\/www.beijer.com\\\/wp-content\\\/uploads\\\/2026\\\/01\\\/BCI_TACHO_icon.png\",\"contentUrl\":\"https:\\\/\\\/www.beijer.com\\\/wp-content\\\/uploads\\\/2026\\\/01\\\/BCI_TACHO_icon.png\",\"width\":158,\"height\":158},{\"@type\":\"BreadcrumbList\",\"@id\":\"https:\\\/\\\/www.beijer.com\\\/de\\\/produkte\\\/can-produkte\\\/beijer-can-interfaces-bci\\\/bci-can-to-analog\\\/bci-tacho\\\/#breadcrumb\",\"itemListElement\":[{\"@type\":\"ListItem\",\"position\":1,\"name\":\"Home\",\"item\":\"https:\\\/\\\/www.beijer.com\\\/de\\\/\"},{\"@type\":\"ListItem\",\"position\":2,\"name\":\"Produkte\",\"item\":\"https:\\\/\\\/www.beijer.com\\\/de\\\/produkte\\\/\"},{\"@type\":\"ListItem\",\"position\":3,\"name\":\"CAN Produkte\",\"item\":\"https:\\\/\\\/www.beijer.com\\\/de\\\/produkte\\\/can-produkte\\\/\"},{\"@type\":\"ListItem\",\"position\":4,\"name\":\"Beijer CAN-Schnittstelle (BCI)\",\"item\":\"https:\\\/\\\/www.beijer.com\\\/de\\\/produkte\\\/can-produkte\\\/beijer-can-interfaces-bci\\\/\"},{\"@type\":\"ListItem\",\"position\":5,\"name\":\"BCI | CAN-to-Analog\",\"item\":\"https:\\\/\\\/www.beijer.com\\\/de\\\/produkte\\\/can-produkte\\\/beijer-can-interfaces-bci\\\/bci-can-to-analog\\\/\"},{\"@type\":\"ListItem\",\"position\":6,\"name\":\"BCI-TACHO\"}]},{\"@type\":\"WebSite\",\"@id\":\"https:\\\/\\\/www.beijer.com\\\/#website\",\"url\":\"https:\\\/\\\/www.beijer.com\\\/\",\"name\":\"Beijer Automotive\",\"description\":\"\",\"publisher\":{\"@id\":\"https:\\\/\\\/www.beijer.com\\\/#organization\"},\"potentialAction\":[{\"@type\":\"SearchAction\",\"target\":{\"@type\":\"EntryPoint\",\"urlTemplate\":\"https:\\\/\\\/www.beijer.com\\\/?s={search_term_string}\"},\"query-input\":{\"@type\":\"PropertyValueSpecification\",\"valueRequired\":true,\"valueName\":\"search_term_string\"}}],\"inLanguage\":\"de\"},{\"@type\":\"Organization\",\"@id\":\"https:\\\/\\\/www.beijer.com\\\/#organization\",\"name\":\"Beijer Automotive\",\"url\":\"https:\\\/\\\/www.beijer.com\\\/\",\"logo\":{\"@type\":\"ImageObject\",\"inLanguage\":\"de\",\"@id\":\"https:\\\/\\\/www.beijer.com\\\/#\\\/schema\\\/logo\\\/image\\\/\",\"url\":\"https:\\\/\\\/www.beijer.com\\\/wp-content\\\/uploads\\\/2018\\\/06\\\/cropped-sdf.jpg\",\"contentUrl\":\"https:\\\/\\\/www.beijer.com\\\/wp-content\\\/uploads\\\/2018\\\/06\\\/cropped-sdf.jpg\",\"width\":\"180\",\"height\":\"59\",\"caption\":\"Beijer Automotive\"},\"image\":{\"@id\":\"https:\\\/\\\/www.beijer.com\\\/#\\\/schema\\\/logo\\\/image\\\/\"}}]}<\/script>\n<!-- \/ Yoast SEO plugin. -->","yoast_head_json":{"title":"BCI-TACHO - Beijer Automotive","robots":{"index":"index","follow":"follow","max-snippet":"max-snippet:-1","max-image-preview":"max-image-preview:large","max-video-preview":"max-video-preview:-1"},"canonical":"https:\/\/www.beijer.com\/de\/produkte\/can-produkte\/beijer-can-interfaces-bci\/bci-can-to-analog\/bci-tacho\/","og_locale":"de_DE","og_type":"article","og_title":"BCI-TACHO - Beijer Automotive","og_description":"Diese universelle CAN-Schnittstelle mit 3 Ausg\u00e4ngen wurde speziell f\u00fcr die Integration mit dem Smart Tacho 2 (G2V2\/SMT2) entwickelt. Ab dem 1. Juli 2026 ist...","og_url":"https:\/\/www.beijer.com\/de\/produkte\/can-produkte\/beijer-can-interfaces-bci\/bci-can-to-analog\/bci-tacho\/","og_site_name":"Beijer Automotive","article_modified_time":"2026-04-10T09:47:53+00:00","og_image":[{"width":158,"height":158,"url":"https:\/\/www.beijer.com\/wp-content\/uploads\/2026\/01\/BCI_TACHO_icon.png","type":"image\/png"}],"twitter_card":"summary_large_image","schema":{"@context":"https:\/\/schema.org","@graph":[{"@type":"WebPage","@id":"https:\/\/www.beijer.com\/de\/produkte\/can-produkte\/beijer-can-interfaces-bci\/bci-can-to-analog\/bci-tacho\/","url":"https:\/\/www.beijer.com\/de\/produkte\/can-produkte\/beijer-can-interfaces-bci\/bci-can-to-analog\/bci-tacho\/","name":"BCI-TACHO - Beijer Automotive","isPartOf":{"@id":"https:\/\/www.beijer.com\/#website"},"primaryImageOfPage":{"@id":"https:\/\/www.beijer.com\/de\/produkte\/can-produkte\/beijer-can-interfaces-bci\/bci-can-to-analog\/bci-tacho\/#primaryimage"},"image":{"@id":"https:\/\/www.beijer.com\/de\/produkte\/can-produkte\/beijer-can-interfaces-bci\/bci-can-to-analog\/bci-tacho\/#primaryimage"},"thumbnailUrl":"https:\/\/www.beijer.com\/wp-content\/uploads\/2026\/01\/BCI_TACHO_icon.png","datePublished":"2026-01-26T11:04:15+00:00","dateModified":"2026-04-10T09:47:53+00:00","breadcrumb":{"@id":"https:\/\/www.beijer.com\/de\/produkte\/can-produkte\/beijer-can-interfaces-bci\/bci-can-to-analog\/bci-tacho\/#breadcrumb"},"inLanguage":"de","potentialAction":[{"@type":"ReadAction","target":["https:\/\/www.beijer.com\/de\/produkte\/can-produkte\/beijer-can-interfaces-bci\/bci-can-to-analog\/bci-tacho\/"]}]},{"@type":"ImageObject","inLanguage":"de","@id":"https:\/\/www.beijer.com\/de\/produkte\/can-produkte\/beijer-can-interfaces-bci\/bci-can-to-analog\/bci-tacho\/#primaryimage","url":"https:\/\/www.beijer.com\/wp-content\/uploads\/2026\/01\/BCI_TACHO_icon.png","contentUrl":"https:\/\/www.beijer.com\/wp-content\/uploads\/2026\/01\/BCI_TACHO_icon.png","width":158,"height":158},{"@type":"BreadcrumbList","@id":"https:\/\/www.beijer.com\/de\/produkte\/can-produkte\/beijer-can-interfaces-bci\/bci-can-to-analog\/bci-tacho\/#breadcrumb","itemListElement":[{"@type":"ListItem","position":1,"name":"Home","item":"https:\/\/www.beijer.com\/de\/"},{"@type":"ListItem","position":2,"name":"Produkte","item":"https:\/\/www.beijer.com\/de\/produkte\/"},{"@type":"ListItem","position":3,"name":"CAN Produkte","item":"https:\/\/www.beijer.com\/de\/produkte\/can-produkte\/"},{"@type":"ListItem","position":4,"name":"Beijer CAN-Schnittstelle (BCI)","item":"https:\/\/www.beijer.com\/de\/produkte\/can-produkte\/beijer-can-interfaces-bci\/"},{"@type":"ListItem","position":5,"name":"BCI | CAN-to-Analog","item":"https:\/\/www.beijer.com\/de\/produkte\/can-produkte\/beijer-can-interfaces-bci\/bci-can-to-analog\/"},{"@type":"ListItem","position":6,"name":"BCI-TACHO"}]},{"@type":"WebSite","@id":"https:\/\/www.beijer.com\/#website","url":"https:\/\/www.beijer.com\/","name":"Beijer Automotive","description":"","publisher":{"@id":"https:\/\/www.beijer.com\/#organization"},"potentialAction":[{"@type":"SearchAction","target":{"@type":"EntryPoint","urlTemplate":"https:\/\/www.beijer.com\/?s={search_term_string}"},"query-input":{"@type":"PropertyValueSpecification","valueRequired":true,"valueName":"search_term_string"}}],"inLanguage":"de"},{"@type":"Organization","@id":"https:\/\/www.beijer.com\/#organization","name":"Beijer Automotive","url":"https:\/\/www.beijer.com\/","logo":{"@type":"ImageObject","inLanguage":"de","@id":"https:\/\/www.beijer.com\/#\/schema\/logo\/image\/","url":"https:\/\/www.beijer.com\/wp-content\/uploads\/2018\/06\/cropped-sdf.jpg","contentUrl":"https:\/\/www.beijer.com\/wp-content\/uploads\/2018\/06\/cropped-sdf.jpg","width":"180","height":"59","caption":"Beijer Automotive"},"image":{"@id":"https:\/\/www.beijer.com\/#\/schema\/logo\/image\/"}}]}},"_links":{"self":[{"href":"https:\/\/www.beijer.com\/de\/wp-json\/wp\/v2\/pages\/51842","targetHints":{"allow":["GET"]}}],"collection":[{"href":"https:\/\/www.beijer.com\/de\/wp-json\/wp\/v2\/pages"}],"about":[{"href":"https:\/\/www.beijer.com\/de\/wp-json\/wp\/v2\/types\/page"}],"author":[{"embeddable":true,"href":"https:\/\/www.beijer.com\/de\/wp-json\/wp\/v2\/users\/2"}],"replies":[{"embeddable":true,"href":"https:\/\/www.beijer.com\/de\/wp-json\/wp\/v2\/comments?post=51842"}],"version-history":[{"count":7,"href":"https:\/\/www.beijer.com\/de\/wp-json\/wp\/v2\/pages\/51842\/revisions"}],"predecessor-version":[{"id":52877,"href":"https:\/\/www.beijer.com\/de\/wp-json\/wp\/v2\/pages\/51842\/revisions\/52877"}],"up":[{"embeddable":true,"href":"https:\/\/www.beijer.com\/de\/wp-json\/wp\/v2\/pages\/4143"}],"wp:featuredmedia":[{"embeddable":true,"href":"https:\/\/www.beijer.com\/de\/wp-json\/wp\/v2\/media\/51695"}],"wp:attachment":[{"href":"https:\/\/www.beijer.com\/de\/wp-json\/wp\/v2\/media?parent=51842"}],"curies":[{"name":"wp","href":"https:\/\/api.w.org\/{rel}","templated":true}]}}