{"id":5214,"date":"2021-05-25T09:15:26","date_gmt":"2021-05-25T09:15:26","guid":{"rendered":"https:\/\/www.beijer.com\/produkte\/can-produkte\/beijer-can-interfaces-bci\/bci-can-to-analog\/bci-tesla\/"},"modified":"2026-03-30T12:02:53","modified_gmt":"2026-03-30T10:02:53","slug":"bci-tesla","status":"publish","type":"page","link":"https:\/\/www.beijer.com\/de\/produkte\/can-produkte\/beijer-can-interfaces-bci\/bci-can-to-analog\/bci-tesla\/","title":{"rendered":"BCI-TESLA"},"content":{"rendered":"<p>Die BCI-TESLA ist eine CAN-Schnittstelle mit zwei Ausg\u00e4nge, speziell angefertigt f\u00fcr das Tesla Model Y und Model 3 (mit DLC\/OBD) ab Mitte 2020.<\/p>\n<p>\n<table id=\"tablepress-15\" class=\"tablepress tablepress-id-15\">\n<tbody class=\"row-striping row-hover\">\n<tr class=\"row-1\">\n\t<td class=\"column-1\"><strong>INPUT<\/strong><br \/>\n- CAN High &amp; CAN Low (Highspeed)<br \/>\n<br \/>\n<strong>OUTPUT<\/strong><br \/>\n- Speed<br \/>\n- Switched Power<\/td><td class=\"column-2\"><img loading=\"lazy\" decoding=\"async\" src=\"https:\/\/beijer.com\/wp-content\/uploads\/2021\/05\/BCI-imageTESLA_512X512.jpg\" alt=\"BCI CAN interface\" width=\"250\" height=\"200\" class=\"alignnone size-full wp-image-1534\" \/><\/td>\n<\/tr>\n<\/tbody>\n<\/table>\n<!-- #tablepress-15 from cache -->\u20ac 190,- zzgl. MwSt.<\/p>\n<p>Tesla Inc. ist daf\u00fcr bekannt, ihre Autos over-the-air zu aktualisieren. Dies hat den Vorteil, dass Anwender immer \u00fcber die aktuellsten Softwareversionen mit den neuesten Funktionen und Verbesserungen verf\u00fcgen. Nachteilig ist jedoch, dass sich die Eigenschaften des Autos \u00e4ndern k\u00f6nnen, wodurch beispielsweise Taxameter nicht mehr richtig funktionieren. Um solche Probleme zu vermeiden, haben Tesla und Beijer Automotive ihre Kr\u00e4fte geb\u00fcndelt und eine L\u00f6sung in Form einer speziellen BCI-TESLA CAN-Schnittstelle entwickelt. Dadurch funktioniert ein Taxameter im neuen Tesla Model 3 und Model Y ab Mitte 2020 trotz zwischenzeitlicher Tesla-Updates immer weiter.<\/p>\n<p>Der Anschluss der BCI-Schnittstelle ist schnell und einfach. Sobald die Verbindung mit einer konstanten Stromversorgung, Masse und zwei CAN-Kabeln steht, erkennt die BCI-Schnittstelle die Fahrzeugmarke und das Modell automatisch. Die BCI ben\u00f6tigt h\u00f6chsten 20 Sekunden, um das Fahrzeug zu identifizieren, wonach sie die einschl\u00e4gigen Ausg\u00e4nge steuert. Auch das Auffinden der CAN-Anschl\u00fcsse im Auto ist mit Hilfe der kostenlosen INCAR Anleitung, die jedem BCI beiliegt, ganz einfach.<\/p>\n<p><strong><a href=\"https:\/\/bcs.beijer.com\/doc\/bci\/ApplicationLists\/PA.1013.SV.AAJA.254.html\" target=\"_blank\" rel=\"noopener\">APPLICATION LIST<\/a><\/strong> <strong><a href=\"https:\/\/www.beijer.com\/wp-content\/uploads\/2025\/12\/Manual_BCING_V2_0525.pdf\" target=\"_blank\" rel=\"noopener\">MANUAL<\/a><\/strong> <strong><a href=\"https:\/\/incar.beijer.com\/shop\/interfaces\/can.html\" target=\"_blank\" rel=\"noopener\">JETZT BESTELLEN<\/a><\/strong><\/p>\n","protected":false},"excerpt":{"rendered":"<p>Die BCI-TESLA ist eine CAN-Schnittstelle mit zwei Ausg\u00e4nge, speziell angefertigt f\u00fcr das Tesla Model Y und Model 3 (mit DLC\/OBD) ab Mitte 2020. \u20ac&#8230;<\/p>\n","protected":false},"author":2,"featured_media":3471,"parent":4143,"menu_order":3,"comment_status":"closed","ping_status":"closed","template":"","meta":{"_acf_changed":false,"footnotes":""},"class_list":["post-5214","page","type-page","status-publish","has-post-thumbnail","hentry"],"acf":[],"yoast_head":"<!-- This site is optimized with the Yoast SEO plugin v27.5 - https:\/\/yoast.com\/product\/yoast-seo-wordpress\/ -->\n<title>BCI-TESLA - Beijer Automotive<\/title>\n<meta name=\"robots\" content=\"index, follow, max-snippet:-1, max-image-preview:large, max-video-preview:-1\" \/>\n<link rel=\"canonical\" href=\"https:\/\/www.beijer.com\/de\/produkte\/can-produkte\/beijer-can-interfaces-bci\/bci-can-to-analog\/bci-tesla\/\" \/>\n<meta property=\"og:locale\" content=\"de_DE\" \/>\n<meta property=\"og:type\" content=\"article\" \/>\n<meta property=\"og:title\" content=\"BCI-TESLA - Beijer Automotive\" \/>\n<meta property=\"og:description\" content=\"Die BCI-TESLA ist eine CAN-Schnittstelle mit zwei Ausg\u00e4nge, speziell angefertigt f\u00fcr das Tesla Model Y und Model 3 (mit DLC\/OBD) ab Mitte 2020. \u20ac...\" \/>\n<meta property=\"og:url\" content=\"https:\/\/www.beijer.com\/de\/produkte\/can-produkte\/beijer-can-interfaces-bci\/bci-can-to-analog\/bci-tesla\/\" \/>\n<meta property=\"og:site_name\" content=\"Beijer Automotive\" \/>\n<meta property=\"article:modified_time\" content=\"2026-03-30T10:02:53+00:00\" \/>\n<meta property=\"og:image\" content=\"https:\/\/www.beijer.com\/wp-content\/uploads\/2021\/08\/Beijer_NEW-Icons_DEF-site-zonder-cirkels-_BCI-2.png\" \/>\n\t<meta property=\"og:image:width\" content=\"417\" \/>\n\t<meta property=\"og:image:height\" content=\"418\" \/>\n\t<meta property=\"og:image:type\" content=\"image\/png\" \/>\n<meta name=\"twitter:card\" content=\"summary_large_image\" \/>\n<script type=\"application\/ld+json\" class=\"yoast-schema-graph\">{\"@context\":\"https:\\\/\\\/schema.org\",\"@graph\":[{\"@type\":\"WebPage\",\"@id\":\"https:\\\/\\\/www.beijer.com\\\/de\\\/produkte\\\/can-produkte\\\/beijer-can-interfaces-bci\\\/bci-can-to-analog\\\/bci-tesla\\\/\",\"url\":\"https:\\\/\\\/www.beijer.com\\\/de\\\/produkte\\\/can-produkte\\\/beijer-can-interfaces-bci\\\/bci-can-to-analog\\\/bci-tesla\\\/\",\"name\":\"BCI-TESLA - Beijer Automotive\",\"isPartOf\":{\"@id\":\"https:\\\/\\\/www.beijer.com\\\/#website\"},\"primaryImageOfPage\":{\"@id\":\"https:\\\/\\\/www.beijer.com\\\/de\\\/produkte\\\/can-produkte\\\/beijer-can-interfaces-bci\\\/bci-can-to-analog\\\/bci-tesla\\\/#primaryimage\"},\"image\":{\"@id\":\"https:\\\/\\\/www.beijer.com\\\/de\\\/produkte\\\/can-produkte\\\/beijer-can-interfaces-bci\\\/bci-can-to-analog\\\/bci-tesla\\\/#primaryimage\"},\"thumbnailUrl\":\"https:\\\/\\\/www.beijer.com\\\/wp-content\\\/uploads\\\/2021\\\/08\\\/Beijer_NEW-Icons_DEF-site-zonder-cirkels-_BCI-2.png\",\"datePublished\":\"2021-05-25T09:15:26+00:00\",\"dateModified\":\"2026-03-30T10:02:53+00:00\",\"breadcrumb\":{\"@id\":\"https:\\\/\\\/www.beijer.com\\\/de\\\/produkte\\\/can-produkte\\\/beijer-can-interfaces-bci\\\/bci-can-to-analog\\\/bci-tesla\\\/#breadcrumb\"},\"inLanguage\":\"de\",\"potentialAction\":[{\"@type\":\"ReadAction\",\"target\":[\"https:\\\/\\\/www.beijer.com\\\/de\\\/produkte\\\/can-produkte\\\/beijer-can-interfaces-bci\\\/bci-can-to-analog\\\/bci-tesla\\\/\"]}]},{\"@type\":\"ImageObject\",\"inLanguage\":\"de\",\"@id\":\"https:\\\/\\\/www.beijer.com\\\/de\\\/produkte\\\/can-produkte\\\/beijer-can-interfaces-bci\\\/bci-can-to-analog\\\/bci-tesla\\\/#primaryimage\",\"url\":\"https:\\\/\\\/www.beijer.com\\\/wp-content\\\/uploads\\\/2021\\\/08\\\/Beijer_NEW-Icons_DEF-site-zonder-cirkels-_BCI-2.png\",\"contentUrl\":\"https:\\\/\\\/www.beijer.com\\\/wp-content\\\/uploads\\\/2021\\\/08\\\/Beijer_NEW-Icons_DEF-site-zonder-cirkels-_BCI-2.png\",\"width\":417,\"height\":418},{\"@type\":\"BreadcrumbList\",\"@id\":\"https:\\\/\\\/www.beijer.com\\\/de\\\/produkte\\\/can-produkte\\\/beijer-can-interfaces-bci\\\/bci-can-to-analog\\\/bci-tesla\\\/#breadcrumb\",\"itemListElement\":[{\"@type\":\"ListItem\",\"position\":1,\"name\":\"Home\",\"item\":\"https:\\\/\\\/www.beijer.com\\\/de\\\/\"},{\"@type\":\"ListItem\",\"position\":2,\"name\":\"Produkte\",\"item\":\"https:\\\/\\\/www.beijer.com\\\/de\\\/produkte\\\/\"},{\"@type\":\"ListItem\",\"position\":3,\"name\":\"CAN Produkte\",\"item\":\"https:\\\/\\\/www.beijer.com\\\/de\\\/produkte\\\/can-produkte\\\/\"},{\"@type\":\"ListItem\",\"position\":4,\"name\":\"Beijer CAN-Schnittstelle (BCI)\",\"item\":\"https:\\\/\\\/www.beijer.com\\\/de\\\/produkte\\\/can-produkte\\\/beijer-can-interfaces-bci\\\/\"},{\"@type\":\"ListItem\",\"position\":5,\"name\":\"BCI | CAN-to-Analog\",\"item\":\"https:\\\/\\\/www.beijer.com\\\/de\\\/produkte\\\/can-produkte\\\/beijer-can-interfaces-bci\\\/bci-can-to-analog\\\/\"},{\"@type\":\"ListItem\",\"position\":6,\"name\":\"BCI-TESLA\"}]},{\"@type\":\"WebSite\",\"@id\":\"https:\\\/\\\/www.beijer.com\\\/#website\",\"url\":\"https:\\\/\\\/www.beijer.com\\\/\",\"name\":\"Beijer Automotive\",\"description\":\"\",\"publisher\":{\"@id\":\"https:\\\/\\\/www.beijer.com\\\/#organization\"},\"potentialAction\":[{\"@type\":\"SearchAction\",\"target\":{\"@type\":\"EntryPoint\",\"urlTemplate\":\"https:\\\/\\\/www.beijer.com\\\/?s={search_term_string}\"},\"query-input\":{\"@type\":\"PropertyValueSpecification\",\"valueRequired\":true,\"valueName\":\"search_term_string\"}}],\"inLanguage\":\"de\"},{\"@type\":\"Organization\",\"@id\":\"https:\\\/\\\/www.beijer.com\\\/#organization\",\"name\":\"Beijer Automotive\",\"url\":\"https:\\\/\\\/www.beijer.com\\\/\",\"logo\":{\"@type\":\"ImageObject\",\"inLanguage\":\"de\",\"@id\":\"https:\\\/\\\/www.beijer.com\\\/#\\\/schema\\\/logo\\\/image\\\/\",\"url\":\"https:\\\/\\\/www.beijer.com\\\/wp-content\\\/uploads\\\/2018\\\/06\\\/cropped-sdf.jpg\",\"contentUrl\":\"https:\\\/\\\/www.beijer.com\\\/wp-content\\\/uploads\\\/2018\\\/06\\\/cropped-sdf.jpg\",\"width\":\"180\",\"height\":\"59\",\"caption\":\"Beijer Automotive\"},\"image\":{\"@id\":\"https:\\\/\\\/www.beijer.com\\\/#\\\/schema\\\/logo\\\/image\\\/\"}}]}<\/script>\n<!-- \/ Yoast SEO plugin. -->","yoast_head_json":{"title":"BCI-TESLA - Beijer Automotive","robots":{"index":"index","follow":"follow","max-snippet":"max-snippet:-1","max-image-preview":"max-image-preview:large","max-video-preview":"max-video-preview:-1"},"canonical":"https:\/\/www.beijer.com\/de\/produkte\/can-produkte\/beijer-can-interfaces-bci\/bci-can-to-analog\/bci-tesla\/","og_locale":"de_DE","og_type":"article","og_title":"BCI-TESLA - Beijer Automotive","og_description":"Die BCI-TESLA ist eine CAN-Schnittstelle mit zwei Ausg\u00e4nge, speziell angefertigt f\u00fcr das Tesla Model Y und Model 3 (mit DLC\/OBD) ab Mitte 2020. \u20ac...","og_url":"https:\/\/www.beijer.com\/de\/produkte\/can-produkte\/beijer-can-interfaces-bci\/bci-can-to-analog\/bci-tesla\/","og_site_name":"Beijer Automotive","article_modified_time":"2026-03-30T10:02:53+00:00","og_image":[{"width":417,"height":418,"url":"https:\/\/www.beijer.com\/wp-content\/uploads\/2021\/08\/Beijer_NEW-Icons_DEF-site-zonder-cirkels-_BCI-2.png","type":"image\/png"}],"twitter_card":"summary_large_image","schema":{"@context":"https:\/\/schema.org","@graph":[{"@type":"WebPage","@id":"https:\/\/www.beijer.com\/de\/produkte\/can-produkte\/beijer-can-interfaces-bci\/bci-can-to-analog\/bci-tesla\/","url":"https:\/\/www.beijer.com\/de\/produkte\/can-produkte\/beijer-can-interfaces-bci\/bci-can-to-analog\/bci-tesla\/","name":"BCI-TESLA - Beijer Automotive","isPartOf":{"@id":"https:\/\/www.beijer.com\/#website"},"primaryImageOfPage":{"@id":"https:\/\/www.beijer.com\/de\/produkte\/can-produkte\/beijer-can-interfaces-bci\/bci-can-to-analog\/bci-tesla\/#primaryimage"},"image":{"@id":"https:\/\/www.beijer.com\/de\/produkte\/can-produkte\/beijer-can-interfaces-bci\/bci-can-to-analog\/bci-tesla\/#primaryimage"},"thumbnailUrl":"https:\/\/www.beijer.com\/wp-content\/uploads\/2021\/08\/Beijer_NEW-Icons_DEF-site-zonder-cirkels-_BCI-2.png","datePublished":"2021-05-25T09:15:26+00:00","dateModified":"2026-03-30T10:02:53+00:00","breadcrumb":{"@id":"https:\/\/www.beijer.com\/de\/produkte\/can-produkte\/beijer-can-interfaces-bci\/bci-can-to-analog\/bci-tesla\/#breadcrumb"},"inLanguage":"de","potentialAction":[{"@type":"ReadAction","target":["https:\/\/www.beijer.com\/de\/produkte\/can-produkte\/beijer-can-interfaces-bci\/bci-can-to-analog\/bci-tesla\/"]}]},{"@type":"ImageObject","inLanguage":"de","@id":"https:\/\/www.beijer.com\/de\/produkte\/can-produkte\/beijer-can-interfaces-bci\/bci-can-to-analog\/bci-tesla\/#primaryimage","url":"https:\/\/www.beijer.com\/wp-content\/uploads\/2021\/08\/Beijer_NEW-Icons_DEF-site-zonder-cirkels-_BCI-2.png","contentUrl":"https:\/\/www.beijer.com\/wp-content\/uploads\/2021\/08\/Beijer_NEW-Icons_DEF-site-zonder-cirkels-_BCI-2.png","width":417,"height":418},{"@type":"BreadcrumbList","@id":"https:\/\/www.beijer.com\/de\/produkte\/can-produkte\/beijer-can-interfaces-bci\/bci-can-to-analog\/bci-tesla\/#breadcrumb","itemListElement":[{"@type":"ListItem","position":1,"name":"Home","item":"https:\/\/www.beijer.com\/de\/"},{"@type":"ListItem","position":2,"name":"Produkte","item":"https:\/\/www.beijer.com\/de\/produkte\/"},{"@type":"ListItem","position":3,"name":"CAN Produkte","item":"https:\/\/www.beijer.com\/de\/produkte\/can-produkte\/"},{"@type":"ListItem","position":4,"name":"Beijer CAN-Schnittstelle (BCI)","item":"https:\/\/www.beijer.com\/de\/produkte\/can-produkte\/beijer-can-interfaces-bci\/"},{"@type":"ListItem","position":5,"name":"BCI | CAN-to-Analog","item":"https:\/\/www.beijer.com\/de\/produkte\/can-produkte\/beijer-can-interfaces-bci\/bci-can-to-analog\/"},{"@type":"ListItem","position":6,"name":"BCI-TESLA"}]},{"@type":"WebSite","@id":"https:\/\/www.beijer.com\/#website","url":"https:\/\/www.beijer.com\/","name":"Beijer Automotive","description":"","publisher":{"@id":"https:\/\/www.beijer.com\/#organization"},"potentialAction":[{"@type":"SearchAction","target":{"@type":"EntryPoint","urlTemplate":"https:\/\/www.beijer.com\/?s={search_term_string}"},"query-input":{"@type":"PropertyValueSpecification","valueRequired":true,"valueName":"search_term_string"}}],"inLanguage":"de"},{"@type":"Organization","@id":"https:\/\/www.beijer.com\/#organization","name":"Beijer Automotive","url":"https:\/\/www.beijer.com\/","logo":{"@type":"ImageObject","inLanguage":"de","@id":"https:\/\/www.beijer.com\/#\/schema\/logo\/image\/","url":"https:\/\/www.beijer.com\/wp-content\/uploads\/2018\/06\/cropped-sdf.jpg","contentUrl":"https:\/\/www.beijer.com\/wp-content\/uploads\/2018\/06\/cropped-sdf.jpg","width":"180","height":"59","caption":"Beijer Automotive"},"image":{"@id":"https:\/\/www.beijer.com\/#\/schema\/logo\/image\/"}}]}},"_links":{"self":[{"href":"https:\/\/www.beijer.com\/de\/wp-json\/wp\/v2\/pages\/5214","targetHints":{"allow":["GET"]}}],"collection":[{"href":"https:\/\/www.beijer.com\/de\/wp-json\/wp\/v2\/pages"}],"about":[{"href":"https:\/\/www.beijer.com\/de\/wp-json\/wp\/v2\/types\/page"}],"author":[{"embeddable":true,"href":"https:\/\/www.beijer.com\/de\/wp-json\/wp\/v2\/users\/2"}],"replies":[{"embeddable":true,"href":"https:\/\/www.beijer.com\/de\/wp-json\/wp\/v2\/comments?post=5214"}],"version-history":[{"count":13,"href":"https:\/\/www.beijer.com\/de\/wp-json\/wp\/v2\/pages\/5214\/revisions"}],"predecessor-version":[{"id":52707,"href":"https:\/\/www.beijer.com\/de\/wp-json\/wp\/v2\/pages\/5214\/revisions\/52707"}],"up":[{"embeddable":true,"href":"https:\/\/www.beijer.com\/de\/wp-json\/wp\/v2\/pages\/4143"}],"wp:featuredmedia":[{"embeddable":true,"href":"https:\/\/www.beijer.com\/de\/wp-json\/wp\/v2\/media\/3471"}],"wp:attachment":[{"href":"https:\/\/www.beijer.com\/de\/wp-json\/wp\/v2\/media?parent=5214"}],"curies":[{"name":"wp","href":"https:\/\/api.w.org\/{rel}","templated":true}]}}