{"id":5281,"date":"2018-07-05T09:57:03","date_gmt":"2018-07-05T09:57:03","guid":{"rendered":"https:\/\/www.beijer.com\/produkte\/can-produkte\/integration-in-ihr-produkt\/beijer-can-controller-bcc\/"},"modified":"2022-01-21T14:08:30","modified_gmt":"2022-01-21T14:08:30","slug":"beijer-can-controller-bcc","status":"publish","type":"page","link":"https:\/\/www.beijer.com\/de\/produkte\/can-produkte\/integration-in-ihr-produkt\/beijer-can-controller-bcc\/","title":{"rendered":"Beijer CAN Controller (BCC)"},"content":{"rendered":"<p>Das BCC ist das Herzst\u00fcck all unserer CAN-Produkte. Durch die Integration dieses Controllers in Ihr Produkt ist Ihr Produkt vollst\u00e4ndig CAN-kompatibel und bereit f\u00fcr die Zukunft.<\/p>\n<p>Die Autohersteller handhaben jeweils ihre eigenen CAN-Protokolle und selbst je nach Typ, Modell und Motorvariante gibt es Unterschiede. Ihr Produkt CAN-kompatibel zu machen und zu halten, erfordert also in der Tat viel Aufwand, w\u00e4hrend Sie sich wahrscheinlich haupts\u00e4chlich auf das konzentrieren m\u00f6chten, was Sie wirklich gut k\u00f6nnen. CAN-L\u00f6sungen sind unsere Spezialit\u00e4t. Seit Dutzenden von Jahren untersuchen wir neue Autos und \u00fcbersetzen all diese verschiedenen \u201eCAN-Sprachen\u201c in ein lesbares Format. Durch die Integration eines BCM in Ihr Produkt m\u00fcssen Sie sich keine Gedanken mehr \u00fcber die CAN-Kompatibilit\u00e4t Ihres Produkts machen und reichern Ihr Produkt mit wertvollen Fahrzeugdaten an.<br \/>\n<img loading=\"lazy\" decoding=\"async\" src=\"https:\/\/www.beijer.com\/wp-content\/uploads\/2018\/08\/BCM_703x104.png\" alt=\"Beijer CAN Module BCM\" width=\"703\" height=\"104\" class=\"alignleft size-full wp-image-1809\" srcset=\"https:\/\/www.beijer.com\/wp-content\/uploads\/2018\/08\/BCM_703x104.png 703w, https:\/\/www.beijer.com\/wp-content\/uploads\/2018\/08\/BCM_703x104-300x44.png 300w\" sizes=\"auto, (max-width: 703px) 100vw, 703px\" \/><br \/>\nDas BCM ist durch seine softwarebasierte Konfiguration eine sehr flexible CAN-L\u00f6sung, die lokal \u00fcber eine serielle oder USB-Verbindung programmiert werden kann oder, wenn Ihr System aus der Ferne \u00fcber eine drahtlose\/mobile Verbindung erreichbar ist.<\/p>\n<p>All dies bietet:<br \/>\n\u2022 Eine Komplettl\u00f6sung f\u00fcr Ihr Produkt.<br \/>\n\u2022 Die Gewissheit, dass Ihr Ger\u00e4t alle gew\u00fcnschten CAN-Daten in allen Fahrzeugen verarbeiten kann.<br \/>\n\u2022 Zeitgewinn, da der gesamte Prozess der Untersuchung von Autos, der Analyse\/Aufbereitung der CAN-Daten und deren Aktualit\u00e4t nicht mehr Ihr Anliegen ist.<br \/>\n\u2022 Kostensparend, da eine integrierte L\u00f6sung ohne unn\u00f6tige Hardware auskommt.<br \/>\n\u2022 Beijer CAN-Firmware, die von hochentwickelten Algorithmen gewartet wird, die die Verarbeitung der neuesten CAN-Technologie erm\u00f6glichen.<br \/>\n\u2022 Flexibles Design, passend f\u00fcr Ihre Leiterplatte.<br \/>\n\u2022 Bew\u00e4hrtes und vollst\u00e4ndig dokumentiertes Referenzdesign inkl. API und SDK.<br \/>\n\u2022 Ma\u00dfgeschneiderte Komponenten, die sich nahtlos an Ihre W\u00fcnsche anschlie\u00dfen.<br \/>\n\u2022 Einfache Installation, unterst\u00fctzt durch fahrzeugspezifische INCAR-Anleitungen in sechs Sprachen.<br \/>\n\u2022 Eine professionelle CAN-L\u00f6sung basierend auf bew\u00e4hrter Technologie, die seit \u00fcber 15 Jahren in unseren CAN-Produkten (BCI) eingesetzt wird.<\/p>\n<h3>Unsere Arbeitsweise<\/h3>\n<p>Phase 1: Beijer analysiert CAN-Daten und sammelt Interpretationswissen von allen Automarken und -typen.<br \/>\nPhase 2: Alle groben Daten werden der Beijer-Technologie unterzogen. Ein ausgekl\u00fcgeltes Verfahren, das grobe Daten \u00fcbersetzt und anreichert.<br \/>\nPhase 3: Ihr Produkt mit unserem integrierten BCM wird mit wertvollen Fahrzeugdaten gef\u00fcttert.<br \/>\nPhase 4: Ihr Kunde erh\u00e4lt \u00fcber Ihre Anwendung alle gew\u00fcnschten Fahrzeugdaten.<\/p>\n<h3>Deine Entscheidung<\/h3>\n<p>Die Entscheidung f\u00fcr die Integration unserer Komponente ist keine leichte. Sie kaufen nicht nur eine einzige Schnittstelle, mit der Sie ein System mit einem Auto verbinden. Aus diesem Grund laden wir Sie gerne zu einem unverbindlichen Gespr\u00e4ch mit unseren Mitarbeitern ein, die Sie \u00fcber alle In\u2019s Outs w\u00e4hrend eines Integrationsprozesses informieren k\u00f6nnen. Wir arbeiten dann an einem gemeinsamen Prozess, in dem wir eine Liste von Parametern (Datensatz) und Fahrzeugen f\u00fcr Ihre Anwendung definieren und Vereinbarungen treffen, die zu Ihrer(n) Dienstleistung(en) passen.<\/p>\n","protected":false},"excerpt":{"rendered":"<p>Das BCC ist das Herzst\u00fcck all unserer CAN-Produkte. Durch die Integration dieses Controllers in Ihr Produkt ist Ihr Produkt vollst\u00e4ndig CAN-kompatibel und bereit f\u00fcr&#8230;<\/p>\n","protected":false},"author":2,"featured_media":5261,"parent":4106,"menu_order":2,"comment_status":"closed","ping_status":"closed","template":"","meta":{"_acf_changed":false,"footnotes":""},"class_list":["post-5281","page","type-page","status-publish","has-post-thumbnail","hentry"],"acf":[],"yoast_head":"<!-- This site is optimized with the Yoast SEO plugin v26.8 - https:\/\/yoast.com\/product\/yoast-seo-wordpress\/ -->\n<title>Beijer CAN Controller (BCC) - Beijer Automotive<\/title>\n<meta name=\"robots\" content=\"index, follow, max-snippet:-1, max-image-preview:large, max-video-preview:-1\" \/>\n<link rel=\"canonical\" href=\"https:\/\/www.beijer.com\/de\/produkte\/can-produkte\/integration-in-ihr-produkt\/beijer-can-controller-bcc\/\" \/>\n<meta property=\"og:locale\" content=\"de_DE\" \/>\n<meta property=\"og:type\" content=\"article\" \/>\n<meta property=\"og:title\" content=\"Beijer CAN Controller (BCC) - Beijer Automotive\" \/>\n<meta property=\"og:description\" content=\"Das BCC ist das Herzst\u00fcck all unserer CAN-Produkte. Durch die Integration dieses Controllers in Ihr Produkt ist Ihr Produkt vollst\u00e4ndig CAN-kompatibel und bereit f\u00fcr...\" \/>\n<meta property=\"og:url\" content=\"https:\/\/www.beijer.com\/de\/produkte\/can-produkte\/integration-in-ihr-produkt\/beijer-can-controller-bcc\/\" \/>\n<meta property=\"og:site_name\" content=\"Beijer Automotive\" \/>\n<meta property=\"article:modified_time\" content=\"2022-01-21T14:08:30+00:00\" \/>\n<meta property=\"og:image\" content=\"https:\/\/www.beijer.com\/wp-content\/uploads\/2021\/10\/Beijer-chip-tran2-418x417.png\" \/>\n\t<meta property=\"og:image:width\" content=\"418\" \/>\n\t<meta property=\"og:image:height\" content=\"417\" \/>\n\t<meta property=\"og:image:type\" content=\"image\/png\" \/>\n<meta name=\"twitter:card\" content=\"summary_large_image\" \/>\n<script type=\"application\/ld+json\" class=\"yoast-schema-graph\">{\"@context\":\"https:\/\/schema.org\",\"@graph\":[{\"@type\":\"WebPage\",\"@id\":\"https:\/\/www.beijer.com\/de\/produkte\/can-produkte\/integration-in-ihr-produkt\/beijer-can-controller-bcc\/\",\"url\":\"https:\/\/www.beijer.com\/de\/produkte\/can-produkte\/integration-in-ihr-produkt\/beijer-can-controller-bcc\/\",\"name\":\"Beijer CAN Controller (BCC) - Beijer Automotive\",\"isPartOf\":{\"@id\":\"https:\/\/www.beijer.com\/#website\"},\"primaryImageOfPage\":{\"@id\":\"https:\/\/www.beijer.com\/de\/produkte\/can-produkte\/integration-in-ihr-produkt\/beijer-can-controller-bcc\/#primaryimage\"},\"image\":{\"@id\":\"https:\/\/www.beijer.com\/de\/produkte\/can-produkte\/integration-in-ihr-produkt\/beijer-can-controller-bcc\/#primaryimage\"},\"thumbnailUrl\":\"https:\/\/www.beijer.com\/wp-content\/uploads\/2021\/10\/Beijer-chip-tran2-418x417.png\",\"datePublished\":\"2018-07-05T09:57:03+00:00\",\"dateModified\":\"2022-01-21T14:08:30+00:00\",\"breadcrumb\":{\"@id\":\"https:\/\/www.beijer.com\/de\/produkte\/can-produkte\/integration-in-ihr-produkt\/beijer-can-controller-bcc\/#breadcrumb\"},\"inLanguage\":\"de\",\"potentialAction\":[{\"@type\":\"ReadAction\",\"target\":[\"https:\/\/www.beijer.com\/de\/produkte\/can-produkte\/integration-in-ihr-produkt\/beijer-can-controller-bcc\/\"]}]},{\"@type\":\"ImageObject\",\"inLanguage\":\"de\",\"@id\":\"https:\/\/www.beijer.com\/de\/produkte\/can-produkte\/integration-in-ihr-produkt\/beijer-can-controller-bcc\/#primaryimage\",\"url\":\"https:\/\/www.beijer.com\/wp-content\/uploads\/2021\/10\/Beijer-chip-tran2-418x417.png\",\"contentUrl\":\"https:\/\/www.beijer.com\/wp-content\/uploads\/2021\/10\/Beijer-chip-tran2-418x417.png\",\"width\":418,\"height\":417},{\"@type\":\"BreadcrumbList\",\"@id\":\"https:\/\/www.beijer.com\/de\/produkte\/can-produkte\/integration-in-ihr-produkt\/beijer-can-controller-bcc\/#breadcrumb\",\"itemListElement\":[{\"@type\":\"ListItem\",\"position\":1,\"name\":\"Home\",\"item\":\"https:\/\/www.beijer.com\/de\/\"},{\"@type\":\"ListItem\",\"position\":2,\"name\":\"Produkte\",\"item\":\"https:\/\/www.beijer.com\/de\/produkte\/\"},{\"@type\":\"ListItem\",\"position\":3,\"name\":\"CAN Produkte\",\"item\":\"https:\/\/www.beijer.com\/de\/produkte\/can-produkte\/\"},{\"@type\":\"ListItem\",\"position\":4,\"name\":\"Integration in Ihr Produkt\",\"item\":\"https:\/\/www.beijer.com\/de\/produkte\/can-produkte\/integration-in-ihr-produkt\/\"},{\"@type\":\"ListItem\",\"position\":5,\"name\":\"Beijer CAN Controller (BCC)\"}]},{\"@type\":\"WebSite\",\"@id\":\"https:\/\/www.beijer.com\/#website\",\"url\":\"https:\/\/www.beijer.com\/\",\"name\":\"Beijer Automotive\",\"description\":\"\",\"publisher\":{\"@id\":\"https:\/\/www.beijer.com\/#organization\"},\"potentialAction\":[{\"@type\":\"SearchAction\",\"target\":{\"@type\":\"EntryPoint\",\"urlTemplate\":\"https:\/\/www.beijer.com\/?s={search_term_string}\"},\"query-input\":{\"@type\":\"PropertyValueSpecification\",\"valueRequired\":true,\"valueName\":\"search_term_string\"}}],\"inLanguage\":\"de\"},{\"@type\":\"Organization\",\"@id\":\"https:\/\/www.beijer.com\/#organization\",\"name\":\"Beijer Automotive\",\"url\":\"https:\/\/www.beijer.com\/\",\"logo\":{\"@type\":\"ImageObject\",\"inLanguage\":\"de\",\"@id\":\"https:\/\/www.beijer.com\/#\/schema\/logo\/image\/\",\"url\":\"https:\/\/www.beijer.com\/wp-content\/uploads\/2018\/06\/cropped-sdf.jpg\",\"contentUrl\":\"https:\/\/www.beijer.com\/wp-content\/uploads\/2018\/06\/cropped-sdf.jpg\",\"width\":\"180\",\"height\":\"59\",\"caption\":\"Beijer Automotive\"},\"image\":{\"@id\":\"https:\/\/www.beijer.com\/#\/schema\/logo\/image\/\"}}]}<\/script>\n<!-- \/ Yoast SEO plugin. -->","yoast_head_json":{"title":"Beijer CAN Controller (BCC) - Beijer Automotive","robots":{"index":"index","follow":"follow","max-snippet":"max-snippet:-1","max-image-preview":"max-image-preview:large","max-video-preview":"max-video-preview:-1"},"canonical":"https:\/\/www.beijer.com\/de\/produkte\/can-produkte\/integration-in-ihr-produkt\/beijer-can-controller-bcc\/","og_locale":"de_DE","og_type":"article","og_title":"Beijer CAN Controller (BCC) - Beijer Automotive","og_description":"Das BCC ist das Herzst\u00fcck all unserer CAN-Produkte. Durch die Integration dieses Controllers in Ihr Produkt ist Ihr Produkt vollst\u00e4ndig CAN-kompatibel und bereit f\u00fcr...","og_url":"https:\/\/www.beijer.com\/de\/produkte\/can-produkte\/integration-in-ihr-produkt\/beijer-can-controller-bcc\/","og_site_name":"Beijer Automotive","article_modified_time":"2022-01-21T14:08:30+00:00","og_image":[{"width":418,"height":417,"url":"https:\/\/www.beijer.com\/wp-content\/uploads\/2021\/10\/Beijer-chip-tran2-418x417.png","type":"image\/png"}],"twitter_card":"summary_large_image","schema":{"@context":"https:\/\/schema.org","@graph":[{"@type":"WebPage","@id":"https:\/\/www.beijer.com\/de\/produkte\/can-produkte\/integration-in-ihr-produkt\/beijer-can-controller-bcc\/","url":"https:\/\/www.beijer.com\/de\/produkte\/can-produkte\/integration-in-ihr-produkt\/beijer-can-controller-bcc\/","name":"Beijer CAN Controller (BCC) - Beijer Automotive","isPartOf":{"@id":"https:\/\/www.beijer.com\/#website"},"primaryImageOfPage":{"@id":"https:\/\/www.beijer.com\/de\/produkte\/can-produkte\/integration-in-ihr-produkt\/beijer-can-controller-bcc\/#primaryimage"},"image":{"@id":"https:\/\/www.beijer.com\/de\/produkte\/can-produkte\/integration-in-ihr-produkt\/beijer-can-controller-bcc\/#primaryimage"},"thumbnailUrl":"https:\/\/www.beijer.com\/wp-content\/uploads\/2021\/10\/Beijer-chip-tran2-418x417.png","datePublished":"2018-07-05T09:57:03+00:00","dateModified":"2022-01-21T14:08:30+00:00","breadcrumb":{"@id":"https:\/\/www.beijer.com\/de\/produkte\/can-produkte\/integration-in-ihr-produkt\/beijer-can-controller-bcc\/#breadcrumb"},"inLanguage":"de","potentialAction":[{"@type":"ReadAction","target":["https:\/\/www.beijer.com\/de\/produkte\/can-produkte\/integration-in-ihr-produkt\/beijer-can-controller-bcc\/"]}]},{"@type":"ImageObject","inLanguage":"de","@id":"https:\/\/www.beijer.com\/de\/produkte\/can-produkte\/integration-in-ihr-produkt\/beijer-can-controller-bcc\/#primaryimage","url":"https:\/\/www.beijer.com\/wp-content\/uploads\/2021\/10\/Beijer-chip-tran2-418x417.png","contentUrl":"https:\/\/www.beijer.com\/wp-content\/uploads\/2021\/10\/Beijer-chip-tran2-418x417.png","width":418,"height":417},{"@type":"BreadcrumbList","@id":"https:\/\/www.beijer.com\/de\/produkte\/can-produkte\/integration-in-ihr-produkt\/beijer-can-controller-bcc\/#breadcrumb","itemListElement":[{"@type":"ListItem","position":1,"name":"Home","item":"https:\/\/www.beijer.com\/de\/"},{"@type":"ListItem","position":2,"name":"Produkte","item":"https:\/\/www.beijer.com\/de\/produkte\/"},{"@type":"ListItem","position":3,"name":"CAN Produkte","item":"https:\/\/www.beijer.com\/de\/produkte\/can-produkte\/"},{"@type":"ListItem","position":4,"name":"Integration in Ihr Produkt","item":"https:\/\/www.beijer.com\/de\/produkte\/can-produkte\/integration-in-ihr-produkt\/"},{"@type":"ListItem","position":5,"name":"Beijer CAN Controller (BCC)"}]},{"@type":"WebSite","@id":"https:\/\/www.beijer.com\/#website","url":"https:\/\/www.beijer.com\/","name":"Beijer Automotive","description":"","publisher":{"@id":"https:\/\/www.beijer.com\/#organization"},"potentialAction":[{"@type":"SearchAction","target":{"@type":"EntryPoint","urlTemplate":"https:\/\/www.beijer.com\/?s={search_term_string}"},"query-input":{"@type":"PropertyValueSpecification","valueRequired":true,"valueName":"search_term_string"}}],"inLanguage":"de"},{"@type":"Organization","@id":"https:\/\/www.beijer.com\/#organization","name":"Beijer Automotive","url":"https:\/\/www.beijer.com\/","logo":{"@type":"ImageObject","inLanguage":"de","@id":"https:\/\/www.beijer.com\/#\/schema\/logo\/image\/","url":"https:\/\/www.beijer.com\/wp-content\/uploads\/2018\/06\/cropped-sdf.jpg","contentUrl":"https:\/\/www.beijer.com\/wp-content\/uploads\/2018\/06\/cropped-sdf.jpg","width":"180","height":"59","caption":"Beijer Automotive"},"image":{"@id":"https:\/\/www.beijer.com\/#\/schema\/logo\/image\/"}}]}},"_links":{"self":[{"href":"https:\/\/www.beijer.com\/de\/wp-json\/wp\/v2\/pages\/5281","targetHints":{"allow":["GET"]}}],"collection":[{"href":"https:\/\/www.beijer.com\/de\/wp-json\/wp\/v2\/pages"}],"about":[{"href":"https:\/\/www.beijer.com\/de\/wp-json\/wp\/v2\/types\/page"}],"author":[{"embeddable":true,"href":"https:\/\/www.beijer.com\/de\/wp-json\/wp\/v2\/users\/2"}],"replies":[{"embeddable":true,"href":"https:\/\/www.beijer.com\/de\/wp-json\/wp\/v2\/comments?post=5281"}],"version-history":[{"count":6,"href":"https:\/\/www.beijer.com\/de\/wp-json\/wp\/v2\/pages\/5281\/revisions"}],"predecessor-version":[{"id":7304,"href":"https:\/\/www.beijer.com\/de\/wp-json\/wp\/v2\/pages\/5281\/revisions\/7304"}],"up":[{"embeddable":true,"href":"https:\/\/www.beijer.com\/de\/wp-json\/wp\/v2\/pages\/4106"}],"wp:featuredmedia":[{"embeddable":true,"href":"https:\/\/www.beijer.com\/de\/wp-json\/wp\/v2\/media\/5261"}],"wp:attachment":[{"href":"https:\/\/www.beijer.com\/de\/wp-json\/wp\/v2\/media?parent=5281"}],"curies":[{"name":"wp","href":"https:\/\/api.w.org\/{rel}","templated":true}]}}