{"id":594,"date":"2018-07-03T07:58:40","date_gmt":"2018-07-03T07:58:40","guid":{"rendered":"https:\/\/www.beijer.com\/?page_id=594"},"modified":"2023-08-18T15:59:51","modified_gmt":"2023-08-18T13:59:51","slug":"incar-anleitungen","status":"publish","type":"page","link":"https:\/\/www.beijer.com\/de\/produkte\/incar-anleitungen\/","title":{"rendered":"INCAR Anleitungen"},"content":{"rendered":"<p><img loading=\"lazy\" decoding=\"async\" class=\"alignleft wp-image-24002 size-full\" src=\"https:\/\/www.beijer.com\/wp-content\/uploads\/2023\/08\/Beijer-INCAR_header-banner0823_01.jpg\" alt=\"\" width=\"1919\" height=\"343\" srcset=\"https:\/\/www.beijer.com\/wp-content\/uploads\/2023\/08\/Beijer-INCAR_header-banner0823_01.jpg 1919w, https:\/\/www.beijer.com\/wp-content\/uploads\/2023\/08\/Beijer-INCAR_header-banner0823_01-300x54.jpg 300w, https:\/\/www.beijer.com\/wp-content\/uploads\/2023\/08\/Beijer-INCAR_header-banner0823_01-1024x183.jpg 1024w, https:\/\/www.beijer.com\/wp-content\/uploads\/2023\/08\/Beijer-INCAR_header-banner0823_01-768x137.jpg 768w, https:\/\/www.beijer.com\/wp-content\/uploads\/2023\/08\/Beijer-INCAR_header-banner0823_01-1536x275.jpg 1536w\" sizes=\"auto, (max-width: 1919px) 100vw, 1919px\" \/>Grundlegende Anleitungen f\u00fcr den Installateur von Aftermarket-Ausr\u00fcstung in Autos und leichten Nutzfahrzeugen.<\/p>\n<ul>\n<li>Geben Sie mindestens einen Ort oder eine Option f\u00fcr das Geschwindigkeitssignal an; gesammelte Kenntnisse \u00fcber (Schalt-) Stromversorgung und Masse sowie sonstige Signal- und Bauteilpositionen werden, sofern bekannt, zus\u00e4tzlich angezeigt.<\/li>\n<li>Sind mit professionellem Fotomaterial von au\u00dfen und innen zur Information, Identifizierung und Wiedererkennung ausgestattet.<\/li>\n<li>Zeigen Sie Standort- und Detailfotos wichtiger elektronischer Komponenten wie Batterien, Body Computer, DLC, Sicherungskasten, Gateway, Typenschild, VIN etc.<\/li>\n<li>Zeigen Anschl\u00fcsse f\u00fcr die Installation von Beijer-CAN-Produkten. Enthalten Unterst\u00fctzung f\u00fcr Signalpositionen nach besten Kr\u00e4ften (nur Niederl\u00e4ndisch und Englisch).<\/li>\n<li>F\u00fcr alle g\u00e4ngigen europ\u00e4ischen Linkslenker und leichten Nutzfahrzeuge (max. 3500 kg).<\/li>\n<li>Sind f\u00fcr 7 Tage zug\u00e4nglich und in 6 Sprachen verf\u00fcgbar: NL, EN, DU, ES, IT, FR.<\/li>\n<\/ul>\n","protected":false},"excerpt":{"rendered":"<p>Grundlegende Anleitungen f\u00fcr den Installateur von Aftermarket-Ausr\u00fcstung in Autos und leichten Nutzfahrzeugen. Geben Sie mindestens einen Ort oder eine Option f\u00fcr das Geschwindigkeitssignal an;&#8230;<\/p>\n","protected":false},"author":2,"featured_media":3525,"parent":574,"menu_order":3,"comment_status":"closed","ping_status":"closed","template":"","meta":{"_acf_changed":false,"footnotes":""},"class_list":["post-594","page","type-page","status-publish","has-post-thumbnail","hentry"],"acf":[],"yoast_head":"<!-- This site is optimized with the Yoast SEO plugin v27.5 - https:\/\/yoast.com\/product\/yoast-seo-wordpress\/ -->\n<title>INCAR Anleitungen - Beijer Automotive<\/title>\n<meta name=\"robots\" content=\"index, follow, max-snippet:-1, max-image-preview:large, max-video-preview:-1\" \/>\n<link rel=\"canonical\" href=\"https:\/\/www.beijer.com\/de\/produkte\/incar-anleitungen\/\" \/>\n<meta property=\"og:locale\" content=\"de_DE\" \/>\n<meta property=\"og:type\" content=\"article\" \/>\n<meta property=\"og:title\" content=\"INCAR Anleitungen - Beijer Automotive\" \/>\n<meta property=\"og:description\" content=\"Grundlegende Anleitungen f\u00fcr den Installateur von Aftermarket-Ausr\u00fcstung in Autos und leichten Nutzfahrzeugen. Geben Sie mindestens einen Ort oder eine Option f\u00fcr das Geschwindigkeitssignal an;...\" \/>\n<meta property=\"og:url\" content=\"https:\/\/www.beijer.com\/de\/produkte\/incar-anleitungen\/\" \/>\n<meta property=\"og:site_name\" content=\"Beijer Automotive\" \/>\n<meta property=\"article:modified_time\" content=\"2023-08-18T13:59:51+00:00\" \/>\n<meta property=\"og:image\" content=\"https:\/\/www.beijer.com\/wp-content\/uploads\/2021\/08\/Beijer_NEW-Icons_DEF-site-zonder-cirkels-_INCAR-database.png\" \/>\n\t<meta property=\"og:image:width\" content=\"417\" \/>\n\t<meta property=\"og:image:height\" content=\"417\" \/>\n\t<meta property=\"og:image:type\" content=\"image\/png\" \/>\n<meta name=\"twitter:card\" content=\"summary_large_image\" \/>\n<script type=\"application\/ld+json\" class=\"yoast-schema-graph\">{\"@context\":\"https:\\\/\\\/schema.org\",\"@graph\":[{\"@type\":\"WebPage\",\"@id\":\"https:\\\/\\\/www.beijer.com\\\/de\\\/produkte\\\/incar-anleitungen\\\/\",\"url\":\"https:\\\/\\\/www.beijer.com\\\/de\\\/produkte\\\/incar-anleitungen\\\/\",\"name\":\"INCAR Anleitungen - Beijer Automotive\",\"isPartOf\":{\"@id\":\"https:\\\/\\\/www.beijer.com\\\/#website\"},\"primaryImageOfPage\":{\"@id\":\"https:\\\/\\\/www.beijer.com\\\/de\\\/produkte\\\/incar-anleitungen\\\/#primaryimage\"},\"image\":{\"@id\":\"https:\\\/\\\/www.beijer.com\\\/de\\\/produkte\\\/incar-anleitungen\\\/#primaryimage\"},\"thumbnailUrl\":\"https:\\\/\\\/www.beijer.com\\\/wp-content\\\/uploads\\\/2021\\\/08\\\/Beijer_NEW-Icons_DEF-site-zonder-cirkels-_INCAR-database.png\",\"datePublished\":\"2018-07-03T07:58:40+00:00\",\"dateModified\":\"2023-08-18T13:59:51+00:00\",\"breadcrumb\":{\"@id\":\"https:\\\/\\\/www.beijer.com\\\/de\\\/produkte\\\/incar-anleitungen\\\/#breadcrumb\"},\"inLanguage\":\"de\",\"potentialAction\":[{\"@type\":\"ReadAction\",\"target\":[\"https:\\\/\\\/www.beijer.com\\\/de\\\/produkte\\\/incar-anleitungen\\\/\"]}]},{\"@type\":\"ImageObject\",\"inLanguage\":\"de\",\"@id\":\"https:\\\/\\\/www.beijer.com\\\/de\\\/produkte\\\/incar-anleitungen\\\/#primaryimage\",\"url\":\"https:\\\/\\\/www.beijer.com\\\/wp-content\\\/uploads\\\/2021\\\/08\\\/Beijer_NEW-Icons_DEF-site-zonder-cirkels-_INCAR-database.png\",\"contentUrl\":\"https:\\\/\\\/www.beijer.com\\\/wp-content\\\/uploads\\\/2021\\\/08\\\/Beijer_NEW-Icons_DEF-site-zonder-cirkels-_INCAR-database.png\",\"width\":417,\"height\":417},{\"@type\":\"BreadcrumbList\",\"@id\":\"https:\\\/\\\/www.beijer.com\\\/de\\\/produkte\\\/incar-anleitungen\\\/#breadcrumb\",\"itemListElement\":[{\"@type\":\"ListItem\",\"position\":1,\"name\":\"Home\",\"item\":\"https:\\\/\\\/www.beijer.com\\\/de\\\/\"},{\"@type\":\"ListItem\",\"position\":2,\"name\":\"Produkte\",\"item\":\"https:\\\/\\\/www.beijer.com\\\/de\\\/produkte\\\/\"},{\"@type\":\"ListItem\",\"position\":3,\"name\":\"INCAR Anleitungen\"}]},{\"@type\":\"WebSite\",\"@id\":\"https:\\\/\\\/www.beijer.com\\\/#website\",\"url\":\"https:\\\/\\\/www.beijer.com\\\/\",\"name\":\"Beijer Automotive\",\"description\":\"\",\"publisher\":{\"@id\":\"https:\\\/\\\/www.beijer.com\\\/#organization\"},\"potentialAction\":[{\"@type\":\"SearchAction\",\"target\":{\"@type\":\"EntryPoint\",\"urlTemplate\":\"https:\\\/\\\/www.beijer.com\\\/?s={search_term_string}\"},\"query-input\":{\"@type\":\"PropertyValueSpecification\",\"valueRequired\":true,\"valueName\":\"search_term_string\"}}],\"inLanguage\":\"de\"},{\"@type\":\"Organization\",\"@id\":\"https:\\\/\\\/www.beijer.com\\\/#organization\",\"name\":\"Beijer Automotive\",\"url\":\"https:\\\/\\\/www.beijer.com\\\/\",\"logo\":{\"@type\":\"ImageObject\",\"inLanguage\":\"de\",\"@id\":\"https:\\\/\\\/www.beijer.com\\\/#\\\/schema\\\/logo\\\/image\\\/\",\"url\":\"https:\\\/\\\/www.beijer.com\\\/wp-content\\\/uploads\\\/2018\\\/06\\\/cropped-sdf.jpg\",\"contentUrl\":\"https:\\\/\\\/www.beijer.com\\\/wp-content\\\/uploads\\\/2018\\\/06\\\/cropped-sdf.jpg\",\"width\":\"180\",\"height\":\"59\",\"caption\":\"Beijer Automotive\"},\"image\":{\"@id\":\"https:\\\/\\\/www.beijer.com\\\/#\\\/schema\\\/logo\\\/image\\\/\"}}]}<\/script>\n<!-- \/ Yoast SEO plugin. -->","yoast_head_json":{"title":"INCAR Anleitungen - Beijer Automotive","robots":{"index":"index","follow":"follow","max-snippet":"max-snippet:-1","max-image-preview":"max-image-preview:large","max-video-preview":"max-video-preview:-1"},"canonical":"https:\/\/www.beijer.com\/de\/produkte\/incar-anleitungen\/","og_locale":"de_DE","og_type":"article","og_title":"INCAR Anleitungen - Beijer Automotive","og_description":"Grundlegende Anleitungen f\u00fcr den Installateur von Aftermarket-Ausr\u00fcstung in Autos und leichten Nutzfahrzeugen. Geben Sie mindestens einen Ort oder eine Option f\u00fcr das Geschwindigkeitssignal an;...","og_url":"https:\/\/www.beijer.com\/de\/produkte\/incar-anleitungen\/","og_site_name":"Beijer Automotive","article_modified_time":"2023-08-18T13:59:51+00:00","og_image":[{"width":417,"height":417,"url":"https:\/\/www.beijer.com\/wp-content\/uploads\/2021\/08\/Beijer_NEW-Icons_DEF-site-zonder-cirkels-_INCAR-database.png","type":"image\/png"}],"twitter_card":"summary_large_image","schema":{"@context":"https:\/\/schema.org","@graph":[{"@type":"WebPage","@id":"https:\/\/www.beijer.com\/de\/produkte\/incar-anleitungen\/","url":"https:\/\/www.beijer.com\/de\/produkte\/incar-anleitungen\/","name":"INCAR Anleitungen - Beijer Automotive","isPartOf":{"@id":"https:\/\/www.beijer.com\/#website"},"primaryImageOfPage":{"@id":"https:\/\/www.beijer.com\/de\/produkte\/incar-anleitungen\/#primaryimage"},"image":{"@id":"https:\/\/www.beijer.com\/de\/produkte\/incar-anleitungen\/#primaryimage"},"thumbnailUrl":"https:\/\/www.beijer.com\/wp-content\/uploads\/2021\/08\/Beijer_NEW-Icons_DEF-site-zonder-cirkels-_INCAR-database.png","datePublished":"2018-07-03T07:58:40+00:00","dateModified":"2023-08-18T13:59:51+00:00","breadcrumb":{"@id":"https:\/\/www.beijer.com\/de\/produkte\/incar-anleitungen\/#breadcrumb"},"inLanguage":"de","potentialAction":[{"@type":"ReadAction","target":["https:\/\/www.beijer.com\/de\/produkte\/incar-anleitungen\/"]}]},{"@type":"ImageObject","inLanguage":"de","@id":"https:\/\/www.beijer.com\/de\/produkte\/incar-anleitungen\/#primaryimage","url":"https:\/\/www.beijer.com\/wp-content\/uploads\/2021\/08\/Beijer_NEW-Icons_DEF-site-zonder-cirkels-_INCAR-database.png","contentUrl":"https:\/\/www.beijer.com\/wp-content\/uploads\/2021\/08\/Beijer_NEW-Icons_DEF-site-zonder-cirkels-_INCAR-database.png","width":417,"height":417},{"@type":"BreadcrumbList","@id":"https:\/\/www.beijer.com\/de\/produkte\/incar-anleitungen\/#breadcrumb","itemListElement":[{"@type":"ListItem","position":1,"name":"Home","item":"https:\/\/www.beijer.com\/de\/"},{"@type":"ListItem","position":2,"name":"Produkte","item":"https:\/\/www.beijer.com\/de\/produkte\/"},{"@type":"ListItem","position":3,"name":"INCAR Anleitungen"}]},{"@type":"WebSite","@id":"https:\/\/www.beijer.com\/#website","url":"https:\/\/www.beijer.com\/","name":"Beijer Automotive","description":"","publisher":{"@id":"https:\/\/www.beijer.com\/#organization"},"potentialAction":[{"@type":"SearchAction","target":{"@type":"EntryPoint","urlTemplate":"https:\/\/www.beijer.com\/?s={search_term_string}"},"query-input":{"@type":"PropertyValueSpecification","valueRequired":true,"valueName":"search_term_string"}}],"inLanguage":"de"},{"@type":"Organization","@id":"https:\/\/www.beijer.com\/#organization","name":"Beijer Automotive","url":"https:\/\/www.beijer.com\/","logo":{"@type":"ImageObject","inLanguage":"de","@id":"https:\/\/www.beijer.com\/#\/schema\/logo\/image\/","url":"https:\/\/www.beijer.com\/wp-content\/uploads\/2018\/06\/cropped-sdf.jpg","contentUrl":"https:\/\/www.beijer.com\/wp-content\/uploads\/2018\/06\/cropped-sdf.jpg","width":"180","height":"59","caption":"Beijer Automotive"},"image":{"@id":"https:\/\/www.beijer.com\/#\/schema\/logo\/image\/"}}]}},"_links":{"self":[{"href":"https:\/\/www.beijer.com\/de\/wp-json\/wp\/v2\/pages\/594","targetHints":{"allow":["GET"]}}],"collection":[{"href":"https:\/\/www.beijer.com\/de\/wp-json\/wp\/v2\/pages"}],"about":[{"href":"https:\/\/www.beijer.com\/de\/wp-json\/wp\/v2\/types\/page"}],"author":[{"embeddable":true,"href":"https:\/\/www.beijer.com\/de\/wp-json\/wp\/v2\/users\/2"}],"replies":[{"embeddable":true,"href":"https:\/\/www.beijer.com\/de\/wp-json\/wp\/v2\/comments?post=594"}],"version-history":[{"count":10,"href":"https:\/\/www.beijer.com\/de\/wp-json\/wp\/v2\/pages\/594\/revisions"}],"predecessor-version":[{"id":24007,"href":"https:\/\/www.beijer.com\/de\/wp-json\/wp\/v2\/pages\/594\/revisions\/24007"}],"up":[{"embeddable":true,"href":"https:\/\/www.beijer.com\/de\/wp-json\/wp\/v2\/pages\/574"}],"wp:featuredmedia":[{"embeddable":true,"href":"https:\/\/www.beijer.com\/de\/wp-json\/wp\/v2\/media\/3525"}],"wp:attachment":[{"href":"https:\/\/www.beijer.com\/de\/wp-json\/wp\/v2\/media?parent=594"}],"curies":[{"name":"wp","href":"https:\/\/api.w.org\/{rel}","templated":true}]}}