{"id":661,"date":"2018-07-03T11:38:24","date_gmt":"2018-07-03T11:38:24","guid":{"rendered":"https:\/\/www.beijer.com\/?page_id=661"},"modified":"2021-12-13T08:46:59","modified_gmt":"2021-12-13T08:46:59","slug":"ueber-uns","status":"publish","type":"page","link":"https:\/\/www.beijer.com\/de\/ueber-uns\/","title":{"rendered":"\u00dcber uns"},"content":{"rendered":"<p>Beijer Automotive bietet hochwertige CAN (Controller Area Network)-Busl\u00f6sungen und fahrzeugspezifische Einbauanleitungen f\u00fcr Nachr\u00fcster von Pkw, Lkw und Motorr\u00e4dern. Innovationen und erreichte Ziele sind hier von prim\u00e4rer Bedeutung. Firmen, wissenschaftliche Institutionen und Regierungen k\u00f6nnen sich f\u00fcr Expertisen und L\u00f6sungen an uns wenden.<\/p>\n<p><img loading=\"lazy\" decoding=\"async\" class=\"alignleft size-full wp-image-1907\" src=\"https:\/\/www.beijer.com\/wp-content\/uploads\/2018\/08\/collegas_703x179.jpg\" alt=\"Beijer at work\" width=\"703\" height=\"179\" srcset=\"https:\/\/www.beijer.com\/wp-content\/uploads\/2018\/08\/collegas_703x179.jpg 703w, https:\/\/www.beijer.com\/wp-content\/uploads\/2018\/08\/collegas_703x179-300x76.jpg 300w\" sizes=\"auto, (max-width: 703px) 100vw, 703px\" \/><\/p>\n<h3>Zielsetzung<\/h3>\n<p>Seit der Unternehmensgr\u00fcndung 1991 ist Beijer Automotive auf dem schnell wachsenden nationalen und internationalen Zubeh\u00f6rmarkt zu einem f\u00fchrenden Player herangewachsen. Diese Marktposition des Unternehmens ist auf einem soliden Fundament gegr\u00fcndet: langj\u00e4hrige praktische Erfahrung mit den komplexen Systemen moderner Fahrzeuge, fundiertes Fachwissen \u00fcber modernste Elektronik, die innovativen Beijer Automotive Produkte, hochqualifizierte Techniker sowie die eigenen Forschungs- und Entwicklungsabteilungen. Daher ist Beijer Automotive ein zuverl\u00e4ssiger Partner von der Entwicklungsphase bis zur Implementierung von ma\u00dfgeschneiderten L\u00f6sungen.<\/p>\n<h3>Arbeitsansatz<\/h3>\n<p>Beijer Automotive kann auf einen umfassenden Wissens- und Erfahrungsschatz zur\u00fcckgreifen, der auf unz\u00e4hligen Messungen an Personen-, Transportfahrzeugen und Motorr\u00e4dern basiert, bei denen konventionelle Signale sowie Multiplex-Netwerke (CAN) abegriffen wurden. Kunden von Beijer Automotive k\u00f6nnen von diesem Spezialwissen profitieren, da hochwertige und kosteng\u00fcnstige Produkte sowie kurzfristige Realisierungen m\u00f6glich sind. Professionalit\u00e4t, Qualit\u00e4t und Flexibilit\u00e4t sind unser Erfolgsrezept f\u00fcr Kundengewinnung und langfristige Kundenbindung.<\/p>\n<h3>Produkte und Leistungen<\/h3>\n<p>Die Produkte und Leistungen von Beijer Automotive umfassen:<\/p>\n<ul>\n<li>fahrzeugspezifische Montageinformationen<\/li>\n<li>Entwicklung von Schnittstellen f\u00fcr analoge und digitale Signalprobleml\u00f6sungen<\/li>\n<li>flexible CAN-L\u00f6sungen f\u00fcr den Fahrzeugbau<\/li>\n<li>individuelle Komplettl\u00f6sungen von Leiterplatten bis Kabels\u00e4tzen<\/li>\n<\/ul>\n<h3>Referenzen<\/h3>\n<p>Die von Beijer Automotive angebotenen L\u00f6sungen werden von lokalen und internationalen Kunden genutzt. Zu den Kunden z\u00e4hlen z.B. Nachr\u00fcster und Werkst\u00e4tten, Versicherungsgesellschaften, Leasingfirmen, staatliche Einrichtungen, Rettungsdienste, Feuerwehren, Polizei sowie Speditionen \u2013 also Organisationen, die Fahrzeugflotten verwalten oder Taxameter, On-board-Ger\u00e4te, Unterhaltungssysteme, Alarmanlagen und Ortungssysteme einsetzen. Kurz: der gesamte Zubeh\u00f6rhandel und Nachr\u00fcstsektor f\u00fcr Kraftfahrzeuge.<br \/>\nDie Qualit\u00e4t und Zuverl\u00e4ssigkeit unserer Schnittstellen, wie das B2S CAN bus Schnittstelle und die API Signal-Schnittstelle, ist eine von Einbaufachbetrieben hochgesch\u00e4tzte Eigenschaft. Die Sicherheit, dass eine eingebaute Schnittstelle niemals ausf\u00e4llt, verringert im Problemfall die Fehlersuchzeit.<\/p>\n<p>Schauen Sie unsere <a title=\"Referenzen\" href=\"\/?page_id=586\">Referenzenseite<\/a> f\u00fcr einige Beispiele.<\/p>\n","protected":false},"excerpt":{"rendered":"<p>Beijer Automotive bietet hochwertige CAN (Controller Area Network)-Busl\u00f6sungen und fahrzeugspezifische Einbauanleitungen f\u00fcr Nachr\u00fcster von Pkw, Lkw und Motorr\u00e4dern. Innovationen und erreichte Ziele sind hier&#8230;<\/p>\n","protected":false},"author":2,"featured_media":0,"parent":0,"menu_order":0,"comment_status":"closed","ping_status":"closed","template":"","meta":{"_acf_changed":false,"footnotes":""},"class_list":["post-661","page","type-page","status-publish","hentry"],"acf":[],"yoast_head":"<!-- This site is optimized with the Yoast SEO plugin v26.8 - https:\/\/yoast.com\/product\/yoast-seo-wordpress\/ -->\n<title>\u00dcber uns - Beijer Automotive<\/title>\n<meta name=\"robots\" content=\"index, follow, max-snippet:-1, max-image-preview:large, max-video-preview:-1\" \/>\n<link rel=\"canonical\" href=\"https:\/\/www.beijer.com\/de\/ueber-uns\/\" \/>\n<meta property=\"og:locale\" content=\"de_DE\" \/>\n<meta property=\"og:type\" content=\"article\" \/>\n<meta property=\"og:title\" content=\"\u00dcber uns - Beijer Automotive\" \/>\n<meta property=\"og:description\" content=\"Beijer Automotive bietet hochwertige CAN (Controller Area Network)-Busl\u00f6sungen und fahrzeugspezifische Einbauanleitungen f\u00fcr Nachr\u00fcster von Pkw, Lkw und Motorr\u00e4dern. Innovationen und erreichte Ziele sind hier...\" \/>\n<meta property=\"og:url\" content=\"https:\/\/www.beijer.com\/de\/ueber-uns\/\" \/>\n<meta property=\"og:site_name\" content=\"Beijer Automotive\" \/>\n<meta property=\"article:modified_time\" content=\"2021-12-13T08:46:59+00:00\" \/>\n<meta property=\"og:image\" content=\"https:\/\/www.beijer.com\/wp-content\/uploads\/2018\/08\/collegas_703x179.jpg\" \/>\n<meta name=\"twitter:card\" content=\"summary_large_image\" \/>\n<script type=\"application\/ld+json\" class=\"yoast-schema-graph\">{\"@context\":\"https:\/\/schema.org\",\"@graph\":[{\"@type\":\"WebPage\",\"@id\":\"https:\/\/www.beijer.com\/de\/ueber-uns\/\",\"url\":\"https:\/\/www.beijer.com\/de\/ueber-uns\/\",\"name\":\"\u00dcber uns - Beijer Automotive\",\"isPartOf\":{\"@id\":\"https:\/\/www.beijer.com\/#website\"},\"primaryImageOfPage\":{\"@id\":\"https:\/\/www.beijer.com\/de\/ueber-uns\/#primaryimage\"},\"image\":{\"@id\":\"https:\/\/www.beijer.com\/de\/ueber-uns\/#primaryimage\"},\"thumbnailUrl\":\"https:\/\/www.beijer.com\/wp-content\/uploads\/2018\/08\/collegas_703x179.jpg\",\"datePublished\":\"2018-07-03T11:38:24+00:00\",\"dateModified\":\"2021-12-13T08:46:59+00:00\",\"breadcrumb\":{\"@id\":\"https:\/\/www.beijer.com\/de\/ueber-uns\/#breadcrumb\"},\"inLanguage\":\"de\",\"potentialAction\":[{\"@type\":\"ReadAction\",\"target\":[\"https:\/\/www.beijer.com\/de\/ueber-uns\/\"]}]},{\"@type\":\"ImageObject\",\"inLanguage\":\"de\",\"@id\":\"https:\/\/www.beijer.com\/de\/ueber-uns\/#primaryimage\",\"url\":\"https:\/\/www.beijer.com\/wp-content\/uploads\/2018\/08\/collegas_703x179.jpg\",\"contentUrl\":\"https:\/\/www.beijer.com\/wp-content\/uploads\/2018\/08\/collegas_703x179.jpg\"},{\"@type\":\"BreadcrumbList\",\"@id\":\"https:\/\/www.beijer.com\/de\/ueber-uns\/#breadcrumb\",\"itemListElement\":[{\"@type\":\"ListItem\",\"position\":1,\"name\":\"Home\",\"item\":\"https:\/\/www.beijer.com\/de\/\"},{\"@type\":\"ListItem\",\"position\":2,\"name\":\"\u00dcber uns\"}]},{\"@type\":\"WebSite\",\"@id\":\"https:\/\/www.beijer.com\/#website\",\"url\":\"https:\/\/www.beijer.com\/\",\"name\":\"Beijer Automotive\",\"description\":\"\",\"publisher\":{\"@id\":\"https:\/\/www.beijer.com\/#organization\"},\"potentialAction\":[{\"@type\":\"SearchAction\",\"target\":{\"@type\":\"EntryPoint\",\"urlTemplate\":\"https:\/\/www.beijer.com\/?s={search_term_string}\"},\"query-input\":{\"@type\":\"PropertyValueSpecification\",\"valueRequired\":true,\"valueName\":\"search_term_string\"}}],\"inLanguage\":\"de\"},{\"@type\":\"Organization\",\"@id\":\"https:\/\/www.beijer.com\/#organization\",\"name\":\"Beijer Automotive\",\"url\":\"https:\/\/www.beijer.com\/\",\"logo\":{\"@type\":\"ImageObject\",\"inLanguage\":\"de\",\"@id\":\"https:\/\/www.beijer.com\/#\/schema\/logo\/image\/\",\"url\":\"https:\/\/www.beijer.com\/wp-content\/uploads\/2018\/06\/cropped-sdf.jpg\",\"contentUrl\":\"https:\/\/www.beijer.com\/wp-content\/uploads\/2018\/06\/cropped-sdf.jpg\",\"width\":\"180\",\"height\":\"59\",\"caption\":\"Beijer Automotive\"},\"image\":{\"@id\":\"https:\/\/www.beijer.com\/#\/schema\/logo\/image\/\"}}]}<\/script>\n<!-- \/ Yoast SEO plugin. -->","yoast_head_json":{"title":"\u00dcber uns - Beijer Automotive","robots":{"index":"index","follow":"follow","max-snippet":"max-snippet:-1","max-image-preview":"max-image-preview:large","max-video-preview":"max-video-preview:-1"},"canonical":"https:\/\/www.beijer.com\/de\/ueber-uns\/","og_locale":"de_DE","og_type":"article","og_title":"\u00dcber uns - Beijer Automotive","og_description":"Beijer Automotive bietet hochwertige CAN (Controller Area Network)-Busl\u00f6sungen und fahrzeugspezifische Einbauanleitungen f\u00fcr Nachr\u00fcster von Pkw, Lkw und Motorr\u00e4dern. Innovationen und erreichte Ziele sind hier...","og_url":"https:\/\/www.beijer.com\/de\/ueber-uns\/","og_site_name":"Beijer Automotive","article_modified_time":"2021-12-13T08:46:59+00:00","og_image":[{"url":"https:\/\/www.beijer.com\/wp-content\/uploads\/2018\/08\/collegas_703x179.jpg","type":"","width":"","height":""}],"twitter_card":"summary_large_image","schema":{"@context":"https:\/\/schema.org","@graph":[{"@type":"WebPage","@id":"https:\/\/www.beijer.com\/de\/ueber-uns\/","url":"https:\/\/www.beijer.com\/de\/ueber-uns\/","name":"\u00dcber uns - Beijer Automotive","isPartOf":{"@id":"https:\/\/www.beijer.com\/#website"},"primaryImageOfPage":{"@id":"https:\/\/www.beijer.com\/de\/ueber-uns\/#primaryimage"},"image":{"@id":"https:\/\/www.beijer.com\/de\/ueber-uns\/#primaryimage"},"thumbnailUrl":"https:\/\/www.beijer.com\/wp-content\/uploads\/2018\/08\/collegas_703x179.jpg","datePublished":"2018-07-03T11:38:24+00:00","dateModified":"2021-12-13T08:46:59+00:00","breadcrumb":{"@id":"https:\/\/www.beijer.com\/de\/ueber-uns\/#breadcrumb"},"inLanguage":"de","potentialAction":[{"@type":"ReadAction","target":["https:\/\/www.beijer.com\/de\/ueber-uns\/"]}]},{"@type":"ImageObject","inLanguage":"de","@id":"https:\/\/www.beijer.com\/de\/ueber-uns\/#primaryimage","url":"https:\/\/www.beijer.com\/wp-content\/uploads\/2018\/08\/collegas_703x179.jpg","contentUrl":"https:\/\/www.beijer.com\/wp-content\/uploads\/2018\/08\/collegas_703x179.jpg"},{"@type":"BreadcrumbList","@id":"https:\/\/www.beijer.com\/de\/ueber-uns\/#breadcrumb","itemListElement":[{"@type":"ListItem","position":1,"name":"Home","item":"https:\/\/www.beijer.com\/de\/"},{"@type":"ListItem","position":2,"name":"\u00dcber uns"}]},{"@type":"WebSite","@id":"https:\/\/www.beijer.com\/#website","url":"https:\/\/www.beijer.com\/","name":"Beijer Automotive","description":"","publisher":{"@id":"https:\/\/www.beijer.com\/#organization"},"potentialAction":[{"@type":"SearchAction","target":{"@type":"EntryPoint","urlTemplate":"https:\/\/www.beijer.com\/?s={search_term_string}"},"query-input":{"@type":"PropertyValueSpecification","valueRequired":true,"valueName":"search_term_string"}}],"inLanguage":"de"},{"@type":"Organization","@id":"https:\/\/www.beijer.com\/#organization","name":"Beijer Automotive","url":"https:\/\/www.beijer.com\/","logo":{"@type":"ImageObject","inLanguage":"de","@id":"https:\/\/www.beijer.com\/#\/schema\/logo\/image\/","url":"https:\/\/www.beijer.com\/wp-content\/uploads\/2018\/06\/cropped-sdf.jpg","contentUrl":"https:\/\/www.beijer.com\/wp-content\/uploads\/2018\/06\/cropped-sdf.jpg","width":"180","height":"59","caption":"Beijer Automotive"},"image":{"@id":"https:\/\/www.beijer.com\/#\/schema\/logo\/image\/"}}]}},"_links":{"self":[{"href":"https:\/\/www.beijer.com\/de\/wp-json\/wp\/v2\/pages\/661","targetHints":{"allow":["GET"]}}],"collection":[{"href":"https:\/\/www.beijer.com\/de\/wp-json\/wp\/v2\/pages"}],"about":[{"href":"https:\/\/www.beijer.com\/de\/wp-json\/wp\/v2\/types\/page"}],"author":[{"embeddable":true,"href":"https:\/\/www.beijer.com\/de\/wp-json\/wp\/v2\/users\/2"}],"replies":[{"embeddable":true,"href":"https:\/\/www.beijer.com\/de\/wp-json\/wp\/v2\/comments?post=661"}],"version-history":[{"count":5,"href":"https:\/\/www.beijer.com\/de\/wp-json\/wp\/v2\/pages\/661\/revisions"}],"predecessor-version":[{"id":6311,"href":"https:\/\/www.beijer.com\/de\/wp-json\/wp\/v2\/pages\/661\/revisions\/6311"}],"wp:attachment":[{"href":"https:\/\/www.beijer.com\/de\/wp-json\/wp\/v2\/media?parent=661"}],"curies":[{"name":"wp","href":"https:\/\/api.w.org\/{rel}","templated":true}]}}