{"id":6770,"date":"2018-04-17T12:51:57","date_gmt":"2018-04-17T12:51:57","guid":{"rendered":"https:\/\/www.beijer.com\/?page_id=6770"},"modified":"2022-01-26T12:21:33","modified_gmt":"2022-01-26T11:21:33","slug":"haftungsausschluss","status":"publish","type":"page","link":"https:\/\/www.beijer.com\/de\/haftungsausschluss\/","title":{"rendered":"Haftungsausschluss"},"content":{"rendered":"<p>Beijer Automotive B.V., nachfolgend als \u201eBeijer\u201c bezeichnet, ist bei der Handelskammer von \u2019s-Hertogenbosch unter der Nummer 73576433 registriert.<\/p>\n<h3>Inhalt<\/h3>\n<p>Die von Beijer auf dieser Website gegebenen Informationen stammen aus Quellen, die als zuverl\u00e4ssig gelten. Beijer haftet in diesem Zusammenhang nicht f\u00fcr ungenaue oder unvollst\u00e4ndige Informationen. Die Informationen auf dieser Website sind nur eine Hinweisbasis und k\u00f6nnen jederzeit ohne Vorank\u00fcndigung ge\u00e4ndert werden. Die Seiten auf dieser Website wurden automatisch \u00fcbersetzt und sind m\u00f6glicherweise nicht zu 100% korrekt. Der Originaltext befindet sich auf der englischen Version dieser Website.<\/p>\n<h3>Haftung<\/h3>\n<p>Aus den gegebenen Informationen k\u00f6nnen keine Rechte abgeleitet werden. Beijer kann nicht garantieren, dass die Website fehlerfrei und st\u00e4ndig verf\u00fcgbar ist. Beijer und die anderen Zulieferer haften nicht f\u00fcr den Inhalt dieser Website und die darin gegebenen Informationen. Beijer \u00fcbernimmt keinerlei Haftung f\u00fcr den Inhalt von Websites, die nicht von Beijer erstellt wurden, und auf die in Referenzen verwiesen wird oder die wiederum selbst auf Websites von Beijer verweisen.<\/p>\n<h3>Verantwortlichkeit<\/h3>\n<p>Der Kunde, der die Informationen angefordert hat, ist f\u00fcr die Wahl und die Verwendung dieser Informationen selbst verantwortlich. Die Informationen d\u00fcrfen einzig und allein vom Kunden verwendet werden, der diese angefordert hat. Der Kunde darf diese Informationen auf keinerlei Weise \u00fcbertragen, reproduzieren, weiterverarbeiten oder verbreiten. Der Kunde verpflichtet sich, alle von Beijer gegebenen Anweisungen zur Verwendung dieser Informationen zu beachten. Hinsichtlich des Inhalts dieser Website d\u00fcrfen daraus keinerlei Informationen reproduziert werden; alle Urheberrechte, einschlie\u00dflich jener, die in Artikel 15 des Dutch Copyright Act angegeben sind, sind reserviert. Dieser Haftungsausschluss unterliegt dem Recht der Niederlande.<\/p>\n<p>Sollten Sie weitere Fragen oder R\u00fcckfragen haben, z\u00f6gern Sie nicht, uns f\u00fcr weitere Informationen anzurufen oder mittels E-Mail zu kontaktieren. Wir helfen Ihnen gerne!<br \/>\nTel: +31 73-5480351<br \/>\nE-mail: info@beijer.com<\/p>\n","protected":false},"excerpt":{"rendered":"<p>Beijer Automotive B.V., nachfolgend als \u201eBeijer\u201c bezeichnet, ist bei der Handelskammer von \u2019s-Hertogenbosch unter der Nummer 73576433 registriert. Inhalt Die von Beijer auf dieser&#8230;<\/p>\n","protected":false},"author":1,"featured_media":0,"parent":0,"menu_order":0,"comment_status":"closed","ping_status":"closed","template":"","meta":{"_acf_changed":false,"footnotes":""},"class_list":["post-6770","page","type-page","status-publish","hentry"],"acf":[],"yoast_head":"<!-- This site is optimized with the Yoast SEO plugin v27.5 - https:\/\/yoast.com\/product\/yoast-seo-wordpress\/ -->\n<title>Haftungsausschluss - Beijer Automotive<\/title>\n<meta name=\"robots\" content=\"index, follow, max-snippet:-1, max-image-preview:large, max-video-preview:-1\" \/>\n<link rel=\"canonical\" href=\"https:\/\/www.beijer.com\/de\/haftungsausschluss\/\" \/>\n<meta property=\"og:locale\" content=\"de_DE\" \/>\n<meta property=\"og:type\" content=\"article\" \/>\n<meta property=\"og:title\" content=\"Haftungsausschluss - Beijer Automotive\" \/>\n<meta property=\"og:description\" content=\"Beijer Automotive B.V., nachfolgend als \u201eBeijer\u201c bezeichnet, ist bei der Handelskammer von \u2019s-Hertogenbosch unter der Nummer 73576433 registriert. Inhalt Die von Beijer auf dieser...\" \/>\n<meta property=\"og:url\" content=\"https:\/\/www.beijer.com\/de\/haftungsausschluss\/\" \/>\n<meta property=\"og:site_name\" content=\"Beijer Automotive\" \/>\n<meta property=\"article:modified_time\" content=\"2022-01-26T11:21:33+00:00\" \/>\n<meta name=\"twitter:card\" content=\"summary_large_image\" \/>\n<script type=\"application\/ld+json\" class=\"yoast-schema-graph\">{\"@context\":\"https:\\\/\\\/schema.org\",\"@graph\":[{\"@type\":\"WebPage\",\"@id\":\"https:\\\/\\\/www.beijer.com\\\/de\\\/haftungsausschluss\\\/\",\"url\":\"https:\\\/\\\/www.beijer.com\\\/de\\\/haftungsausschluss\\\/\",\"name\":\"Haftungsausschluss - Beijer Automotive\",\"isPartOf\":{\"@id\":\"https:\\\/\\\/www.beijer.com\\\/#website\"},\"datePublished\":\"2018-04-17T12:51:57+00:00\",\"dateModified\":\"2022-01-26T11:21:33+00:00\",\"breadcrumb\":{\"@id\":\"https:\\\/\\\/www.beijer.com\\\/de\\\/haftungsausschluss\\\/#breadcrumb\"},\"inLanguage\":\"de\",\"potentialAction\":[{\"@type\":\"ReadAction\",\"target\":[\"https:\\\/\\\/www.beijer.com\\\/de\\\/haftungsausschluss\\\/\"]}]},{\"@type\":\"BreadcrumbList\",\"@id\":\"https:\\\/\\\/www.beijer.com\\\/de\\\/haftungsausschluss\\\/#breadcrumb\",\"itemListElement\":[{\"@type\":\"ListItem\",\"position\":1,\"name\":\"Home\",\"item\":\"https:\\\/\\\/www.beijer.com\\\/de\\\/\"},{\"@type\":\"ListItem\",\"position\":2,\"name\":\"Haftungsausschluss\"}]},{\"@type\":\"WebSite\",\"@id\":\"https:\\\/\\\/www.beijer.com\\\/#website\",\"url\":\"https:\\\/\\\/www.beijer.com\\\/\",\"name\":\"Beijer Automotive\",\"description\":\"\",\"publisher\":{\"@id\":\"https:\\\/\\\/www.beijer.com\\\/#organization\"},\"potentialAction\":[{\"@type\":\"SearchAction\",\"target\":{\"@type\":\"EntryPoint\",\"urlTemplate\":\"https:\\\/\\\/www.beijer.com\\\/?s={search_term_string}\"},\"query-input\":{\"@type\":\"PropertyValueSpecification\",\"valueRequired\":true,\"valueName\":\"search_term_string\"}}],\"inLanguage\":\"de\"},{\"@type\":\"Organization\",\"@id\":\"https:\\\/\\\/www.beijer.com\\\/#organization\",\"name\":\"Beijer Automotive\",\"url\":\"https:\\\/\\\/www.beijer.com\\\/\",\"logo\":{\"@type\":\"ImageObject\",\"inLanguage\":\"de\",\"@id\":\"https:\\\/\\\/www.beijer.com\\\/#\\\/schema\\\/logo\\\/image\\\/\",\"url\":\"https:\\\/\\\/www.beijer.com\\\/wp-content\\\/uploads\\\/2018\\\/06\\\/cropped-sdf.jpg\",\"contentUrl\":\"https:\\\/\\\/www.beijer.com\\\/wp-content\\\/uploads\\\/2018\\\/06\\\/cropped-sdf.jpg\",\"width\":\"180\",\"height\":\"59\",\"caption\":\"Beijer Automotive\"},\"image\":{\"@id\":\"https:\\\/\\\/www.beijer.com\\\/#\\\/schema\\\/logo\\\/image\\\/\"}}]}<\/script>\n<!-- \/ Yoast SEO plugin. -->","yoast_head_json":{"title":"Haftungsausschluss - Beijer Automotive","robots":{"index":"index","follow":"follow","max-snippet":"max-snippet:-1","max-image-preview":"max-image-preview:large","max-video-preview":"max-video-preview:-1"},"canonical":"https:\/\/www.beijer.com\/de\/haftungsausschluss\/","og_locale":"de_DE","og_type":"article","og_title":"Haftungsausschluss - Beijer Automotive","og_description":"Beijer Automotive B.V., nachfolgend als \u201eBeijer\u201c bezeichnet, ist bei der Handelskammer von \u2019s-Hertogenbosch unter der Nummer 73576433 registriert. Inhalt Die von Beijer auf dieser...","og_url":"https:\/\/www.beijer.com\/de\/haftungsausschluss\/","og_site_name":"Beijer Automotive","article_modified_time":"2022-01-26T11:21:33+00:00","twitter_card":"summary_large_image","schema":{"@context":"https:\/\/schema.org","@graph":[{"@type":"WebPage","@id":"https:\/\/www.beijer.com\/de\/haftungsausschluss\/","url":"https:\/\/www.beijer.com\/de\/haftungsausschluss\/","name":"Haftungsausschluss - Beijer Automotive","isPartOf":{"@id":"https:\/\/www.beijer.com\/#website"},"datePublished":"2018-04-17T12:51:57+00:00","dateModified":"2022-01-26T11:21:33+00:00","breadcrumb":{"@id":"https:\/\/www.beijer.com\/de\/haftungsausschluss\/#breadcrumb"},"inLanguage":"de","potentialAction":[{"@type":"ReadAction","target":["https:\/\/www.beijer.com\/de\/haftungsausschluss\/"]}]},{"@type":"BreadcrumbList","@id":"https:\/\/www.beijer.com\/de\/haftungsausschluss\/#breadcrumb","itemListElement":[{"@type":"ListItem","position":1,"name":"Home","item":"https:\/\/www.beijer.com\/de\/"},{"@type":"ListItem","position":2,"name":"Haftungsausschluss"}]},{"@type":"WebSite","@id":"https:\/\/www.beijer.com\/#website","url":"https:\/\/www.beijer.com\/","name":"Beijer Automotive","description":"","publisher":{"@id":"https:\/\/www.beijer.com\/#organization"},"potentialAction":[{"@type":"SearchAction","target":{"@type":"EntryPoint","urlTemplate":"https:\/\/www.beijer.com\/?s={search_term_string}"},"query-input":{"@type":"PropertyValueSpecification","valueRequired":true,"valueName":"search_term_string"}}],"inLanguage":"de"},{"@type":"Organization","@id":"https:\/\/www.beijer.com\/#organization","name":"Beijer Automotive","url":"https:\/\/www.beijer.com\/","logo":{"@type":"ImageObject","inLanguage":"de","@id":"https:\/\/www.beijer.com\/#\/schema\/logo\/image\/","url":"https:\/\/www.beijer.com\/wp-content\/uploads\/2018\/06\/cropped-sdf.jpg","contentUrl":"https:\/\/www.beijer.com\/wp-content\/uploads\/2018\/06\/cropped-sdf.jpg","width":"180","height":"59","caption":"Beijer Automotive"},"image":{"@id":"https:\/\/www.beijer.com\/#\/schema\/logo\/image\/"}}]}},"_links":{"self":[{"href":"https:\/\/www.beijer.com\/de\/wp-json\/wp\/v2\/pages\/6770","targetHints":{"allow":["GET"]}}],"collection":[{"href":"https:\/\/www.beijer.com\/de\/wp-json\/wp\/v2\/pages"}],"about":[{"href":"https:\/\/www.beijer.com\/de\/wp-json\/wp\/v2\/types\/page"}],"author":[{"embeddable":true,"href":"https:\/\/www.beijer.com\/de\/wp-json\/wp\/v2\/users\/1"}],"replies":[{"embeddable":true,"href":"https:\/\/www.beijer.com\/de\/wp-json\/wp\/v2\/comments?post=6770"}],"version-history":[{"count":5,"href":"https:\/\/www.beijer.com\/de\/wp-json\/wp\/v2\/pages\/6770\/revisions"}],"predecessor-version":[{"id":6775,"href":"https:\/\/www.beijer.com\/de\/wp-json\/wp\/v2\/pages\/6770\/revisions\/6775"}],"wp:attachment":[{"href":"https:\/\/www.beijer.com\/de\/wp-json\/wp\/v2\/media?parent=6770"}],"curies":[{"name":"wp","href":"https:\/\/api.w.org\/{rel}","templated":true}]}}