{"id":7109,"date":"2021-06-08T08:33:12","date_gmt":"2021-06-08T08:33:12","guid":{"rendered":"https:\/\/www.beijer.com\/produkte\/can-produkte\/integration-in-ihr-produkt\/beijer-can-library-bcl\/"},"modified":"2022-01-21T11:04:28","modified_gmt":"2022-01-21T11:04:28","slug":"beijer-can-library-bcl","status":"publish","type":"page","link":"https:\/\/www.beijer.com\/de\/produkte\/can-produkte\/integration-in-ihr-produkt\/beijer-can-library-bcl\/","title":{"rendered":"Beijer CAN Library (BCL)"},"content":{"rendered":"<p>Mit der Beijer CAN Library (BCL) kann Ihre Softwareumgebung Fahrzeuginformationen aus CAN-Daten extrahieren. Der BCL \u00fcbersetzt CAN-Daten tats\u00e4chlich in n\u00fctzliche und aufschlussreiche Daten f\u00fcr Ihr Produkt. Der BCL ist das Herzst\u00fcck unserer Technologie, die in all unseren Produkten wie dem Beijer CAN Interface (BCI), dem Beijer CAN Controller (BCC) und dem Beijer CAN Module (BCM) verwendet wird. Aber diese CAN-Bibliothek von Beijer kann auch direkt in Ihr Produkt integriert werden, wodurch eine vollst\u00e4ndige Softwarel\u00f6sung entsteht!<\/p>\n<p>Autohersteller verwenden jeweils ihre eigenen CAN-Protokolle und es gibt sogar Unterschiede je nach Typ, Modell und Motorvariante. Ihr Produkt CAN-f\u00e4hig zu machen und zu halten, erfordert daher viel Aufwand, w\u00e4hrend Sie sich haupts\u00e4chlich auf das konzentrieren m\u00f6chten, was Sie wirklich gut k\u00f6nnen. CAN-L\u00f6sungen sind unsere Spezialit\u00e4t. Seit Jahrzehnten erforschen wir neue Autos und \u00fcbersetzen all diese verschiedenen \u201eCAN-Sprachen\u201c in ein lesbares Format. Die BCL ist f\u00fcr Ihre spezifische Plattform vorkompiliert und mit Ihrer Softwareumgebung verkn\u00fcpft. Ihre Softwareumgebung ruft CAN-Daten von Fahrzeugen \u00fcber die Bibliothek ab.<\/p>\n<p><img loading=\"lazy\" decoding=\"async\" class=\"alignleft size-full wp-image-5930\" src=\"https:\/\/www.beijer.com\/wp-content\/uploads\/2021\/12\/BCL_703x104.png\" alt=\"\" width=\"703\" height=\"104\" srcset=\"https:\/\/www.beijer.com\/wp-content\/uploads\/2021\/12\/BCL_703x104.png 703w, https:\/\/www.beijer.com\/wp-content\/uploads\/2021\/12\/BCL_703x104-300x44.png 300w\" sizes=\"auto, (max-width: 703px) 100vw, 703px\" \/><\/p>\n<p><strong>Das alles bietet:<\/strong><br \/>\n\u2022 Eine Gesamtl\u00f6sung f\u00fcr Ihr Produkt.<br \/>\n\u2022 Die Gewissheit, dass Ihr Equipment alle gew\u00fcnschten CAN-Daten in allen Fahrzeugen verarbeiten kann.<br \/>\n\u2022 Zeitersparnis, da Ihnen der gesamte Prozess der Fahrzeugbegutachtung, Analyse\/Aufbereitung der CAN-Daten und deren Aktualit\u00e4t abgenommen wird.<br \/>\n\u2022 Kosteng\u00fcnstig, da eine integrierte L\u00f6sung ohne unn\u00f6tige Hardware auskommt.<br \/>\n\u2022 CAN-Firmware von Beijer, die von hochentwickelten Algorithmen verwaltet wird, die die Verarbeitung der neuesten CAN-Technologie erm\u00f6glichen.<br \/>\n\u2022 Einfache Installation, unterst\u00fctzt durch fahrzeugspezifische INCAR-Anleitung in sechs Sprachen.<br \/>\n\u2022 Eine professionelle CAN-L\u00f6sung basierend auf bew\u00e4hrter Technologie, die seit \u00fcber 15 Jahren in unseren CAN-Produkten (BCI) zum Einsatz kommt.<\/p>\n<h3>Unsere Methode<\/h3>\n<p><strong>Phase 1:<\/strong> Phase 1: Beijer analysiert CAN-Daten und sammelt Interpretationswissen von allen Automarken und -typen.<br \/>\n<strong>Phase 2:<\/strong> Phase 2: Alle Rohdaten werden der Beijer-Technologie unterzogen. Ein ausgekl\u00fcgeltes Verfahren, das die Rohdaten \u00fcbersetzt und anreichert.<br \/>\n<strong>Phase 3:<\/strong> Ihr Produkt mit unserem BCL wird mit wertvollen In-Vehicle-Daten gef\u00fcttert.<br \/>\n<strong>Phase 4:<\/strong> Ihr Kunde erh\u00e4lt alle Fahrzeuginformationen, die er \u00fcber Ihre Anwendung angefordert hat.<\/p>\n<h3>Deine Wahl<\/h3>\n<p>Die Entscheidung, unsere Komponente zu integrieren, ist keine leichte. Schlie\u00dflich kaufen Sie keine separate Schnittstelle, die ein System mit einem Auto verbindet. Aus diesem Grund m\u00f6chten wir Sie auch gerne zu einem unverbindlichen Gespr\u00e4ch mit unseren Leuten einladen, die Sie \u00fcber alle Besonderheiten eines solchen Integrationsprozesses informieren k\u00f6nnen. Anschlie\u00dfend arbeiten wir auf einen gemeinsamen Prozess hin, in dem wir die Liste der Parameter (Datensatz) und Fahrzeuge f\u00fcr Ihre Anwendung definieren und Vereinbarungen dar\u00fcber treffen, die zu Ihrer(n) Dienstleistung(en) passen.<\/p>\n","protected":false},"excerpt":{"rendered":"<p>Mit der Beijer CAN Library (BCL) kann Ihre Softwareumgebung Fahrzeuginformationen aus CAN-Daten extrahieren. Der BCL \u00fcbersetzt CAN-Daten tats\u00e4chlich in n\u00fctzliche und aufschlussreiche Daten f\u00fcr&#8230;<\/p>\n","protected":false},"author":2,"featured_media":5914,"parent":4106,"menu_order":1,"comment_status":"closed","ping_status":"closed","template":"","meta":{"_acf_changed":false,"footnotes":""},"class_list":["post-7109","page","type-page","status-publish","has-post-thumbnail","hentry"],"acf":[],"yoast_head":"<!-- This site is optimized with the Yoast SEO plugin v26.8 - https:\/\/yoast.com\/product\/yoast-seo-wordpress\/ -->\n<title>Beijer CAN Library (BCL) - Beijer Automotive<\/title>\n<meta name=\"robots\" content=\"index, follow, max-snippet:-1, max-image-preview:large, max-video-preview:-1\" \/>\n<link rel=\"canonical\" href=\"https:\/\/www.beijer.com\/de\/produkte\/can-produkte\/integration-in-ihr-produkt\/beijer-can-library-bcl\/\" \/>\n<meta property=\"og:locale\" content=\"de_DE\" \/>\n<meta property=\"og:type\" content=\"article\" \/>\n<meta property=\"og:title\" content=\"Beijer CAN Library (BCL) - Beijer Automotive\" \/>\n<meta property=\"og:description\" content=\"Mit der Beijer CAN Library (BCL) kann Ihre Softwareumgebung Fahrzeuginformationen aus CAN-Daten extrahieren. Der BCL \u00fcbersetzt CAN-Daten tats\u00e4chlich in n\u00fctzliche und aufschlussreiche Daten f\u00fcr...\" \/>\n<meta property=\"og:url\" content=\"https:\/\/www.beijer.com\/de\/produkte\/can-produkte\/integration-in-ihr-produkt\/beijer-can-library-bcl\/\" \/>\n<meta property=\"og:site_name\" content=\"Beijer Automotive\" \/>\n<meta property=\"article:modified_time\" content=\"2022-01-21T11:04:28+00:00\" \/>\n<meta property=\"og:image\" content=\"https:\/\/www.beijer.com\/wp-content\/uploads\/2021\/11\/Beijer-CAN-Library-cylinder-transp_418x418.png\" \/>\n\t<meta property=\"og:image:width\" content=\"418\" \/>\n\t<meta property=\"og:image:height\" content=\"418\" \/>\n\t<meta property=\"og:image:type\" content=\"image\/png\" \/>\n<meta name=\"twitter:card\" content=\"summary_large_image\" \/>\n<script type=\"application\/ld+json\" class=\"yoast-schema-graph\">{\"@context\":\"https:\/\/schema.org\",\"@graph\":[{\"@type\":\"WebPage\",\"@id\":\"https:\/\/www.beijer.com\/de\/produkte\/can-produkte\/integration-in-ihr-produkt\/beijer-can-library-bcl\/\",\"url\":\"https:\/\/www.beijer.com\/de\/produkte\/can-produkte\/integration-in-ihr-produkt\/beijer-can-library-bcl\/\",\"name\":\"Beijer CAN Library (BCL) - Beijer Automotive\",\"isPartOf\":{\"@id\":\"https:\/\/www.beijer.com\/#website\"},\"primaryImageOfPage\":{\"@id\":\"https:\/\/www.beijer.com\/de\/produkte\/can-produkte\/integration-in-ihr-produkt\/beijer-can-library-bcl\/#primaryimage\"},\"image\":{\"@id\":\"https:\/\/www.beijer.com\/de\/produkte\/can-produkte\/integration-in-ihr-produkt\/beijer-can-library-bcl\/#primaryimage\"},\"thumbnailUrl\":\"https:\/\/www.beijer.com\/wp-content\/uploads\/2021\/11\/Beijer-CAN-Library-cylinder-transp_418x418.png\",\"datePublished\":\"2021-06-08T08:33:12+00:00\",\"dateModified\":\"2022-01-21T11:04:28+00:00\",\"breadcrumb\":{\"@id\":\"https:\/\/www.beijer.com\/de\/produkte\/can-produkte\/integration-in-ihr-produkt\/beijer-can-library-bcl\/#breadcrumb\"},\"inLanguage\":\"de\",\"potentialAction\":[{\"@type\":\"ReadAction\",\"target\":[\"https:\/\/www.beijer.com\/de\/produkte\/can-produkte\/integration-in-ihr-produkt\/beijer-can-library-bcl\/\"]}]},{\"@type\":\"ImageObject\",\"inLanguage\":\"de\",\"@id\":\"https:\/\/www.beijer.com\/de\/produkte\/can-produkte\/integration-in-ihr-produkt\/beijer-can-library-bcl\/#primaryimage\",\"url\":\"https:\/\/www.beijer.com\/wp-content\/uploads\/2021\/11\/Beijer-CAN-Library-cylinder-transp_418x418.png\",\"contentUrl\":\"https:\/\/www.beijer.com\/wp-content\/uploads\/2021\/11\/Beijer-CAN-Library-cylinder-transp_418x418.png\",\"width\":418,\"height\":418},{\"@type\":\"BreadcrumbList\",\"@id\":\"https:\/\/www.beijer.com\/de\/produkte\/can-produkte\/integration-in-ihr-produkt\/beijer-can-library-bcl\/#breadcrumb\",\"itemListElement\":[{\"@type\":\"ListItem\",\"position\":1,\"name\":\"Home\",\"item\":\"https:\/\/www.beijer.com\/de\/\"},{\"@type\":\"ListItem\",\"position\":2,\"name\":\"Produkte\",\"item\":\"https:\/\/www.beijer.com\/de\/produkte\/\"},{\"@type\":\"ListItem\",\"position\":3,\"name\":\"CAN Produkte\",\"item\":\"https:\/\/www.beijer.com\/de\/produkte\/can-produkte\/\"},{\"@type\":\"ListItem\",\"position\":4,\"name\":\"Integration in Ihr Produkt\",\"item\":\"https:\/\/www.beijer.com\/de\/produkte\/can-produkte\/integration-in-ihr-produkt\/\"},{\"@type\":\"ListItem\",\"position\":5,\"name\":\"Beijer CAN Library (BCL)\"}]},{\"@type\":\"WebSite\",\"@id\":\"https:\/\/www.beijer.com\/#website\",\"url\":\"https:\/\/www.beijer.com\/\",\"name\":\"Beijer Automotive\",\"description\":\"\",\"publisher\":{\"@id\":\"https:\/\/www.beijer.com\/#organization\"},\"potentialAction\":[{\"@type\":\"SearchAction\",\"target\":{\"@type\":\"EntryPoint\",\"urlTemplate\":\"https:\/\/www.beijer.com\/?s={search_term_string}\"},\"query-input\":{\"@type\":\"PropertyValueSpecification\",\"valueRequired\":true,\"valueName\":\"search_term_string\"}}],\"inLanguage\":\"de\"},{\"@type\":\"Organization\",\"@id\":\"https:\/\/www.beijer.com\/#organization\",\"name\":\"Beijer Automotive\",\"url\":\"https:\/\/www.beijer.com\/\",\"logo\":{\"@type\":\"ImageObject\",\"inLanguage\":\"de\",\"@id\":\"https:\/\/www.beijer.com\/#\/schema\/logo\/image\/\",\"url\":\"https:\/\/www.beijer.com\/wp-content\/uploads\/2018\/06\/cropped-sdf.jpg\",\"contentUrl\":\"https:\/\/www.beijer.com\/wp-content\/uploads\/2018\/06\/cropped-sdf.jpg\",\"width\":\"180\",\"height\":\"59\",\"caption\":\"Beijer Automotive\"},\"image\":{\"@id\":\"https:\/\/www.beijer.com\/#\/schema\/logo\/image\/\"}}]}<\/script>\n<!-- \/ Yoast SEO plugin. -->","yoast_head_json":{"title":"Beijer CAN Library (BCL) - Beijer Automotive","robots":{"index":"index","follow":"follow","max-snippet":"max-snippet:-1","max-image-preview":"max-image-preview:large","max-video-preview":"max-video-preview:-1"},"canonical":"https:\/\/www.beijer.com\/de\/produkte\/can-produkte\/integration-in-ihr-produkt\/beijer-can-library-bcl\/","og_locale":"de_DE","og_type":"article","og_title":"Beijer CAN Library (BCL) - Beijer Automotive","og_description":"Mit der Beijer CAN Library (BCL) kann Ihre Softwareumgebung Fahrzeuginformationen aus CAN-Daten extrahieren. Der BCL \u00fcbersetzt CAN-Daten tats\u00e4chlich in n\u00fctzliche und aufschlussreiche Daten f\u00fcr...","og_url":"https:\/\/www.beijer.com\/de\/produkte\/can-produkte\/integration-in-ihr-produkt\/beijer-can-library-bcl\/","og_site_name":"Beijer Automotive","article_modified_time":"2022-01-21T11:04:28+00:00","og_image":[{"width":418,"height":418,"url":"https:\/\/www.beijer.com\/wp-content\/uploads\/2021\/11\/Beijer-CAN-Library-cylinder-transp_418x418.png","type":"image\/png"}],"twitter_card":"summary_large_image","schema":{"@context":"https:\/\/schema.org","@graph":[{"@type":"WebPage","@id":"https:\/\/www.beijer.com\/de\/produkte\/can-produkte\/integration-in-ihr-produkt\/beijer-can-library-bcl\/","url":"https:\/\/www.beijer.com\/de\/produkte\/can-produkte\/integration-in-ihr-produkt\/beijer-can-library-bcl\/","name":"Beijer CAN Library (BCL) - Beijer Automotive","isPartOf":{"@id":"https:\/\/www.beijer.com\/#website"},"primaryImageOfPage":{"@id":"https:\/\/www.beijer.com\/de\/produkte\/can-produkte\/integration-in-ihr-produkt\/beijer-can-library-bcl\/#primaryimage"},"image":{"@id":"https:\/\/www.beijer.com\/de\/produkte\/can-produkte\/integration-in-ihr-produkt\/beijer-can-library-bcl\/#primaryimage"},"thumbnailUrl":"https:\/\/www.beijer.com\/wp-content\/uploads\/2021\/11\/Beijer-CAN-Library-cylinder-transp_418x418.png","datePublished":"2021-06-08T08:33:12+00:00","dateModified":"2022-01-21T11:04:28+00:00","breadcrumb":{"@id":"https:\/\/www.beijer.com\/de\/produkte\/can-produkte\/integration-in-ihr-produkt\/beijer-can-library-bcl\/#breadcrumb"},"inLanguage":"de","potentialAction":[{"@type":"ReadAction","target":["https:\/\/www.beijer.com\/de\/produkte\/can-produkte\/integration-in-ihr-produkt\/beijer-can-library-bcl\/"]}]},{"@type":"ImageObject","inLanguage":"de","@id":"https:\/\/www.beijer.com\/de\/produkte\/can-produkte\/integration-in-ihr-produkt\/beijer-can-library-bcl\/#primaryimage","url":"https:\/\/www.beijer.com\/wp-content\/uploads\/2021\/11\/Beijer-CAN-Library-cylinder-transp_418x418.png","contentUrl":"https:\/\/www.beijer.com\/wp-content\/uploads\/2021\/11\/Beijer-CAN-Library-cylinder-transp_418x418.png","width":418,"height":418},{"@type":"BreadcrumbList","@id":"https:\/\/www.beijer.com\/de\/produkte\/can-produkte\/integration-in-ihr-produkt\/beijer-can-library-bcl\/#breadcrumb","itemListElement":[{"@type":"ListItem","position":1,"name":"Home","item":"https:\/\/www.beijer.com\/de\/"},{"@type":"ListItem","position":2,"name":"Produkte","item":"https:\/\/www.beijer.com\/de\/produkte\/"},{"@type":"ListItem","position":3,"name":"CAN Produkte","item":"https:\/\/www.beijer.com\/de\/produkte\/can-produkte\/"},{"@type":"ListItem","position":4,"name":"Integration in Ihr Produkt","item":"https:\/\/www.beijer.com\/de\/produkte\/can-produkte\/integration-in-ihr-produkt\/"},{"@type":"ListItem","position":5,"name":"Beijer CAN Library (BCL)"}]},{"@type":"WebSite","@id":"https:\/\/www.beijer.com\/#website","url":"https:\/\/www.beijer.com\/","name":"Beijer Automotive","description":"","publisher":{"@id":"https:\/\/www.beijer.com\/#organization"},"potentialAction":[{"@type":"SearchAction","target":{"@type":"EntryPoint","urlTemplate":"https:\/\/www.beijer.com\/?s={search_term_string}"},"query-input":{"@type":"PropertyValueSpecification","valueRequired":true,"valueName":"search_term_string"}}],"inLanguage":"de"},{"@type":"Organization","@id":"https:\/\/www.beijer.com\/#organization","name":"Beijer Automotive","url":"https:\/\/www.beijer.com\/","logo":{"@type":"ImageObject","inLanguage":"de","@id":"https:\/\/www.beijer.com\/#\/schema\/logo\/image\/","url":"https:\/\/www.beijer.com\/wp-content\/uploads\/2018\/06\/cropped-sdf.jpg","contentUrl":"https:\/\/www.beijer.com\/wp-content\/uploads\/2018\/06\/cropped-sdf.jpg","width":"180","height":"59","caption":"Beijer Automotive"},"image":{"@id":"https:\/\/www.beijer.com\/#\/schema\/logo\/image\/"}}]}},"_links":{"self":[{"href":"https:\/\/www.beijer.com\/de\/wp-json\/wp\/v2\/pages\/7109","targetHints":{"allow":["GET"]}}],"collection":[{"href":"https:\/\/www.beijer.com\/de\/wp-json\/wp\/v2\/pages"}],"about":[{"href":"https:\/\/www.beijer.com\/de\/wp-json\/wp\/v2\/types\/page"}],"author":[{"embeddable":true,"href":"https:\/\/www.beijer.com\/de\/wp-json\/wp\/v2\/users\/2"}],"replies":[{"embeddable":true,"href":"https:\/\/www.beijer.com\/de\/wp-json\/wp\/v2\/comments?post=7109"}],"version-history":[{"count":7,"href":"https:\/\/www.beijer.com\/de\/wp-json\/wp\/v2\/pages\/7109\/revisions"}],"predecessor-version":[{"id":7117,"href":"https:\/\/www.beijer.com\/de\/wp-json\/wp\/v2\/pages\/7109\/revisions\/7117"}],"up":[{"embeddable":true,"href":"https:\/\/www.beijer.com\/de\/wp-json\/wp\/v2\/pages\/4106"}],"wp:featuredmedia":[{"embeddable":true,"href":"https:\/\/www.beijer.com\/de\/wp-json\/wp\/v2\/media\/5914"}],"wp:attachment":[{"href":"https:\/\/www.beijer.com\/de\/wp-json\/wp\/v2\/media?parent=7109"}],"curies":[{"name":"wp","href":"https:\/\/api.w.org\/{rel}","templated":true}]}}