{"id":4204,"date":"2019-05-27T08:25:04","date_gmt":"2019-05-27T08:25:04","guid":{"rendered":"https:\/\/www.beijer.com\/productos\/productos-can\/beijer-can-interfaces-bci\/bci-can-to-wireless\/"},"modified":"2023-05-11T15:08:54","modified_gmt":"2023-05-11T13:08:54","slug":"bci-can-to-bluetooth","status":"publish","type":"page","link":"https:\/\/www.beijer.com\/es\/productos\/productos-can\/beijer-can-interfaces-bci\/bci-can-to-bluetooth\/","title":{"rendered":"BCI | CAN-to-BLUETOOTH"},"content":{"rendered":"\n<p>\u00bfQuiere enviar datos CAN de forma inal\u00e1mbrica a su aplicaci\u00f3n? La variante BCI-BLUETOOTH es adecuada para enviar datos CAN, por ejemplo, a un dispositivo Android a trav\u00e9s de Bluetooth 5.0 Certified. Aplicaciones telem\u00e1ticas o tax\u00edmetro, pero tambi\u00e9n carsharing y aplicaciones especiales como la transmisi\u00f3n inal\u00e1mbrica de datos de tanques son posibles aplicaciones.<\/p>\n\n\n\n<p>Los datos del veh\u00edculo disponibles para usted var\u00edan desde se\u00f1ales est\u00e1ndar, como una se\u00f1al de velocidad y una se\u00f1al de marcha atr\u00e1s, hasta se\u00f1ales m\u00e1s complejas, como la capacidad del tanque, el consumo de combustible, el kilometraje y el \u00e1ngulo de direcci\u00f3n. Los datos espec\u00edficos de EV, como el estado de carga, la carga y la autonom\u00eda el\u00e9ctrica, tambi\u00e9n est\u00e1n completamente presentes en nuestra base de datos CAN y se pueden ofrecer a trav\u00e9s de conexiones Bluetooth cifradas y seguras. Esta variante BCI no tiene limitaciones en cuanto al rango de se\u00f1ales y saca el m\u00e1ximo partido a su aplicaci\u00f3n. Es universal y admite todas las marcas y modelos de autom\u00f3viles.<\/p>\n\n\n<div class=\"wp-block-image\">\n<figure class=\"aligncenter size-full\"><img loading=\"lazy\" decoding=\"async\" width=\"703\" height=\"200\" src=\"https:\/\/www.beijer.com\/wp-content\/uploads\/2023\/05\/BCIBT_transp_703x200-1.png\" alt=\"\" class=\"wp-image-22961\" srcset=\"https:\/\/www.beijer.com\/wp-content\/uploads\/2023\/05\/BCIBT_transp_703x200-1.png 703w, https:\/\/www.beijer.com\/wp-content\/uploads\/2023\/05\/BCIBT_transp_703x200-1-300x85.png 300w\" sizes=\"auto, (max-width: 703px) 100vw, 703px\" \/><\/figure>\n<\/div>\n\n\n<p>\u00bfEs <strong>BCI-BLUETOOTH<\/strong> la variante con la que se puede comunicar su aplicaci\u00f3n? Para obtener m\u00e1s informaci\u00f3n, p\u00f3ngase en contacto:<\/p>\n\n\n\n<p><strong><a href=\"https:\/\/www.beijer.com\/es\/contacto\/\" target=\"_blank\" rel=\"noreferrer noopener\">CONTACTO<\/a><\/strong><\/p>\n\n\n\n<div class=\"wp-block-buttons is-layout-flex wp-block-buttons-is-layout-flex\"><\/div>\n","protected":false},"excerpt":{"rendered":"<p>\u00bfQuiere enviar datos CAN de forma inal\u00e1mbrica a su aplicaci\u00f3n? La variante BCI-BLUETOOTH es adecuada para enviar datos CAN, por ejemplo, a un dispositivo&#8230;<\/p>\n","protected":false},"author":2,"featured_media":22890,"parent":4128,"menu_order":4,"comment_status":"closed","ping_status":"closed","template":"","meta":{"_acf_changed":false,"footnotes":""},"class_list":["post-4204","page","type-page","status-publish","has-post-thumbnail","hentry"],"acf":[],"yoast_head":"<!-- This site is optimized with the Yoast SEO plugin v27.5 - https:\/\/yoast.com\/product\/yoast-seo-wordpress\/ -->\n<title>BCI | CAN-to-BLUETOOTH - Beijer Automotive<\/title>\n<meta name=\"robots\" content=\"index, follow, max-snippet:-1, max-image-preview:large, max-video-preview:-1\" \/>\n<link rel=\"canonical\" href=\"https:\/\/www.beijer.com\/es\/productos\/productos-can\/beijer-can-interfaces-bci\/bci-can-to-bluetooth\/\" \/>\n<meta property=\"og:locale\" content=\"es_ES\" \/>\n<meta property=\"og:type\" content=\"article\" \/>\n<meta property=\"og:title\" content=\"BCI | CAN-to-BLUETOOTH - Beijer Automotive\" \/>\n<meta property=\"og:description\" content=\"\u00bfQuiere enviar datos CAN de forma inal\u00e1mbrica a su aplicaci\u00f3n? La variante BCI-BLUETOOTH es adecuada para enviar datos CAN, por ejemplo, a un dispositivo...\" \/>\n<meta property=\"og:url\" content=\"https:\/\/www.beijer.com\/es\/productos\/productos-can\/beijer-can-interfaces-bci\/bci-can-to-bluetooth\/\" \/>\n<meta property=\"og:site_name\" content=\"Beijer Automotive\" \/>\n<meta property=\"article:modified_time\" content=\"2023-05-11T13:08:54+00:00\" \/>\n<meta property=\"og:image\" content=\"https:\/\/www.beijer.com\/wp-content\/uploads\/2023\/05\/Bluetooth-transparant.png\" \/>\n\t<meta property=\"og:image:width\" content=\"3570\" \/>\n\t<meta property=\"og:image:height\" content=\"3570\" \/>\n\t<meta property=\"og:image:type\" content=\"image\/png\" \/>\n<meta name=\"twitter:card\" content=\"summary_large_image\" \/>\n<script type=\"application\/ld+json\" class=\"yoast-schema-graph\">{\"@context\":\"https:\\\/\\\/schema.org\",\"@graph\":[{\"@type\":\"WebPage\",\"@id\":\"https:\\\/\\\/www.beijer.com\\\/es\\\/productos\\\/productos-can\\\/beijer-can-interfaces-bci\\\/bci-can-to-bluetooth\\\/\",\"url\":\"https:\\\/\\\/www.beijer.com\\\/es\\\/productos\\\/productos-can\\\/beijer-can-interfaces-bci\\\/bci-can-to-bluetooth\\\/\",\"name\":\"BCI | CAN-to-BLUETOOTH - Beijer Automotive\",\"isPartOf\":{\"@id\":\"https:\\\/\\\/www.beijer.com\\\/#website\"},\"primaryImageOfPage\":{\"@id\":\"https:\\\/\\\/www.beijer.com\\\/es\\\/productos\\\/productos-can\\\/beijer-can-interfaces-bci\\\/bci-can-to-bluetooth\\\/#primaryimage\"},\"image\":{\"@id\":\"https:\\\/\\\/www.beijer.com\\\/es\\\/productos\\\/productos-can\\\/beijer-can-interfaces-bci\\\/bci-can-to-bluetooth\\\/#primaryimage\"},\"thumbnailUrl\":\"https:\\\/\\\/www.beijer.com\\\/wp-content\\\/uploads\\\/2023\\\/05\\\/Bluetooth-transparant.png\",\"datePublished\":\"2019-05-27T08:25:04+00:00\",\"dateModified\":\"2023-05-11T13:08:54+00:00\",\"breadcrumb\":{\"@id\":\"https:\\\/\\\/www.beijer.com\\\/es\\\/productos\\\/productos-can\\\/beijer-can-interfaces-bci\\\/bci-can-to-bluetooth\\\/#breadcrumb\"},\"inLanguage\":\"es\",\"potentialAction\":[{\"@type\":\"ReadAction\",\"target\":[\"https:\\\/\\\/www.beijer.com\\\/es\\\/productos\\\/productos-can\\\/beijer-can-interfaces-bci\\\/bci-can-to-bluetooth\\\/\"]}]},{\"@type\":\"ImageObject\",\"inLanguage\":\"es\",\"@id\":\"https:\\\/\\\/www.beijer.com\\\/es\\\/productos\\\/productos-can\\\/beijer-can-interfaces-bci\\\/bci-can-to-bluetooth\\\/#primaryimage\",\"url\":\"https:\\\/\\\/www.beijer.com\\\/wp-content\\\/uploads\\\/2023\\\/05\\\/Bluetooth-transparant.png\",\"contentUrl\":\"https:\\\/\\\/www.beijer.com\\\/wp-content\\\/uploads\\\/2023\\\/05\\\/Bluetooth-transparant.png\",\"width\":3570,\"height\":3570},{\"@type\":\"BreadcrumbList\",\"@id\":\"https:\\\/\\\/www.beijer.com\\\/es\\\/productos\\\/productos-can\\\/beijer-can-interfaces-bci\\\/bci-can-to-bluetooth\\\/#breadcrumb\",\"itemListElement\":[{\"@type\":\"ListItem\",\"position\":1,\"name\":\"Home\",\"item\":\"https:\\\/\\\/www.beijer.com\\\/es\\\/\"},{\"@type\":\"ListItem\",\"position\":2,\"name\":\"Productos\",\"item\":\"https:\\\/\\\/www.beijer.com\\\/es\\\/productos\\\/\"},{\"@type\":\"ListItem\",\"position\":3,\"name\":\"Productos CAN\",\"item\":\"https:\\\/\\\/www.beijer.com\\\/es\\\/productos\\\/productos-can\\\/\"},{\"@type\":\"ListItem\",\"position\":4,\"name\":\"Beijer Interfaz CAN (BCI)\",\"item\":\"https:\\\/\\\/www.beijer.com\\\/es\\\/productos\\\/productos-can\\\/beijer-can-interfaces-bci\\\/\"},{\"@type\":\"ListItem\",\"position\":5,\"name\":\"BCI | CAN-to-BLUETOOTH\"}]},{\"@type\":\"WebSite\",\"@id\":\"https:\\\/\\\/www.beijer.com\\\/#website\",\"url\":\"https:\\\/\\\/www.beijer.com\\\/\",\"name\":\"Beijer Automotive\",\"description\":\"\",\"publisher\":{\"@id\":\"https:\\\/\\\/www.beijer.com\\\/#organization\"},\"potentialAction\":[{\"@type\":\"SearchAction\",\"target\":{\"@type\":\"EntryPoint\",\"urlTemplate\":\"https:\\\/\\\/www.beijer.com\\\/?s={search_term_string}\"},\"query-input\":{\"@type\":\"PropertyValueSpecification\",\"valueRequired\":true,\"valueName\":\"search_term_string\"}}],\"inLanguage\":\"es\"},{\"@type\":\"Organization\",\"@id\":\"https:\\\/\\\/www.beijer.com\\\/#organization\",\"name\":\"Beijer Automotive\",\"url\":\"https:\\\/\\\/www.beijer.com\\\/\",\"logo\":{\"@type\":\"ImageObject\",\"inLanguage\":\"es\",\"@id\":\"https:\\\/\\\/www.beijer.com\\\/#\\\/schema\\\/logo\\\/image\\\/\",\"url\":\"https:\\\/\\\/www.beijer.com\\\/wp-content\\\/uploads\\\/2018\\\/06\\\/cropped-sdf.jpg\",\"contentUrl\":\"https:\\\/\\\/www.beijer.com\\\/wp-content\\\/uploads\\\/2018\\\/06\\\/cropped-sdf.jpg\",\"width\":\"180\",\"height\":\"59\",\"caption\":\"Beijer Automotive\"},\"image\":{\"@id\":\"https:\\\/\\\/www.beijer.com\\\/#\\\/schema\\\/logo\\\/image\\\/\"}}]}<\/script>\n<!-- \/ Yoast SEO plugin. -->","yoast_head_json":{"title":"BCI | CAN-to-BLUETOOTH - Beijer Automotive","robots":{"index":"index","follow":"follow","max-snippet":"max-snippet:-1","max-image-preview":"max-image-preview:large","max-video-preview":"max-video-preview:-1"},"canonical":"https:\/\/www.beijer.com\/es\/productos\/productos-can\/beijer-can-interfaces-bci\/bci-can-to-bluetooth\/","og_locale":"es_ES","og_type":"article","og_title":"BCI | CAN-to-BLUETOOTH - Beijer Automotive","og_description":"\u00bfQuiere enviar datos CAN de forma inal\u00e1mbrica a su aplicaci\u00f3n? La variante BCI-BLUETOOTH es adecuada para enviar datos CAN, por ejemplo, a un dispositivo...","og_url":"https:\/\/www.beijer.com\/es\/productos\/productos-can\/beijer-can-interfaces-bci\/bci-can-to-bluetooth\/","og_site_name":"Beijer Automotive","article_modified_time":"2023-05-11T13:08:54+00:00","og_image":[{"width":3570,"height":3570,"url":"https:\/\/www.beijer.com\/wp-content\/uploads\/2023\/05\/Bluetooth-transparant.png","type":"image\/png"}],"twitter_card":"summary_large_image","schema":{"@context":"https:\/\/schema.org","@graph":[{"@type":"WebPage","@id":"https:\/\/www.beijer.com\/es\/productos\/productos-can\/beijer-can-interfaces-bci\/bci-can-to-bluetooth\/","url":"https:\/\/www.beijer.com\/es\/productos\/productos-can\/beijer-can-interfaces-bci\/bci-can-to-bluetooth\/","name":"BCI | CAN-to-BLUETOOTH - Beijer Automotive","isPartOf":{"@id":"https:\/\/www.beijer.com\/#website"},"primaryImageOfPage":{"@id":"https:\/\/www.beijer.com\/es\/productos\/productos-can\/beijer-can-interfaces-bci\/bci-can-to-bluetooth\/#primaryimage"},"image":{"@id":"https:\/\/www.beijer.com\/es\/productos\/productos-can\/beijer-can-interfaces-bci\/bci-can-to-bluetooth\/#primaryimage"},"thumbnailUrl":"https:\/\/www.beijer.com\/wp-content\/uploads\/2023\/05\/Bluetooth-transparant.png","datePublished":"2019-05-27T08:25:04+00:00","dateModified":"2023-05-11T13:08:54+00:00","breadcrumb":{"@id":"https:\/\/www.beijer.com\/es\/productos\/productos-can\/beijer-can-interfaces-bci\/bci-can-to-bluetooth\/#breadcrumb"},"inLanguage":"es","potentialAction":[{"@type":"ReadAction","target":["https:\/\/www.beijer.com\/es\/productos\/productos-can\/beijer-can-interfaces-bci\/bci-can-to-bluetooth\/"]}]},{"@type":"ImageObject","inLanguage":"es","@id":"https:\/\/www.beijer.com\/es\/productos\/productos-can\/beijer-can-interfaces-bci\/bci-can-to-bluetooth\/#primaryimage","url":"https:\/\/www.beijer.com\/wp-content\/uploads\/2023\/05\/Bluetooth-transparant.png","contentUrl":"https:\/\/www.beijer.com\/wp-content\/uploads\/2023\/05\/Bluetooth-transparant.png","width":3570,"height":3570},{"@type":"BreadcrumbList","@id":"https:\/\/www.beijer.com\/es\/productos\/productos-can\/beijer-can-interfaces-bci\/bci-can-to-bluetooth\/#breadcrumb","itemListElement":[{"@type":"ListItem","position":1,"name":"Home","item":"https:\/\/www.beijer.com\/es\/"},{"@type":"ListItem","position":2,"name":"Productos","item":"https:\/\/www.beijer.com\/es\/productos\/"},{"@type":"ListItem","position":3,"name":"Productos CAN","item":"https:\/\/www.beijer.com\/es\/productos\/productos-can\/"},{"@type":"ListItem","position":4,"name":"Beijer Interfaz CAN (BCI)","item":"https:\/\/www.beijer.com\/es\/productos\/productos-can\/beijer-can-interfaces-bci\/"},{"@type":"ListItem","position":5,"name":"BCI | CAN-to-BLUETOOTH"}]},{"@type":"WebSite","@id":"https:\/\/www.beijer.com\/#website","url":"https:\/\/www.beijer.com\/","name":"Beijer Automotive","description":"","publisher":{"@id":"https:\/\/www.beijer.com\/#organization"},"potentialAction":[{"@type":"SearchAction","target":{"@type":"EntryPoint","urlTemplate":"https:\/\/www.beijer.com\/?s={search_term_string}"},"query-input":{"@type":"PropertyValueSpecification","valueRequired":true,"valueName":"search_term_string"}}],"inLanguage":"es"},{"@type":"Organization","@id":"https:\/\/www.beijer.com\/#organization","name":"Beijer Automotive","url":"https:\/\/www.beijer.com\/","logo":{"@type":"ImageObject","inLanguage":"es","@id":"https:\/\/www.beijer.com\/#\/schema\/logo\/image\/","url":"https:\/\/www.beijer.com\/wp-content\/uploads\/2018\/06\/cropped-sdf.jpg","contentUrl":"https:\/\/www.beijer.com\/wp-content\/uploads\/2018\/06\/cropped-sdf.jpg","width":"180","height":"59","caption":"Beijer Automotive"},"image":{"@id":"https:\/\/www.beijer.com\/#\/schema\/logo\/image\/"}}]}},"_links":{"self":[{"href":"https:\/\/www.beijer.com\/es\/wp-json\/wp\/v2\/pages\/4204","targetHints":{"allow":["GET"]}}],"collection":[{"href":"https:\/\/www.beijer.com\/es\/wp-json\/wp\/v2\/pages"}],"about":[{"href":"https:\/\/www.beijer.com\/es\/wp-json\/wp\/v2\/types\/page"}],"author":[{"embeddable":true,"href":"https:\/\/www.beijer.com\/es\/wp-json\/wp\/v2\/users\/2"}],"replies":[{"embeddable":true,"href":"https:\/\/www.beijer.com\/es\/wp-json\/wp\/v2\/comments?post=4204"}],"version-history":[{"count":13,"href":"https:\/\/www.beijer.com\/es\/wp-json\/wp\/v2\/pages\/4204\/revisions"}],"predecessor-version":[{"id":22974,"href":"https:\/\/www.beijer.com\/es\/wp-json\/wp\/v2\/pages\/4204\/revisions\/22974"}],"up":[{"embeddable":true,"href":"https:\/\/www.beijer.com\/es\/wp-json\/wp\/v2\/pages\/4128"}],"wp:featuredmedia":[{"embeddable":true,"href":"https:\/\/www.beijer.com\/es\/wp-json\/wp\/v2\/media\/22890"}],"wp:attachment":[{"href":"https:\/\/www.beijer.com\/es\/wp-json\/wp\/v2\/media?parent=4204"}],"curies":[{"name":"wp","href":"https:\/\/api.w.org\/{rel}","templated":true}]}}