{"id":4294,"date":"2018-07-05T10:07:35","date_gmt":"2018-07-05T10:07:35","guid":{"rendered":"https:\/\/www.beijer.com\/productos\/instrucciones-incar\/incar-bundles\/"},"modified":"2021-11-18T08:02:05","modified_gmt":"2021-11-18T08:02:05","slug":"incar-bundles","status":"publish","type":"page","link":"https:\/\/www.beijer.com\/es\/productos\/instrucciones-incar\/incar-bundles\/","title":{"rendered":"INCAR bundles"},"content":{"rendered":"<p>Se requiere un paquete para consultar las instrucciones del INCAR. Si tiene una cuenta, puede comprar paquetes en la tienda web. Los paquetes comprados son v\u00e1lidos por 2 a\u00f1os. Con cada Bundle puedes consultar las instrucciones INCAR. Por ejemplo, con BUNDLE-100 puedes consultar 100 instrucciones del INCAR.<\/p>\n<h5>\u00bfCompartir un paquete con varios usuarios?<\/h5>\n<p>Es posible que el administrador de la cuenta vincule a varios usuarios a un paquete. Las personas pueden ser invitadas a esto a trav\u00e9s de un enlace \u00fanico. El interesado recibir\u00e1 una invitaci\u00f3n en su buz\u00f3n. Una vez que esta persona se registra y se asocia con la cuenta, el administrador de la cuenta puede asignar paquetes a los usuarios asociados. Una vez hecho esto, el usuario puede comenzar a usar las instrucciones INCAR.<\/p>\n<h5>\u00bfCompartir un paquete con otra empresa?<\/h5>\n<p>Eso tambi\u00e9n es posible. El administrador de la cuenta puede dar a los usuarios acceso a las estad\u00edsticas para que los costos sean transparentes para todos.<\/p>\n<p><strong><a href=\"https:\/\/incar.beijer.com\/shop\/bundles\/bundles.html\" target=\"_blank\" rel=\"noopener\">ORDENAR AHORA<\/a><\/strong><\/p>\n","protected":false},"excerpt":{"rendered":"<p>Se requiere un paquete para consultar las instrucciones del INCAR. Si tiene una cuenta, puede comprar paquetes en la tienda web. Los paquetes comprados&#8230;<\/p>\n","protected":false},"author":2,"featured_media":3515,"parent":596,"menu_order":3,"comment_status":"closed","ping_status":"closed","template":"","meta":{"_acf_changed":false,"footnotes":""},"class_list":["post-4294","page","type-page","status-publish","has-post-thumbnail","hentry"],"acf":[],"yoast_head":"<!-- This site is optimized with the Yoast SEO plugin v26.8 - https:\/\/yoast.com\/product\/yoast-seo-wordpress\/ -->\n<title>INCAR bundles - Beijer Automotive<\/title>\n<meta name=\"robots\" content=\"index, follow, max-snippet:-1, max-image-preview:large, max-video-preview:-1\" \/>\n<link rel=\"canonical\" href=\"https:\/\/www.beijer.com\/es\/productos\/instrucciones-incar\/incar-bundles\/\" \/>\n<meta property=\"og:locale\" content=\"es_ES\" \/>\n<meta property=\"og:type\" content=\"article\" \/>\n<meta property=\"og:title\" content=\"INCAR bundles - Beijer Automotive\" \/>\n<meta property=\"og:description\" content=\"Se requiere un paquete para consultar las instrucciones del INCAR. Si tiene una cuenta, puede comprar paquetes en la tienda web. Los paquetes comprados...\" \/>\n<meta property=\"og:url\" content=\"https:\/\/www.beijer.com\/es\/productos\/instrucciones-incar\/incar-bundles\/\" \/>\n<meta property=\"og:site_name\" content=\"Beijer Automotive\" \/>\n<meta property=\"article:modified_time\" content=\"2021-11-18T08:02:05+00:00\" \/>\n<meta property=\"og:image\" content=\"https:\/\/www.beijer.com\/wp-content\/uploads\/2021\/08\/Beijer_NEW-Icons_DEF-site-zonder-cirkels-_INCAR-bundles-500.png\" \/>\n\t<meta property=\"og:image:width\" content=\"418\" \/>\n\t<meta property=\"og:image:height\" content=\"417\" \/>\n\t<meta property=\"og:image:type\" content=\"image\/png\" \/>\n<meta name=\"twitter:card\" content=\"summary_large_image\" \/>\n<script type=\"application\/ld+json\" class=\"yoast-schema-graph\">{\"@context\":\"https:\/\/schema.org\",\"@graph\":[{\"@type\":\"WebPage\",\"@id\":\"https:\/\/www.beijer.com\/es\/productos\/instrucciones-incar\/incar-bundles\/\",\"url\":\"https:\/\/www.beijer.com\/es\/productos\/instrucciones-incar\/incar-bundles\/\",\"name\":\"INCAR bundles - Beijer Automotive\",\"isPartOf\":{\"@id\":\"https:\/\/www.beijer.com\/#website\"},\"primaryImageOfPage\":{\"@id\":\"https:\/\/www.beijer.com\/es\/productos\/instrucciones-incar\/incar-bundles\/#primaryimage\"},\"image\":{\"@id\":\"https:\/\/www.beijer.com\/es\/productos\/instrucciones-incar\/incar-bundles\/#primaryimage\"},\"thumbnailUrl\":\"https:\/\/www.beijer.com\/wp-content\/uploads\/2021\/08\/Beijer_NEW-Icons_DEF-site-zonder-cirkels-_INCAR-bundles-500.png\",\"datePublished\":\"2018-07-05T10:07:35+00:00\",\"dateModified\":\"2021-11-18T08:02:05+00:00\",\"breadcrumb\":{\"@id\":\"https:\/\/www.beijer.com\/es\/productos\/instrucciones-incar\/incar-bundles\/#breadcrumb\"},\"inLanguage\":\"es\",\"potentialAction\":[{\"@type\":\"ReadAction\",\"target\":[\"https:\/\/www.beijer.com\/es\/productos\/instrucciones-incar\/incar-bundles\/\"]}]},{\"@type\":\"ImageObject\",\"inLanguage\":\"es\",\"@id\":\"https:\/\/www.beijer.com\/es\/productos\/instrucciones-incar\/incar-bundles\/#primaryimage\",\"url\":\"https:\/\/www.beijer.com\/wp-content\/uploads\/2021\/08\/Beijer_NEW-Icons_DEF-site-zonder-cirkels-_INCAR-bundles-500.png\",\"contentUrl\":\"https:\/\/www.beijer.com\/wp-content\/uploads\/2021\/08\/Beijer_NEW-Icons_DEF-site-zonder-cirkels-_INCAR-bundles-500.png\",\"width\":418,\"height\":417},{\"@type\":\"BreadcrumbList\",\"@id\":\"https:\/\/www.beijer.com\/es\/productos\/instrucciones-incar\/incar-bundles\/#breadcrumb\",\"itemListElement\":[{\"@type\":\"ListItem\",\"position\":1,\"name\":\"Home\",\"item\":\"https:\/\/www.beijer.com\/es\/\"},{\"@type\":\"ListItem\",\"position\":2,\"name\":\"Productos\",\"item\":\"https:\/\/www.beijer.com\/es\/productos\/\"},{\"@type\":\"ListItem\",\"position\":3,\"name\":\"Instrucciones INCAR\",\"item\":\"https:\/\/www.beijer.com\/es\/productos\/instrucciones-incar\/\"},{\"@type\":\"ListItem\",\"position\":4,\"name\":\"INCAR bundles\"}]},{\"@type\":\"WebSite\",\"@id\":\"https:\/\/www.beijer.com\/#website\",\"url\":\"https:\/\/www.beijer.com\/\",\"name\":\"Beijer Automotive\",\"description\":\"\",\"publisher\":{\"@id\":\"https:\/\/www.beijer.com\/#organization\"},\"potentialAction\":[{\"@type\":\"SearchAction\",\"target\":{\"@type\":\"EntryPoint\",\"urlTemplate\":\"https:\/\/www.beijer.com\/?s={search_term_string}\"},\"query-input\":{\"@type\":\"PropertyValueSpecification\",\"valueRequired\":true,\"valueName\":\"search_term_string\"}}],\"inLanguage\":\"es\"},{\"@type\":\"Organization\",\"@id\":\"https:\/\/www.beijer.com\/#organization\",\"name\":\"Beijer Automotive\",\"url\":\"https:\/\/www.beijer.com\/\",\"logo\":{\"@type\":\"ImageObject\",\"inLanguage\":\"es\",\"@id\":\"https:\/\/www.beijer.com\/#\/schema\/logo\/image\/\",\"url\":\"https:\/\/www.beijer.com\/wp-content\/uploads\/2018\/06\/cropped-sdf.jpg\",\"contentUrl\":\"https:\/\/www.beijer.com\/wp-content\/uploads\/2018\/06\/cropped-sdf.jpg\",\"width\":\"180\",\"height\":\"59\",\"caption\":\"Beijer Automotive\"},\"image\":{\"@id\":\"https:\/\/www.beijer.com\/#\/schema\/logo\/image\/\"}}]}<\/script>\n<!-- \/ Yoast SEO plugin. -->","yoast_head_json":{"title":"INCAR bundles - Beijer Automotive","robots":{"index":"index","follow":"follow","max-snippet":"max-snippet:-1","max-image-preview":"max-image-preview:large","max-video-preview":"max-video-preview:-1"},"canonical":"https:\/\/www.beijer.com\/es\/productos\/instrucciones-incar\/incar-bundles\/","og_locale":"es_ES","og_type":"article","og_title":"INCAR bundles - Beijer Automotive","og_description":"Se requiere un paquete para consultar las instrucciones del INCAR. Si tiene una cuenta, puede comprar paquetes en la tienda web. Los paquetes comprados...","og_url":"https:\/\/www.beijer.com\/es\/productos\/instrucciones-incar\/incar-bundles\/","og_site_name":"Beijer Automotive","article_modified_time":"2021-11-18T08:02:05+00:00","og_image":[{"width":418,"height":417,"url":"https:\/\/www.beijer.com\/wp-content\/uploads\/2021\/08\/Beijer_NEW-Icons_DEF-site-zonder-cirkels-_INCAR-bundles-500.png","type":"image\/png"}],"twitter_card":"summary_large_image","schema":{"@context":"https:\/\/schema.org","@graph":[{"@type":"WebPage","@id":"https:\/\/www.beijer.com\/es\/productos\/instrucciones-incar\/incar-bundles\/","url":"https:\/\/www.beijer.com\/es\/productos\/instrucciones-incar\/incar-bundles\/","name":"INCAR bundles - Beijer Automotive","isPartOf":{"@id":"https:\/\/www.beijer.com\/#website"},"primaryImageOfPage":{"@id":"https:\/\/www.beijer.com\/es\/productos\/instrucciones-incar\/incar-bundles\/#primaryimage"},"image":{"@id":"https:\/\/www.beijer.com\/es\/productos\/instrucciones-incar\/incar-bundles\/#primaryimage"},"thumbnailUrl":"https:\/\/www.beijer.com\/wp-content\/uploads\/2021\/08\/Beijer_NEW-Icons_DEF-site-zonder-cirkels-_INCAR-bundles-500.png","datePublished":"2018-07-05T10:07:35+00:00","dateModified":"2021-11-18T08:02:05+00:00","breadcrumb":{"@id":"https:\/\/www.beijer.com\/es\/productos\/instrucciones-incar\/incar-bundles\/#breadcrumb"},"inLanguage":"es","potentialAction":[{"@type":"ReadAction","target":["https:\/\/www.beijer.com\/es\/productos\/instrucciones-incar\/incar-bundles\/"]}]},{"@type":"ImageObject","inLanguage":"es","@id":"https:\/\/www.beijer.com\/es\/productos\/instrucciones-incar\/incar-bundles\/#primaryimage","url":"https:\/\/www.beijer.com\/wp-content\/uploads\/2021\/08\/Beijer_NEW-Icons_DEF-site-zonder-cirkels-_INCAR-bundles-500.png","contentUrl":"https:\/\/www.beijer.com\/wp-content\/uploads\/2021\/08\/Beijer_NEW-Icons_DEF-site-zonder-cirkels-_INCAR-bundles-500.png","width":418,"height":417},{"@type":"BreadcrumbList","@id":"https:\/\/www.beijer.com\/es\/productos\/instrucciones-incar\/incar-bundles\/#breadcrumb","itemListElement":[{"@type":"ListItem","position":1,"name":"Home","item":"https:\/\/www.beijer.com\/es\/"},{"@type":"ListItem","position":2,"name":"Productos","item":"https:\/\/www.beijer.com\/es\/productos\/"},{"@type":"ListItem","position":3,"name":"Instrucciones INCAR","item":"https:\/\/www.beijer.com\/es\/productos\/instrucciones-incar\/"},{"@type":"ListItem","position":4,"name":"INCAR bundles"}]},{"@type":"WebSite","@id":"https:\/\/www.beijer.com\/#website","url":"https:\/\/www.beijer.com\/","name":"Beijer Automotive","description":"","publisher":{"@id":"https:\/\/www.beijer.com\/#organization"},"potentialAction":[{"@type":"SearchAction","target":{"@type":"EntryPoint","urlTemplate":"https:\/\/www.beijer.com\/?s={search_term_string}"},"query-input":{"@type":"PropertyValueSpecification","valueRequired":true,"valueName":"search_term_string"}}],"inLanguage":"es"},{"@type":"Organization","@id":"https:\/\/www.beijer.com\/#organization","name":"Beijer Automotive","url":"https:\/\/www.beijer.com\/","logo":{"@type":"ImageObject","inLanguage":"es","@id":"https:\/\/www.beijer.com\/#\/schema\/logo\/image\/","url":"https:\/\/www.beijer.com\/wp-content\/uploads\/2018\/06\/cropped-sdf.jpg","contentUrl":"https:\/\/www.beijer.com\/wp-content\/uploads\/2018\/06\/cropped-sdf.jpg","width":"180","height":"59","caption":"Beijer Automotive"},"image":{"@id":"https:\/\/www.beijer.com\/#\/schema\/logo\/image\/"}}]}},"_links":{"self":[{"href":"https:\/\/www.beijer.com\/es\/wp-json\/wp\/v2\/pages\/4294","targetHints":{"allow":["GET"]}}],"collection":[{"href":"https:\/\/www.beijer.com\/es\/wp-json\/wp\/v2\/pages"}],"about":[{"href":"https:\/\/www.beijer.com\/es\/wp-json\/wp\/v2\/types\/page"}],"author":[{"embeddable":true,"href":"https:\/\/www.beijer.com\/es\/wp-json\/wp\/v2\/users\/2"}],"replies":[{"embeddable":true,"href":"https:\/\/www.beijer.com\/es\/wp-json\/wp\/v2\/comments?post=4294"}],"version-history":[{"count":7,"href":"https:\/\/www.beijer.com\/es\/wp-json\/wp\/v2\/pages\/4294\/revisions"}],"predecessor-version":[{"id":5875,"href":"https:\/\/www.beijer.com\/es\/wp-json\/wp\/v2\/pages\/4294\/revisions\/5875"}],"up":[{"embeddable":true,"href":"https:\/\/www.beijer.com\/es\/wp-json\/wp\/v2\/pages\/596"}],"wp:featuredmedia":[{"embeddable":true,"href":"https:\/\/www.beijer.com\/es\/wp-json\/wp\/v2\/media\/3515"}],"wp:attachment":[{"href":"https:\/\/www.beijer.com\/es\/wp-json\/wp\/v2\/media?parent=4294"}],"curies":[{"name":"wp","href":"https:\/\/api.w.org\/{rel}","templated":true}]}}