{"id":51844,"date":"2026-01-26T12:04:15","date_gmt":"2026-01-26T11:04:15","guid":{"rendered":"https:\/\/www.beijer.com\/productos\/productos-can\/beijer-can-interfaces-bci\/bci-can-to-analog\/bci-tacho\/"},"modified":"2026-04-10T11:52:37","modified_gmt":"2026-04-10T09:52:37","slug":"bci-tacho","status":"publish","type":"page","link":"https:\/\/www.beijer.com\/es\/productos\/productos-can\/beijer-can-interfaces-bci\/bci-can-to-analog\/bci-tacho\/","title":{"rendered":"BCI-TACHO"},"content":{"rendered":"\n<p>Esta interfaz CAN universal con 3 salidas ha sido desarrollada espec\u00edficamente para la integraci\u00f3n con el Smart Tacho 2 (G2V2\/SMT2). A partir del 1 de julio de 2026, esta nueva generaci\u00f3n de tac\u00f3grafos tambi\u00e9n ser\u00e1 obligatoria para los veh\u00edculos comerciales ligeros (&gt;2500 kg) que realicen transporte internacional de mercanc\u00edas. Ya hemos tratado este tema en <strong><a href=\"https:\/\/www.beijer.com\/en\/news\/tachograph-regulations-for-light-commercial-vehicles-in-2026-be-prepared-with-a-beijer-can-interface-bci\/\" style=\"background:none !important; padding:0 !important; border:none !important; display:inline !important; color:#0a2540 !important; text-decoration:underline !important; font-weight:700 !important;\">este<\/a><\/strong> art\u00edculo. Debido a los requisitos m\u00e1s estrictos en materia de registro de trayectos e intercambio de datos, disponer de datos del veh\u00edculo fiables es esencial. El BCI-TACHO convierte los datos del bus CAN del veh\u00edculo en una se\u00f1al de velocidad para el tac\u00f3grafo a trav\u00e9s de los sensores M1N1 y KITAS.<\/p>\n\n\n<p><strong>Pre-order BCI-TACHO<\/strong><\/p>\n<p>Realiza tu pre-order ahora para asegurar la entrega en junio y aprovecha nuestras ofertas de lanzamiento.\n<\/p>\n<p>\n  <a style=\"background-color: #04a1ef; color: #fff; padding: 8px 12px; text-decoration: none; border-radius: 4px;\" href=\"https:\/\/www.beijer.com\/en\/bci-tacho-preorder\/\" target=\"_blank\" rel=\"noopener\">\n    PRE-ORDER BCI-TACHO\n  <\/a>\n<\/p>\n\n\n<table id=\"tablepress-17\" class=\"tablepress tablepress-id-17\">\n<tbody class=\"row-striping row-hover\">\n<tr class=\"row-1\">\n\t<td class=\"column-1\"><strong>INPUT<\/strong><br \/>\n&#8211; CAN High &amp; CAN Low (CAN Highspeed\/FD)<br \/>\n<br \/>\n<strong>OUTPUT<\/strong><br \/>\n&#8211; Speed<br \/>\n&#8211; Switched Power<br \/>\n&#8211; Parking Light<\/td><td class=\"column-2\"><img loading=\"lazy\" decoding=\"async\" src=\"https:\/\/www.beijer.com\/wp-content\/uploads\/2026\/01\/Productfoto-BCI-TACHO.png\" alt=\"BCI-TACHO CAN interface\" width=\"250\" height=\"200\" class=\"alignnone size-full wp-image-1534\" \/><\/td>\n<\/tr>\n<\/tbody>\n<\/table>\n<!-- #tablepress-17 from cache -->\n\n<p><strong>\u00bfPor qu\u00e9 elegir el BCI-TACHO?<\/strong><\/p>\n<ul class=\"beijer-checklist\">\n  <li>Se\u00f1al de velocidad <strong><u>estable y precisa<\/u><\/strong><\/li>\n  <li>Desarrollado espec\u00edficamente para <strong><u>Smart Tacho 2<\/u><\/strong><\/li>\n  <li><strong><u>Cable extra largo<\/u><\/strong> (2,5 m) para una instalaci\u00f3n sencilla<\/li>\n  <li>Cumple con las <strong><a href=\"https:\/\/business.gov.nl\/amendments\/smart-tachograph-type2-2500kg-and-more\/\" style=\"background:none !important; padding:0 !important; border:none !important; display:inline !important; color:#0a2540 !important; text-decoration:underline !important; font-weight:700 !important;\">normativas de la UE<\/a><\/strong><\/li>\n  <li><strong><u>No<\/u><\/strong> requiere conexi\u00f3n adicional al tac\u00f3grafo; la pantalla y los indicadores tambi\u00e9n se controlan desde una \u00fanica interfaz<\/li>\n  <li>Apto para <strong><a href=\"https:\/\/www.beijer.com\/en\/can-database\/\" style=\"background:none !important; padding:0 !important; border:none !important; display:inline !important; color:#0a2540 !important; text-decoration:underline !important; font-weight:700 !important;\">todos los veh\u00edculos comerciales ligeros<\/a><\/strong><\/li>\n  <li>Compatible con CAN FD<\/li>\n  <li>Instalaci\u00f3n sencilla gracias a la <strong><a href=\"https:\/\/www.beijer.com\/en\/products\/incar-instructions\/\" style=\"background:none !important; padding:0 !important; border:none !important; display:inline !important; color:#0a2540 !important; text-decoration:underline !important; font-weight:700 !important;\">instrucci\u00f3n INCAR gratuita<\/a><\/strong><\/li>\n<\/ul>\n\n<p><strong>Instalaci\u00f3n del BCI-TACHO<\/strong><\/p>\n<p>La conexi\u00f3n del BCI-TACHO es r\u00e1pida y sencilla.<\/p>\n<ol class=\"wp-block-list\">\n  <li>Conecte el BCI-TACHO a una alimentaci\u00f3n constante, masa y dos cables CAN<\/li>\n  <li>El BCI-TACHO reconoce autom\u00e1ticamente el veh\u00edculo<\/li>\n  <li>En menos de 20 segundos, se activan las salidas correspondientes<\/li>\n<\/ol>\n\n<p>Tambi\u00e9n es f\u00e1cil encontrar las conexiones CAN correctas en el veh\u00edculo gracias a las instrucciones INCAR gratuitas (en l\u00ednea).<\/p>\n\n<p>Consulte los veh\u00edculos compatibles con el BCI-TACHO y la documentaci\u00f3n de instalaci\u00f3n:<\/p>\n\n<div style=\"display:flex; gap:10px; flex-wrap:wrap;\">\n  <a style=\"background-color:#04a1ef; color:#fff; padding:8px 12px; text-decoration:none; border-radius:4px;\" href=\"https:\/\/www.beijer.com\/en\/bci-application-lists\/\" target=\"_blank\" rel=\"noopener\">\n    LISTA DE APLICACIONES BCI-TACHO\n  <\/a>\n  <a style=\"background-color:#04a1ef; color:#fff; padding:8px 12px; text-decoration:none; border-radius:4px;\" href=\"https:\/\/www.beijer.com\/wp-content\/uploads\/2025\/12\/Manual_BCING_V2_0525.pdf\" target=\"_blank\" rel=\"noopener\">\n    MANUAL BCI-TACHO\n  <\/a>\n<\/div>\n<br>\n\n<p>\u00bfTiene preguntas o desea m\u00e1s informaci\u00f3n sobre el BCI-TACHO?<\/p>\n\n<p>\n  <a style=\"background-color:#04a1ef; color:#fff; padding:8px 12px; text-decoration:none; border-radius:4px;\" href=\"https:\/\/www.beijer.com\/en\/contact\/\" target=\"_blank\" rel=\"noopener\">\n    CONTACTO\n  <\/a>\n<\/p>\n<br>\n\n<p>\n  <img loading=\"lazy\" decoding=\"async\" class=\"alignnone wp-image-52284\" src=\"https:\/\/www.beijer.com\/wp-content\/uploads\/2026\/03\/BCI-TACHO-voor-Smart-Tacho-2-1_ENG_VDO_DEF-300x160.jpg\" alt=\"\" width=\"446\" height=\"238\" srcset=\"https:\/\/www.beijer.com\/wp-content\/uploads\/2026\/03\/BCI-TACHO-voor-Smart-Tacho-2-1_ENG_VDO_DEF-300x160.jpg 300w, https:\/\/www.beijer.com\/wp-content\/uploads\/2026\/03\/BCI-TACHO-voor-Smart-Tacho-2-1_ENG_VDO_DEF.jpg 685w\" sizes=\"auto, (max-width: 446px) 100vw, 446px\" \/>\n<\/p>","protected":false},"excerpt":{"rendered":"<p>Esta interfaz CAN universal con 3 salidas ha sido desarrollada espec\u00edficamente para la integraci\u00f3n con el Smart Tacho 2 (G2V2\/SMT2). A partir del 1&#8230;<\/p>\n","protected":false},"author":2,"featured_media":51697,"parent":4147,"menu_order":0,"comment_status":"closed","ping_status":"closed","template":"","meta":{"_acf_changed":false,"footnotes":""},"class_list":["post-51844","page","type-page","status-publish","has-post-thumbnail","hentry"],"acf":[],"yoast_head":"<!-- This site is optimized with the Yoast SEO plugin v27.5 - https:\/\/yoast.com\/product\/yoast-seo-wordpress\/ -->\n<title>BCI-TACHO - Beijer Automotive<\/title>\n<meta name=\"robots\" content=\"index, follow, max-snippet:-1, max-image-preview:large, max-video-preview:-1\" \/>\n<link rel=\"canonical\" href=\"https:\/\/www.beijer.com\/es\/productos\/productos-can\/beijer-can-interfaces-bci\/bci-can-to-analog\/bci-tacho\/\" \/>\n<meta property=\"og:locale\" content=\"es_ES\" \/>\n<meta property=\"og:type\" content=\"article\" \/>\n<meta property=\"og:title\" content=\"BCI-TACHO - Beijer Automotive\" \/>\n<meta property=\"og:description\" content=\"Esta interfaz CAN universal con 3 salidas ha sido desarrollada espec\u00edficamente para la integraci\u00f3n con el Smart Tacho 2 (G2V2\/SMT2). A partir del 1...\" \/>\n<meta property=\"og:url\" content=\"https:\/\/www.beijer.com\/es\/productos\/productos-can\/beijer-can-interfaces-bci\/bci-can-to-analog\/bci-tacho\/\" \/>\n<meta property=\"og:site_name\" content=\"Beijer Automotive\" \/>\n<meta property=\"article:modified_time\" content=\"2026-04-10T09:52:37+00:00\" \/>\n<meta property=\"og:image\" content=\"https:\/\/www.beijer.com\/wp-content\/uploads\/2026\/01\/BCI_TACHO_icon.png\" \/>\n\t<meta property=\"og:image:width\" content=\"158\" \/>\n\t<meta property=\"og:image:height\" content=\"158\" \/>\n\t<meta property=\"og:image:type\" content=\"image\/png\" \/>\n<meta name=\"twitter:card\" content=\"summary_large_image\" \/>\n<script type=\"application\/ld+json\" class=\"yoast-schema-graph\">{\"@context\":\"https:\\\/\\\/schema.org\",\"@graph\":[{\"@type\":\"WebPage\",\"@id\":\"https:\\\/\\\/www.beijer.com\\\/es\\\/productos\\\/productos-can\\\/beijer-can-interfaces-bci\\\/bci-can-to-analog\\\/bci-tacho\\\/\",\"url\":\"https:\\\/\\\/www.beijer.com\\\/es\\\/productos\\\/productos-can\\\/beijer-can-interfaces-bci\\\/bci-can-to-analog\\\/bci-tacho\\\/\",\"name\":\"BCI-TACHO - Beijer Automotive\",\"isPartOf\":{\"@id\":\"https:\\\/\\\/www.beijer.com\\\/#website\"},\"primaryImageOfPage\":{\"@id\":\"https:\\\/\\\/www.beijer.com\\\/es\\\/productos\\\/productos-can\\\/beijer-can-interfaces-bci\\\/bci-can-to-analog\\\/bci-tacho\\\/#primaryimage\"},\"image\":{\"@id\":\"https:\\\/\\\/www.beijer.com\\\/es\\\/productos\\\/productos-can\\\/beijer-can-interfaces-bci\\\/bci-can-to-analog\\\/bci-tacho\\\/#primaryimage\"},\"thumbnailUrl\":\"https:\\\/\\\/www.beijer.com\\\/wp-content\\\/uploads\\\/2026\\\/01\\\/BCI_TACHO_icon.png\",\"datePublished\":\"2026-01-26T11:04:15+00:00\",\"dateModified\":\"2026-04-10T09:52:37+00:00\",\"breadcrumb\":{\"@id\":\"https:\\\/\\\/www.beijer.com\\\/es\\\/productos\\\/productos-can\\\/beijer-can-interfaces-bci\\\/bci-can-to-analog\\\/bci-tacho\\\/#breadcrumb\"},\"inLanguage\":\"es\",\"potentialAction\":[{\"@type\":\"ReadAction\",\"target\":[\"https:\\\/\\\/www.beijer.com\\\/es\\\/productos\\\/productos-can\\\/beijer-can-interfaces-bci\\\/bci-can-to-analog\\\/bci-tacho\\\/\"]}]},{\"@type\":\"ImageObject\",\"inLanguage\":\"es\",\"@id\":\"https:\\\/\\\/www.beijer.com\\\/es\\\/productos\\\/productos-can\\\/beijer-can-interfaces-bci\\\/bci-can-to-analog\\\/bci-tacho\\\/#primaryimage\",\"url\":\"https:\\\/\\\/www.beijer.com\\\/wp-content\\\/uploads\\\/2026\\\/01\\\/BCI_TACHO_icon.png\",\"contentUrl\":\"https:\\\/\\\/www.beijer.com\\\/wp-content\\\/uploads\\\/2026\\\/01\\\/BCI_TACHO_icon.png\",\"width\":158,\"height\":158},{\"@type\":\"BreadcrumbList\",\"@id\":\"https:\\\/\\\/www.beijer.com\\\/es\\\/productos\\\/productos-can\\\/beijer-can-interfaces-bci\\\/bci-can-to-analog\\\/bci-tacho\\\/#breadcrumb\",\"itemListElement\":[{\"@type\":\"ListItem\",\"position\":1,\"name\":\"Home\",\"item\":\"https:\\\/\\\/www.beijer.com\\\/es\\\/\"},{\"@type\":\"ListItem\",\"position\":2,\"name\":\"Productos\",\"item\":\"https:\\\/\\\/www.beijer.com\\\/es\\\/productos\\\/\"},{\"@type\":\"ListItem\",\"position\":3,\"name\":\"Productos CAN\",\"item\":\"https:\\\/\\\/www.beijer.com\\\/es\\\/productos\\\/productos-can\\\/\"},{\"@type\":\"ListItem\",\"position\":4,\"name\":\"Beijer Interfaz CAN (BCI)\",\"item\":\"https:\\\/\\\/www.beijer.com\\\/es\\\/productos\\\/productos-can\\\/beijer-can-interfaces-bci\\\/\"},{\"@type\":\"ListItem\",\"position\":5,\"name\":\"BCI | CAN-to-Analog\",\"item\":\"https:\\\/\\\/www.beijer.com\\\/es\\\/productos\\\/productos-can\\\/beijer-can-interfaces-bci\\\/bci-can-to-analog\\\/\"},{\"@type\":\"ListItem\",\"position\":6,\"name\":\"BCI-TACHO\"}]},{\"@type\":\"WebSite\",\"@id\":\"https:\\\/\\\/www.beijer.com\\\/#website\",\"url\":\"https:\\\/\\\/www.beijer.com\\\/\",\"name\":\"Beijer Automotive\",\"description\":\"\",\"publisher\":{\"@id\":\"https:\\\/\\\/www.beijer.com\\\/#organization\"},\"potentialAction\":[{\"@type\":\"SearchAction\",\"target\":{\"@type\":\"EntryPoint\",\"urlTemplate\":\"https:\\\/\\\/www.beijer.com\\\/?s={search_term_string}\"},\"query-input\":{\"@type\":\"PropertyValueSpecification\",\"valueRequired\":true,\"valueName\":\"search_term_string\"}}],\"inLanguage\":\"es\"},{\"@type\":\"Organization\",\"@id\":\"https:\\\/\\\/www.beijer.com\\\/#organization\",\"name\":\"Beijer Automotive\",\"url\":\"https:\\\/\\\/www.beijer.com\\\/\",\"logo\":{\"@type\":\"ImageObject\",\"inLanguage\":\"es\",\"@id\":\"https:\\\/\\\/www.beijer.com\\\/#\\\/schema\\\/logo\\\/image\\\/\",\"url\":\"https:\\\/\\\/www.beijer.com\\\/wp-content\\\/uploads\\\/2018\\\/06\\\/cropped-sdf.jpg\",\"contentUrl\":\"https:\\\/\\\/www.beijer.com\\\/wp-content\\\/uploads\\\/2018\\\/06\\\/cropped-sdf.jpg\",\"width\":\"180\",\"height\":\"59\",\"caption\":\"Beijer Automotive\"},\"image\":{\"@id\":\"https:\\\/\\\/www.beijer.com\\\/#\\\/schema\\\/logo\\\/image\\\/\"}}]}<\/script>\n<!-- \/ Yoast SEO plugin. -->","yoast_head_json":{"title":"BCI-TACHO - Beijer Automotive","robots":{"index":"index","follow":"follow","max-snippet":"max-snippet:-1","max-image-preview":"max-image-preview:large","max-video-preview":"max-video-preview:-1"},"canonical":"https:\/\/www.beijer.com\/es\/productos\/productos-can\/beijer-can-interfaces-bci\/bci-can-to-analog\/bci-tacho\/","og_locale":"es_ES","og_type":"article","og_title":"BCI-TACHO - Beijer Automotive","og_description":"Esta interfaz CAN universal con 3 salidas ha sido desarrollada espec\u00edficamente para la integraci\u00f3n con el Smart Tacho 2 (G2V2\/SMT2). A partir del 1...","og_url":"https:\/\/www.beijer.com\/es\/productos\/productos-can\/beijer-can-interfaces-bci\/bci-can-to-analog\/bci-tacho\/","og_site_name":"Beijer Automotive","article_modified_time":"2026-04-10T09:52:37+00:00","og_image":[{"width":158,"height":158,"url":"https:\/\/www.beijer.com\/wp-content\/uploads\/2026\/01\/BCI_TACHO_icon.png","type":"image\/png"}],"twitter_card":"summary_large_image","schema":{"@context":"https:\/\/schema.org","@graph":[{"@type":"WebPage","@id":"https:\/\/www.beijer.com\/es\/productos\/productos-can\/beijer-can-interfaces-bci\/bci-can-to-analog\/bci-tacho\/","url":"https:\/\/www.beijer.com\/es\/productos\/productos-can\/beijer-can-interfaces-bci\/bci-can-to-analog\/bci-tacho\/","name":"BCI-TACHO - Beijer Automotive","isPartOf":{"@id":"https:\/\/www.beijer.com\/#website"},"primaryImageOfPage":{"@id":"https:\/\/www.beijer.com\/es\/productos\/productos-can\/beijer-can-interfaces-bci\/bci-can-to-analog\/bci-tacho\/#primaryimage"},"image":{"@id":"https:\/\/www.beijer.com\/es\/productos\/productos-can\/beijer-can-interfaces-bci\/bci-can-to-analog\/bci-tacho\/#primaryimage"},"thumbnailUrl":"https:\/\/www.beijer.com\/wp-content\/uploads\/2026\/01\/BCI_TACHO_icon.png","datePublished":"2026-01-26T11:04:15+00:00","dateModified":"2026-04-10T09:52:37+00:00","breadcrumb":{"@id":"https:\/\/www.beijer.com\/es\/productos\/productos-can\/beijer-can-interfaces-bci\/bci-can-to-analog\/bci-tacho\/#breadcrumb"},"inLanguage":"es","potentialAction":[{"@type":"ReadAction","target":["https:\/\/www.beijer.com\/es\/productos\/productos-can\/beijer-can-interfaces-bci\/bci-can-to-analog\/bci-tacho\/"]}]},{"@type":"ImageObject","inLanguage":"es","@id":"https:\/\/www.beijer.com\/es\/productos\/productos-can\/beijer-can-interfaces-bci\/bci-can-to-analog\/bci-tacho\/#primaryimage","url":"https:\/\/www.beijer.com\/wp-content\/uploads\/2026\/01\/BCI_TACHO_icon.png","contentUrl":"https:\/\/www.beijer.com\/wp-content\/uploads\/2026\/01\/BCI_TACHO_icon.png","width":158,"height":158},{"@type":"BreadcrumbList","@id":"https:\/\/www.beijer.com\/es\/productos\/productos-can\/beijer-can-interfaces-bci\/bci-can-to-analog\/bci-tacho\/#breadcrumb","itemListElement":[{"@type":"ListItem","position":1,"name":"Home","item":"https:\/\/www.beijer.com\/es\/"},{"@type":"ListItem","position":2,"name":"Productos","item":"https:\/\/www.beijer.com\/es\/productos\/"},{"@type":"ListItem","position":3,"name":"Productos CAN","item":"https:\/\/www.beijer.com\/es\/productos\/productos-can\/"},{"@type":"ListItem","position":4,"name":"Beijer Interfaz CAN (BCI)","item":"https:\/\/www.beijer.com\/es\/productos\/productos-can\/beijer-can-interfaces-bci\/"},{"@type":"ListItem","position":5,"name":"BCI | CAN-to-Analog","item":"https:\/\/www.beijer.com\/es\/productos\/productos-can\/beijer-can-interfaces-bci\/bci-can-to-analog\/"},{"@type":"ListItem","position":6,"name":"BCI-TACHO"}]},{"@type":"WebSite","@id":"https:\/\/www.beijer.com\/#website","url":"https:\/\/www.beijer.com\/","name":"Beijer Automotive","description":"","publisher":{"@id":"https:\/\/www.beijer.com\/#organization"},"potentialAction":[{"@type":"SearchAction","target":{"@type":"EntryPoint","urlTemplate":"https:\/\/www.beijer.com\/?s={search_term_string}"},"query-input":{"@type":"PropertyValueSpecification","valueRequired":true,"valueName":"search_term_string"}}],"inLanguage":"es"},{"@type":"Organization","@id":"https:\/\/www.beijer.com\/#organization","name":"Beijer Automotive","url":"https:\/\/www.beijer.com\/","logo":{"@type":"ImageObject","inLanguage":"es","@id":"https:\/\/www.beijer.com\/#\/schema\/logo\/image\/","url":"https:\/\/www.beijer.com\/wp-content\/uploads\/2018\/06\/cropped-sdf.jpg","contentUrl":"https:\/\/www.beijer.com\/wp-content\/uploads\/2018\/06\/cropped-sdf.jpg","width":"180","height":"59","caption":"Beijer Automotive"},"image":{"@id":"https:\/\/www.beijer.com\/#\/schema\/logo\/image\/"}}]}},"_links":{"self":[{"href":"https:\/\/www.beijer.com\/es\/wp-json\/wp\/v2\/pages\/51844","targetHints":{"allow":["GET"]}}],"collection":[{"href":"https:\/\/www.beijer.com\/es\/wp-json\/wp\/v2\/pages"}],"about":[{"href":"https:\/\/www.beijer.com\/es\/wp-json\/wp\/v2\/types\/page"}],"author":[{"embeddable":true,"href":"https:\/\/www.beijer.com\/es\/wp-json\/wp\/v2\/users\/2"}],"replies":[{"embeddable":true,"href":"https:\/\/www.beijer.com\/es\/wp-json\/wp\/v2\/comments?post=51844"}],"version-history":[{"count":7,"href":"https:\/\/www.beijer.com\/es\/wp-json\/wp\/v2\/pages\/51844\/revisions"}],"predecessor-version":[{"id":52878,"href":"https:\/\/www.beijer.com\/es\/wp-json\/wp\/v2\/pages\/51844\/revisions\/52878"}],"up":[{"embeddable":true,"href":"https:\/\/www.beijer.com\/es\/wp-json\/wp\/v2\/pages\/4147"}],"wp:featuredmedia":[{"embeddable":true,"href":"https:\/\/www.beijer.com\/es\/wp-json\/wp\/v2\/media\/51697"}],"wp:attachment":[{"href":"https:\/\/www.beijer.com\/es\/wp-json\/wp\/v2\/media?parent=51844"}],"curies":[{"name":"wp","href":"https:\/\/api.w.org\/{rel}","templated":true}]}}