{"id":5216,"date":"2021-05-25T09:15:26","date_gmt":"2021-05-25T09:15:26","guid":{"rendered":"https:\/\/www.beijer.com\/productos\/productos-can\/beijer-can-interfaces-bci\/bci-can-to-analog\/bci-tesla\/"},"modified":"2026-03-30T12:06:51","modified_gmt":"2026-03-30T10:06:51","slug":"bci-tesla","status":"publish","type":"page","link":"https:\/\/www.beijer.com\/es\/productos\/productos-can\/beijer-can-interfaces-bci\/bci-can-to-analog\/bci-tesla\/","title":{"rendered":"BCI-TESLA"},"content":{"rendered":"<p>La BCI-TESLA es una interfaz CAN con dos salidas, especialmente dise\u00f1ado para el Tesla Model Y y Model 3 (con DLC\/OBD) desde mediados de 2020.<\/p>\n<p>\n<table id=\"tablepress-15\" class=\"tablepress tablepress-id-15\">\n<tbody class=\"row-striping row-hover\">\n<tr class=\"row-1\">\n\t<td class=\"column-1\"><strong>INPUT<\/strong><br \/>\n- CAN High &amp; CAN Low (Highspeed)<br \/>\n<br \/>\n<strong>OUTPUT<\/strong><br \/>\n- Speed<br \/>\n- Switched Power<\/td><td class=\"column-2\"><img loading=\"lazy\" decoding=\"async\" src=\"https:\/\/beijer.com\/wp-content\/uploads\/2021\/05\/BCI-imageTESLA_512X512.jpg\" alt=\"BCI CAN interface\" width=\"250\" height=\"200\" class=\"alignnone size-full wp-image-1534\" \/><\/td>\n<\/tr>\n<\/tbody>\n<\/table>\n<!-- #tablepress-15 from cache -->\u20ac 190,- IVA excluido<\/p>\n<p>Tesla Inc. es conocida por actualizar sus autos over-the-air. Una ventaja de esto es que los usuarios siempre tienen las \u00faltimas versiones de software con las funciones y mejoras m\u00e1s nuevas. Sin embargo, la desventaja es que las caracter\u00edsticas del coche pueden cambiar provocando, por ejemplo, que los tax\u00edmetros dejen de funcionar correctamente. Para evitar estos problemas, Tesla y Beijer Automotive han unido sus fuerzas y han desarrollado una soluci\u00f3n en forma de una interfaz CAN especial BCI-TESLA. Como resultado, un tax\u00edmetro en el nuevo Tesla Model 3 y Model Y de mediados de 2020 siempre seguir\u00e1 funcionando, a pesar de las actualizaciones provisionales de Tesla.<\/p>\n<p>Conectar una BCI es r\u00e1pido y f\u00e1cil. Una vez conectada a una fuente de alimentaci\u00f3n constante, a masa y a dos cables CAN, la BCI determinar\u00e1 autom\u00e1ticamente la marca y el modelo del veh\u00edculo. En tan solo 20 segundos o menos, la BCI reconocer\u00e1 el veh\u00edculo y, a partir de ese momento, proceder\u00e1 a controlar las salidas pertinentes. Y localizar las conexiones CAN en el autom\u00f3vil tambi\u00e9n es f\u00e1cil con la ayuda de las instrucciones INCAR gratuitas que vienen con cada BCI.<\/p>\n<p><strong><a href=\"https:\/\/bcs.beijer.com\/doc\/bci\/ApplicationLists\/PA.1013.SV.AAJA.254.html\" target=\"_blank\" rel=\"noopener\">APPLICATION LIST<\/a><\/strong> <strong><a href=\"https:\/\/www.beijer.com\/wp-content\/uploads\/2025\/12\/Manual_BCING_V2_0525.pdf\" target=\"_blank\" rel=\"noopener\">MANUAL<\/a><\/strong> <strong><a href=\"https:\/\/incar.beijer.com\/shop\/interfaces\/can.html\" target=\"_blank\" rel=\"noopener\">ORDENAR AHORA<\/a><\/strong><\/p>\n\n\n<p><\/p>\n","protected":false},"excerpt":{"rendered":"<p>La BCI-TESLA es una interfaz CAN con dos salidas, especialmente dise\u00f1ado para el Tesla Model Y y Model 3 (con DLC\/OBD) desde mediados de&#8230;<\/p>\n","protected":false},"author":2,"featured_media":3473,"parent":4147,"menu_order":3,"comment_status":"closed","ping_status":"closed","template":"","meta":{"_acf_changed":false,"footnotes":""},"class_list":["post-5216","page","type-page","status-publish","has-post-thumbnail","hentry"],"acf":[],"yoast_head":"<!-- This site is optimized with the Yoast SEO plugin v27.5 - https:\/\/yoast.com\/product\/yoast-seo-wordpress\/ -->\n<title>BCI-TESLA - Beijer Automotive<\/title>\n<meta name=\"robots\" content=\"index, follow, max-snippet:-1, max-image-preview:large, max-video-preview:-1\" \/>\n<link rel=\"canonical\" href=\"https:\/\/www.beijer.com\/es\/productos\/productos-can\/beijer-can-interfaces-bci\/bci-can-to-analog\/bci-tesla\/\" \/>\n<meta property=\"og:locale\" content=\"es_ES\" \/>\n<meta property=\"og:type\" content=\"article\" \/>\n<meta property=\"og:title\" content=\"BCI-TESLA - Beijer Automotive\" \/>\n<meta property=\"og:description\" content=\"La BCI-TESLA es una interfaz CAN con dos salidas, especialmente dise\u00f1ado para el Tesla Model Y y Model 3 (con DLC\/OBD) desde mediados de...\" \/>\n<meta property=\"og:url\" content=\"https:\/\/www.beijer.com\/es\/productos\/productos-can\/beijer-can-interfaces-bci\/bci-can-to-analog\/bci-tesla\/\" \/>\n<meta property=\"og:site_name\" content=\"Beijer Automotive\" \/>\n<meta property=\"article:modified_time\" content=\"2026-03-30T10:06:51+00:00\" \/>\n<meta property=\"og:image\" content=\"https:\/\/www.beijer.com\/wp-content\/uploads\/2021\/08\/Beijer_NEW-Icons_DEF-site-zonder-cirkels-_BCI-2.png\" \/>\n\t<meta property=\"og:image:width\" content=\"417\" \/>\n\t<meta property=\"og:image:height\" content=\"418\" \/>\n\t<meta property=\"og:image:type\" content=\"image\/png\" \/>\n<meta name=\"twitter:card\" content=\"summary_large_image\" \/>\n<script type=\"application\/ld+json\" class=\"yoast-schema-graph\">{\"@context\":\"https:\\\/\\\/schema.org\",\"@graph\":[{\"@type\":\"WebPage\",\"@id\":\"https:\\\/\\\/www.beijer.com\\\/es\\\/productos\\\/productos-can\\\/beijer-can-interfaces-bci\\\/bci-can-to-analog\\\/bci-tesla\\\/\",\"url\":\"https:\\\/\\\/www.beijer.com\\\/es\\\/productos\\\/productos-can\\\/beijer-can-interfaces-bci\\\/bci-can-to-analog\\\/bci-tesla\\\/\",\"name\":\"BCI-TESLA - Beijer Automotive\",\"isPartOf\":{\"@id\":\"https:\\\/\\\/www.beijer.com\\\/#website\"},\"primaryImageOfPage\":{\"@id\":\"https:\\\/\\\/www.beijer.com\\\/es\\\/productos\\\/productos-can\\\/beijer-can-interfaces-bci\\\/bci-can-to-analog\\\/bci-tesla\\\/#primaryimage\"},\"image\":{\"@id\":\"https:\\\/\\\/www.beijer.com\\\/es\\\/productos\\\/productos-can\\\/beijer-can-interfaces-bci\\\/bci-can-to-analog\\\/bci-tesla\\\/#primaryimage\"},\"thumbnailUrl\":\"https:\\\/\\\/www.beijer.com\\\/wp-content\\\/uploads\\\/2021\\\/08\\\/Beijer_NEW-Icons_DEF-site-zonder-cirkels-_BCI-2.png\",\"datePublished\":\"2021-05-25T09:15:26+00:00\",\"dateModified\":\"2026-03-30T10:06:51+00:00\",\"breadcrumb\":{\"@id\":\"https:\\\/\\\/www.beijer.com\\\/es\\\/productos\\\/productos-can\\\/beijer-can-interfaces-bci\\\/bci-can-to-analog\\\/bci-tesla\\\/#breadcrumb\"},\"inLanguage\":\"es\",\"potentialAction\":[{\"@type\":\"ReadAction\",\"target\":[\"https:\\\/\\\/www.beijer.com\\\/es\\\/productos\\\/productos-can\\\/beijer-can-interfaces-bci\\\/bci-can-to-analog\\\/bci-tesla\\\/\"]}]},{\"@type\":\"ImageObject\",\"inLanguage\":\"es\",\"@id\":\"https:\\\/\\\/www.beijer.com\\\/es\\\/productos\\\/productos-can\\\/beijer-can-interfaces-bci\\\/bci-can-to-analog\\\/bci-tesla\\\/#primaryimage\",\"url\":\"https:\\\/\\\/www.beijer.com\\\/wp-content\\\/uploads\\\/2021\\\/08\\\/Beijer_NEW-Icons_DEF-site-zonder-cirkels-_BCI-2.png\",\"contentUrl\":\"https:\\\/\\\/www.beijer.com\\\/wp-content\\\/uploads\\\/2021\\\/08\\\/Beijer_NEW-Icons_DEF-site-zonder-cirkels-_BCI-2.png\",\"width\":417,\"height\":418},{\"@type\":\"BreadcrumbList\",\"@id\":\"https:\\\/\\\/www.beijer.com\\\/es\\\/productos\\\/productos-can\\\/beijer-can-interfaces-bci\\\/bci-can-to-analog\\\/bci-tesla\\\/#breadcrumb\",\"itemListElement\":[{\"@type\":\"ListItem\",\"position\":1,\"name\":\"Home\",\"item\":\"https:\\\/\\\/www.beijer.com\\\/es\\\/\"},{\"@type\":\"ListItem\",\"position\":2,\"name\":\"Productos\",\"item\":\"https:\\\/\\\/www.beijer.com\\\/es\\\/productos\\\/\"},{\"@type\":\"ListItem\",\"position\":3,\"name\":\"Productos CAN\",\"item\":\"https:\\\/\\\/www.beijer.com\\\/es\\\/productos\\\/productos-can\\\/\"},{\"@type\":\"ListItem\",\"position\":4,\"name\":\"Beijer Interfaz CAN (BCI)\",\"item\":\"https:\\\/\\\/www.beijer.com\\\/es\\\/productos\\\/productos-can\\\/beijer-can-interfaces-bci\\\/\"},{\"@type\":\"ListItem\",\"position\":5,\"name\":\"BCI | CAN-to-Analog\",\"item\":\"https:\\\/\\\/www.beijer.com\\\/es\\\/productos\\\/productos-can\\\/beijer-can-interfaces-bci\\\/bci-can-to-analog\\\/\"},{\"@type\":\"ListItem\",\"position\":6,\"name\":\"BCI-TESLA\"}]},{\"@type\":\"WebSite\",\"@id\":\"https:\\\/\\\/www.beijer.com\\\/#website\",\"url\":\"https:\\\/\\\/www.beijer.com\\\/\",\"name\":\"Beijer Automotive\",\"description\":\"\",\"publisher\":{\"@id\":\"https:\\\/\\\/www.beijer.com\\\/#organization\"},\"potentialAction\":[{\"@type\":\"SearchAction\",\"target\":{\"@type\":\"EntryPoint\",\"urlTemplate\":\"https:\\\/\\\/www.beijer.com\\\/?s={search_term_string}\"},\"query-input\":{\"@type\":\"PropertyValueSpecification\",\"valueRequired\":true,\"valueName\":\"search_term_string\"}}],\"inLanguage\":\"es\"},{\"@type\":\"Organization\",\"@id\":\"https:\\\/\\\/www.beijer.com\\\/#organization\",\"name\":\"Beijer Automotive\",\"url\":\"https:\\\/\\\/www.beijer.com\\\/\",\"logo\":{\"@type\":\"ImageObject\",\"inLanguage\":\"es\",\"@id\":\"https:\\\/\\\/www.beijer.com\\\/#\\\/schema\\\/logo\\\/image\\\/\",\"url\":\"https:\\\/\\\/www.beijer.com\\\/wp-content\\\/uploads\\\/2018\\\/06\\\/cropped-sdf.jpg\",\"contentUrl\":\"https:\\\/\\\/www.beijer.com\\\/wp-content\\\/uploads\\\/2018\\\/06\\\/cropped-sdf.jpg\",\"width\":\"180\",\"height\":\"59\",\"caption\":\"Beijer Automotive\"},\"image\":{\"@id\":\"https:\\\/\\\/www.beijer.com\\\/#\\\/schema\\\/logo\\\/image\\\/\"}}]}<\/script>\n<!-- \/ Yoast SEO plugin. -->","yoast_head_json":{"title":"BCI-TESLA - Beijer Automotive","robots":{"index":"index","follow":"follow","max-snippet":"max-snippet:-1","max-image-preview":"max-image-preview:large","max-video-preview":"max-video-preview:-1"},"canonical":"https:\/\/www.beijer.com\/es\/productos\/productos-can\/beijer-can-interfaces-bci\/bci-can-to-analog\/bci-tesla\/","og_locale":"es_ES","og_type":"article","og_title":"BCI-TESLA - Beijer Automotive","og_description":"La BCI-TESLA es una interfaz CAN con dos salidas, especialmente dise\u00f1ado para el Tesla Model Y y Model 3 (con DLC\/OBD) desde mediados de...","og_url":"https:\/\/www.beijer.com\/es\/productos\/productos-can\/beijer-can-interfaces-bci\/bci-can-to-analog\/bci-tesla\/","og_site_name":"Beijer Automotive","article_modified_time":"2026-03-30T10:06:51+00:00","og_image":[{"width":417,"height":418,"url":"https:\/\/www.beijer.com\/wp-content\/uploads\/2021\/08\/Beijer_NEW-Icons_DEF-site-zonder-cirkels-_BCI-2.png","type":"image\/png"}],"twitter_card":"summary_large_image","schema":{"@context":"https:\/\/schema.org","@graph":[{"@type":"WebPage","@id":"https:\/\/www.beijer.com\/es\/productos\/productos-can\/beijer-can-interfaces-bci\/bci-can-to-analog\/bci-tesla\/","url":"https:\/\/www.beijer.com\/es\/productos\/productos-can\/beijer-can-interfaces-bci\/bci-can-to-analog\/bci-tesla\/","name":"BCI-TESLA - Beijer Automotive","isPartOf":{"@id":"https:\/\/www.beijer.com\/#website"},"primaryImageOfPage":{"@id":"https:\/\/www.beijer.com\/es\/productos\/productos-can\/beijer-can-interfaces-bci\/bci-can-to-analog\/bci-tesla\/#primaryimage"},"image":{"@id":"https:\/\/www.beijer.com\/es\/productos\/productos-can\/beijer-can-interfaces-bci\/bci-can-to-analog\/bci-tesla\/#primaryimage"},"thumbnailUrl":"https:\/\/www.beijer.com\/wp-content\/uploads\/2021\/08\/Beijer_NEW-Icons_DEF-site-zonder-cirkels-_BCI-2.png","datePublished":"2021-05-25T09:15:26+00:00","dateModified":"2026-03-30T10:06:51+00:00","breadcrumb":{"@id":"https:\/\/www.beijer.com\/es\/productos\/productos-can\/beijer-can-interfaces-bci\/bci-can-to-analog\/bci-tesla\/#breadcrumb"},"inLanguage":"es","potentialAction":[{"@type":"ReadAction","target":["https:\/\/www.beijer.com\/es\/productos\/productos-can\/beijer-can-interfaces-bci\/bci-can-to-analog\/bci-tesla\/"]}]},{"@type":"ImageObject","inLanguage":"es","@id":"https:\/\/www.beijer.com\/es\/productos\/productos-can\/beijer-can-interfaces-bci\/bci-can-to-analog\/bci-tesla\/#primaryimage","url":"https:\/\/www.beijer.com\/wp-content\/uploads\/2021\/08\/Beijer_NEW-Icons_DEF-site-zonder-cirkels-_BCI-2.png","contentUrl":"https:\/\/www.beijer.com\/wp-content\/uploads\/2021\/08\/Beijer_NEW-Icons_DEF-site-zonder-cirkels-_BCI-2.png","width":417,"height":418},{"@type":"BreadcrumbList","@id":"https:\/\/www.beijer.com\/es\/productos\/productos-can\/beijer-can-interfaces-bci\/bci-can-to-analog\/bci-tesla\/#breadcrumb","itemListElement":[{"@type":"ListItem","position":1,"name":"Home","item":"https:\/\/www.beijer.com\/es\/"},{"@type":"ListItem","position":2,"name":"Productos","item":"https:\/\/www.beijer.com\/es\/productos\/"},{"@type":"ListItem","position":3,"name":"Productos CAN","item":"https:\/\/www.beijer.com\/es\/productos\/productos-can\/"},{"@type":"ListItem","position":4,"name":"Beijer Interfaz CAN (BCI)","item":"https:\/\/www.beijer.com\/es\/productos\/productos-can\/beijer-can-interfaces-bci\/"},{"@type":"ListItem","position":5,"name":"BCI | CAN-to-Analog","item":"https:\/\/www.beijer.com\/es\/productos\/productos-can\/beijer-can-interfaces-bci\/bci-can-to-analog\/"},{"@type":"ListItem","position":6,"name":"BCI-TESLA"}]},{"@type":"WebSite","@id":"https:\/\/www.beijer.com\/#website","url":"https:\/\/www.beijer.com\/","name":"Beijer Automotive","description":"","publisher":{"@id":"https:\/\/www.beijer.com\/#organization"},"potentialAction":[{"@type":"SearchAction","target":{"@type":"EntryPoint","urlTemplate":"https:\/\/www.beijer.com\/?s={search_term_string}"},"query-input":{"@type":"PropertyValueSpecification","valueRequired":true,"valueName":"search_term_string"}}],"inLanguage":"es"},{"@type":"Organization","@id":"https:\/\/www.beijer.com\/#organization","name":"Beijer Automotive","url":"https:\/\/www.beijer.com\/","logo":{"@type":"ImageObject","inLanguage":"es","@id":"https:\/\/www.beijer.com\/#\/schema\/logo\/image\/","url":"https:\/\/www.beijer.com\/wp-content\/uploads\/2018\/06\/cropped-sdf.jpg","contentUrl":"https:\/\/www.beijer.com\/wp-content\/uploads\/2018\/06\/cropped-sdf.jpg","width":"180","height":"59","caption":"Beijer Automotive"},"image":{"@id":"https:\/\/www.beijer.com\/#\/schema\/logo\/image\/"}}]}},"_links":{"self":[{"href":"https:\/\/www.beijer.com\/es\/wp-json\/wp\/v2\/pages\/5216","targetHints":{"allow":["GET"]}}],"collection":[{"href":"https:\/\/www.beijer.com\/es\/wp-json\/wp\/v2\/pages"}],"about":[{"href":"https:\/\/www.beijer.com\/es\/wp-json\/wp\/v2\/types\/page"}],"author":[{"embeddable":true,"href":"https:\/\/www.beijer.com\/es\/wp-json\/wp\/v2\/users\/2"}],"replies":[{"embeddable":true,"href":"https:\/\/www.beijer.com\/es\/wp-json\/wp\/v2\/comments?post=5216"}],"version-history":[{"count":13,"href":"https:\/\/www.beijer.com\/es\/wp-json\/wp\/v2\/pages\/5216\/revisions"}],"predecessor-version":[{"id":52709,"href":"https:\/\/www.beijer.com\/es\/wp-json\/wp\/v2\/pages\/5216\/revisions\/52709"}],"up":[{"embeddable":true,"href":"https:\/\/www.beijer.com\/es\/wp-json\/wp\/v2\/pages\/4147"}],"wp:featuredmedia":[{"embeddable":true,"href":"https:\/\/www.beijer.com\/es\/wp-json\/wp\/v2\/media\/3473"}],"wp:attachment":[{"href":"https:\/\/www.beijer.com\/es\/wp-json\/wp\/v2\/media?parent=5216"}],"curies":[{"name":"wp","href":"https:\/\/api.w.org\/{rel}","templated":true}]}}