{"id":596,"date":"2018-07-03T07:59:11","date_gmt":"2018-07-03T07:59:11","guid":{"rendered":"https:\/\/www.beijer.com\/?page_id=596"},"modified":"2023-08-18T16:00:28","modified_gmt":"2023-08-18T14:00:28","slug":"instrucciones-incar","status":"publish","type":"page","link":"https:\/\/www.beijer.com\/es\/productos\/instrucciones-incar\/","title":{"rendered":"Instrucciones INCAR"},"content":{"rendered":"<p><img loading=\"lazy\" decoding=\"async\" class=\"alignleft wp-image-24004 size-full\" src=\"https:\/\/www.beijer.com\/wp-content\/uploads\/2023\/08\/Beijer-INCAR_header-banner0823_01.jpg\" alt=\"\" width=\"1919\" height=\"343\" srcset=\"https:\/\/www.beijer.com\/wp-content\/uploads\/2023\/08\/Beijer-INCAR_header-banner0823_01.jpg 1919w, https:\/\/www.beijer.com\/wp-content\/uploads\/2023\/08\/Beijer-INCAR_header-banner0823_01-300x54.jpg 300w, https:\/\/www.beijer.com\/wp-content\/uploads\/2023\/08\/Beijer-INCAR_header-banner0823_01-1024x183.jpg 1024w, https:\/\/www.beijer.com\/wp-content\/uploads\/2023\/08\/Beijer-INCAR_header-banner0823_01-768x137.jpg 768w, https:\/\/www.beijer.com\/wp-content\/uploads\/2023\/08\/Beijer-INCAR_header-banner0823_01-1536x275.jpg 1536w\" sizes=\"auto, (max-width: 1919px) 100vw, 1919px\" \/>Instrucciones esenciales para el instalador de equipos de posventa en autom\u00f3viles y veh\u00edculos comerciales ligeros.<\/p>\n<ul>\n<li>Proporcionar al menos una ubicaci\u00f3n o una opci\u00f3n para la se\u00f1al de velocidad; los conocimientos recopilados sobre la fuente de alimentaci\u00f3n (conmutada) y tierra y cualquier otra ubicaci\u00f3n de se\u00f1al y componente se muestran, si se conocen, adicionalmente.<\/li>\n<li>Est\u00e1n equipadas con material fotogr\u00e1fico profesional de exterior e interior para informaci\u00f3n, identificaci\u00f3n y reconocimiento.<\/li>\n<li>Muestran la ubicaci\u00f3n y fotos detalladas de componentes electr\u00f3nicos importantes como la bater\u00eda, Body Computer, DLC, caja de fusibles, Gateway, placa de caracter\u00edsticas, VIN etc.<\/li>\n<li>Muestran conexiones para la instalaci\u00f3n de productos CAN Beijer.<\/li>\n<li>Incluyen soporte para ubicaciones de se\u00f1al en el mejor esfuerzo (solo holand\u00e9s e ingl\u00e9s).<\/li>\n<li>Para todos los autom\u00f3viles europeos comunes con volante a la izquierda y veh\u00edculos comerciales ligeros (m\u00e1x. 3500 kg).<\/li>\n<li>Est\u00e1n disponibles durante 7 d\u00edas y est\u00e1n disponibles en 6 idiomas: NL, EN, DU, ES, IT, FR.<\/li>\n<\/ul>\n","protected":false},"excerpt":{"rendered":"<p>Instrucciones esenciales para el instalador de equipos de posventa en autom\u00f3viles y veh\u00edculos comerciales ligeros. Proporcionar al menos una ubicaci\u00f3n o una opci\u00f3n para&#8230;<\/p>\n","protected":false},"author":2,"featured_media":3527,"parent":576,"menu_order":3,"comment_status":"closed","ping_status":"closed","template":"","meta":{"_acf_changed":false,"footnotes":""},"class_list":["post-596","page","type-page","status-publish","has-post-thumbnail","hentry"],"acf":[],"yoast_head":"<!-- This site is optimized with the Yoast SEO plugin v27.5 - https:\/\/yoast.com\/product\/yoast-seo-wordpress\/ -->\n<title>Instrucciones INCAR - Beijer Automotive<\/title>\n<meta name=\"robots\" content=\"index, follow, max-snippet:-1, max-image-preview:large, max-video-preview:-1\" \/>\n<link rel=\"canonical\" href=\"https:\/\/www.beijer.com\/es\/productos\/instrucciones-incar\/\" \/>\n<meta property=\"og:locale\" content=\"es_ES\" \/>\n<meta property=\"og:type\" content=\"article\" \/>\n<meta property=\"og:title\" content=\"Instrucciones INCAR - Beijer Automotive\" \/>\n<meta property=\"og:description\" content=\"Instrucciones esenciales para el instalador de equipos de posventa en autom\u00f3viles y veh\u00edculos comerciales ligeros. Proporcionar al menos una ubicaci\u00f3n o una opci\u00f3n para...\" \/>\n<meta property=\"og:url\" content=\"https:\/\/www.beijer.com\/es\/productos\/instrucciones-incar\/\" \/>\n<meta property=\"og:site_name\" content=\"Beijer Automotive\" \/>\n<meta property=\"article:modified_time\" content=\"2023-08-18T14:00:28+00:00\" \/>\n<meta property=\"og:image\" content=\"https:\/\/www.beijer.com\/wp-content\/uploads\/2021\/08\/Beijer_NEW-Icons_DEF-site-zonder-cirkels-_INCAR-database.png\" \/>\n\t<meta property=\"og:image:width\" content=\"417\" \/>\n\t<meta property=\"og:image:height\" content=\"417\" \/>\n\t<meta property=\"og:image:type\" content=\"image\/png\" \/>\n<meta name=\"twitter:card\" content=\"summary_large_image\" \/>\n<script type=\"application\/ld+json\" class=\"yoast-schema-graph\">{\"@context\":\"https:\\\/\\\/schema.org\",\"@graph\":[{\"@type\":\"WebPage\",\"@id\":\"https:\\\/\\\/www.beijer.com\\\/es\\\/productos\\\/instrucciones-incar\\\/\",\"url\":\"https:\\\/\\\/www.beijer.com\\\/es\\\/productos\\\/instrucciones-incar\\\/\",\"name\":\"Instrucciones INCAR - Beijer Automotive\",\"isPartOf\":{\"@id\":\"https:\\\/\\\/www.beijer.com\\\/#website\"},\"primaryImageOfPage\":{\"@id\":\"https:\\\/\\\/www.beijer.com\\\/es\\\/productos\\\/instrucciones-incar\\\/#primaryimage\"},\"image\":{\"@id\":\"https:\\\/\\\/www.beijer.com\\\/es\\\/productos\\\/instrucciones-incar\\\/#primaryimage\"},\"thumbnailUrl\":\"https:\\\/\\\/www.beijer.com\\\/wp-content\\\/uploads\\\/2021\\\/08\\\/Beijer_NEW-Icons_DEF-site-zonder-cirkels-_INCAR-database.png\",\"datePublished\":\"2018-07-03T07:59:11+00:00\",\"dateModified\":\"2023-08-18T14:00:28+00:00\",\"breadcrumb\":{\"@id\":\"https:\\\/\\\/www.beijer.com\\\/es\\\/productos\\\/instrucciones-incar\\\/#breadcrumb\"},\"inLanguage\":\"es\",\"potentialAction\":[{\"@type\":\"ReadAction\",\"target\":[\"https:\\\/\\\/www.beijer.com\\\/es\\\/productos\\\/instrucciones-incar\\\/\"]}]},{\"@type\":\"ImageObject\",\"inLanguage\":\"es\",\"@id\":\"https:\\\/\\\/www.beijer.com\\\/es\\\/productos\\\/instrucciones-incar\\\/#primaryimage\",\"url\":\"https:\\\/\\\/www.beijer.com\\\/wp-content\\\/uploads\\\/2021\\\/08\\\/Beijer_NEW-Icons_DEF-site-zonder-cirkels-_INCAR-database.png\",\"contentUrl\":\"https:\\\/\\\/www.beijer.com\\\/wp-content\\\/uploads\\\/2021\\\/08\\\/Beijer_NEW-Icons_DEF-site-zonder-cirkels-_INCAR-database.png\",\"width\":417,\"height\":417},{\"@type\":\"BreadcrumbList\",\"@id\":\"https:\\\/\\\/www.beijer.com\\\/es\\\/productos\\\/instrucciones-incar\\\/#breadcrumb\",\"itemListElement\":[{\"@type\":\"ListItem\",\"position\":1,\"name\":\"Home\",\"item\":\"https:\\\/\\\/www.beijer.com\\\/es\\\/\"},{\"@type\":\"ListItem\",\"position\":2,\"name\":\"Productos\",\"item\":\"https:\\\/\\\/www.beijer.com\\\/es\\\/productos\\\/\"},{\"@type\":\"ListItem\",\"position\":3,\"name\":\"Instrucciones INCAR\"}]},{\"@type\":\"WebSite\",\"@id\":\"https:\\\/\\\/www.beijer.com\\\/#website\",\"url\":\"https:\\\/\\\/www.beijer.com\\\/\",\"name\":\"Beijer Automotive\",\"description\":\"\",\"publisher\":{\"@id\":\"https:\\\/\\\/www.beijer.com\\\/#organization\"},\"potentialAction\":[{\"@type\":\"SearchAction\",\"target\":{\"@type\":\"EntryPoint\",\"urlTemplate\":\"https:\\\/\\\/www.beijer.com\\\/?s={search_term_string}\"},\"query-input\":{\"@type\":\"PropertyValueSpecification\",\"valueRequired\":true,\"valueName\":\"search_term_string\"}}],\"inLanguage\":\"es\"},{\"@type\":\"Organization\",\"@id\":\"https:\\\/\\\/www.beijer.com\\\/#organization\",\"name\":\"Beijer Automotive\",\"url\":\"https:\\\/\\\/www.beijer.com\\\/\",\"logo\":{\"@type\":\"ImageObject\",\"inLanguage\":\"es\",\"@id\":\"https:\\\/\\\/www.beijer.com\\\/#\\\/schema\\\/logo\\\/image\\\/\",\"url\":\"https:\\\/\\\/www.beijer.com\\\/wp-content\\\/uploads\\\/2018\\\/06\\\/cropped-sdf.jpg\",\"contentUrl\":\"https:\\\/\\\/www.beijer.com\\\/wp-content\\\/uploads\\\/2018\\\/06\\\/cropped-sdf.jpg\",\"width\":\"180\",\"height\":\"59\",\"caption\":\"Beijer Automotive\"},\"image\":{\"@id\":\"https:\\\/\\\/www.beijer.com\\\/#\\\/schema\\\/logo\\\/image\\\/\"}}]}<\/script>\n<!-- \/ Yoast SEO plugin. -->","yoast_head_json":{"title":"Instrucciones INCAR - Beijer Automotive","robots":{"index":"index","follow":"follow","max-snippet":"max-snippet:-1","max-image-preview":"max-image-preview:large","max-video-preview":"max-video-preview:-1"},"canonical":"https:\/\/www.beijer.com\/es\/productos\/instrucciones-incar\/","og_locale":"es_ES","og_type":"article","og_title":"Instrucciones INCAR - Beijer Automotive","og_description":"Instrucciones esenciales para el instalador de equipos de posventa en autom\u00f3viles y veh\u00edculos comerciales ligeros. Proporcionar al menos una ubicaci\u00f3n o una opci\u00f3n para...","og_url":"https:\/\/www.beijer.com\/es\/productos\/instrucciones-incar\/","og_site_name":"Beijer Automotive","article_modified_time":"2023-08-18T14:00:28+00:00","og_image":[{"width":417,"height":417,"url":"https:\/\/www.beijer.com\/wp-content\/uploads\/2021\/08\/Beijer_NEW-Icons_DEF-site-zonder-cirkels-_INCAR-database.png","type":"image\/png"}],"twitter_card":"summary_large_image","schema":{"@context":"https:\/\/schema.org","@graph":[{"@type":"WebPage","@id":"https:\/\/www.beijer.com\/es\/productos\/instrucciones-incar\/","url":"https:\/\/www.beijer.com\/es\/productos\/instrucciones-incar\/","name":"Instrucciones INCAR - Beijer Automotive","isPartOf":{"@id":"https:\/\/www.beijer.com\/#website"},"primaryImageOfPage":{"@id":"https:\/\/www.beijer.com\/es\/productos\/instrucciones-incar\/#primaryimage"},"image":{"@id":"https:\/\/www.beijer.com\/es\/productos\/instrucciones-incar\/#primaryimage"},"thumbnailUrl":"https:\/\/www.beijer.com\/wp-content\/uploads\/2021\/08\/Beijer_NEW-Icons_DEF-site-zonder-cirkels-_INCAR-database.png","datePublished":"2018-07-03T07:59:11+00:00","dateModified":"2023-08-18T14:00:28+00:00","breadcrumb":{"@id":"https:\/\/www.beijer.com\/es\/productos\/instrucciones-incar\/#breadcrumb"},"inLanguage":"es","potentialAction":[{"@type":"ReadAction","target":["https:\/\/www.beijer.com\/es\/productos\/instrucciones-incar\/"]}]},{"@type":"ImageObject","inLanguage":"es","@id":"https:\/\/www.beijer.com\/es\/productos\/instrucciones-incar\/#primaryimage","url":"https:\/\/www.beijer.com\/wp-content\/uploads\/2021\/08\/Beijer_NEW-Icons_DEF-site-zonder-cirkels-_INCAR-database.png","contentUrl":"https:\/\/www.beijer.com\/wp-content\/uploads\/2021\/08\/Beijer_NEW-Icons_DEF-site-zonder-cirkels-_INCAR-database.png","width":417,"height":417},{"@type":"BreadcrumbList","@id":"https:\/\/www.beijer.com\/es\/productos\/instrucciones-incar\/#breadcrumb","itemListElement":[{"@type":"ListItem","position":1,"name":"Home","item":"https:\/\/www.beijer.com\/es\/"},{"@type":"ListItem","position":2,"name":"Productos","item":"https:\/\/www.beijer.com\/es\/productos\/"},{"@type":"ListItem","position":3,"name":"Instrucciones INCAR"}]},{"@type":"WebSite","@id":"https:\/\/www.beijer.com\/#website","url":"https:\/\/www.beijer.com\/","name":"Beijer Automotive","description":"","publisher":{"@id":"https:\/\/www.beijer.com\/#organization"},"potentialAction":[{"@type":"SearchAction","target":{"@type":"EntryPoint","urlTemplate":"https:\/\/www.beijer.com\/?s={search_term_string}"},"query-input":{"@type":"PropertyValueSpecification","valueRequired":true,"valueName":"search_term_string"}}],"inLanguage":"es"},{"@type":"Organization","@id":"https:\/\/www.beijer.com\/#organization","name":"Beijer Automotive","url":"https:\/\/www.beijer.com\/","logo":{"@type":"ImageObject","inLanguage":"es","@id":"https:\/\/www.beijer.com\/#\/schema\/logo\/image\/","url":"https:\/\/www.beijer.com\/wp-content\/uploads\/2018\/06\/cropped-sdf.jpg","contentUrl":"https:\/\/www.beijer.com\/wp-content\/uploads\/2018\/06\/cropped-sdf.jpg","width":"180","height":"59","caption":"Beijer Automotive"},"image":{"@id":"https:\/\/www.beijer.com\/#\/schema\/logo\/image\/"}}]}},"_links":{"self":[{"href":"https:\/\/www.beijer.com\/es\/wp-json\/wp\/v2\/pages\/596","targetHints":{"allow":["GET"]}}],"collection":[{"href":"https:\/\/www.beijer.com\/es\/wp-json\/wp\/v2\/pages"}],"about":[{"href":"https:\/\/www.beijer.com\/es\/wp-json\/wp\/v2\/types\/page"}],"author":[{"embeddable":true,"href":"https:\/\/www.beijer.com\/es\/wp-json\/wp\/v2\/users\/2"}],"replies":[{"embeddable":true,"href":"https:\/\/www.beijer.com\/es\/wp-json\/wp\/v2\/comments?post=596"}],"version-history":[{"count":9,"href":"https:\/\/www.beijer.com\/es\/wp-json\/wp\/v2\/pages\/596\/revisions"}],"predecessor-version":[{"id":24008,"href":"https:\/\/www.beijer.com\/es\/wp-json\/wp\/v2\/pages\/596\/revisions\/24008"}],"up":[{"embeddable":true,"href":"https:\/\/www.beijer.com\/es\/wp-json\/wp\/v2\/pages\/576"}],"wp:featuredmedia":[{"embeddable":true,"href":"https:\/\/www.beijer.com\/es\/wp-json\/wp\/v2\/media\/3527"}],"wp:attachment":[{"href":"https:\/\/www.beijer.com\/es\/wp-json\/wp\/v2\/media?parent=596"}],"curies":[{"name":"wp","href":"https:\/\/api.w.org\/{rel}","templated":true}]}}