{"id":663,"date":"2018-07-03T11:39:02","date_gmt":"2018-07-03T11:39:02","guid":{"rendered":"https:\/\/www.beijer.com\/?page_id=663"},"modified":"2021-12-13T08:47:31","modified_gmt":"2021-12-13T08:47:31","slug":"conocenos","status":"publish","type":"page","link":"https:\/\/www.beijer.com\/es\/conocenos\/","title":{"rendered":"Con\u00f3cenos"},"content":{"rendered":"<p>Beijer Automotive ofrece soluciones de bus CAN (red de \u00e1rea de controlador) de calidad y asistencia espec\u00edfica para la instalaci\u00f3n de productos independientes para autom\u00f3viles, camiones y motos. La innovaci\u00f3n y los resultados alcanzados son primordiales. Las empresas, las instituciones de investigaci\u00f3n y los gobiernos pueden contar con nuestra experiencia y soluciones.<\/p>\n<p><img loading=\"lazy\" decoding=\"async\" class=\"alignleft size-full wp-image-1907\" src=\"https:\/\/www.beijer.com\/wp-content\/uploads\/2018\/08\/collegas_703x179.jpg\" alt=\"Beijer at work\" width=\"703\" height=\"179\" srcset=\"https:\/\/www.beijer.com\/wp-content\/uploads\/2018\/08\/collegas_703x179.jpg 703w, https:\/\/www.beijer.com\/wp-content\/uploads\/2018\/08\/collegas_703x179-300x76.jpg 300w\" sizes=\"auto, (max-width: 703px) 100vw, 703px\" \/><\/p>\n<h3>Objetivo de la empresa<\/h3>\n<p>Desde su creaci\u00f3n en 1991, Beijer Automotive se ha convertido en uno de los l\u00edderes del sector de equipos independientes, que tan r\u00e1pido crecimiento ha experimentado. Las razones de nuestra actual posici\u00f3n en el mercado hay que buscarlas en nuestro conocimiento pr\u00e1ctico de la complejidad de los veh\u00edculos modernos, as\u00ed como en nuestros conocimientos te\u00f3ricos de electr\u00f3nica avanzada, los correspondientes productos de tecnolog\u00eda punta que suministramos y el hecho de contar con especialistas t\u00e9cnicos e instalaciones de I+D propias. Todo ello hace de Beijer Automotive el colaborador ideal para las relaciones comerciales, desde la fase de desarrollo hasta la implementaci\u00f3n de soluciones personalizadas.<\/p>\n<h3>Metodolog\u00eda de trabajo<\/h3>\n<p>Beijer Automotive pone a su servicio sus amplios conocimientos y experiencia pr\u00e1ctica, y ello gracias a las numerosas mediciones llevadas a cabo en autom\u00f3viles, camiones y motocicletas, tanto con se\u00f1ales convencionales como con redes m\u00faltiples (CAN). Los conocimientos especializados que Beijer Automotive ofrece a sus clientes se traducen en la disponibilidad, la calidad y el precio de sus productos, as\u00ed como en la brevedad de sus plazos de implementaci\u00f3n. Profesionalidad, calidad y flexibilidad son conceptos b\u00e1sicos para alcanzar y asegurar la satisfacci\u00f3n del cliente.<\/p>\n<h3>Productos y servicios<\/h3>\n<p>Entre los productos y servicios que ofrece Beijer Automotive, encontramos:<\/p>\n<ul>\n<li>asistencia a la instalaci\u00f3n de productos para autom\u00f3vil<\/li>\n<li>desarrollo de interfaces para problemas de se\u00f1ales anal\u00f3gicas y digitales<\/li>\n<li>soluciones flexibles para CAN de autom\u00f3vil<\/li>\n<li>soluciones exhaustivas y personalizadas desde placas de circuito impreso hasta el \u00faltimo cable<\/li>\n<\/ul>\n<h3>Referencias<\/h3>\n<p>Las soluciones de Beijer Automotive est\u00e1n destinadas tanto a clientes locales como internacionales: instaladores y talleres de reparaci\u00f3n, compa\u00f1\u00edas de seguros, empresas de leasing, gobiernos, compa\u00f1\u00edas de servicios de ambulancias, bomberos y polic\u00eda, empresas de transportes tambi\u00e9n activas en la gesti\u00f3n de parques de veh\u00edculos, tax\u00edmetros, equipamiento integrado, sistemas de alarma, de seguimiento y supervisi\u00f3n, etc. Y, en breve, toda la gama de equipos independientes para autom\u00f3vil.<br \/>\nLa calidad y fiabilidad de nuestras interfaces, por ejemplo de CAN bus interfaz B2S y de interfaz se\u00f1al API es un aspecto muy apreciado por los instaladores. La certeza de que la interfaz nunca falla reduce el tiempo de b\u00fasqueda en caso de problemas.<\/p>\n<p>Echa un vistazo a nuestra <a title=\"Referencias\" href=\"\/?page_id=592\">p\u00e1gina de referencia<\/a> para algunos ejemplos.<\/p>\n","protected":false},"excerpt":{"rendered":"<p>Beijer Automotive ofrece soluciones de bus CAN (red de \u00e1rea de controlador) de calidad y asistencia espec\u00edfica para la instalaci\u00f3n de productos independientes para&#8230;<\/p>\n","protected":false},"author":2,"featured_media":0,"parent":0,"menu_order":0,"comment_status":"closed","ping_status":"closed","template":"","meta":{"_acf_changed":false,"footnotes":""},"class_list":["post-663","page","type-page","status-publish","hentry"],"acf":[],"yoast_head":"<!-- This site is optimized with the Yoast SEO plugin v26.8 - https:\/\/yoast.com\/product\/yoast-seo-wordpress\/ -->\n<title>Con\u00f3cenos - Beijer Automotive<\/title>\n<meta name=\"robots\" content=\"index, follow, max-snippet:-1, max-image-preview:large, max-video-preview:-1\" \/>\n<link rel=\"canonical\" href=\"https:\/\/www.beijer.com\/es\/conocenos\/\" \/>\n<meta property=\"og:locale\" content=\"es_ES\" \/>\n<meta property=\"og:type\" content=\"article\" \/>\n<meta property=\"og:title\" content=\"Con\u00f3cenos - Beijer Automotive\" \/>\n<meta property=\"og:description\" content=\"Beijer Automotive ofrece soluciones de bus CAN (red de \u00e1rea de controlador) de calidad y asistencia espec\u00edfica para la instalaci\u00f3n de productos independientes para...\" \/>\n<meta property=\"og:url\" content=\"https:\/\/www.beijer.com\/es\/conocenos\/\" \/>\n<meta property=\"og:site_name\" content=\"Beijer Automotive\" \/>\n<meta property=\"article:modified_time\" content=\"2021-12-13T08:47:31+00:00\" \/>\n<meta property=\"og:image\" content=\"https:\/\/www.beijer.com\/wp-content\/uploads\/2018\/08\/collegas_703x179.jpg\" \/>\n<meta name=\"twitter:card\" content=\"summary_large_image\" \/>\n<script type=\"application\/ld+json\" class=\"yoast-schema-graph\">{\"@context\":\"https:\/\/schema.org\",\"@graph\":[{\"@type\":\"WebPage\",\"@id\":\"https:\/\/www.beijer.com\/es\/conocenos\/\",\"url\":\"https:\/\/www.beijer.com\/es\/conocenos\/\",\"name\":\"Con\u00f3cenos - Beijer Automotive\",\"isPartOf\":{\"@id\":\"https:\/\/www.beijer.com\/#website\"},\"primaryImageOfPage\":{\"@id\":\"https:\/\/www.beijer.com\/es\/conocenos\/#primaryimage\"},\"image\":{\"@id\":\"https:\/\/www.beijer.com\/es\/conocenos\/#primaryimage\"},\"thumbnailUrl\":\"https:\/\/www.beijer.com\/wp-content\/uploads\/2018\/08\/collegas_703x179.jpg\",\"datePublished\":\"2018-07-03T11:39:02+00:00\",\"dateModified\":\"2021-12-13T08:47:31+00:00\",\"breadcrumb\":{\"@id\":\"https:\/\/www.beijer.com\/es\/conocenos\/#breadcrumb\"},\"inLanguage\":\"es\",\"potentialAction\":[{\"@type\":\"ReadAction\",\"target\":[\"https:\/\/www.beijer.com\/es\/conocenos\/\"]}]},{\"@type\":\"ImageObject\",\"inLanguage\":\"es\",\"@id\":\"https:\/\/www.beijer.com\/es\/conocenos\/#primaryimage\",\"url\":\"https:\/\/www.beijer.com\/wp-content\/uploads\/2018\/08\/collegas_703x179.jpg\",\"contentUrl\":\"https:\/\/www.beijer.com\/wp-content\/uploads\/2018\/08\/collegas_703x179.jpg\"},{\"@type\":\"BreadcrumbList\",\"@id\":\"https:\/\/www.beijer.com\/es\/conocenos\/#breadcrumb\",\"itemListElement\":[{\"@type\":\"ListItem\",\"position\":1,\"name\":\"Home\",\"item\":\"https:\/\/www.beijer.com\/es\/\"},{\"@type\":\"ListItem\",\"position\":2,\"name\":\"Con\u00f3cenos\"}]},{\"@type\":\"WebSite\",\"@id\":\"https:\/\/www.beijer.com\/#website\",\"url\":\"https:\/\/www.beijer.com\/\",\"name\":\"Beijer Automotive\",\"description\":\"\",\"publisher\":{\"@id\":\"https:\/\/www.beijer.com\/#organization\"},\"potentialAction\":[{\"@type\":\"SearchAction\",\"target\":{\"@type\":\"EntryPoint\",\"urlTemplate\":\"https:\/\/www.beijer.com\/?s={search_term_string}\"},\"query-input\":{\"@type\":\"PropertyValueSpecification\",\"valueRequired\":true,\"valueName\":\"search_term_string\"}}],\"inLanguage\":\"es\"},{\"@type\":\"Organization\",\"@id\":\"https:\/\/www.beijer.com\/#organization\",\"name\":\"Beijer Automotive\",\"url\":\"https:\/\/www.beijer.com\/\",\"logo\":{\"@type\":\"ImageObject\",\"inLanguage\":\"es\",\"@id\":\"https:\/\/www.beijer.com\/#\/schema\/logo\/image\/\",\"url\":\"https:\/\/www.beijer.com\/wp-content\/uploads\/2018\/06\/cropped-sdf.jpg\",\"contentUrl\":\"https:\/\/www.beijer.com\/wp-content\/uploads\/2018\/06\/cropped-sdf.jpg\",\"width\":\"180\",\"height\":\"59\",\"caption\":\"Beijer Automotive\"},\"image\":{\"@id\":\"https:\/\/www.beijer.com\/#\/schema\/logo\/image\/\"}}]}<\/script>\n<!-- \/ Yoast SEO plugin. -->","yoast_head_json":{"title":"Con\u00f3cenos - Beijer Automotive","robots":{"index":"index","follow":"follow","max-snippet":"max-snippet:-1","max-image-preview":"max-image-preview:large","max-video-preview":"max-video-preview:-1"},"canonical":"https:\/\/www.beijer.com\/es\/conocenos\/","og_locale":"es_ES","og_type":"article","og_title":"Con\u00f3cenos - Beijer Automotive","og_description":"Beijer Automotive ofrece soluciones de bus CAN (red de \u00e1rea de controlador) de calidad y asistencia espec\u00edfica para la instalaci\u00f3n de productos independientes para...","og_url":"https:\/\/www.beijer.com\/es\/conocenos\/","og_site_name":"Beijer Automotive","article_modified_time":"2021-12-13T08:47:31+00:00","og_image":[{"url":"https:\/\/www.beijer.com\/wp-content\/uploads\/2018\/08\/collegas_703x179.jpg","type":"","width":"","height":""}],"twitter_card":"summary_large_image","schema":{"@context":"https:\/\/schema.org","@graph":[{"@type":"WebPage","@id":"https:\/\/www.beijer.com\/es\/conocenos\/","url":"https:\/\/www.beijer.com\/es\/conocenos\/","name":"Con\u00f3cenos - Beijer Automotive","isPartOf":{"@id":"https:\/\/www.beijer.com\/#website"},"primaryImageOfPage":{"@id":"https:\/\/www.beijer.com\/es\/conocenos\/#primaryimage"},"image":{"@id":"https:\/\/www.beijer.com\/es\/conocenos\/#primaryimage"},"thumbnailUrl":"https:\/\/www.beijer.com\/wp-content\/uploads\/2018\/08\/collegas_703x179.jpg","datePublished":"2018-07-03T11:39:02+00:00","dateModified":"2021-12-13T08:47:31+00:00","breadcrumb":{"@id":"https:\/\/www.beijer.com\/es\/conocenos\/#breadcrumb"},"inLanguage":"es","potentialAction":[{"@type":"ReadAction","target":["https:\/\/www.beijer.com\/es\/conocenos\/"]}]},{"@type":"ImageObject","inLanguage":"es","@id":"https:\/\/www.beijer.com\/es\/conocenos\/#primaryimage","url":"https:\/\/www.beijer.com\/wp-content\/uploads\/2018\/08\/collegas_703x179.jpg","contentUrl":"https:\/\/www.beijer.com\/wp-content\/uploads\/2018\/08\/collegas_703x179.jpg"},{"@type":"BreadcrumbList","@id":"https:\/\/www.beijer.com\/es\/conocenos\/#breadcrumb","itemListElement":[{"@type":"ListItem","position":1,"name":"Home","item":"https:\/\/www.beijer.com\/es\/"},{"@type":"ListItem","position":2,"name":"Con\u00f3cenos"}]},{"@type":"WebSite","@id":"https:\/\/www.beijer.com\/#website","url":"https:\/\/www.beijer.com\/","name":"Beijer Automotive","description":"","publisher":{"@id":"https:\/\/www.beijer.com\/#organization"},"potentialAction":[{"@type":"SearchAction","target":{"@type":"EntryPoint","urlTemplate":"https:\/\/www.beijer.com\/?s={search_term_string}"},"query-input":{"@type":"PropertyValueSpecification","valueRequired":true,"valueName":"search_term_string"}}],"inLanguage":"es"},{"@type":"Organization","@id":"https:\/\/www.beijer.com\/#organization","name":"Beijer Automotive","url":"https:\/\/www.beijer.com\/","logo":{"@type":"ImageObject","inLanguage":"es","@id":"https:\/\/www.beijer.com\/#\/schema\/logo\/image\/","url":"https:\/\/www.beijer.com\/wp-content\/uploads\/2018\/06\/cropped-sdf.jpg","contentUrl":"https:\/\/www.beijer.com\/wp-content\/uploads\/2018\/06\/cropped-sdf.jpg","width":"180","height":"59","caption":"Beijer Automotive"},"image":{"@id":"https:\/\/www.beijer.com\/#\/schema\/logo\/image\/"}}]}},"_links":{"self":[{"href":"https:\/\/www.beijer.com\/es\/wp-json\/wp\/v2\/pages\/663","targetHints":{"allow":["GET"]}}],"collection":[{"href":"https:\/\/www.beijer.com\/es\/wp-json\/wp\/v2\/pages"}],"about":[{"href":"https:\/\/www.beijer.com\/es\/wp-json\/wp\/v2\/types\/page"}],"author":[{"embeddable":true,"href":"https:\/\/www.beijer.com\/es\/wp-json\/wp\/v2\/users\/2"}],"replies":[{"embeddable":true,"href":"https:\/\/www.beijer.com\/es\/wp-json\/wp\/v2\/comments?post=663"}],"version-history":[{"count":5,"href":"https:\/\/www.beijer.com\/es\/wp-json\/wp\/v2\/pages\/663\/revisions"}],"predecessor-version":[{"id":6312,"href":"https:\/\/www.beijer.com\/es\/wp-json\/wp\/v2\/pages\/663\/revisions\/6312"}],"wp:attachment":[{"href":"https:\/\/www.beijer.com\/es\/wp-json\/wp\/v2\/media?parent=663"}],"curies":[{"name":"wp","href":"https:\/\/api.w.org\/{rel}","templated":true}]}}