{"id":6778,"date":"2018-04-17T12:51:57","date_gmt":"2018-04-17T12:51:57","guid":{"rendered":"https:\/\/www.beijer.com\/disclaimer\/"},"modified":"2022-01-26T12:20:42","modified_gmt":"2022-01-26T11:20:42","slug":"nota-legal","status":"publish","type":"page","link":"https:\/\/www.beijer.com\/es\/nota-legal\/","title":{"rendered":"Nota legal"},"content":{"rendered":"<p>Beijer Automotive B.V., en adelante \u00abBeijer\u00bb, es una sociedad inscrita en la C\u00e1mara de Comercio de Bolduque con el n\u00famero 73576433.<\/p>\n<p>Contenido<br \/>\nLa informaci\u00f3n que proporciona Beijer en este sitio web se ha tomado de fuentes que pueden considerarse fiables. Beijer no ser\u00e1 responsable por la exactitud ni la integridad de dicha informaci\u00f3n. La informaci\u00f3n que se muestra en este sitio web tiene fines informativos \u00fanicamente y se podr\u00e1 modificar en cualquier momento sin previo aviso. Las p\u00e1ginas de este sitio web se tradujeron autom\u00e1ticamente y pueden no ser 100% precisas. El texto original se puede encontrar en la versi\u00f3n en ingl\u00e9s de este sitio web.<\/p>\n<p>Obligaci\u00f3n<br \/>\nLa informaci\u00f3n descrita no otorga ning\u00fan derecho. Beijer no puede garantizar que el sitio web no contendr\u00e1 errores ni que estar\u00e1 disponible en todo momento. Beijer y otros proveedores no aceptan ninguna obligaci\u00f3n por el contenido de este sitio web ni por la informaci\u00f3n en \u00e9l incluida. Beijer no acepta obligaci\u00f3n alguna con respecto al contenido de los sitios que Beijer no haya desarrollado y a los que se haga referencia o que hagan referencia a sitios web de Beijer.<\/p>\n<p>Responsabilidad<br \/>\nEl cliente que ha solicitado la informaci\u00f3n ser\u00e1 responsable de seleccionar la informaci\u00f3n y de los fines con los que se utilice. La informaci\u00f3n ser\u00e1 para uso \u00fanico y exclusivo del cliente que la haya solicitado. El cliente no podr\u00e1 transferir, reproducir, procesar ni distribuir la informaci\u00f3n de ninguna forma. El cliente estar\u00e1 obligado a atender las instrucciones proporcionadas por Beijer en relaci\u00f3n con el uso de la informaci\u00f3n. Con respecto al contenido de este sitio web, no se podr\u00e1 reproducir informaci\u00f3n alguna de este; se reservan todos los derechos de autor, incluidos los relativos al art\u00edculo 15 de la Ley de derechos de autor holandesa. Este descargo de responsabilidad estar\u00e1 regido por la legislaci\u00f3n de los Pa\u00edses Bajos.<\/p>\n<p>En caso de tener preguntas o consultas, no dude en llamar o enviar un correo electr\u00f3nico para obtener m\u00e1s informaci\u00f3n. Ser\u00e1 todo un placer atenderle.<br \/>\nTel: +31 73-5480351<br \/>\nE-mail: info@beijer.com<\/p>\n","protected":false},"excerpt":{"rendered":"<p>Beijer Automotive B.V., en adelante \u00abBeijer\u00bb, es una sociedad inscrita en la C\u00e1mara de Comercio de Bolduque con el n\u00famero 73576433. Contenido La informaci\u00f3n&#8230;<\/p>\n","protected":false},"author":1,"featured_media":0,"parent":0,"menu_order":0,"comment_status":"closed","ping_status":"closed","template":"","meta":{"_acf_changed":false,"footnotes":""},"class_list":["post-6778","page","type-page","status-publish","hentry"],"acf":[],"yoast_head":"<!-- This site is optimized with the Yoast SEO plugin v26.8 - https:\/\/yoast.com\/product\/yoast-seo-wordpress\/ -->\n<title>Nota legal - Beijer Automotive<\/title>\n<meta name=\"robots\" content=\"index, follow, max-snippet:-1, max-image-preview:large, max-video-preview:-1\" \/>\n<link rel=\"canonical\" href=\"https:\/\/www.beijer.com\/es\/nota-legal\/\" \/>\n<meta property=\"og:locale\" content=\"es_ES\" \/>\n<meta property=\"og:type\" content=\"article\" \/>\n<meta property=\"og:title\" content=\"Nota legal - Beijer Automotive\" \/>\n<meta property=\"og:description\" content=\"Beijer Automotive B.V., en adelante \u00abBeijer\u00bb, es una sociedad inscrita en la C\u00e1mara de Comercio de Bolduque con el n\u00famero 73576433. Contenido La informaci\u00f3n...\" \/>\n<meta property=\"og:url\" content=\"https:\/\/www.beijer.com\/es\/nota-legal\/\" \/>\n<meta property=\"og:site_name\" content=\"Beijer Automotive\" \/>\n<meta property=\"article:modified_time\" content=\"2022-01-26T11:20:42+00:00\" \/>\n<meta name=\"twitter:card\" content=\"summary_large_image\" \/>\n<script type=\"application\/ld+json\" class=\"yoast-schema-graph\">{\"@context\":\"https:\/\/schema.org\",\"@graph\":[{\"@type\":\"WebPage\",\"@id\":\"https:\/\/www.beijer.com\/es\/nota-legal\/\",\"url\":\"https:\/\/www.beijer.com\/es\/nota-legal\/\",\"name\":\"Nota legal - Beijer Automotive\",\"isPartOf\":{\"@id\":\"https:\/\/www.beijer.com\/#website\"},\"datePublished\":\"2018-04-17T12:51:57+00:00\",\"dateModified\":\"2022-01-26T11:20:42+00:00\",\"breadcrumb\":{\"@id\":\"https:\/\/www.beijer.com\/es\/nota-legal\/#breadcrumb\"},\"inLanguage\":\"es\",\"potentialAction\":[{\"@type\":\"ReadAction\",\"target\":[\"https:\/\/www.beijer.com\/es\/nota-legal\/\"]}]},{\"@type\":\"BreadcrumbList\",\"@id\":\"https:\/\/www.beijer.com\/es\/nota-legal\/#breadcrumb\",\"itemListElement\":[{\"@type\":\"ListItem\",\"position\":1,\"name\":\"Home\",\"item\":\"https:\/\/www.beijer.com\/es\/\"},{\"@type\":\"ListItem\",\"position\":2,\"name\":\"Nota legal\"}]},{\"@type\":\"WebSite\",\"@id\":\"https:\/\/www.beijer.com\/#website\",\"url\":\"https:\/\/www.beijer.com\/\",\"name\":\"Beijer Automotive\",\"description\":\"\",\"publisher\":{\"@id\":\"https:\/\/www.beijer.com\/#organization\"},\"potentialAction\":[{\"@type\":\"SearchAction\",\"target\":{\"@type\":\"EntryPoint\",\"urlTemplate\":\"https:\/\/www.beijer.com\/?s={search_term_string}\"},\"query-input\":{\"@type\":\"PropertyValueSpecification\",\"valueRequired\":true,\"valueName\":\"search_term_string\"}}],\"inLanguage\":\"es\"},{\"@type\":\"Organization\",\"@id\":\"https:\/\/www.beijer.com\/#organization\",\"name\":\"Beijer Automotive\",\"url\":\"https:\/\/www.beijer.com\/\",\"logo\":{\"@type\":\"ImageObject\",\"inLanguage\":\"es\",\"@id\":\"https:\/\/www.beijer.com\/#\/schema\/logo\/image\/\",\"url\":\"https:\/\/www.beijer.com\/wp-content\/uploads\/2018\/06\/cropped-sdf.jpg\",\"contentUrl\":\"https:\/\/www.beijer.com\/wp-content\/uploads\/2018\/06\/cropped-sdf.jpg\",\"width\":\"180\",\"height\":\"59\",\"caption\":\"Beijer Automotive\"},\"image\":{\"@id\":\"https:\/\/www.beijer.com\/#\/schema\/logo\/image\/\"}}]}<\/script>\n<!-- \/ Yoast SEO plugin. -->","yoast_head_json":{"title":"Nota legal - Beijer Automotive","robots":{"index":"index","follow":"follow","max-snippet":"max-snippet:-1","max-image-preview":"max-image-preview:large","max-video-preview":"max-video-preview:-1"},"canonical":"https:\/\/www.beijer.com\/es\/nota-legal\/","og_locale":"es_ES","og_type":"article","og_title":"Nota legal - Beijer Automotive","og_description":"Beijer Automotive B.V., en adelante \u00abBeijer\u00bb, es una sociedad inscrita en la C\u00e1mara de Comercio de Bolduque con el n\u00famero 73576433. Contenido La informaci\u00f3n...","og_url":"https:\/\/www.beijer.com\/es\/nota-legal\/","og_site_name":"Beijer Automotive","article_modified_time":"2022-01-26T11:20:42+00:00","twitter_card":"summary_large_image","schema":{"@context":"https:\/\/schema.org","@graph":[{"@type":"WebPage","@id":"https:\/\/www.beijer.com\/es\/nota-legal\/","url":"https:\/\/www.beijer.com\/es\/nota-legal\/","name":"Nota legal - Beijer Automotive","isPartOf":{"@id":"https:\/\/www.beijer.com\/#website"},"datePublished":"2018-04-17T12:51:57+00:00","dateModified":"2022-01-26T11:20:42+00:00","breadcrumb":{"@id":"https:\/\/www.beijer.com\/es\/nota-legal\/#breadcrumb"},"inLanguage":"es","potentialAction":[{"@type":"ReadAction","target":["https:\/\/www.beijer.com\/es\/nota-legal\/"]}]},{"@type":"BreadcrumbList","@id":"https:\/\/www.beijer.com\/es\/nota-legal\/#breadcrumb","itemListElement":[{"@type":"ListItem","position":1,"name":"Home","item":"https:\/\/www.beijer.com\/es\/"},{"@type":"ListItem","position":2,"name":"Nota legal"}]},{"@type":"WebSite","@id":"https:\/\/www.beijer.com\/#website","url":"https:\/\/www.beijer.com\/","name":"Beijer Automotive","description":"","publisher":{"@id":"https:\/\/www.beijer.com\/#organization"},"potentialAction":[{"@type":"SearchAction","target":{"@type":"EntryPoint","urlTemplate":"https:\/\/www.beijer.com\/?s={search_term_string}"},"query-input":{"@type":"PropertyValueSpecification","valueRequired":true,"valueName":"search_term_string"}}],"inLanguage":"es"},{"@type":"Organization","@id":"https:\/\/www.beijer.com\/#organization","name":"Beijer Automotive","url":"https:\/\/www.beijer.com\/","logo":{"@type":"ImageObject","inLanguage":"es","@id":"https:\/\/www.beijer.com\/#\/schema\/logo\/image\/","url":"https:\/\/www.beijer.com\/wp-content\/uploads\/2018\/06\/cropped-sdf.jpg","contentUrl":"https:\/\/www.beijer.com\/wp-content\/uploads\/2018\/06\/cropped-sdf.jpg","width":"180","height":"59","caption":"Beijer Automotive"},"image":{"@id":"https:\/\/www.beijer.com\/#\/schema\/logo\/image\/"}}]}},"_links":{"self":[{"href":"https:\/\/www.beijer.com\/es\/wp-json\/wp\/v2\/pages\/6778","targetHints":{"allow":["GET"]}}],"collection":[{"href":"https:\/\/www.beijer.com\/es\/wp-json\/wp\/v2\/pages"}],"about":[{"href":"https:\/\/www.beijer.com\/es\/wp-json\/wp\/v2\/types\/page"}],"author":[{"embeddable":true,"href":"https:\/\/www.beijer.com\/es\/wp-json\/wp\/v2\/users\/1"}],"replies":[{"embeddable":true,"href":"https:\/\/www.beijer.com\/es\/wp-json\/wp\/v2\/comments?post=6778"}],"version-history":[{"count":2,"href":"https:\/\/www.beijer.com\/es\/wp-json\/wp\/v2\/pages\/6778\/revisions"}],"predecessor-version":[{"id":6784,"href":"https:\/\/www.beijer.com\/es\/wp-json\/wp\/v2\/pages\/6778\/revisions\/6784"}],"wp:attachment":[{"href":"https:\/\/www.beijer.com\/es\/wp-json\/wp\/v2\/media?parent=6778"}],"curies":[{"name":"wp","href":"https:\/\/api.w.org\/{rel}","templated":true}]}}