{"id":701,"date":"2018-07-05T07:51:27","date_gmt":"2018-07-05T07:51:27","guid":{"rendered":"https:\/\/www.beijer.com\/productos\/productos-analogicas\/api\/"},"modified":"2025-12-30T14:33:49","modified_gmt":"2025-12-30T13:33:49","slug":"api","status":"publish","type":"page","link":"https:\/\/www.beijer.com\/es\/productos\/productos-analogicas\/api\/","title":{"rendered":"API"},"content":{"rendered":"<p>La interfaz de pulsos autom\u00e1ticos (API) se ha creado con el fin de evitar los problemas que se producen al derivar la se\u00f1al de velocidad del veh\u00edculo, con el objetivo de alimentar un dispositivo, como un sistema de navegaci\u00f3n, el control de crucero, una alarma, una caja negra, un tax\u00edmetro o equipos de datos de accidentes.<\/p>\n<p>En ocasiones, esto puede generar problemas en el sistema de gesti\u00f3n del motor; el sistema de navegaci\u00f3n no detecta el pulso de manera correcta; peque\u00f1os picos de interferencia en la se\u00f1al pueden hacer parecer que el veh\u00edculo se est\u00e1 moviendo cuando en realidad est\u00e1 detenido, o la se\u00f1al puede ser demasiado d\u00e9bil para que el sistema al que est\u00e1 conectada funcione.<img loading=\"lazy\" decoding=\"async\" class=\" wp-image-3900 alignright\" src=\"https:\/\/www.beijer.com\/wp-content\/uploads\/2021\/08\/Productfoto_API_512x512.png\" alt=\"API puls interface\" width=\"189\" height=\"189\" srcset=\"https:\/\/www.beijer.com\/wp-content\/uploads\/2021\/08\/Productfoto_API_512x512.png 512w, https:\/\/www.beijer.com\/wp-content\/uploads\/2021\/08\/Productfoto_API_512x512-150x150.png 150w, https:\/\/www.beijer.com\/wp-content\/uploads\/2021\/08\/Productfoto_API_512x512-300x300.png 300w\" sizes=\"auto, (max-width: 189px) 100vw, 189px\" \/><\/p>\n<p>Una API puede solucionar varios problemas. Est\u00e1 provista de un amplificador capaz de mejorar una se\u00f1al de velocidad del veh\u00edculo (o se\u00f1al de r\u00e9gimen del motor) en un pulso de bloque de 10 V, e incluye un filtro que se ocupa de los picos de tensi\u00f3n y las interferencias. Apto para tensiones de 12 a 24 V.<br \/>\nLa API resuelve el 98 % de todos los tipos de problemas que puedan afectar la se\u00f1al de velocidad de un veh\u00edculo.<\/p>\n<p>API4 | \u20ac 95,- IVA excluido<br \/>\nAPI4-S (sensitive) | \u20ac 108,- IVA excluido<br \/>\nAPI4-D (double frequency) | \u20ac 125,- IVA excluido<\/p>\n<p><strong><a href=\"https:\/\/www.beijer.com\/wp-content\/uploads\/2023\/02\/API4-brochure-ENG-2005.pdf\" target=\"_blank\" rel=\"noopener\">FOLLETO (SOLO EN INGL\u00c9S)<\/a><\/strong> <strong><a href=\"https:\/\/www.beijer.com\/wp-content\/uploads\/2018\/08\/API4-API4S-API4D-NL-ENG-bijsluiters-2007.pdf\" target=\"_blank\" rel=\"noopener\">MANUAL (SOLO EN INGL\u00c9S)<\/a><\/strong> <strong><a href=\"https:\/\/www.beijer.com\/wp-content\/uploads\/2023\/02\/APIarticle996x1600ES.png\" target=\"_blank\" rel=\"noopener\">ARTICULO<\/a><\/strong><\/p>\n<p><strong><a href=\"https:\/\/incar.beijer.com\/shop\/interfaces\/signal.html\" target=\"_blank\" rel=\"noopener\">ORDENAR AHORA<\/a><\/strong><\/p>\n","protected":false},"excerpt":{"rendered":"<p>La interfaz de pulsos autom\u00e1ticos (API) se ha creado con el fin de evitar los problemas que se producen al derivar la se\u00f1al de&#8230;<\/p>\n","protected":false},"author":2,"featured_media":3900,"parent":616,"menu_order":1,"comment_status":"closed","ping_status":"closed","template":"","meta":{"_acf_changed":false,"footnotes":""},"class_list":["post-701","page","type-page","status-publish","has-post-thumbnail","hentry"],"acf":[],"yoast_head":"<!-- This site is optimized with the Yoast SEO plugin v27.5 - https:\/\/yoast.com\/product\/yoast-seo-wordpress\/ -->\n<title>API - Beijer Automotive<\/title>\n<meta name=\"robots\" content=\"index, follow, max-snippet:-1, max-image-preview:large, max-video-preview:-1\" \/>\n<link rel=\"canonical\" href=\"https:\/\/www.beijer.com\/es\/productos\/productos-analogicas\/api\/\" \/>\n<meta property=\"og:locale\" content=\"es_ES\" \/>\n<meta property=\"og:type\" content=\"article\" \/>\n<meta property=\"og:title\" content=\"API - Beijer Automotive\" \/>\n<meta property=\"og:description\" content=\"La interfaz de pulsos autom\u00e1ticos (API) se ha creado con el fin de evitar los problemas que se producen al derivar la se\u00f1al de...\" \/>\n<meta property=\"og:url\" content=\"https:\/\/www.beijer.com\/es\/productos\/productos-analogicas\/api\/\" \/>\n<meta property=\"og:site_name\" content=\"Beijer Automotive\" \/>\n<meta property=\"article:modified_time\" content=\"2025-12-30T13:33:49+00:00\" \/>\n<meta property=\"og:image\" content=\"https:\/\/www.beijer.com\/wp-content\/uploads\/2021\/08\/Productfoto_API_512x512.png\" \/>\n\t<meta property=\"og:image:width\" content=\"512\" \/>\n\t<meta property=\"og:image:height\" content=\"512\" \/>\n\t<meta property=\"og:image:type\" content=\"image\/png\" \/>\n<meta name=\"twitter:card\" content=\"summary_large_image\" \/>\n<script type=\"application\/ld+json\" class=\"yoast-schema-graph\">{\"@context\":\"https:\\\/\\\/schema.org\",\"@graph\":[{\"@type\":\"WebPage\",\"@id\":\"https:\\\/\\\/www.beijer.com\\\/es\\\/productos\\\/productos-analogicas\\\/api\\\/\",\"url\":\"https:\\\/\\\/www.beijer.com\\\/es\\\/productos\\\/productos-analogicas\\\/api\\\/\",\"name\":\"API - Beijer Automotive\",\"isPartOf\":{\"@id\":\"https:\\\/\\\/www.beijer.com\\\/#website\"},\"primaryImageOfPage\":{\"@id\":\"https:\\\/\\\/www.beijer.com\\\/es\\\/productos\\\/productos-analogicas\\\/api\\\/#primaryimage\"},\"image\":{\"@id\":\"https:\\\/\\\/www.beijer.com\\\/es\\\/productos\\\/productos-analogicas\\\/api\\\/#primaryimage\"},\"thumbnailUrl\":\"https:\\\/\\\/www.beijer.com\\\/wp-content\\\/uploads\\\/2021\\\/08\\\/Productfoto_API_512x512.png\",\"datePublished\":\"2018-07-05T07:51:27+00:00\",\"dateModified\":\"2025-12-30T13:33:49+00:00\",\"breadcrumb\":{\"@id\":\"https:\\\/\\\/www.beijer.com\\\/es\\\/productos\\\/productos-analogicas\\\/api\\\/#breadcrumb\"},\"inLanguage\":\"es\",\"potentialAction\":[{\"@type\":\"ReadAction\",\"target\":[\"https:\\\/\\\/www.beijer.com\\\/es\\\/productos\\\/productos-analogicas\\\/api\\\/\"]}]},{\"@type\":\"ImageObject\",\"inLanguage\":\"es\",\"@id\":\"https:\\\/\\\/www.beijer.com\\\/es\\\/productos\\\/productos-analogicas\\\/api\\\/#primaryimage\",\"url\":\"https:\\\/\\\/www.beijer.com\\\/wp-content\\\/uploads\\\/2021\\\/08\\\/Productfoto_API_512x512.png\",\"contentUrl\":\"https:\\\/\\\/www.beijer.com\\\/wp-content\\\/uploads\\\/2021\\\/08\\\/Productfoto_API_512x512.png\",\"width\":512,\"height\":512,\"caption\":\"API puls interface\"},{\"@type\":\"BreadcrumbList\",\"@id\":\"https:\\\/\\\/www.beijer.com\\\/es\\\/productos\\\/productos-analogicas\\\/api\\\/#breadcrumb\",\"itemListElement\":[{\"@type\":\"ListItem\",\"position\":1,\"name\":\"Home\",\"item\":\"https:\\\/\\\/www.beijer.com\\\/es\\\/\"},{\"@type\":\"ListItem\",\"position\":2,\"name\":\"Productos\",\"item\":\"https:\\\/\\\/www.beijer.com\\\/es\\\/productos\\\/\"},{\"@type\":\"ListItem\",\"position\":3,\"name\":\"Productos anal\u00f3gicas\",\"item\":\"https:\\\/\\\/www.beijer.com\\\/es\\\/productos\\\/productos-analogicas\\\/\"},{\"@type\":\"ListItem\",\"position\":4,\"name\":\"API\"}]},{\"@type\":\"WebSite\",\"@id\":\"https:\\\/\\\/www.beijer.com\\\/#website\",\"url\":\"https:\\\/\\\/www.beijer.com\\\/\",\"name\":\"Beijer Automotive\",\"description\":\"\",\"publisher\":{\"@id\":\"https:\\\/\\\/www.beijer.com\\\/#organization\"},\"potentialAction\":[{\"@type\":\"SearchAction\",\"target\":{\"@type\":\"EntryPoint\",\"urlTemplate\":\"https:\\\/\\\/www.beijer.com\\\/?s={search_term_string}\"},\"query-input\":{\"@type\":\"PropertyValueSpecification\",\"valueRequired\":true,\"valueName\":\"search_term_string\"}}],\"inLanguage\":\"es\"},{\"@type\":\"Organization\",\"@id\":\"https:\\\/\\\/www.beijer.com\\\/#organization\",\"name\":\"Beijer Automotive\",\"url\":\"https:\\\/\\\/www.beijer.com\\\/\",\"logo\":{\"@type\":\"ImageObject\",\"inLanguage\":\"es\",\"@id\":\"https:\\\/\\\/www.beijer.com\\\/#\\\/schema\\\/logo\\\/image\\\/\",\"url\":\"https:\\\/\\\/www.beijer.com\\\/wp-content\\\/uploads\\\/2018\\\/06\\\/cropped-sdf.jpg\",\"contentUrl\":\"https:\\\/\\\/www.beijer.com\\\/wp-content\\\/uploads\\\/2018\\\/06\\\/cropped-sdf.jpg\",\"width\":\"180\",\"height\":\"59\",\"caption\":\"Beijer Automotive\"},\"image\":{\"@id\":\"https:\\\/\\\/www.beijer.com\\\/#\\\/schema\\\/logo\\\/image\\\/\"}}]}<\/script>\n<!-- \/ Yoast SEO plugin. -->","yoast_head_json":{"title":"API - Beijer Automotive","robots":{"index":"index","follow":"follow","max-snippet":"max-snippet:-1","max-image-preview":"max-image-preview:large","max-video-preview":"max-video-preview:-1"},"canonical":"https:\/\/www.beijer.com\/es\/productos\/productos-analogicas\/api\/","og_locale":"es_ES","og_type":"article","og_title":"API - Beijer Automotive","og_description":"La interfaz de pulsos autom\u00e1ticos (API) se ha creado con el fin de evitar los problemas que se producen al derivar la se\u00f1al de...","og_url":"https:\/\/www.beijer.com\/es\/productos\/productos-analogicas\/api\/","og_site_name":"Beijer Automotive","article_modified_time":"2025-12-30T13:33:49+00:00","og_image":[{"width":512,"height":512,"url":"https:\/\/www.beijer.com\/wp-content\/uploads\/2021\/08\/Productfoto_API_512x512.png","type":"image\/png"}],"twitter_card":"summary_large_image","schema":{"@context":"https:\/\/schema.org","@graph":[{"@type":"WebPage","@id":"https:\/\/www.beijer.com\/es\/productos\/productos-analogicas\/api\/","url":"https:\/\/www.beijer.com\/es\/productos\/productos-analogicas\/api\/","name":"API - Beijer Automotive","isPartOf":{"@id":"https:\/\/www.beijer.com\/#website"},"primaryImageOfPage":{"@id":"https:\/\/www.beijer.com\/es\/productos\/productos-analogicas\/api\/#primaryimage"},"image":{"@id":"https:\/\/www.beijer.com\/es\/productos\/productos-analogicas\/api\/#primaryimage"},"thumbnailUrl":"https:\/\/www.beijer.com\/wp-content\/uploads\/2021\/08\/Productfoto_API_512x512.png","datePublished":"2018-07-05T07:51:27+00:00","dateModified":"2025-12-30T13:33:49+00:00","breadcrumb":{"@id":"https:\/\/www.beijer.com\/es\/productos\/productos-analogicas\/api\/#breadcrumb"},"inLanguage":"es","potentialAction":[{"@type":"ReadAction","target":["https:\/\/www.beijer.com\/es\/productos\/productos-analogicas\/api\/"]}]},{"@type":"ImageObject","inLanguage":"es","@id":"https:\/\/www.beijer.com\/es\/productos\/productos-analogicas\/api\/#primaryimage","url":"https:\/\/www.beijer.com\/wp-content\/uploads\/2021\/08\/Productfoto_API_512x512.png","contentUrl":"https:\/\/www.beijer.com\/wp-content\/uploads\/2021\/08\/Productfoto_API_512x512.png","width":512,"height":512,"caption":"API puls interface"},{"@type":"BreadcrumbList","@id":"https:\/\/www.beijer.com\/es\/productos\/productos-analogicas\/api\/#breadcrumb","itemListElement":[{"@type":"ListItem","position":1,"name":"Home","item":"https:\/\/www.beijer.com\/es\/"},{"@type":"ListItem","position":2,"name":"Productos","item":"https:\/\/www.beijer.com\/es\/productos\/"},{"@type":"ListItem","position":3,"name":"Productos anal\u00f3gicas","item":"https:\/\/www.beijer.com\/es\/productos\/productos-analogicas\/"},{"@type":"ListItem","position":4,"name":"API"}]},{"@type":"WebSite","@id":"https:\/\/www.beijer.com\/#website","url":"https:\/\/www.beijer.com\/","name":"Beijer Automotive","description":"","publisher":{"@id":"https:\/\/www.beijer.com\/#organization"},"potentialAction":[{"@type":"SearchAction","target":{"@type":"EntryPoint","urlTemplate":"https:\/\/www.beijer.com\/?s={search_term_string}"},"query-input":{"@type":"PropertyValueSpecification","valueRequired":true,"valueName":"search_term_string"}}],"inLanguage":"es"},{"@type":"Organization","@id":"https:\/\/www.beijer.com\/#organization","name":"Beijer Automotive","url":"https:\/\/www.beijer.com\/","logo":{"@type":"ImageObject","inLanguage":"es","@id":"https:\/\/www.beijer.com\/#\/schema\/logo\/image\/","url":"https:\/\/www.beijer.com\/wp-content\/uploads\/2018\/06\/cropped-sdf.jpg","contentUrl":"https:\/\/www.beijer.com\/wp-content\/uploads\/2018\/06\/cropped-sdf.jpg","width":"180","height":"59","caption":"Beijer Automotive"},"image":{"@id":"https:\/\/www.beijer.com\/#\/schema\/logo\/image\/"}}]}},"_links":{"self":[{"href":"https:\/\/www.beijer.com\/es\/wp-json\/wp\/v2\/pages\/701","targetHints":{"allow":["GET"]}}],"collection":[{"href":"https:\/\/www.beijer.com\/es\/wp-json\/wp\/v2\/pages"}],"about":[{"href":"https:\/\/www.beijer.com\/es\/wp-json\/wp\/v2\/types\/page"}],"author":[{"embeddable":true,"href":"https:\/\/www.beijer.com\/es\/wp-json\/wp\/v2\/users\/2"}],"replies":[{"embeddable":true,"href":"https:\/\/www.beijer.com\/es\/wp-json\/wp\/v2\/comments?post=701"}],"version-history":[{"count":13,"href":"https:\/\/www.beijer.com\/es\/wp-json\/wp\/v2\/pages\/701\/revisions"}],"predecessor-version":[{"id":51053,"href":"https:\/\/www.beijer.com\/es\/wp-json\/wp\/v2\/pages\/701\/revisions\/51053"}],"up":[{"embeddable":true,"href":"https:\/\/www.beijer.com\/es\/wp-json\/wp\/v2\/pages\/616"}],"wp:featuredmedia":[{"embeddable":true,"href":"https:\/\/www.beijer.com\/es\/wp-json\/wp\/v2\/media\/3900"}],"wp:attachment":[{"href":"https:\/\/www.beijer.com\/es\/wp-json\/wp\/v2\/media?parent=701"}],"curies":[{"name":"wp","href":"https:\/\/api.w.org\/{rel}","templated":true}]}}