{"id":7831,"date":"2022-01-28T14:35:03","date_gmt":"2022-01-28T13:35:03","guid":{"rendered":"https:\/\/www.beijer.com\/bci-application-lists\/"},"modified":"2025-12-17T11:32:38","modified_gmt":"2025-12-17T10:32:38","slug":"bci-application-lists","status":"publish","type":"page","link":"https:\/\/www.beijer.com\/es\/bci-application-lists\/","title":{"rendered":"BCI Application Lists"},"content":{"rendered":"<p>Cada BCI tiene una versi\u00f3n de software que incluye una Application List. Esta Application List enumera los veh\u00edculos que reconoce la BCI, seguidos de las salidas disponibles (marcadas). La versi\u00f3n del software siempre empieza con una \u00abP\u00bb y aparece en la parte superior de la Application List. <b>Escanee el c\u00f3digo QR de su BCI para ver la Application List.<\/b><\/p>\n<p>La siguiente tabla contiene las Application Lists m\u00e1s actualizadas para todas las BCI est\u00e1ndar.<\/p>\n\n\n<table id=\"tablepress-1\" class=\"tablepress tablepress-id-1\">\n<thead>\n<tr class=\"row-1\">\n\t<th class=\"column-1\">BCI<\/th><th class=\"column-2\">INPUT<\/th><th class=\"column-3\">OUTPUT<\/th><th class=\"column-4\">CURRENT APPLICATION LIST<\/th>\n<\/tr>\n<\/thead>\n<tbody class=\"row-striping row-hover\">\n<tr class=\"row-2\">\n\t<td class=\"column-1\">BCI-2-NG<\/td><td class=\"column-2\">- CAN Highspeed\/<b>FD<\/b><\/td><td class=\"column-3\">\u25cf Speed<br \/>\n\u25cf Switched Power<\/td><td class=\"column-4\"><strong><a href=\"https:\/\/bcs.beijer.com\/doc\/bci\/ApplicationLists\/PE.1000.html\" target=\"_blank\" rel=\"noopener\">PE.1000.MV<\/a><\/strong><\/td>\n<\/tr>\n<tr class=\"row-3\">\n\t<td class=\"column-1\">BCI-2<\/td><td class=\"column-2\">- CAN Highspeed<\/td><td class=\"column-3\">\u25cf Speed<br \/>\n\u25cf Switched Power<\/td><td class=\"column-4\"><strong><a href=\"https:\/\/bcs.beijer.com\/doc\/bci\/ApplicationLists\/PA.1000.html\" target=\"_blank\" rel=\"noopener\">PA.1000.MV<\/a><\/strong><\/td>\n<\/tr>\n<tr class=\"row-4\">\n\t<td class=\"column-1\">BCI-TACHO<\/td><td class=\"column-2\">- CAN Highspeed\/<b>FD<\/b><br \/>\n- CAN Lowspeed<br \/>\n<\/td><td class=\"column-3\">\u25cf Speed<br \/>\n\u25cf Switched Power<br \/>\n\u25cf Parking light<\/td><td class=\"column-4\"><strong><a href=\"https:\/\/bcs.beijer.com\/doc\/bci\/ApplicationLists\/PE.1342.html\" target=\"_blank\" rel=\"noopener\">PE.1342.MV<\/a><\/strong><\/td>\n<\/tr>\n<tr class=\"row-5\">\n\t<td class=\"column-1\">BCI-TESLA<\/td><td class=\"column-2\">- CAN Highspeed<BR>Tesla Model 3 and <BR>Model Y from mid-2020<\/td><td class=\"column-3\">\u25cf Speed<br \/>\n\u25cf Switched Power<\/td><td class=\"column-4\"><strong><a href=\"https:\/\/bcs.beijer.com\/doc\/bci\/ApplicationLists\/PA.1013.SV.AAJA.254.html\" target=\"_blank\" rel=\"noopener\">PA.1013.SV<\/a><\/strong><\/td>\n<\/tr>\n<tr class=\"row-6\">\n\t<td class=\"column-1\">BCI-6-NG<\/td><td class=\"column-2\">- CAN Highspeed\/<b>FD<\/b><br \/>\n- CAN Highspeed\/<b>FD<\/b><br \/>\n<\/td><td class=\"column-3\">\u25cf Speed<br \/>\n\u25cf RPM<br \/>\n\u25cf Reverse<br \/>\n\u25cf Switched Power<br \/>\n\u25cf SSW20 (High < 20km\/h)<br \/>\n\u25cf EngineRun<\/td><td class=\"column-4\"><strong><a href=\"https:\/\/bcs.beijer.com\/doc\/bci\/ApplicationLists\/PG.1000.html\" target=\"_blank\" rel=\"noopener\">PG.1000.MV<\/a><\/strong><\/td>\n<\/tr>\n<tr class=\"row-7\">\n\t<td class=\"column-1\">BCI-6<\/td><td class=\"column-2\">- CAN Highspeed<br \/>\n- CAN Lowspeed<\/td><td class=\"column-3\">\u25cf Speed<br \/>\n\u25cf RPM<br \/>\n\u25cf Reverse<br \/>\n\u25cf Switched Power<br \/>\n\u25cf SSW20 (High < 20km\/h)<br \/>\n\u25cf EngineRun<\/td><td class=\"column-4\"><strong><a href=\"https:\/\/bcs.beijer.com\/doc\/bci\/ApplicationLists\/PC.1000.html\" target=\"_blank\" rel=\"noopener\">PC.1000.MV<\/a><\/strong><\/td>\n<\/tr>\n<tr class=\"row-8\">\n\t<td class=\"column-1\">BCI-8UDS-NG<\/td><td class=\"column-2\">- CAN Highspeed\/<b>FD<\/b> <br \/>\n- CAN Highspeed\/<b>FD<\/b><\/td><td class=\"column-3\">\u25cf Speed<br \/>\n\u25cf Low beam<br \/>\n\u25cf High beam<br \/>\n\u25cf Switched Power<br \/>\n\u25cf Brake<br \/>\n\u25cf Parking light<br \/>\n\u25cf Left Direction Indicator (LDI)<br \/>\n\u25cf Right Direction Indicator (RDI)<\/td><td class=\"column-4\"><strong><a href=\"https:\/\/bcs.beijer.com\/doc\/bci\/ApplicationLists\/PG.1008.html\" target=\"_blank\" rel=\"noopener\">PG.1008.MV<\/a><\/u><\/strong><\/td>\n<\/tr>\n<tr class=\"row-9\">\n\t<td class=\"column-1\">BCI-8UDS<\/td><td class=\"column-2\">- CAN Highspeed<br \/>\n- CAN Lowspeed<\/td><td class=\"column-3\">\u25cf Speed<br \/>\n\u25cf Low beam<br \/>\n\u25cf High beam<br \/>\n\u25cf Switched Power<br \/>\n\u25cf Brake<br \/>\n\u25cf Parking light<br \/>\n\u25cf Left Direction Indicator (LDI)<br \/>\n\u25cf Right Direction Indicator (RDI)<\/td><td class=\"column-4\"><strong><a href=\"https:\/\/bcs.beijer.com\/doc\/bci\/ApplicationLists\/PC.1008.html\" target=\"_blank\" rel=\"noopener\">PC.1008.MV<\/a><\/u><\/strong><\/td>\n<\/tr>\n<tr class=\"row-10\">\n\t<td class=\"column-1\">BCI-HIGHBEAM<\/td><td class=\"column-2\">- CAN Highspeed\/<b>FD<\/b> <br \/>\n- CAN Highspeed\/<b>FD<\/b><\/td><td class=\"column-3\">\u25cf High beam<\/td><td class=\"column-4\"><strong><a href=\"https:\/\/bcs.beijer.com\/doc\/bci\/ApplicationLists\/PG.1043.html\" target=\"_blank\" rel=\"noopener\">PG.1043.MV<\/a><\/u><\/strong><\/td>\n<\/tr>\n<\/tbody>\n<tfoot>\n<tr class=\"row-11\">\n\t<td class=\"column-1\"><\/td><td class=\"column-2\"><\/td><td class=\"column-3\"><\/td><td class=\"column-4\"><\/td>\n<\/tr>\n<\/tfoot>\n<\/table>\n<!-- #tablepress-1 from cache -->\n","protected":false},"excerpt":{"rendered":"<p>Cada BCI tiene una versi\u00f3n de software que incluye una Application List. Esta Application List enumera los veh\u00edculos que reconoce la BCI, seguidos de&#8230;<\/p>\n","protected":false},"author":2,"featured_media":0,"parent":0,"menu_order":0,"comment_status":"closed","ping_status":"closed","template":"","meta":{"_acf_changed":false,"footnotes":""},"class_list":["post-7831","page","type-page","status-publish","hentry"],"acf":[],"yoast_head":"<!-- This site is optimized with the Yoast SEO plugin v27.5 - https:\/\/yoast.com\/product\/yoast-seo-wordpress\/ -->\n<title>BCI Application Lists - Beijer Automotive<\/title>\n<meta name=\"robots\" content=\"index, follow, max-snippet:-1, max-image-preview:large, max-video-preview:-1\" \/>\n<link rel=\"canonical\" href=\"https:\/\/www.beijer.com\/es\/bci-application-lists\/\" \/>\n<meta property=\"og:locale\" content=\"es_ES\" \/>\n<meta property=\"og:type\" content=\"article\" \/>\n<meta property=\"og:title\" content=\"BCI Application Lists - Beijer Automotive\" \/>\n<meta property=\"og:description\" content=\"Cada BCI tiene una versi\u00f3n de software que incluye una Application List. Esta Application List enumera los veh\u00edculos que reconoce la BCI, seguidos de...\" \/>\n<meta property=\"og:url\" content=\"https:\/\/www.beijer.com\/es\/bci-application-lists\/\" \/>\n<meta property=\"og:site_name\" content=\"Beijer Automotive\" \/>\n<meta property=\"article:modified_time\" content=\"2025-12-17T10:32:38+00:00\" \/>\n<meta name=\"twitter:card\" content=\"summary_large_image\" \/>\n<script type=\"application\/ld+json\" class=\"yoast-schema-graph\">{\"@context\":\"https:\\\/\\\/schema.org\",\"@graph\":[{\"@type\":\"WebPage\",\"@id\":\"https:\\\/\\\/www.beijer.com\\\/es\\\/bci-application-lists\\\/\",\"url\":\"https:\\\/\\\/www.beijer.com\\\/es\\\/bci-application-lists\\\/\",\"name\":\"BCI Application Lists - Beijer Automotive\",\"isPartOf\":{\"@id\":\"https:\\\/\\\/www.beijer.com\\\/#website\"},\"datePublished\":\"2022-01-28T13:35:03+00:00\",\"dateModified\":\"2025-12-17T10:32:38+00:00\",\"breadcrumb\":{\"@id\":\"https:\\\/\\\/www.beijer.com\\\/es\\\/bci-application-lists\\\/#breadcrumb\"},\"inLanguage\":\"es\",\"potentialAction\":[{\"@type\":\"ReadAction\",\"target\":[\"https:\\\/\\\/www.beijer.com\\\/es\\\/bci-application-lists\\\/\"]}]},{\"@type\":\"BreadcrumbList\",\"@id\":\"https:\\\/\\\/www.beijer.com\\\/es\\\/bci-application-lists\\\/#breadcrumb\",\"itemListElement\":[{\"@type\":\"ListItem\",\"position\":1,\"name\":\"Home\",\"item\":\"https:\\\/\\\/www.beijer.com\\\/es\\\/\"},{\"@type\":\"ListItem\",\"position\":2,\"name\":\"BCI Application Lists\"}]},{\"@type\":\"WebSite\",\"@id\":\"https:\\\/\\\/www.beijer.com\\\/#website\",\"url\":\"https:\\\/\\\/www.beijer.com\\\/\",\"name\":\"Beijer Automotive\",\"description\":\"\",\"publisher\":{\"@id\":\"https:\\\/\\\/www.beijer.com\\\/#organization\"},\"potentialAction\":[{\"@type\":\"SearchAction\",\"target\":{\"@type\":\"EntryPoint\",\"urlTemplate\":\"https:\\\/\\\/www.beijer.com\\\/?s={search_term_string}\"},\"query-input\":{\"@type\":\"PropertyValueSpecification\",\"valueRequired\":true,\"valueName\":\"search_term_string\"}}],\"inLanguage\":\"es\"},{\"@type\":\"Organization\",\"@id\":\"https:\\\/\\\/www.beijer.com\\\/#organization\",\"name\":\"Beijer Automotive\",\"url\":\"https:\\\/\\\/www.beijer.com\\\/\",\"logo\":{\"@type\":\"ImageObject\",\"inLanguage\":\"es\",\"@id\":\"https:\\\/\\\/www.beijer.com\\\/#\\\/schema\\\/logo\\\/image\\\/\",\"url\":\"https:\\\/\\\/www.beijer.com\\\/wp-content\\\/uploads\\\/2018\\\/06\\\/cropped-sdf.jpg\",\"contentUrl\":\"https:\\\/\\\/www.beijer.com\\\/wp-content\\\/uploads\\\/2018\\\/06\\\/cropped-sdf.jpg\",\"width\":\"180\",\"height\":\"59\",\"caption\":\"Beijer Automotive\"},\"image\":{\"@id\":\"https:\\\/\\\/www.beijer.com\\\/#\\\/schema\\\/logo\\\/image\\\/\"}}]}<\/script>\n<!-- \/ Yoast SEO plugin. -->","yoast_head_json":{"title":"BCI Application Lists - Beijer Automotive","robots":{"index":"index","follow":"follow","max-snippet":"max-snippet:-1","max-image-preview":"max-image-preview:large","max-video-preview":"max-video-preview:-1"},"canonical":"https:\/\/www.beijer.com\/es\/bci-application-lists\/","og_locale":"es_ES","og_type":"article","og_title":"BCI Application Lists - Beijer Automotive","og_description":"Cada BCI tiene una versi\u00f3n de software que incluye una Application List. Esta Application List enumera los veh\u00edculos que reconoce la BCI, seguidos de...","og_url":"https:\/\/www.beijer.com\/es\/bci-application-lists\/","og_site_name":"Beijer Automotive","article_modified_time":"2025-12-17T10:32:38+00:00","twitter_card":"summary_large_image","schema":{"@context":"https:\/\/schema.org","@graph":[{"@type":"WebPage","@id":"https:\/\/www.beijer.com\/es\/bci-application-lists\/","url":"https:\/\/www.beijer.com\/es\/bci-application-lists\/","name":"BCI Application Lists - Beijer Automotive","isPartOf":{"@id":"https:\/\/www.beijer.com\/#website"},"datePublished":"2022-01-28T13:35:03+00:00","dateModified":"2025-12-17T10:32:38+00:00","breadcrumb":{"@id":"https:\/\/www.beijer.com\/es\/bci-application-lists\/#breadcrumb"},"inLanguage":"es","potentialAction":[{"@type":"ReadAction","target":["https:\/\/www.beijer.com\/es\/bci-application-lists\/"]}]},{"@type":"BreadcrumbList","@id":"https:\/\/www.beijer.com\/es\/bci-application-lists\/#breadcrumb","itemListElement":[{"@type":"ListItem","position":1,"name":"Home","item":"https:\/\/www.beijer.com\/es\/"},{"@type":"ListItem","position":2,"name":"BCI Application Lists"}]},{"@type":"WebSite","@id":"https:\/\/www.beijer.com\/#website","url":"https:\/\/www.beijer.com\/","name":"Beijer Automotive","description":"","publisher":{"@id":"https:\/\/www.beijer.com\/#organization"},"potentialAction":[{"@type":"SearchAction","target":{"@type":"EntryPoint","urlTemplate":"https:\/\/www.beijer.com\/?s={search_term_string}"},"query-input":{"@type":"PropertyValueSpecification","valueRequired":true,"valueName":"search_term_string"}}],"inLanguage":"es"},{"@type":"Organization","@id":"https:\/\/www.beijer.com\/#organization","name":"Beijer Automotive","url":"https:\/\/www.beijer.com\/","logo":{"@type":"ImageObject","inLanguage":"es","@id":"https:\/\/www.beijer.com\/#\/schema\/logo\/image\/","url":"https:\/\/www.beijer.com\/wp-content\/uploads\/2018\/06\/cropped-sdf.jpg","contentUrl":"https:\/\/www.beijer.com\/wp-content\/uploads\/2018\/06\/cropped-sdf.jpg","width":"180","height":"59","caption":"Beijer Automotive"},"image":{"@id":"https:\/\/www.beijer.com\/#\/schema\/logo\/image\/"}}]}},"_links":{"self":[{"href":"https:\/\/www.beijer.com\/es\/wp-json\/wp\/v2\/pages\/7831","targetHints":{"allow":["GET"]}}],"collection":[{"href":"https:\/\/www.beijer.com\/es\/wp-json\/wp\/v2\/pages"}],"about":[{"href":"https:\/\/www.beijer.com\/es\/wp-json\/wp\/v2\/types\/page"}],"author":[{"embeddable":true,"href":"https:\/\/www.beijer.com\/es\/wp-json\/wp\/v2\/users\/2"}],"replies":[{"embeddable":true,"href":"https:\/\/www.beijer.com\/es\/wp-json\/wp\/v2\/comments?post=7831"}],"version-history":[{"count":6,"href":"https:\/\/www.beijer.com\/es\/wp-json\/wp\/v2\/pages\/7831\/revisions"}],"predecessor-version":[{"id":50696,"href":"https:\/\/www.beijer.com\/es\/wp-json\/wp\/v2\/pages\/7831\/revisions\/50696"}],"wp:attachment":[{"href":"https:\/\/www.beijer.com\/es\/wp-json\/wp\/v2\/media?parent=7831"}],"curies":[{"name":"wp","href":"https:\/\/api.w.org\/{rel}","templated":true}]}}