{"id":8228,"date":"2022-02-08T15:57:59","date_gmt":"2022-02-08T14:57:59","guid":{"rendered":"https:\/\/www.beijer.com\/productos\/productos-can\/beijer-can-interfaces-bci\/bci-can-to-analog\/bci-maatwerk\/"},"modified":"2022-03-07T13:49:51","modified_gmt":"2022-03-07T12:49:51","slug":"bci-maatwerk","status":"publish","type":"page","link":"https:\/\/www.beijer.com\/es\/productos\/productos-can\/beijer-can-interfaces-bci\/bci-can-to-analog\/bci-maatwerk\/","title":{"rendered":"BCI POR ENCARGO"},"content":{"rendered":"\n<p>Es posible que est\u00e9 buscando una se\u00f1al especial o una combinaci\u00f3n de se\u00f1ales que no est\u00e9 disponible en nuestros BCI est\u00e1ndar. En tal caso, si los datos deseados est\u00e1n disponibles en el veh\u00edculo, podemos hacer una BCI personalizada para usted. Env\u00edanos un e-mail con todos tus deseos y te responderemos lo antes posible con una propuesta sin compromiso.<\/p>\n\n\n\n<figure class=\"wp-block-image size-full\"><img loading=\"lazy\" decoding=\"async\" width=\"703\" height=\"104\" src=\"https:\/\/www.beijer.com\/wp-content\/uploads\/2022\/02\/BCI_MW_703x104_3.jpg\" alt=\"\" class=\"wp-image-8216\" srcset=\"https:\/\/www.beijer.com\/wp-content\/uploads\/2022\/02\/BCI_MW_703x104_3.jpg 703w, https:\/\/www.beijer.com\/wp-content\/uploads\/2022\/02\/BCI_MW_703x104_3-300x44.jpg 300w\" sizes=\"auto, (max-width: 703px) 100vw, 703px\" \/><\/figure>\n\n\n\n<p>Env\u00ede su correo electr\u00f3nico a <a href=\"mailto:stef.vanderstokker@beijer.com\">stef.vanderstokker@beijer.com<\/a> e indique la marca, el tipo, el a\u00f1o de producci\u00f3n, la(s) se\u00f1al(es) y las especificaciones de la se\u00f1al deseada. Esperamos su solicitud.<\/p>\n\n\n\n<p><\/p>\n\n\n\n<p><\/p>\n","protected":false},"excerpt":{"rendered":"<p>Es posible que est\u00e9 buscando una se\u00f1al especial o una combinaci\u00f3n de se\u00f1ales que no est\u00e9 disponible en nuestros BCI est\u00e1ndar. En tal caso,&#8230;<\/p>\n","protected":false},"author":2,"featured_media":8138,"parent":4147,"menu_order":6,"comment_status":"closed","ping_status":"closed","template":"","meta":{"_acf_changed":false,"footnotes":""},"class_list":["post-8228","page","type-page","status-publish","has-post-thumbnail","hentry"],"acf":[],"yoast_head":"<!-- This site is optimized with the Yoast SEO plugin v26.8 - https:\/\/yoast.com\/product\/yoast-seo-wordpress\/ -->\n<title>BCI POR ENCARGO - Beijer Automotive<\/title>\n<meta name=\"robots\" content=\"index, follow, max-snippet:-1, max-image-preview:large, max-video-preview:-1\" \/>\n<link rel=\"canonical\" href=\"https:\/\/www.beijer.com\/es\/productos\/productos-can\/beijer-can-interfaces-bci\/bci-can-to-analog\/bci-maatwerk\/\" \/>\n<meta property=\"og:locale\" content=\"es_ES\" \/>\n<meta property=\"og:type\" content=\"article\" \/>\n<meta property=\"og:title\" content=\"BCI POR ENCARGO - Beijer Automotive\" \/>\n<meta property=\"og:description\" content=\"Es posible que est\u00e9 buscando una se\u00f1al especial o una combinaci\u00f3n de se\u00f1ales que no est\u00e9 disponible en nuestros BCI est\u00e1ndar. En tal caso,...\" \/>\n<meta property=\"og:url\" content=\"https:\/\/www.beijer.com\/es\/productos\/productos-can\/beijer-can-interfaces-bci\/bci-can-to-analog\/bci-maatwerk\/\" \/>\n<meta property=\"og:site_name\" content=\"Beijer Automotive\" \/>\n<meta property=\"article:modified_time\" content=\"2022-03-07T12:49:51+00:00\" \/>\n<meta property=\"og:image\" content=\"https:\/\/www.beijer.com\/wp-content\/uploads\/2022\/02\/BCI_MW_418x418_5.png\" \/>\n\t<meta property=\"og:image:width\" content=\"418\" \/>\n\t<meta property=\"og:image:height\" content=\"418\" \/>\n\t<meta property=\"og:image:type\" content=\"image\/png\" \/>\n<meta name=\"twitter:card\" content=\"summary_large_image\" \/>\n<script type=\"application\/ld+json\" class=\"yoast-schema-graph\">{\"@context\":\"https:\/\/schema.org\",\"@graph\":[{\"@type\":\"WebPage\",\"@id\":\"https:\/\/www.beijer.com\/es\/productos\/productos-can\/beijer-can-interfaces-bci\/bci-can-to-analog\/bci-maatwerk\/\",\"url\":\"https:\/\/www.beijer.com\/es\/productos\/productos-can\/beijer-can-interfaces-bci\/bci-can-to-analog\/bci-maatwerk\/\",\"name\":\"BCI POR ENCARGO - Beijer Automotive\",\"isPartOf\":{\"@id\":\"https:\/\/www.beijer.com\/#website\"},\"primaryImageOfPage\":{\"@id\":\"https:\/\/www.beijer.com\/es\/productos\/productos-can\/beijer-can-interfaces-bci\/bci-can-to-analog\/bci-maatwerk\/#primaryimage\"},\"image\":{\"@id\":\"https:\/\/www.beijer.com\/es\/productos\/productos-can\/beijer-can-interfaces-bci\/bci-can-to-analog\/bci-maatwerk\/#primaryimage\"},\"thumbnailUrl\":\"https:\/\/www.beijer.com\/wp-content\/uploads\/2022\/02\/BCI_MW_418x418_5.png\",\"datePublished\":\"2022-02-08T14:57:59+00:00\",\"dateModified\":\"2022-03-07T12:49:51+00:00\",\"breadcrumb\":{\"@id\":\"https:\/\/www.beijer.com\/es\/productos\/productos-can\/beijer-can-interfaces-bci\/bci-can-to-analog\/bci-maatwerk\/#breadcrumb\"},\"inLanguage\":\"es\",\"potentialAction\":[{\"@type\":\"ReadAction\",\"target\":[\"https:\/\/www.beijer.com\/es\/productos\/productos-can\/beijer-can-interfaces-bci\/bci-can-to-analog\/bci-maatwerk\/\"]}]},{\"@type\":\"ImageObject\",\"inLanguage\":\"es\",\"@id\":\"https:\/\/www.beijer.com\/es\/productos\/productos-can\/beijer-can-interfaces-bci\/bci-can-to-analog\/bci-maatwerk\/#primaryimage\",\"url\":\"https:\/\/www.beijer.com\/wp-content\/uploads\/2022\/02\/BCI_MW_418x418_5.png\",\"contentUrl\":\"https:\/\/www.beijer.com\/wp-content\/uploads\/2022\/02\/BCI_MW_418x418_5.png\",\"width\":418,\"height\":418},{\"@type\":\"BreadcrumbList\",\"@id\":\"https:\/\/www.beijer.com\/es\/productos\/productos-can\/beijer-can-interfaces-bci\/bci-can-to-analog\/bci-maatwerk\/#breadcrumb\",\"itemListElement\":[{\"@type\":\"ListItem\",\"position\":1,\"name\":\"Home\",\"item\":\"https:\/\/www.beijer.com\/es\/\"},{\"@type\":\"ListItem\",\"position\":2,\"name\":\"Productos\",\"item\":\"https:\/\/www.beijer.com\/es\/productos\/\"},{\"@type\":\"ListItem\",\"position\":3,\"name\":\"Productos CAN\",\"item\":\"https:\/\/www.beijer.com\/es\/productos\/productos-can\/\"},{\"@type\":\"ListItem\",\"position\":4,\"name\":\"Beijer Interfaz CAN (BCI)\",\"item\":\"https:\/\/www.beijer.com\/es\/productos\/productos-can\/beijer-can-interfaces-bci\/\"},{\"@type\":\"ListItem\",\"position\":5,\"name\":\"BCI | CAN-to-Analog\",\"item\":\"https:\/\/www.beijer.com\/es\/productos\/productos-can\/beijer-can-interfaces-bci\/bci-can-to-analog\/\"},{\"@type\":\"ListItem\",\"position\":6,\"name\":\"BCI POR ENCARGO\"}]},{\"@type\":\"WebSite\",\"@id\":\"https:\/\/www.beijer.com\/#website\",\"url\":\"https:\/\/www.beijer.com\/\",\"name\":\"Beijer Automotive\",\"description\":\"\",\"publisher\":{\"@id\":\"https:\/\/www.beijer.com\/#organization\"},\"potentialAction\":[{\"@type\":\"SearchAction\",\"target\":{\"@type\":\"EntryPoint\",\"urlTemplate\":\"https:\/\/www.beijer.com\/?s={search_term_string}\"},\"query-input\":{\"@type\":\"PropertyValueSpecification\",\"valueRequired\":true,\"valueName\":\"search_term_string\"}}],\"inLanguage\":\"es\"},{\"@type\":\"Organization\",\"@id\":\"https:\/\/www.beijer.com\/#organization\",\"name\":\"Beijer Automotive\",\"url\":\"https:\/\/www.beijer.com\/\",\"logo\":{\"@type\":\"ImageObject\",\"inLanguage\":\"es\",\"@id\":\"https:\/\/www.beijer.com\/#\/schema\/logo\/image\/\",\"url\":\"https:\/\/www.beijer.com\/wp-content\/uploads\/2018\/06\/cropped-sdf.jpg\",\"contentUrl\":\"https:\/\/www.beijer.com\/wp-content\/uploads\/2018\/06\/cropped-sdf.jpg\",\"width\":\"180\",\"height\":\"59\",\"caption\":\"Beijer Automotive\"},\"image\":{\"@id\":\"https:\/\/www.beijer.com\/#\/schema\/logo\/image\/\"}}]}<\/script>\n<!-- \/ Yoast SEO plugin. -->","yoast_head_json":{"title":"BCI POR ENCARGO - Beijer Automotive","robots":{"index":"index","follow":"follow","max-snippet":"max-snippet:-1","max-image-preview":"max-image-preview:large","max-video-preview":"max-video-preview:-1"},"canonical":"https:\/\/www.beijer.com\/es\/productos\/productos-can\/beijer-can-interfaces-bci\/bci-can-to-analog\/bci-maatwerk\/","og_locale":"es_ES","og_type":"article","og_title":"BCI POR ENCARGO - Beijer Automotive","og_description":"Es posible que est\u00e9 buscando una se\u00f1al especial o una combinaci\u00f3n de se\u00f1ales que no est\u00e9 disponible en nuestros BCI est\u00e1ndar. En tal caso,...","og_url":"https:\/\/www.beijer.com\/es\/productos\/productos-can\/beijer-can-interfaces-bci\/bci-can-to-analog\/bci-maatwerk\/","og_site_name":"Beijer Automotive","article_modified_time":"2022-03-07T12:49:51+00:00","og_image":[{"width":418,"height":418,"url":"https:\/\/www.beijer.com\/wp-content\/uploads\/2022\/02\/BCI_MW_418x418_5.png","type":"image\/png"}],"twitter_card":"summary_large_image","schema":{"@context":"https:\/\/schema.org","@graph":[{"@type":"WebPage","@id":"https:\/\/www.beijer.com\/es\/productos\/productos-can\/beijer-can-interfaces-bci\/bci-can-to-analog\/bci-maatwerk\/","url":"https:\/\/www.beijer.com\/es\/productos\/productos-can\/beijer-can-interfaces-bci\/bci-can-to-analog\/bci-maatwerk\/","name":"BCI POR ENCARGO - Beijer Automotive","isPartOf":{"@id":"https:\/\/www.beijer.com\/#website"},"primaryImageOfPage":{"@id":"https:\/\/www.beijer.com\/es\/productos\/productos-can\/beijer-can-interfaces-bci\/bci-can-to-analog\/bci-maatwerk\/#primaryimage"},"image":{"@id":"https:\/\/www.beijer.com\/es\/productos\/productos-can\/beijer-can-interfaces-bci\/bci-can-to-analog\/bci-maatwerk\/#primaryimage"},"thumbnailUrl":"https:\/\/www.beijer.com\/wp-content\/uploads\/2022\/02\/BCI_MW_418x418_5.png","datePublished":"2022-02-08T14:57:59+00:00","dateModified":"2022-03-07T12:49:51+00:00","breadcrumb":{"@id":"https:\/\/www.beijer.com\/es\/productos\/productos-can\/beijer-can-interfaces-bci\/bci-can-to-analog\/bci-maatwerk\/#breadcrumb"},"inLanguage":"es","potentialAction":[{"@type":"ReadAction","target":["https:\/\/www.beijer.com\/es\/productos\/productos-can\/beijer-can-interfaces-bci\/bci-can-to-analog\/bci-maatwerk\/"]}]},{"@type":"ImageObject","inLanguage":"es","@id":"https:\/\/www.beijer.com\/es\/productos\/productos-can\/beijer-can-interfaces-bci\/bci-can-to-analog\/bci-maatwerk\/#primaryimage","url":"https:\/\/www.beijer.com\/wp-content\/uploads\/2022\/02\/BCI_MW_418x418_5.png","contentUrl":"https:\/\/www.beijer.com\/wp-content\/uploads\/2022\/02\/BCI_MW_418x418_5.png","width":418,"height":418},{"@type":"BreadcrumbList","@id":"https:\/\/www.beijer.com\/es\/productos\/productos-can\/beijer-can-interfaces-bci\/bci-can-to-analog\/bci-maatwerk\/#breadcrumb","itemListElement":[{"@type":"ListItem","position":1,"name":"Home","item":"https:\/\/www.beijer.com\/es\/"},{"@type":"ListItem","position":2,"name":"Productos","item":"https:\/\/www.beijer.com\/es\/productos\/"},{"@type":"ListItem","position":3,"name":"Productos CAN","item":"https:\/\/www.beijer.com\/es\/productos\/productos-can\/"},{"@type":"ListItem","position":4,"name":"Beijer Interfaz CAN (BCI)","item":"https:\/\/www.beijer.com\/es\/productos\/productos-can\/beijer-can-interfaces-bci\/"},{"@type":"ListItem","position":5,"name":"BCI | CAN-to-Analog","item":"https:\/\/www.beijer.com\/es\/productos\/productos-can\/beijer-can-interfaces-bci\/bci-can-to-analog\/"},{"@type":"ListItem","position":6,"name":"BCI POR ENCARGO"}]},{"@type":"WebSite","@id":"https:\/\/www.beijer.com\/#website","url":"https:\/\/www.beijer.com\/","name":"Beijer Automotive","description":"","publisher":{"@id":"https:\/\/www.beijer.com\/#organization"},"potentialAction":[{"@type":"SearchAction","target":{"@type":"EntryPoint","urlTemplate":"https:\/\/www.beijer.com\/?s={search_term_string}"},"query-input":{"@type":"PropertyValueSpecification","valueRequired":true,"valueName":"search_term_string"}}],"inLanguage":"es"},{"@type":"Organization","@id":"https:\/\/www.beijer.com\/#organization","name":"Beijer Automotive","url":"https:\/\/www.beijer.com\/","logo":{"@type":"ImageObject","inLanguage":"es","@id":"https:\/\/www.beijer.com\/#\/schema\/logo\/image\/","url":"https:\/\/www.beijer.com\/wp-content\/uploads\/2018\/06\/cropped-sdf.jpg","contentUrl":"https:\/\/www.beijer.com\/wp-content\/uploads\/2018\/06\/cropped-sdf.jpg","width":"180","height":"59","caption":"Beijer Automotive"},"image":{"@id":"https:\/\/www.beijer.com\/#\/schema\/logo\/image\/"}}]}},"_links":{"self":[{"href":"https:\/\/www.beijer.com\/es\/wp-json\/wp\/v2\/pages\/8228","targetHints":{"allow":["GET"]}}],"collection":[{"href":"https:\/\/www.beijer.com\/es\/wp-json\/wp\/v2\/pages"}],"about":[{"href":"https:\/\/www.beijer.com\/es\/wp-json\/wp\/v2\/types\/page"}],"author":[{"embeddable":true,"href":"https:\/\/www.beijer.com\/es\/wp-json\/wp\/v2\/users\/2"}],"replies":[{"embeddable":true,"href":"https:\/\/www.beijer.com\/es\/wp-json\/wp\/v2\/comments?post=8228"}],"version-history":[{"count":5,"href":"https:\/\/www.beijer.com\/es\/wp-json\/wp\/v2\/pages\/8228\/revisions"}],"predecessor-version":[{"id":8672,"href":"https:\/\/www.beijer.com\/es\/wp-json\/wp\/v2\/pages\/8228\/revisions\/8672"}],"up":[{"embeddable":true,"href":"https:\/\/www.beijer.com\/es\/wp-json\/wp\/v2\/pages\/4147"}],"wp:featuredmedia":[{"embeddable":true,"href":"https:\/\/www.beijer.com\/es\/wp-json\/wp\/v2\/media\/8138"}],"wp:attachment":[{"href":"https:\/\/www.beijer.com\/es\/wp-json\/wp\/v2\/media?parent=8228"}],"curies":[{"name":"wp","href":"https:\/\/api.w.org\/{rel}","templated":true}]}}