{"id":4055,"date":"2018-07-05T11:08:31","date_gmt":"2018-07-05T11:08:31","guid":{"rendered":"https:\/\/www.beijer.com\/can-database\/"},"modified":"2022-02-23T09:42:59","modified_gmt":"2022-02-23T08:42:59","slug":"can-database","status":"publish","type":"page","link":"https:\/\/www.beijer.com\/fr\/can-database\/","title":{"rendered":"CAN database"},"content":{"rendered":"<p>Les colonnes ci-dessous vous montrent notre base de donn\u00e9es CAN qui contient les param\u00e8tres les plus courants.<br \/>\nNote: La vue d\u2019ensemble montre seulement les &lsquo;mod\u00e8les&rsquo; mais aussi toutes les &lsquo;versions&rsquo; et &lsquo;variantes&rsquo; de ces mod\u00e8les sont compatibles. Au total plus de 65 000 v\u00e9hicules!<\/p>\n<p><iframe style=\"width: 100%; height: 720px;\" src=\"https:\/\/bcs.beijer.com\/doc\/bci\/cat_app\/\" frameborder=\"0\" align=\"top\" seamless=\"\"><\/iframe><\/p>\n<p>N\u2019h\u00e9sitez pas \u00e0 nous <a href=\"https:\/\/www.beijer.com\/fr\/contact\/\">contacter<\/a> pour plus d\u2019informations quant aux disponibilit\u00e9s.<\/p>\n","protected":false},"excerpt":{"rendered":"<p>Les colonnes ci-dessous vous montrent notre base de donn\u00e9es CAN qui contient les param\u00e8tres les plus courants. Note: La vue d\u2019ensemble montre seulement les&#8230;<\/p>\n","protected":false},"author":2,"featured_media":0,"parent":0,"menu_order":0,"comment_status":"closed","ping_status":"closed","template":"","meta":{"_acf_changed":false,"footnotes":""},"class_list":["post-4055","page","type-page","status-publish","hentry"],"acf":[],"yoast_head":"<!-- This site is optimized with the Yoast SEO plugin v27.5 - https:\/\/yoast.com\/product\/yoast-seo-wordpress\/ -->\n<title>CAN database - Beijer Automotive<\/title>\n<meta name=\"robots\" content=\"index, follow, max-snippet:-1, max-image-preview:large, max-video-preview:-1\" \/>\n<link rel=\"canonical\" href=\"https:\/\/www.beijer.com\/fr\/can-database\/\" \/>\n<meta property=\"og:locale\" content=\"fr_FR\" \/>\n<meta property=\"og:type\" content=\"article\" \/>\n<meta property=\"og:title\" content=\"CAN database - Beijer Automotive\" \/>\n<meta property=\"og:description\" content=\"Les colonnes ci-dessous vous montrent notre base de donn\u00e9es CAN qui contient les param\u00e8tres les plus courants. Note: La vue d\u2019ensemble montre seulement les...\" \/>\n<meta property=\"og:url\" content=\"https:\/\/www.beijer.com\/fr\/can-database\/\" \/>\n<meta property=\"og:site_name\" content=\"Beijer Automotive\" \/>\n<meta property=\"article:modified_time\" content=\"2022-02-23T08:42:59+00:00\" \/>\n<meta name=\"twitter:card\" content=\"summary_large_image\" \/>\n<script type=\"application\/ld+json\" class=\"yoast-schema-graph\">{\"@context\":\"https:\\\/\\\/schema.org\",\"@graph\":[{\"@type\":\"WebPage\",\"@id\":\"https:\\\/\\\/www.beijer.com\\\/fr\\\/can-database\\\/\",\"url\":\"https:\\\/\\\/www.beijer.com\\\/fr\\\/can-database\\\/\",\"name\":\"CAN database - Beijer Automotive\",\"isPartOf\":{\"@id\":\"https:\\\/\\\/www.beijer.com\\\/#website\"},\"datePublished\":\"2018-07-05T11:08:31+00:00\",\"dateModified\":\"2022-02-23T08:42:59+00:00\",\"breadcrumb\":{\"@id\":\"https:\\\/\\\/www.beijer.com\\\/fr\\\/can-database\\\/#breadcrumb\"},\"inLanguage\":\"fr-FR\",\"potentialAction\":[{\"@type\":\"ReadAction\",\"target\":[\"https:\\\/\\\/www.beijer.com\\\/fr\\\/can-database\\\/\"]}]},{\"@type\":\"BreadcrumbList\",\"@id\":\"https:\\\/\\\/www.beijer.com\\\/fr\\\/can-database\\\/#breadcrumb\",\"itemListElement\":[{\"@type\":\"ListItem\",\"position\":1,\"name\":\"Home\",\"item\":\"https:\\\/\\\/www.beijer.com\\\/fr\\\/\"},{\"@type\":\"ListItem\",\"position\":2,\"name\":\"CAN database\"}]},{\"@type\":\"WebSite\",\"@id\":\"https:\\\/\\\/www.beijer.com\\\/#website\",\"url\":\"https:\\\/\\\/www.beijer.com\\\/\",\"name\":\"Beijer Automotive\",\"description\":\"\",\"publisher\":{\"@id\":\"https:\\\/\\\/www.beijer.com\\\/#organization\"},\"potentialAction\":[{\"@type\":\"SearchAction\",\"target\":{\"@type\":\"EntryPoint\",\"urlTemplate\":\"https:\\\/\\\/www.beijer.com\\\/?s={search_term_string}\"},\"query-input\":{\"@type\":\"PropertyValueSpecification\",\"valueRequired\":true,\"valueName\":\"search_term_string\"}}],\"inLanguage\":\"fr-FR\"},{\"@type\":\"Organization\",\"@id\":\"https:\\\/\\\/www.beijer.com\\\/#organization\",\"name\":\"Beijer Automotive\",\"url\":\"https:\\\/\\\/www.beijer.com\\\/\",\"logo\":{\"@type\":\"ImageObject\",\"inLanguage\":\"fr-FR\",\"@id\":\"https:\\\/\\\/www.beijer.com\\\/#\\\/schema\\\/logo\\\/image\\\/\",\"url\":\"https:\\\/\\\/www.beijer.com\\\/wp-content\\\/uploads\\\/2018\\\/06\\\/cropped-sdf.jpg\",\"contentUrl\":\"https:\\\/\\\/www.beijer.com\\\/wp-content\\\/uploads\\\/2018\\\/06\\\/cropped-sdf.jpg\",\"width\":\"180\",\"height\":\"59\",\"caption\":\"Beijer Automotive\"},\"image\":{\"@id\":\"https:\\\/\\\/www.beijer.com\\\/#\\\/schema\\\/logo\\\/image\\\/\"}}]}<\/script>\n<!-- \/ Yoast SEO plugin. -->","yoast_head_json":{"title":"CAN database - Beijer Automotive","robots":{"index":"index","follow":"follow","max-snippet":"max-snippet:-1","max-image-preview":"max-image-preview:large","max-video-preview":"max-video-preview:-1"},"canonical":"https:\/\/www.beijer.com\/fr\/can-database\/","og_locale":"fr_FR","og_type":"article","og_title":"CAN database - Beijer Automotive","og_description":"Les colonnes ci-dessous vous montrent notre base de donn\u00e9es CAN qui contient les param\u00e8tres les plus courants. Note: La vue d\u2019ensemble montre seulement les...","og_url":"https:\/\/www.beijer.com\/fr\/can-database\/","og_site_name":"Beijer Automotive","article_modified_time":"2022-02-23T08:42:59+00:00","twitter_card":"summary_large_image","schema":{"@context":"https:\/\/schema.org","@graph":[{"@type":"WebPage","@id":"https:\/\/www.beijer.com\/fr\/can-database\/","url":"https:\/\/www.beijer.com\/fr\/can-database\/","name":"CAN database - Beijer Automotive","isPartOf":{"@id":"https:\/\/www.beijer.com\/#website"},"datePublished":"2018-07-05T11:08:31+00:00","dateModified":"2022-02-23T08:42:59+00:00","breadcrumb":{"@id":"https:\/\/www.beijer.com\/fr\/can-database\/#breadcrumb"},"inLanguage":"fr-FR","potentialAction":[{"@type":"ReadAction","target":["https:\/\/www.beijer.com\/fr\/can-database\/"]}]},{"@type":"BreadcrumbList","@id":"https:\/\/www.beijer.com\/fr\/can-database\/#breadcrumb","itemListElement":[{"@type":"ListItem","position":1,"name":"Home","item":"https:\/\/www.beijer.com\/fr\/"},{"@type":"ListItem","position":2,"name":"CAN database"}]},{"@type":"WebSite","@id":"https:\/\/www.beijer.com\/#website","url":"https:\/\/www.beijer.com\/","name":"Beijer Automotive","description":"","publisher":{"@id":"https:\/\/www.beijer.com\/#organization"},"potentialAction":[{"@type":"SearchAction","target":{"@type":"EntryPoint","urlTemplate":"https:\/\/www.beijer.com\/?s={search_term_string}"},"query-input":{"@type":"PropertyValueSpecification","valueRequired":true,"valueName":"search_term_string"}}],"inLanguage":"fr-FR"},{"@type":"Organization","@id":"https:\/\/www.beijer.com\/#organization","name":"Beijer Automotive","url":"https:\/\/www.beijer.com\/","logo":{"@type":"ImageObject","inLanguage":"fr-FR","@id":"https:\/\/www.beijer.com\/#\/schema\/logo\/image\/","url":"https:\/\/www.beijer.com\/wp-content\/uploads\/2018\/06\/cropped-sdf.jpg","contentUrl":"https:\/\/www.beijer.com\/wp-content\/uploads\/2018\/06\/cropped-sdf.jpg","width":"180","height":"59","caption":"Beijer Automotive"},"image":{"@id":"https:\/\/www.beijer.com\/#\/schema\/logo\/image\/"}}]}},"_links":{"self":[{"href":"https:\/\/www.beijer.com\/fr\/wp-json\/wp\/v2\/pages\/4055","targetHints":{"allow":["GET"]}}],"collection":[{"href":"https:\/\/www.beijer.com\/fr\/wp-json\/wp\/v2\/pages"}],"about":[{"href":"https:\/\/www.beijer.com\/fr\/wp-json\/wp\/v2\/types\/page"}],"author":[{"embeddable":true,"href":"https:\/\/www.beijer.com\/fr\/wp-json\/wp\/v2\/users\/2"}],"replies":[{"embeddable":true,"href":"https:\/\/www.beijer.com\/fr\/wp-json\/wp\/v2\/comments?post=4055"}],"version-history":[{"count":8,"href":"https:\/\/www.beijer.com\/fr\/wp-json\/wp\/v2\/pages\/4055\/revisions"}],"predecessor-version":[{"id":8513,"href":"https:\/\/www.beijer.com\/fr\/wp-json\/wp\/v2\/pages\/4055\/revisions\/8513"}],"wp:attachment":[{"href":"https:\/\/www.beijer.com\/fr\/wp-json\/wp\/v2\/media?parent=4055"}],"curies":[{"name":"wp","href":"https:\/\/api.w.org\/{rel}","templated":true}]}}