{"id":4158,"date":"2018-06-18T14:16:37","date_gmt":"2018-06-18T14:16:37","guid":{"rendered":"https:\/\/www.beijer.com\/produits\/produits-can\/beijer-can-interfaces-bci\/bci-can-to-analog\/bci-2\/"},"modified":"2026-03-30T11:49:30","modified_gmt":"2026-03-30T09:49:30","slug":"bci-2","status":"publish","type":"page","link":"https:\/\/www.beijer.com\/fr\/produits\/produits-can\/beijer-can-interfaces-bci\/bci-can-to-analog\/bci-2\/","title":{"rendered":"BCI-2"},"content":{"rendered":"<div style=\"overflow: hidden; margin-bottom: 10px;\"><img loading=\"lazy\" decoding=\"async\" class=\"alignnone size-medium wp-image-45932\" style=\"float: right; margin-left: 4px; margin-bottom: 0;\" src=\"https:\/\/www.beijer.com\/wp-content\/uploads\/2025\/08\/supports-CAN-FD-e1754309341483.jpg\" alt=\"\" width=\"167\" height=\"109\" \/>\n<p style=\"margin-bottom: 0;\">La BCI-2 est une interface CAN universelle avec deux sorties.<br \/>Avec \u00fan BCI en stock, vous pouvez g\u00e9rer n&rsquo;importe quelle voiture.<\/p>\n<\/div>\n<p>\n<table id=\"tablepress-9\" class=\"tablepress tablepress-id-9\">\n<tbody class=\"row-striping row-hover\">\n<tr class=\"row-1\">\n\t<td class=\"column-1\"><strong>INPUT<\/strong><br \/>\n- CAN High &amp; CAN Low (Highspeed)<br \/>\nSupports CAN FD<br \/>\n<br \/>\n<strong>OUTPUT<\/strong><br \/>\n- Speed<br \/>\n- Switched Power<\/td><td class=\"column-2\"><img loading=\"lazy\" decoding=\"async\" src=\"https:\/\/www.beijer.com\/wp-content\/uploads\/2025\/08\/BCI-2-NG-schuin-transp.png\" alt=\"BCI CAN interface\" width=\"250\" height=\"200\" class=\"alignnone size-full wp-image-1534\" \/><\/td>\n<\/tr>\n<\/tbody>\n<\/table>\n<!-- #tablepress-9 from cache -->\u20ac 155 hors TVA<\/p>\n<p>La connexion d\u2019une BCI est rapide et facile. Une fois connect\u00e9e \u00e0 une alimentation \u00e9lectrique permanente, \u00e0 une masse et \u00e0 deux fils CAN, la BCI d\u00e9termine automatiquement la marque et le type de voiture. La BCI ne n\u00e9cessite pas plus de 20 secondes pour reconna\u00eetre la voiture, apr\u00e8s quoi elle contr\u00f4le les sorties appropri\u00e9es. Et localiser les connexions CAN dans la voiture est \u00e9galement facile \u00e0 l\u2019aide des INCAR instructions (online) gratuites fournies avec chaque BCI.<\/p>\n<p>Le BCI-2 est compatible avec le Smart Tacho 2 (SMT2 \/ G2V2), ainsi qu\u2019avec l\u2019adaptateur M1N1 et le capteur KITAS requis, et est conforme aux normes l\u00e9gales.<\/p>\n<p>D\u00e9couvrez le BCI-2 (&lsquo;Next Gen&rsquo;) avec prise en charge du CAN FD:<\/p>\n<p><a style=\"background-color: #04a1ef; color: #fff; padding: 8px 12px; text-decoration: none; border-radius: 4px; margin-right: 10px; display: inline-block;\" href=\"https:\/\/www.beijer.com\/bci-application-lists\/\" target=\"_blank\" rel=\"noopener\">APPLICATION LIST BCI-2<\/a>\u00a0<a style=\"background-color: #04a1ef; color: #fff; padding: 8px 12px; text-decoration: none; border-radius: 4px; margin-right: 10px; display: inline-block;\" href=\"https:\/\/www.beijer.com\/wp-content\/uploads\/2025\/12\/Manual_BCING_V2_0525.pdf\" target=\"_blank\" rel=\"noopener\">MANUAL BCI-2<\/a> <a style=\"background-color: #04a1ef; color: #fff; padding: 8px 12px; text-decoration: none; border-radius: 4px; display: inline-block;\" href=\"https:\/\/incar.beijer.com\/bci-2-ng.html\" target=\"_blank\" rel=\"noopener\">COMMANDEZ BCI-2<\/a>\u00a0<\/p>\n\n\n<p><\/p>\n","protected":false},"excerpt":{"rendered":"<p>La BCI-2 est une interface CAN universelle avec deux sorties.Avec \u00fan BCI en stock, vous pouvez g\u00e9rer n&rsquo;importe quelle voiture. \u20ac 155 hors TVA&#8230;<\/p>\n","protected":false},"author":1,"featured_media":3470,"parent":4141,"menu_order":1,"comment_status":"closed","ping_status":"closed","template":"","meta":{"_acf_changed":false,"footnotes":""},"class_list":["post-4158","page","type-page","status-publish","has-post-thumbnail","hentry"],"acf":[],"yoast_head":"<!-- This site is optimized with the Yoast SEO plugin v26.8 - https:\/\/yoast.com\/product\/yoast-seo-wordpress\/ -->\n<title>BCI-2 - Beijer Automotive<\/title>\n<meta name=\"robots\" content=\"index, follow, max-snippet:-1, max-image-preview:large, max-video-preview:-1\" \/>\n<link rel=\"canonical\" href=\"https:\/\/www.beijer.com\/fr\/produits\/produits-can\/beijer-can-interfaces-bci\/bci-can-to-analog\/bci-2\/\" \/>\n<meta property=\"og:locale\" content=\"fr_FR\" \/>\n<meta property=\"og:type\" content=\"article\" \/>\n<meta property=\"og:title\" content=\"BCI-2 - Beijer Automotive\" \/>\n<meta property=\"og:description\" content=\"La BCI-2 est une interface CAN universelle avec deux sorties.Avec \u00fan BCI en stock, vous pouvez g\u00e9rer n&rsquo;importe quelle voiture. \u20ac 155 hors TVA...\" \/>\n<meta property=\"og:url\" content=\"https:\/\/www.beijer.com\/fr\/produits\/produits-can\/beijer-can-interfaces-bci\/bci-can-to-analog\/bci-2\/\" \/>\n<meta property=\"og:site_name\" content=\"Beijer Automotive\" \/>\n<meta property=\"article:modified_time\" content=\"2026-03-30T09:49:30+00:00\" \/>\n<meta property=\"og:image\" content=\"https:\/\/www.beijer.com\/wp-content\/uploads\/2021\/08\/Beijer_NEW-Icons_DEF-site-zonder-cirkels-_BCI-2.png\" \/>\n\t<meta property=\"og:image:width\" content=\"417\" \/>\n\t<meta property=\"og:image:height\" content=\"418\" \/>\n\t<meta property=\"og:image:type\" content=\"image\/png\" \/>\n<meta name=\"twitter:card\" content=\"summary_large_image\" \/>\n<script type=\"application\/ld+json\" class=\"yoast-schema-graph\">{\"@context\":\"https:\/\/schema.org\",\"@graph\":[{\"@type\":\"WebPage\",\"@id\":\"https:\/\/www.beijer.com\/fr\/produits\/produits-can\/beijer-can-interfaces-bci\/bci-can-to-analog\/bci-2\/\",\"url\":\"https:\/\/www.beijer.com\/fr\/produits\/produits-can\/beijer-can-interfaces-bci\/bci-can-to-analog\/bci-2\/\",\"name\":\"BCI-2 - Beijer Automotive\",\"isPartOf\":{\"@id\":\"https:\/\/www.beijer.com\/#website\"},\"primaryImageOfPage\":{\"@id\":\"https:\/\/www.beijer.com\/fr\/produits\/produits-can\/beijer-can-interfaces-bci\/bci-can-to-analog\/bci-2\/#primaryimage\"},\"image\":{\"@id\":\"https:\/\/www.beijer.com\/fr\/produits\/produits-can\/beijer-can-interfaces-bci\/bci-can-to-analog\/bci-2\/#primaryimage\"},\"thumbnailUrl\":\"https:\/\/www.beijer.com\/wp-content\/uploads\/2021\/08\/Beijer_NEW-Icons_DEF-site-zonder-cirkels-_BCI-2.png\",\"datePublished\":\"2018-06-18T14:16:37+00:00\",\"dateModified\":\"2026-03-30T09:49:30+00:00\",\"breadcrumb\":{\"@id\":\"https:\/\/www.beijer.com\/fr\/produits\/produits-can\/beijer-can-interfaces-bci\/bci-can-to-analog\/bci-2\/#breadcrumb\"},\"inLanguage\":\"fr-FR\",\"potentialAction\":[{\"@type\":\"ReadAction\",\"target\":[\"https:\/\/www.beijer.com\/fr\/produits\/produits-can\/beijer-can-interfaces-bci\/bci-can-to-analog\/bci-2\/\"]}]},{\"@type\":\"ImageObject\",\"inLanguage\":\"fr-FR\",\"@id\":\"https:\/\/www.beijer.com\/fr\/produits\/produits-can\/beijer-can-interfaces-bci\/bci-can-to-analog\/bci-2\/#primaryimage\",\"url\":\"https:\/\/www.beijer.com\/wp-content\/uploads\/2021\/08\/Beijer_NEW-Icons_DEF-site-zonder-cirkels-_BCI-2.png\",\"contentUrl\":\"https:\/\/www.beijer.com\/wp-content\/uploads\/2021\/08\/Beijer_NEW-Icons_DEF-site-zonder-cirkels-_BCI-2.png\",\"width\":417,\"height\":418},{\"@type\":\"BreadcrumbList\",\"@id\":\"https:\/\/www.beijer.com\/fr\/produits\/produits-can\/beijer-can-interfaces-bci\/bci-can-to-analog\/bci-2\/#breadcrumb\",\"itemListElement\":[{\"@type\":\"ListItem\",\"position\":1,\"name\":\"Home\",\"item\":\"https:\/\/www.beijer.com\/fr\/\"},{\"@type\":\"ListItem\",\"position\":2,\"name\":\"Produits\",\"item\":\"https:\/\/www.beijer.com\/fr\/produits\/\"},{\"@type\":\"ListItem\",\"position\":3,\"name\":\"Produits CAN\",\"item\":\"https:\/\/www.beijer.com\/fr\/produits\/produits-can\/\"},{\"@type\":\"ListItem\",\"position\":4,\"name\":\"Beijer Interface CAN (BCI)\",\"item\":\"https:\/\/www.beijer.com\/fr\/produits\/produits-can\/beijer-can-interfaces-bci\/\"},{\"@type\":\"ListItem\",\"position\":5,\"name\":\"BCI | CAN-to-Analog\",\"item\":\"https:\/\/www.beijer.com\/fr\/produits\/produits-can\/beijer-can-interfaces-bci\/bci-can-to-analog\/\"},{\"@type\":\"ListItem\",\"position\":6,\"name\":\"BCI-2\"}]},{\"@type\":\"WebSite\",\"@id\":\"https:\/\/www.beijer.com\/#website\",\"url\":\"https:\/\/www.beijer.com\/\",\"name\":\"Beijer Automotive\",\"description\":\"\",\"publisher\":{\"@id\":\"https:\/\/www.beijer.com\/#organization\"},\"potentialAction\":[{\"@type\":\"SearchAction\",\"target\":{\"@type\":\"EntryPoint\",\"urlTemplate\":\"https:\/\/www.beijer.com\/?s={search_term_string}\"},\"query-input\":{\"@type\":\"PropertyValueSpecification\",\"valueRequired\":true,\"valueName\":\"search_term_string\"}}],\"inLanguage\":\"fr-FR\"},{\"@type\":\"Organization\",\"@id\":\"https:\/\/www.beijer.com\/#organization\",\"name\":\"Beijer Automotive\",\"url\":\"https:\/\/www.beijer.com\/\",\"logo\":{\"@type\":\"ImageObject\",\"inLanguage\":\"fr-FR\",\"@id\":\"https:\/\/www.beijer.com\/#\/schema\/logo\/image\/\",\"url\":\"https:\/\/www.beijer.com\/wp-content\/uploads\/2018\/06\/cropped-sdf.jpg\",\"contentUrl\":\"https:\/\/www.beijer.com\/wp-content\/uploads\/2018\/06\/cropped-sdf.jpg\",\"width\":\"180\",\"height\":\"59\",\"caption\":\"Beijer Automotive\"},\"image\":{\"@id\":\"https:\/\/www.beijer.com\/#\/schema\/logo\/image\/\"}}]}<\/script>\n<!-- \/ Yoast SEO plugin. -->","yoast_head_json":{"title":"BCI-2 - Beijer Automotive","robots":{"index":"index","follow":"follow","max-snippet":"max-snippet:-1","max-image-preview":"max-image-preview:large","max-video-preview":"max-video-preview:-1"},"canonical":"https:\/\/www.beijer.com\/fr\/produits\/produits-can\/beijer-can-interfaces-bci\/bci-can-to-analog\/bci-2\/","og_locale":"fr_FR","og_type":"article","og_title":"BCI-2 - Beijer Automotive","og_description":"La BCI-2 est une interface CAN universelle avec deux sorties.Avec \u00fan BCI en stock, vous pouvez g\u00e9rer n&rsquo;importe quelle voiture. \u20ac 155 hors TVA...","og_url":"https:\/\/www.beijer.com\/fr\/produits\/produits-can\/beijer-can-interfaces-bci\/bci-can-to-analog\/bci-2\/","og_site_name":"Beijer Automotive","article_modified_time":"2026-03-30T09:49:30+00:00","og_image":[{"width":417,"height":418,"url":"https:\/\/www.beijer.com\/wp-content\/uploads\/2021\/08\/Beijer_NEW-Icons_DEF-site-zonder-cirkels-_BCI-2.png","type":"image\/png"}],"twitter_card":"summary_large_image","schema":{"@context":"https:\/\/schema.org","@graph":[{"@type":"WebPage","@id":"https:\/\/www.beijer.com\/fr\/produits\/produits-can\/beijer-can-interfaces-bci\/bci-can-to-analog\/bci-2\/","url":"https:\/\/www.beijer.com\/fr\/produits\/produits-can\/beijer-can-interfaces-bci\/bci-can-to-analog\/bci-2\/","name":"BCI-2 - Beijer Automotive","isPartOf":{"@id":"https:\/\/www.beijer.com\/#website"},"primaryImageOfPage":{"@id":"https:\/\/www.beijer.com\/fr\/produits\/produits-can\/beijer-can-interfaces-bci\/bci-can-to-analog\/bci-2\/#primaryimage"},"image":{"@id":"https:\/\/www.beijer.com\/fr\/produits\/produits-can\/beijer-can-interfaces-bci\/bci-can-to-analog\/bci-2\/#primaryimage"},"thumbnailUrl":"https:\/\/www.beijer.com\/wp-content\/uploads\/2021\/08\/Beijer_NEW-Icons_DEF-site-zonder-cirkels-_BCI-2.png","datePublished":"2018-06-18T14:16:37+00:00","dateModified":"2026-03-30T09:49:30+00:00","breadcrumb":{"@id":"https:\/\/www.beijer.com\/fr\/produits\/produits-can\/beijer-can-interfaces-bci\/bci-can-to-analog\/bci-2\/#breadcrumb"},"inLanguage":"fr-FR","potentialAction":[{"@type":"ReadAction","target":["https:\/\/www.beijer.com\/fr\/produits\/produits-can\/beijer-can-interfaces-bci\/bci-can-to-analog\/bci-2\/"]}]},{"@type":"ImageObject","inLanguage":"fr-FR","@id":"https:\/\/www.beijer.com\/fr\/produits\/produits-can\/beijer-can-interfaces-bci\/bci-can-to-analog\/bci-2\/#primaryimage","url":"https:\/\/www.beijer.com\/wp-content\/uploads\/2021\/08\/Beijer_NEW-Icons_DEF-site-zonder-cirkels-_BCI-2.png","contentUrl":"https:\/\/www.beijer.com\/wp-content\/uploads\/2021\/08\/Beijer_NEW-Icons_DEF-site-zonder-cirkels-_BCI-2.png","width":417,"height":418},{"@type":"BreadcrumbList","@id":"https:\/\/www.beijer.com\/fr\/produits\/produits-can\/beijer-can-interfaces-bci\/bci-can-to-analog\/bci-2\/#breadcrumb","itemListElement":[{"@type":"ListItem","position":1,"name":"Home","item":"https:\/\/www.beijer.com\/fr\/"},{"@type":"ListItem","position":2,"name":"Produits","item":"https:\/\/www.beijer.com\/fr\/produits\/"},{"@type":"ListItem","position":3,"name":"Produits CAN","item":"https:\/\/www.beijer.com\/fr\/produits\/produits-can\/"},{"@type":"ListItem","position":4,"name":"Beijer Interface CAN (BCI)","item":"https:\/\/www.beijer.com\/fr\/produits\/produits-can\/beijer-can-interfaces-bci\/"},{"@type":"ListItem","position":5,"name":"BCI | CAN-to-Analog","item":"https:\/\/www.beijer.com\/fr\/produits\/produits-can\/beijer-can-interfaces-bci\/bci-can-to-analog\/"},{"@type":"ListItem","position":6,"name":"BCI-2"}]},{"@type":"WebSite","@id":"https:\/\/www.beijer.com\/#website","url":"https:\/\/www.beijer.com\/","name":"Beijer Automotive","description":"","publisher":{"@id":"https:\/\/www.beijer.com\/#organization"},"potentialAction":[{"@type":"SearchAction","target":{"@type":"EntryPoint","urlTemplate":"https:\/\/www.beijer.com\/?s={search_term_string}"},"query-input":{"@type":"PropertyValueSpecification","valueRequired":true,"valueName":"search_term_string"}}],"inLanguage":"fr-FR"},{"@type":"Organization","@id":"https:\/\/www.beijer.com\/#organization","name":"Beijer Automotive","url":"https:\/\/www.beijer.com\/","logo":{"@type":"ImageObject","inLanguage":"fr-FR","@id":"https:\/\/www.beijer.com\/#\/schema\/logo\/image\/","url":"https:\/\/www.beijer.com\/wp-content\/uploads\/2018\/06\/cropped-sdf.jpg","contentUrl":"https:\/\/www.beijer.com\/wp-content\/uploads\/2018\/06\/cropped-sdf.jpg","width":"180","height":"59","caption":"Beijer Automotive"},"image":{"@id":"https:\/\/www.beijer.com\/#\/schema\/logo\/image\/"}}]}},"_links":{"self":[{"href":"https:\/\/www.beijer.com\/fr\/wp-json\/wp\/v2\/pages\/4158","targetHints":{"allow":["GET"]}}],"collection":[{"href":"https:\/\/www.beijer.com\/fr\/wp-json\/wp\/v2\/pages"}],"about":[{"href":"https:\/\/www.beijer.com\/fr\/wp-json\/wp\/v2\/types\/page"}],"author":[{"embeddable":true,"href":"https:\/\/www.beijer.com\/fr\/wp-json\/wp\/v2\/users\/1"}],"replies":[{"embeddable":true,"href":"https:\/\/www.beijer.com\/fr\/wp-json\/wp\/v2\/comments?post=4158"}],"version-history":[{"count":27,"href":"https:\/\/www.beijer.com\/fr\/wp-json\/wp\/v2\/pages\/4158\/revisions"}],"predecessor-version":[{"id":52688,"href":"https:\/\/www.beijer.com\/fr\/wp-json\/wp\/v2\/pages\/4158\/revisions\/52688"}],"up":[{"embeddable":true,"href":"https:\/\/www.beijer.com\/fr\/wp-json\/wp\/v2\/pages\/4141"}],"wp:featuredmedia":[{"embeddable":true,"href":"https:\/\/www.beijer.com\/fr\/wp-json\/wp\/v2\/media\/3470"}],"wp:attachment":[{"href":"https:\/\/www.beijer.com\/fr\/wp-json\/wp\/v2\/media?parent=4158"}],"curies":[{"name":"wp","href":"https:\/\/api.w.org\/{rel}","templated":true}]}}