{"id":4188,"date":"2018-06-19T12:41:28","date_gmt":"2018-06-19T12:41:28","guid":{"rendered":"https:\/\/www.beijer.com\/produits\/produits-can\/beijer-can-interfaces-bci\/bci-can-to-can\/"},"modified":"2022-01-21T11:19:29","modified_gmt":"2022-01-21T11:19:29","slug":"bci-can-to-can","status":"publish","type":"page","link":"https:\/\/www.beijer.com\/fr\/produits\/produits-can\/beijer-can-interfaces-bci\/bci-can-to-can\/","title":{"rendered":"BCI | CAN-to-CAN"},"content":{"rendered":"<p>La variante CAN-to-CAN BCI est capable de d\u00e9m\u00ealer le labyrinthe de protocoles CAN rencontr\u00e9s dans les voitures en un seul protocole CAN standard. Le seul protocole CAN que votre mat\u00e9riel peut g\u00e9rer et avec lequel votre back-office ou votre application peut recevoir et traiter toutes les donn\u00e9es embarqu\u00e9es de nombreuses voitures diff\u00e9rentes.<\/p>\n<p><strong>Consommation de carburant<\/strong>, <strong>kilom\u00e9trage<\/strong>, <strong>angle de braquage<\/strong>, <strong>temp\u00e9rature de l&rsquo;air ambiant<\/strong> ou <strong>donn\u00e9es sp\u00e9cifiques aux v\u00e9hicules \u00e9lectriques<\/strong> telles que <strong>l&rsquo;\u00e9tat de charge<\/strong>, <strong>la charge<\/strong>, <strong>l&rsquo;autonomie<\/strong>, <strong>etc.<\/strong>, cette variante BCI n&rsquo;a aucune limitation en ce qui concerne la gamme de signaux et tire le meilleur parti de ton application. Ces donn\u00e9es variables en continu sont propos\u00e9es sur une interface BCI CAN-to-CAN selon un protocole CAN convenu avec vous\/vos sp\u00e9cialistes.<\/p>\n<p><img loading=\"lazy\" decoding=\"async\" class=\"alignleft size-full wp-image-1833\" src=\"https:\/\/www.beijer.com\/wp-content\/uploads\/2018\/08\/CANtoCAN_703x104.png\" alt=\"BCI CAN to CAN\" width=\"703\" height=\"104\" srcset=\"https:\/\/www.beijer.com\/wp-content\/uploads\/2018\/08\/CANtoCAN_703x104.png 703w, https:\/\/www.beijer.com\/wp-content\/uploads\/2018\/08\/CANtoCAN_703x104-300x44.png 300w\" sizes=\"auto, (max-width: 703px) 100vw, 703px\" \/><\/p>\n<p><strong>CAN-to-CAN<\/strong> est-il la variante avec laquelle votre application peut communiquer ? Pour plus d&rsquo;information veuillez contacter:<\/p>\n<p>Stef van der Stokker<br \/>\nBusiness Development<br \/>\n+31 610924195<br \/>\n<a href=\"mailto:stef.vanderstokker@beijer.com\">stef.vanderstokker@beijer.com<\/a><\/p>\n","protected":false},"excerpt":{"rendered":"<p>La variante CAN-to-CAN BCI est capable de d\u00e9m\u00ealer le labyrinthe de protocoles CAN rencontr\u00e9s dans les voitures en un seul protocole CAN standard. Le&#8230;<\/p>\n","protected":false},"author":1,"featured_media":3446,"parent":4124,"menu_order":3,"comment_status":"closed","ping_status":"closed","template":"","meta":{"_acf_changed":false,"footnotes":""},"class_list":["post-4188","page","type-page","status-publish","has-post-thumbnail","hentry"],"acf":[],"yoast_head":"<!-- This site is optimized with the Yoast SEO plugin v27.5 - https:\/\/yoast.com\/product\/yoast-seo-wordpress\/ -->\n<title>BCI | CAN-to-CAN - Beijer Automotive<\/title>\n<meta name=\"robots\" content=\"index, follow, max-snippet:-1, max-image-preview:large, max-video-preview:-1\" \/>\n<link rel=\"canonical\" href=\"https:\/\/www.beijer.com\/fr\/produits\/produits-can\/beijer-can-interfaces-bci\/bci-can-to-can\/\" \/>\n<meta property=\"og:locale\" content=\"fr_FR\" \/>\n<meta property=\"og:type\" content=\"article\" \/>\n<meta property=\"og:title\" content=\"BCI | CAN-to-CAN - Beijer Automotive\" \/>\n<meta property=\"og:description\" content=\"La variante CAN-to-CAN BCI est capable de d\u00e9m\u00ealer le labyrinthe de protocoles CAN rencontr\u00e9s dans les voitures en un seul protocole CAN standard. Le...\" \/>\n<meta property=\"og:url\" content=\"https:\/\/www.beijer.com\/fr\/produits\/produits-can\/beijer-can-interfaces-bci\/bci-can-to-can\/\" \/>\n<meta property=\"og:site_name\" content=\"Beijer Automotive\" \/>\n<meta property=\"article:modified_time\" content=\"2022-01-21T11:19:29+00:00\" \/>\n<meta property=\"og:image\" content=\"https:\/\/www.beijer.com\/wp-content\/uploads\/2021\/08\/Beijer_NEW-Icons_DEF-site-zonder-cirkels-_BCI-CAN-to-CAN.png\" \/>\n\t<meta property=\"og:image:width\" content=\"418\" \/>\n\t<meta property=\"og:image:height\" content=\"417\" \/>\n\t<meta property=\"og:image:type\" content=\"image\/png\" \/>\n<meta name=\"twitter:card\" content=\"summary_large_image\" \/>\n<script type=\"application\/ld+json\" class=\"yoast-schema-graph\">{\"@context\":\"https:\\\/\\\/schema.org\",\"@graph\":[{\"@type\":\"WebPage\",\"@id\":\"https:\\\/\\\/www.beijer.com\\\/fr\\\/produits\\\/produits-can\\\/beijer-can-interfaces-bci\\\/bci-can-to-can\\\/\",\"url\":\"https:\\\/\\\/www.beijer.com\\\/fr\\\/produits\\\/produits-can\\\/beijer-can-interfaces-bci\\\/bci-can-to-can\\\/\",\"name\":\"BCI | CAN-to-CAN - Beijer Automotive\",\"isPartOf\":{\"@id\":\"https:\\\/\\\/www.beijer.com\\\/#website\"},\"primaryImageOfPage\":{\"@id\":\"https:\\\/\\\/www.beijer.com\\\/fr\\\/produits\\\/produits-can\\\/beijer-can-interfaces-bci\\\/bci-can-to-can\\\/#primaryimage\"},\"image\":{\"@id\":\"https:\\\/\\\/www.beijer.com\\\/fr\\\/produits\\\/produits-can\\\/beijer-can-interfaces-bci\\\/bci-can-to-can\\\/#primaryimage\"},\"thumbnailUrl\":\"https:\\\/\\\/www.beijer.com\\\/wp-content\\\/uploads\\\/2021\\\/08\\\/Beijer_NEW-Icons_DEF-site-zonder-cirkels-_BCI-CAN-to-CAN.png\",\"datePublished\":\"2018-06-19T12:41:28+00:00\",\"dateModified\":\"2022-01-21T11:19:29+00:00\",\"breadcrumb\":{\"@id\":\"https:\\\/\\\/www.beijer.com\\\/fr\\\/produits\\\/produits-can\\\/beijer-can-interfaces-bci\\\/bci-can-to-can\\\/#breadcrumb\"},\"inLanguage\":\"fr-FR\",\"potentialAction\":[{\"@type\":\"ReadAction\",\"target\":[\"https:\\\/\\\/www.beijer.com\\\/fr\\\/produits\\\/produits-can\\\/beijer-can-interfaces-bci\\\/bci-can-to-can\\\/\"]}]},{\"@type\":\"ImageObject\",\"inLanguage\":\"fr-FR\",\"@id\":\"https:\\\/\\\/www.beijer.com\\\/fr\\\/produits\\\/produits-can\\\/beijer-can-interfaces-bci\\\/bci-can-to-can\\\/#primaryimage\",\"url\":\"https:\\\/\\\/www.beijer.com\\\/wp-content\\\/uploads\\\/2021\\\/08\\\/Beijer_NEW-Icons_DEF-site-zonder-cirkels-_BCI-CAN-to-CAN.png\",\"contentUrl\":\"https:\\\/\\\/www.beijer.com\\\/wp-content\\\/uploads\\\/2021\\\/08\\\/Beijer_NEW-Icons_DEF-site-zonder-cirkels-_BCI-CAN-to-CAN.png\",\"width\":418,\"height\":417},{\"@type\":\"BreadcrumbList\",\"@id\":\"https:\\\/\\\/www.beijer.com\\\/fr\\\/produits\\\/produits-can\\\/beijer-can-interfaces-bci\\\/bci-can-to-can\\\/#breadcrumb\",\"itemListElement\":[{\"@type\":\"ListItem\",\"position\":1,\"name\":\"Home\",\"item\":\"https:\\\/\\\/www.beijer.com\\\/fr\\\/\"},{\"@type\":\"ListItem\",\"position\":2,\"name\":\"Produits\",\"item\":\"https:\\\/\\\/www.beijer.com\\\/fr\\\/produits\\\/\"},{\"@type\":\"ListItem\",\"position\":3,\"name\":\"Produits CAN\",\"item\":\"https:\\\/\\\/www.beijer.com\\\/fr\\\/produits\\\/produits-can\\\/\"},{\"@type\":\"ListItem\",\"position\":4,\"name\":\"Beijer Interface CAN (BCI)\",\"item\":\"https:\\\/\\\/www.beijer.com\\\/fr\\\/produits\\\/produits-can\\\/beijer-can-interfaces-bci\\\/\"},{\"@type\":\"ListItem\",\"position\":5,\"name\":\"BCI | CAN-to-CAN\"}]},{\"@type\":\"WebSite\",\"@id\":\"https:\\\/\\\/www.beijer.com\\\/#website\",\"url\":\"https:\\\/\\\/www.beijer.com\\\/\",\"name\":\"Beijer Automotive\",\"description\":\"\",\"publisher\":{\"@id\":\"https:\\\/\\\/www.beijer.com\\\/#organization\"},\"potentialAction\":[{\"@type\":\"SearchAction\",\"target\":{\"@type\":\"EntryPoint\",\"urlTemplate\":\"https:\\\/\\\/www.beijer.com\\\/?s={search_term_string}\"},\"query-input\":{\"@type\":\"PropertyValueSpecification\",\"valueRequired\":true,\"valueName\":\"search_term_string\"}}],\"inLanguage\":\"fr-FR\"},{\"@type\":\"Organization\",\"@id\":\"https:\\\/\\\/www.beijer.com\\\/#organization\",\"name\":\"Beijer Automotive\",\"url\":\"https:\\\/\\\/www.beijer.com\\\/\",\"logo\":{\"@type\":\"ImageObject\",\"inLanguage\":\"fr-FR\",\"@id\":\"https:\\\/\\\/www.beijer.com\\\/#\\\/schema\\\/logo\\\/image\\\/\",\"url\":\"https:\\\/\\\/www.beijer.com\\\/wp-content\\\/uploads\\\/2018\\\/06\\\/cropped-sdf.jpg\",\"contentUrl\":\"https:\\\/\\\/www.beijer.com\\\/wp-content\\\/uploads\\\/2018\\\/06\\\/cropped-sdf.jpg\",\"width\":\"180\",\"height\":\"59\",\"caption\":\"Beijer Automotive\"},\"image\":{\"@id\":\"https:\\\/\\\/www.beijer.com\\\/#\\\/schema\\\/logo\\\/image\\\/\"}}]}<\/script>\n<!-- \/ Yoast SEO plugin. -->","yoast_head_json":{"title":"BCI | CAN-to-CAN - Beijer Automotive","robots":{"index":"index","follow":"follow","max-snippet":"max-snippet:-1","max-image-preview":"max-image-preview:large","max-video-preview":"max-video-preview:-1"},"canonical":"https:\/\/www.beijer.com\/fr\/produits\/produits-can\/beijer-can-interfaces-bci\/bci-can-to-can\/","og_locale":"fr_FR","og_type":"article","og_title":"BCI | CAN-to-CAN - Beijer Automotive","og_description":"La variante CAN-to-CAN BCI est capable de d\u00e9m\u00ealer le labyrinthe de protocoles CAN rencontr\u00e9s dans les voitures en un seul protocole CAN standard. Le...","og_url":"https:\/\/www.beijer.com\/fr\/produits\/produits-can\/beijer-can-interfaces-bci\/bci-can-to-can\/","og_site_name":"Beijer Automotive","article_modified_time":"2022-01-21T11:19:29+00:00","og_image":[{"width":418,"height":417,"url":"https:\/\/www.beijer.com\/wp-content\/uploads\/2021\/08\/Beijer_NEW-Icons_DEF-site-zonder-cirkels-_BCI-CAN-to-CAN.png","type":"image\/png"}],"twitter_card":"summary_large_image","schema":{"@context":"https:\/\/schema.org","@graph":[{"@type":"WebPage","@id":"https:\/\/www.beijer.com\/fr\/produits\/produits-can\/beijer-can-interfaces-bci\/bci-can-to-can\/","url":"https:\/\/www.beijer.com\/fr\/produits\/produits-can\/beijer-can-interfaces-bci\/bci-can-to-can\/","name":"BCI | CAN-to-CAN - Beijer Automotive","isPartOf":{"@id":"https:\/\/www.beijer.com\/#website"},"primaryImageOfPage":{"@id":"https:\/\/www.beijer.com\/fr\/produits\/produits-can\/beijer-can-interfaces-bci\/bci-can-to-can\/#primaryimage"},"image":{"@id":"https:\/\/www.beijer.com\/fr\/produits\/produits-can\/beijer-can-interfaces-bci\/bci-can-to-can\/#primaryimage"},"thumbnailUrl":"https:\/\/www.beijer.com\/wp-content\/uploads\/2021\/08\/Beijer_NEW-Icons_DEF-site-zonder-cirkels-_BCI-CAN-to-CAN.png","datePublished":"2018-06-19T12:41:28+00:00","dateModified":"2022-01-21T11:19:29+00:00","breadcrumb":{"@id":"https:\/\/www.beijer.com\/fr\/produits\/produits-can\/beijer-can-interfaces-bci\/bci-can-to-can\/#breadcrumb"},"inLanguage":"fr-FR","potentialAction":[{"@type":"ReadAction","target":["https:\/\/www.beijer.com\/fr\/produits\/produits-can\/beijer-can-interfaces-bci\/bci-can-to-can\/"]}]},{"@type":"ImageObject","inLanguage":"fr-FR","@id":"https:\/\/www.beijer.com\/fr\/produits\/produits-can\/beijer-can-interfaces-bci\/bci-can-to-can\/#primaryimage","url":"https:\/\/www.beijer.com\/wp-content\/uploads\/2021\/08\/Beijer_NEW-Icons_DEF-site-zonder-cirkels-_BCI-CAN-to-CAN.png","contentUrl":"https:\/\/www.beijer.com\/wp-content\/uploads\/2021\/08\/Beijer_NEW-Icons_DEF-site-zonder-cirkels-_BCI-CAN-to-CAN.png","width":418,"height":417},{"@type":"BreadcrumbList","@id":"https:\/\/www.beijer.com\/fr\/produits\/produits-can\/beijer-can-interfaces-bci\/bci-can-to-can\/#breadcrumb","itemListElement":[{"@type":"ListItem","position":1,"name":"Home","item":"https:\/\/www.beijer.com\/fr\/"},{"@type":"ListItem","position":2,"name":"Produits","item":"https:\/\/www.beijer.com\/fr\/produits\/"},{"@type":"ListItem","position":3,"name":"Produits CAN","item":"https:\/\/www.beijer.com\/fr\/produits\/produits-can\/"},{"@type":"ListItem","position":4,"name":"Beijer Interface CAN (BCI)","item":"https:\/\/www.beijer.com\/fr\/produits\/produits-can\/beijer-can-interfaces-bci\/"},{"@type":"ListItem","position":5,"name":"BCI | CAN-to-CAN"}]},{"@type":"WebSite","@id":"https:\/\/www.beijer.com\/#website","url":"https:\/\/www.beijer.com\/","name":"Beijer Automotive","description":"","publisher":{"@id":"https:\/\/www.beijer.com\/#organization"},"potentialAction":[{"@type":"SearchAction","target":{"@type":"EntryPoint","urlTemplate":"https:\/\/www.beijer.com\/?s={search_term_string}"},"query-input":{"@type":"PropertyValueSpecification","valueRequired":true,"valueName":"search_term_string"}}],"inLanguage":"fr-FR"},{"@type":"Organization","@id":"https:\/\/www.beijer.com\/#organization","name":"Beijer Automotive","url":"https:\/\/www.beijer.com\/","logo":{"@type":"ImageObject","inLanguage":"fr-FR","@id":"https:\/\/www.beijer.com\/#\/schema\/logo\/image\/","url":"https:\/\/www.beijer.com\/wp-content\/uploads\/2018\/06\/cropped-sdf.jpg","contentUrl":"https:\/\/www.beijer.com\/wp-content\/uploads\/2018\/06\/cropped-sdf.jpg","width":"180","height":"59","caption":"Beijer Automotive"},"image":{"@id":"https:\/\/www.beijer.com\/#\/schema\/logo\/image\/"}}]}},"_links":{"self":[{"href":"https:\/\/www.beijer.com\/fr\/wp-json\/wp\/v2\/pages\/4188","targetHints":{"allow":["GET"]}}],"collection":[{"href":"https:\/\/www.beijer.com\/fr\/wp-json\/wp\/v2\/pages"}],"about":[{"href":"https:\/\/www.beijer.com\/fr\/wp-json\/wp\/v2\/types\/page"}],"author":[{"embeddable":true,"href":"https:\/\/www.beijer.com\/fr\/wp-json\/wp\/v2\/users\/1"}],"replies":[{"embeddable":true,"href":"https:\/\/www.beijer.com\/fr\/wp-json\/wp\/v2\/comments?post=4188"}],"version-history":[{"count":5,"href":"https:\/\/www.beijer.com\/fr\/wp-json\/wp\/v2\/pages\/4188\/revisions"}],"predecessor-version":[{"id":7123,"href":"https:\/\/www.beijer.com\/fr\/wp-json\/wp\/v2\/pages\/4188\/revisions\/7123"}],"up":[{"embeddable":true,"href":"https:\/\/www.beijer.com\/fr\/wp-json\/wp\/v2\/pages\/4124"}],"wp:featuredmedia":[{"embeddable":true,"href":"https:\/\/www.beijer.com\/fr\/wp-json\/wp\/v2\/media\/3446"}],"wp:attachment":[{"href":"https:\/\/www.beijer.com\/fr\/wp-json\/wp\/v2\/media?parent=4188"}],"curies":[{"name":"wp","href":"https:\/\/api.w.org\/{rel}","templated":true}]}}