{"id":4306,"date":"2018-08-02T12:36:25","date_gmt":"2018-08-02T12:36:25","guid":{"rendered":"https:\/\/www.beijer.com\/produits\/incar-instructions\/incar-account\/"},"modified":"2022-01-21T14:05:06","modified_gmt":"2022-01-21T14:05:06","slug":"incar-account","status":"publish","type":"page","link":"https:\/\/www.beijer.com\/fr\/produits\/incar-instructions\/incar-account\/","title":{"rendered":"INCAR account"},"content":{"rendered":"<p>Vous avez besoin d&rsquo;un compte pour utiliser les instructions INCAR. En plus du nom et de l&rsquo;adresse de l&rsquo;entreprise, nous vous demandons le num\u00e9ro de TVA de votre entreprise. Vous recevrez un message de notre part d\u00e8s que votre candidature aura \u00e9t\u00e9 approuv\u00e9e. Normalement dans les 24 heures pendant les heures ouvrables.<\/p>\n<p><strong><a href=\"https:\/\/incar.beijer.com\/customer\/account\/create\/\" target=\"_blank\" rel=\"noopener\">CR\u00c9ER UN COMPTE<\/a><\/strong><\/p>\n","protected":false},"excerpt":{"rendered":"<p>Vous avez besoin d&rsquo;un compte pour utiliser les instructions INCAR. En plus du nom et de l&rsquo;adresse de l&rsquo;entreprise, nous vous demandons le num\u00e9ro&#8230;<\/p>\n","protected":false},"author":2,"featured_media":3536,"parent":600,"menu_order":4,"comment_status":"closed","ping_status":"closed","template":"","meta":{"_acf_changed":false,"footnotes":""},"class_list":["post-4306","page","type-page","status-publish","has-post-thumbnail","hentry"],"acf":[],"yoast_head":"<!-- This site is optimized with the Yoast SEO plugin v26.8 - https:\/\/yoast.com\/product\/yoast-seo-wordpress\/ -->\n<title>INCAR account - Beijer Automotive<\/title>\n<meta name=\"robots\" content=\"index, follow, max-snippet:-1, max-image-preview:large, max-video-preview:-1\" \/>\n<link rel=\"canonical\" href=\"https:\/\/www.beijer.com\/fr\/produits\/incar-instructions\/incar-account\/\" \/>\n<meta property=\"og:locale\" content=\"fr_FR\" \/>\n<meta property=\"og:type\" content=\"article\" \/>\n<meta property=\"og:title\" content=\"INCAR account - Beijer Automotive\" \/>\n<meta property=\"og:description\" content=\"Vous avez besoin d&rsquo;un compte pour utiliser les instructions INCAR. En plus du nom et de l&rsquo;adresse de l&rsquo;entreprise, nous vous demandons le num\u00e9ro...\" \/>\n<meta property=\"og:url\" content=\"https:\/\/www.beijer.com\/fr\/produits\/incar-instructions\/incar-account\/\" \/>\n<meta property=\"og:site_name\" content=\"Beijer Automotive\" \/>\n<meta property=\"article:modified_time\" content=\"2022-01-21T14:05:06+00:00\" \/>\n<meta property=\"og:image\" content=\"https:\/\/www.beijer.com\/wp-content\/uploads\/2021\/08\/Beijer_NEW-Icons_DEF-site-zonder-cirkels-_Nieuwsbrieven-archief-button.png\" \/>\n\t<meta property=\"og:image:width\" content=\"417\" \/>\n\t<meta property=\"og:image:height\" content=\"417\" \/>\n\t<meta property=\"og:image:type\" content=\"image\/png\" \/>\n<meta name=\"twitter:card\" content=\"summary_large_image\" \/>\n<script type=\"application\/ld+json\" class=\"yoast-schema-graph\">{\"@context\":\"https:\/\/schema.org\",\"@graph\":[{\"@type\":\"WebPage\",\"@id\":\"https:\/\/www.beijer.com\/fr\/produits\/incar-instructions\/incar-account\/\",\"url\":\"https:\/\/www.beijer.com\/fr\/produits\/incar-instructions\/incar-account\/\",\"name\":\"INCAR account - Beijer Automotive\",\"isPartOf\":{\"@id\":\"https:\/\/www.beijer.com\/#website\"},\"primaryImageOfPage\":{\"@id\":\"https:\/\/www.beijer.com\/fr\/produits\/incar-instructions\/incar-account\/#primaryimage\"},\"image\":{\"@id\":\"https:\/\/www.beijer.com\/fr\/produits\/incar-instructions\/incar-account\/#primaryimage\"},\"thumbnailUrl\":\"https:\/\/www.beijer.com\/wp-content\/uploads\/2021\/08\/Beijer_NEW-Icons_DEF-site-zonder-cirkels-_Nieuwsbrieven-archief-button.png\",\"datePublished\":\"2018-08-02T12:36:25+00:00\",\"dateModified\":\"2022-01-21T14:05:06+00:00\",\"breadcrumb\":{\"@id\":\"https:\/\/www.beijer.com\/fr\/produits\/incar-instructions\/incar-account\/#breadcrumb\"},\"inLanguage\":\"fr-FR\",\"potentialAction\":[{\"@type\":\"ReadAction\",\"target\":[\"https:\/\/www.beijer.com\/fr\/produits\/incar-instructions\/incar-account\/\"]}]},{\"@type\":\"ImageObject\",\"inLanguage\":\"fr-FR\",\"@id\":\"https:\/\/www.beijer.com\/fr\/produits\/incar-instructions\/incar-account\/#primaryimage\",\"url\":\"https:\/\/www.beijer.com\/wp-content\/uploads\/2021\/08\/Beijer_NEW-Icons_DEF-site-zonder-cirkels-_Nieuwsbrieven-archief-button.png\",\"contentUrl\":\"https:\/\/www.beijer.com\/wp-content\/uploads\/2021\/08\/Beijer_NEW-Icons_DEF-site-zonder-cirkels-_Nieuwsbrieven-archief-button.png\",\"width\":417,\"height\":417},{\"@type\":\"BreadcrumbList\",\"@id\":\"https:\/\/www.beijer.com\/fr\/produits\/incar-instructions\/incar-account\/#breadcrumb\",\"itemListElement\":[{\"@type\":\"ListItem\",\"position\":1,\"name\":\"Home\",\"item\":\"https:\/\/www.beijer.com\/fr\/\"},{\"@type\":\"ListItem\",\"position\":2,\"name\":\"Produits\",\"item\":\"https:\/\/www.beijer.com\/fr\/produits\/\"},{\"@type\":\"ListItem\",\"position\":3,\"name\":\"INCAR instructions\",\"item\":\"https:\/\/www.beijer.com\/fr\/produits\/incar-instructions\/\"},{\"@type\":\"ListItem\",\"position\":4,\"name\":\"INCAR account\"}]},{\"@type\":\"WebSite\",\"@id\":\"https:\/\/www.beijer.com\/#website\",\"url\":\"https:\/\/www.beijer.com\/\",\"name\":\"Beijer Automotive\",\"description\":\"\",\"publisher\":{\"@id\":\"https:\/\/www.beijer.com\/#organization\"},\"potentialAction\":[{\"@type\":\"SearchAction\",\"target\":{\"@type\":\"EntryPoint\",\"urlTemplate\":\"https:\/\/www.beijer.com\/?s={search_term_string}\"},\"query-input\":{\"@type\":\"PropertyValueSpecification\",\"valueRequired\":true,\"valueName\":\"search_term_string\"}}],\"inLanguage\":\"fr-FR\"},{\"@type\":\"Organization\",\"@id\":\"https:\/\/www.beijer.com\/#organization\",\"name\":\"Beijer Automotive\",\"url\":\"https:\/\/www.beijer.com\/\",\"logo\":{\"@type\":\"ImageObject\",\"inLanguage\":\"fr-FR\",\"@id\":\"https:\/\/www.beijer.com\/#\/schema\/logo\/image\/\",\"url\":\"https:\/\/www.beijer.com\/wp-content\/uploads\/2018\/06\/cropped-sdf.jpg\",\"contentUrl\":\"https:\/\/www.beijer.com\/wp-content\/uploads\/2018\/06\/cropped-sdf.jpg\",\"width\":\"180\",\"height\":\"59\",\"caption\":\"Beijer Automotive\"},\"image\":{\"@id\":\"https:\/\/www.beijer.com\/#\/schema\/logo\/image\/\"}}]}<\/script>\n<!-- \/ Yoast SEO plugin. -->","yoast_head_json":{"title":"INCAR account - Beijer Automotive","robots":{"index":"index","follow":"follow","max-snippet":"max-snippet:-1","max-image-preview":"max-image-preview:large","max-video-preview":"max-video-preview:-1"},"canonical":"https:\/\/www.beijer.com\/fr\/produits\/incar-instructions\/incar-account\/","og_locale":"fr_FR","og_type":"article","og_title":"INCAR account - Beijer Automotive","og_description":"Vous avez besoin d&rsquo;un compte pour utiliser les instructions INCAR. En plus du nom et de l&rsquo;adresse de l&rsquo;entreprise, nous vous demandons le num\u00e9ro...","og_url":"https:\/\/www.beijer.com\/fr\/produits\/incar-instructions\/incar-account\/","og_site_name":"Beijer Automotive","article_modified_time":"2022-01-21T14:05:06+00:00","og_image":[{"width":417,"height":417,"url":"https:\/\/www.beijer.com\/wp-content\/uploads\/2021\/08\/Beijer_NEW-Icons_DEF-site-zonder-cirkels-_Nieuwsbrieven-archief-button.png","type":"image\/png"}],"twitter_card":"summary_large_image","schema":{"@context":"https:\/\/schema.org","@graph":[{"@type":"WebPage","@id":"https:\/\/www.beijer.com\/fr\/produits\/incar-instructions\/incar-account\/","url":"https:\/\/www.beijer.com\/fr\/produits\/incar-instructions\/incar-account\/","name":"INCAR account - Beijer Automotive","isPartOf":{"@id":"https:\/\/www.beijer.com\/#website"},"primaryImageOfPage":{"@id":"https:\/\/www.beijer.com\/fr\/produits\/incar-instructions\/incar-account\/#primaryimage"},"image":{"@id":"https:\/\/www.beijer.com\/fr\/produits\/incar-instructions\/incar-account\/#primaryimage"},"thumbnailUrl":"https:\/\/www.beijer.com\/wp-content\/uploads\/2021\/08\/Beijer_NEW-Icons_DEF-site-zonder-cirkels-_Nieuwsbrieven-archief-button.png","datePublished":"2018-08-02T12:36:25+00:00","dateModified":"2022-01-21T14:05:06+00:00","breadcrumb":{"@id":"https:\/\/www.beijer.com\/fr\/produits\/incar-instructions\/incar-account\/#breadcrumb"},"inLanguage":"fr-FR","potentialAction":[{"@type":"ReadAction","target":["https:\/\/www.beijer.com\/fr\/produits\/incar-instructions\/incar-account\/"]}]},{"@type":"ImageObject","inLanguage":"fr-FR","@id":"https:\/\/www.beijer.com\/fr\/produits\/incar-instructions\/incar-account\/#primaryimage","url":"https:\/\/www.beijer.com\/wp-content\/uploads\/2021\/08\/Beijer_NEW-Icons_DEF-site-zonder-cirkels-_Nieuwsbrieven-archief-button.png","contentUrl":"https:\/\/www.beijer.com\/wp-content\/uploads\/2021\/08\/Beijer_NEW-Icons_DEF-site-zonder-cirkels-_Nieuwsbrieven-archief-button.png","width":417,"height":417},{"@type":"BreadcrumbList","@id":"https:\/\/www.beijer.com\/fr\/produits\/incar-instructions\/incar-account\/#breadcrumb","itemListElement":[{"@type":"ListItem","position":1,"name":"Home","item":"https:\/\/www.beijer.com\/fr\/"},{"@type":"ListItem","position":2,"name":"Produits","item":"https:\/\/www.beijer.com\/fr\/produits\/"},{"@type":"ListItem","position":3,"name":"INCAR instructions","item":"https:\/\/www.beijer.com\/fr\/produits\/incar-instructions\/"},{"@type":"ListItem","position":4,"name":"INCAR account"}]},{"@type":"WebSite","@id":"https:\/\/www.beijer.com\/#website","url":"https:\/\/www.beijer.com\/","name":"Beijer Automotive","description":"","publisher":{"@id":"https:\/\/www.beijer.com\/#organization"},"potentialAction":[{"@type":"SearchAction","target":{"@type":"EntryPoint","urlTemplate":"https:\/\/www.beijer.com\/?s={search_term_string}"},"query-input":{"@type":"PropertyValueSpecification","valueRequired":true,"valueName":"search_term_string"}}],"inLanguage":"fr-FR"},{"@type":"Organization","@id":"https:\/\/www.beijer.com\/#organization","name":"Beijer Automotive","url":"https:\/\/www.beijer.com\/","logo":{"@type":"ImageObject","inLanguage":"fr-FR","@id":"https:\/\/www.beijer.com\/#\/schema\/logo\/image\/","url":"https:\/\/www.beijer.com\/wp-content\/uploads\/2018\/06\/cropped-sdf.jpg","contentUrl":"https:\/\/www.beijer.com\/wp-content\/uploads\/2018\/06\/cropped-sdf.jpg","width":"180","height":"59","caption":"Beijer Automotive"},"image":{"@id":"https:\/\/www.beijer.com\/#\/schema\/logo\/image\/"}}]}},"_links":{"self":[{"href":"https:\/\/www.beijer.com\/fr\/wp-json\/wp\/v2\/pages\/4306","targetHints":{"allow":["GET"]}}],"collection":[{"href":"https:\/\/www.beijer.com\/fr\/wp-json\/wp\/v2\/pages"}],"about":[{"href":"https:\/\/www.beijer.com\/fr\/wp-json\/wp\/v2\/types\/page"}],"author":[{"embeddable":true,"href":"https:\/\/www.beijer.com\/fr\/wp-json\/wp\/v2\/users\/2"}],"replies":[{"embeddable":true,"href":"https:\/\/www.beijer.com\/fr\/wp-json\/wp\/v2\/comments?post=4306"}],"version-history":[{"count":5,"href":"https:\/\/www.beijer.com\/fr\/wp-json\/wp\/v2\/pages\/4306\/revisions"}],"predecessor-version":[{"id":4875,"href":"https:\/\/www.beijer.com\/fr\/wp-json\/wp\/v2\/pages\/4306\/revisions\/4875"}],"up":[{"embeddable":true,"href":"https:\/\/www.beijer.com\/fr\/wp-json\/wp\/v2\/pages\/600"}],"wp:featuredmedia":[{"embeddable":true,"href":"https:\/\/www.beijer.com\/fr\/wp-json\/wp\/v2\/media\/3536"}],"wp:attachment":[{"href":"https:\/\/www.beijer.com\/fr\/wp-json\/wp\/v2\/media?parent=4306"}],"curies":[{"name":"wp","href":"https:\/\/api.w.org\/{rel}","templated":true}]}}