{"id":4329,"date":"2018-07-05T10:00:34","date_gmt":"2018-07-05T10:00:34","guid":{"rendered":"https:\/\/www.beijer.com\/produits\/produits-analogiques\/speedswitch\/"},"modified":"2025-12-30T14:35:26","modified_gmt":"2025-12-30T13:35:26","slug":"speedswitch","status":"publish","type":"page","link":"https:\/\/www.beijer.com\/fr\/produits\/produits-analogiques\/speedswitch\/","title":{"rendered":"SpeedSwitch"},"content":{"rendered":"<p>Le SpeedSwitch peut \u00eatre utilis\u00e9 pour mettre en ou hors fonction un dispositif \u00e0 une vitesse ou un r\u00e9gime pr\u00e9d\u00e9termin\u00e9. Ceci, combin\u00e9 \u00e0 un contacteur-rupteur int\u00e9gr\u00e9, signifie que le SpeedSwitch peut \u00eatre utilis\u00e9 pour une vaste gamme d\u2019applications.<img loading=\"lazy\" decoding=\"async\" class=\" wp-image-3776 alignright\" src=\"https:\/\/www.beijer.com\/wp-content\/uploads\/2021\/08\/Productfoto_SSW_512x512.png\" alt=\"SpeedSwitch\" width=\"225\" height=\"225\" srcset=\"https:\/\/www.beijer.com\/wp-content\/uploads\/2021\/08\/Productfoto_SSW_512x512.png 512w, https:\/\/www.beijer.com\/wp-content\/uploads\/2021\/08\/Productfoto_SSW_512x512-150x150.png 150w, https:\/\/www.beijer.com\/wp-content\/uploads\/2021\/08\/Productfoto_SSW_512x512-300x300.png 300w\" sizes=\"auto, (max-width: 225px) 100vw, 225px\" \/><\/p>\n<p>Le SpeedSwitch est une interface automobile universelle pouvant \u00eatre utilis\u00e9e dans les segments 12V et 24V. Il a \u00e9t\u00e9 con\u00e7u \u00e0 l\u2019origine pour les syst\u00e8mes de navigation, afin de supprimer les impulsions de vitesse g\u00e9n\u00e9r\u00e9es dans certaines voitures m\u00eame lorsque le v\u00e9hicule est \u00e0 l\u2019arr\u00eat. Par la suite, il a \u00e9t\u00e9 d\u00e9velopp\u00e9 pour devenir une interface polyvalente.<\/p>\n<p>\u20ac 155,- hors TVA<\/p>\n<p><strong><a href=\"https:\/\/www.beijer.com\/wp-content\/uploads\/2021\/09\/SSW2-Manual-ENG.pdf\" target=\"_blank\" rel=\"noopener\">MANUAL (QUE L&rsquo;ANGLAIS)<\/a><\/strong><\/p>\n<p><strong><a href=\"https:\/\/incar.beijer.com\/shop\/interfaces\/signal.html\" target=\"_blank\" rel=\"noopener\">COMMANDEZ MAINTENANT<\/a><\/strong><\/p>\n","protected":false},"excerpt":{"rendered":"<p>Le SpeedSwitch peut \u00eatre utilis\u00e9 pour mettre en ou hors fonction un dispositif \u00e0 une vitesse ou un r\u00e9gime pr\u00e9d\u00e9termin\u00e9. Ceci, combin\u00e9 \u00e0 un&#8230;<\/p>\n","protected":false},"author":2,"featured_media":3776,"parent":620,"menu_order":2,"comment_status":"closed","ping_status":"closed","template":"","meta":{"_acf_changed":false,"footnotes":""},"class_list":["post-4329","page","type-page","status-publish","has-post-thumbnail","hentry"],"acf":[],"yoast_head":"<!-- This site is optimized with the Yoast SEO plugin v27.5 - https:\/\/yoast.com\/product\/yoast-seo-wordpress\/ -->\n<title>SpeedSwitch - Beijer Automotive<\/title>\n<meta name=\"robots\" content=\"index, follow, max-snippet:-1, max-image-preview:large, max-video-preview:-1\" \/>\n<link rel=\"canonical\" href=\"https:\/\/www.beijer.com\/fr\/produits\/produits-analogiques\/speedswitch\/\" \/>\n<meta property=\"og:locale\" content=\"fr_FR\" \/>\n<meta property=\"og:type\" content=\"article\" \/>\n<meta property=\"og:title\" content=\"SpeedSwitch - Beijer Automotive\" \/>\n<meta property=\"og:description\" content=\"Le SpeedSwitch peut \u00eatre utilis\u00e9 pour mettre en ou hors fonction un dispositif \u00e0 une vitesse ou un r\u00e9gime pr\u00e9d\u00e9termin\u00e9. Ceci, combin\u00e9 \u00e0 un...\" \/>\n<meta property=\"og:url\" content=\"https:\/\/www.beijer.com\/fr\/produits\/produits-analogiques\/speedswitch\/\" \/>\n<meta property=\"og:site_name\" content=\"Beijer Automotive\" \/>\n<meta property=\"article:modified_time\" content=\"2025-12-30T13:35:26+00:00\" \/>\n<meta property=\"og:image\" content=\"https:\/\/www.beijer.com\/wp-content\/uploads\/2021\/08\/Productfoto_SSW_512x512.png\" \/>\n\t<meta property=\"og:image:width\" content=\"512\" \/>\n\t<meta property=\"og:image:height\" content=\"512\" \/>\n\t<meta property=\"og:image:type\" content=\"image\/png\" \/>\n<meta name=\"twitter:card\" content=\"summary_large_image\" \/>\n<script type=\"application\/ld+json\" class=\"yoast-schema-graph\">{\"@context\":\"https:\\\/\\\/schema.org\",\"@graph\":[{\"@type\":\"WebPage\",\"@id\":\"https:\\\/\\\/www.beijer.com\\\/fr\\\/produits\\\/produits-analogiques\\\/speedswitch\\\/\",\"url\":\"https:\\\/\\\/www.beijer.com\\\/fr\\\/produits\\\/produits-analogiques\\\/speedswitch\\\/\",\"name\":\"SpeedSwitch - Beijer Automotive\",\"isPartOf\":{\"@id\":\"https:\\\/\\\/www.beijer.com\\\/#website\"},\"primaryImageOfPage\":{\"@id\":\"https:\\\/\\\/www.beijer.com\\\/fr\\\/produits\\\/produits-analogiques\\\/speedswitch\\\/#primaryimage\"},\"image\":{\"@id\":\"https:\\\/\\\/www.beijer.com\\\/fr\\\/produits\\\/produits-analogiques\\\/speedswitch\\\/#primaryimage\"},\"thumbnailUrl\":\"https:\\\/\\\/www.beijer.com\\\/wp-content\\\/uploads\\\/2021\\\/08\\\/Productfoto_SSW_512x512.png\",\"datePublished\":\"2018-07-05T10:00:34+00:00\",\"dateModified\":\"2025-12-30T13:35:26+00:00\",\"breadcrumb\":{\"@id\":\"https:\\\/\\\/www.beijer.com\\\/fr\\\/produits\\\/produits-analogiques\\\/speedswitch\\\/#breadcrumb\"},\"inLanguage\":\"fr-FR\",\"potentialAction\":[{\"@type\":\"ReadAction\",\"target\":[\"https:\\\/\\\/www.beijer.com\\\/fr\\\/produits\\\/produits-analogiques\\\/speedswitch\\\/\"]}]},{\"@type\":\"ImageObject\",\"inLanguage\":\"fr-FR\",\"@id\":\"https:\\\/\\\/www.beijer.com\\\/fr\\\/produits\\\/produits-analogiques\\\/speedswitch\\\/#primaryimage\",\"url\":\"https:\\\/\\\/www.beijer.com\\\/wp-content\\\/uploads\\\/2021\\\/08\\\/Productfoto_SSW_512x512.png\",\"contentUrl\":\"https:\\\/\\\/www.beijer.com\\\/wp-content\\\/uploads\\\/2021\\\/08\\\/Productfoto_SSW_512x512.png\",\"width\":512,\"height\":512,\"caption\":\"SpeedSwitch\"},{\"@type\":\"BreadcrumbList\",\"@id\":\"https:\\\/\\\/www.beijer.com\\\/fr\\\/produits\\\/produits-analogiques\\\/speedswitch\\\/#breadcrumb\",\"itemListElement\":[{\"@type\":\"ListItem\",\"position\":1,\"name\":\"Home\",\"item\":\"https:\\\/\\\/www.beijer.com\\\/fr\\\/\"},{\"@type\":\"ListItem\",\"position\":2,\"name\":\"Produits\",\"item\":\"https:\\\/\\\/www.beijer.com\\\/fr\\\/produits\\\/\"},{\"@type\":\"ListItem\",\"position\":3,\"name\":\"Produits analogiques\",\"item\":\"https:\\\/\\\/www.beijer.com\\\/fr\\\/produits\\\/produits-analogiques\\\/\"},{\"@type\":\"ListItem\",\"position\":4,\"name\":\"SpeedSwitch\"}]},{\"@type\":\"WebSite\",\"@id\":\"https:\\\/\\\/www.beijer.com\\\/#website\",\"url\":\"https:\\\/\\\/www.beijer.com\\\/\",\"name\":\"Beijer Automotive\",\"description\":\"\",\"publisher\":{\"@id\":\"https:\\\/\\\/www.beijer.com\\\/#organization\"},\"potentialAction\":[{\"@type\":\"SearchAction\",\"target\":{\"@type\":\"EntryPoint\",\"urlTemplate\":\"https:\\\/\\\/www.beijer.com\\\/?s={search_term_string}\"},\"query-input\":{\"@type\":\"PropertyValueSpecification\",\"valueRequired\":true,\"valueName\":\"search_term_string\"}}],\"inLanguage\":\"fr-FR\"},{\"@type\":\"Organization\",\"@id\":\"https:\\\/\\\/www.beijer.com\\\/#organization\",\"name\":\"Beijer Automotive\",\"url\":\"https:\\\/\\\/www.beijer.com\\\/\",\"logo\":{\"@type\":\"ImageObject\",\"inLanguage\":\"fr-FR\",\"@id\":\"https:\\\/\\\/www.beijer.com\\\/#\\\/schema\\\/logo\\\/image\\\/\",\"url\":\"https:\\\/\\\/www.beijer.com\\\/wp-content\\\/uploads\\\/2018\\\/06\\\/cropped-sdf.jpg\",\"contentUrl\":\"https:\\\/\\\/www.beijer.com\\\/wp-content\\\/uploads\\\/2018\\\/06\\\/cropped-sdf.jpg\",\"width\":\"180\",\"height\":\"59\",\"caption\":\"Beijer Automotive\"},\"image\":{\"@id\":\"https:\\\/\\\/www.beijer.com\\\/#\\\/schema\\\/logo\\\/image\\\/\"}}]}<\/script>\n<!-- \/ Yoast SEO plugin. -->","yoast_head_json":{"title":"SpeedSwitch - Beijer Automotive","robots":{"index":"index","follow":"follow","max-snippet":"max-snippet:-1","max-image-preview":"max-image-preview:large","max-video-preview":"max-video-preview:-1"},"canonical":"https:\/\/www.beijer.com\/fr\/produits\/produits-analogiques\/speedswitch\/","og_locale":"fr_FR","og_type":"article","og_title":"SpeedSwitch - Beijer Automotive","og_description":"Le SpeedSwitch peut \u00eatre utilis\u00e9 pour mettre en ou hors fonction un dispositif \u00e0 une vitesse ou un r\u00e9gime pr\u00e9d\u00e9termin\u00e9. Ceci, combin\u00e9 \u00e0 un...","og_url":"https:\/\/www.beijer.com\/fr\/produits\/produits-analogiques\/speedswitch\/","og_site_name":"Beijer Automotive","article_modified_time":"2025-12-30T13:35:26+00:00","og_image":[{"width":512,"height":512,"url":"https:\/\/www.beijer.com\/wp-content\/uploads\/2021\/08\/Productfoto_SSW_512x512.png","type":"image\/png"}],"twitter_card":"summary_large_image","schema":{"@context":"https:\/\/schema.org","@graph":[{"@type":"WebPage","@id":"https:\/\/www.beijer.com\/fr\/produits\/produits-analogiques\/speedswitch\/","url":"https:\/\/www.beijer.com\/fr\/produits\/produits-analogiques\/speedswitch\/","name":"SpeedSwitch - Beijer Automotive","isPartOf":{"@id":"https:\/\/www.beijer.com\/#website"},"primaryImageOfPage":{"@id":"https:\/\/www.beijer.com\/fr\/produits\/produits-analogiques\/speedswitch\/#primaryimage"},"image":{"@id":"https:\/\/www.beijer.com\/fr\/produits\/produits-analogiques\/speedswitch\/#primaryimage"},"thumbnailUrl":"https:\/\/www.beijer.com\/wp-content\/uploads\/2021\/08\/Productfoto_SSW_512x512.png","datePublished":"2018-07-05T10:00:34+00:00","dateModified":"2025-12-30T13:35:26+00:00","breadcrumb":{"@id":"https:\/\/www.beijer.com\/fr\/produits\/produits-analogiques\/speedswitch\/#breadcrumb"},"inLanguage":"fr-FR","potentialAction":[{"@type":"ReadAction","target":["https:\/\/www.beijer.com\/fr\/produits\/produits-analogiques\/speedswitch\/"]}]},{"@type":"ImageObject","inLanguage":"fr-FR","@id":"https:\/\/www.beijer.com\/fr\/produits\/produits-analogiques\/speedswitch\/#primaryimage","url":"https:\/\/www.beijer.com\/wp-content\/uploads\/2021\/08\/Productfoto_SSW_512x512.png","contentUrl":"https:\/\/www.beijer.com\/wp-content\/uploads\/2021\/08\/Productfoto_SSW_512x512.png","width":512,"height":512,"caption":"SpeedSwitch"},{"@type":"BreadcrumbList","@id":"https:\/\/www.beijer.com\/fr\/produits\/produits-analogiques\/speedswitch\/#breadcrumb","itemListElement":[{"@type":"ListItem","position":1,"name":"Home","item":"https:\/\/www.beijer.com\/fr\/"},{"@type":"ListItem","position":2,"name":"Produits","item":"https:\/\/www.beijer.com\/fr\/produits\/"},{"@type":"ListItem","position":3,"name":"Produits analogiques","item":"https:\/\/www.beijer.com\/fr\/produits\/produits-analogiques\/"},{"@type":"ListItem","position":4,"name":"SpeedSwitch"}]},{"@type":"WebSite","@id":"https:\/\/www.beijer.com\/#website","url":"https:\/\/www.beijer.com\/","name":"Beijer Automotive","description":"","publisher":{"@id":"https:\/\/www.beijer.com\/#organization"},"potentialAction":[{"@type":"SearchAction","target":{"@type":"EntryPoint","urlTemplate":"https:\/\/www.beijer.com\/?s={search_term_string}"},"query-input":{"@type":"PropertyValueSpecification","valueRequired":true,"valueName":"search_term_string"}}],"inLanguage":"fr-FR"},{"@type":"Organization","@id":"https:\/\/www.beijer.com\/#organization","name":"Beijer Automotive","url":"https:\/\/www.beijer.com\/","logo":{"@type":"ImageObject","inLanguage":"fr-FR","@id":"https:\/\/www.beijer.com\/#\/schema\/logo\/image\/","url":"https:\/\/www.beijer.com\/wp-content\/uploads\/2018\/06\/cropped-sdf.jpg","contentUrl":"https:\/\/www.beijer.com\/wp-content\/uploads\/2018\/06\/cropped-sdf.jpg","width":"180","height":"59","caption":"Beijer Automotive"},"image":{"@id":"https:\/\/www.beijer.com\/#\/schema\/logo\/image\/"}}]}},"_links":{"self":[{"href":"https:\/\/www.beijer.com\/fr\/wp-json\/wp\/v2\/pages\/4329","targetHints":{"allow":["GET"]}}],"collection":[{"href":"https:\/\/www.beijer.com\/fr\/wp-json\/wp\/v2\/pages"}],"about":[{"href":"https:\/\/www.beijer.com\/fr\/wp-json\/wp\/v2\/types\/page"}],"author":[{"embeddable":true,"href":"https:\/\/www.beijer.com\/fr\/wp-json\/wp\/v2\/users\/2"}],"replies":[{"embeddable":true,"href":"https:\/\/www.beijer.com\/fr\/wp-json\/wp\/v2\/comments?post=4329"}],"version-history":[{"count":12,"href":"https:\/\/www.beijer.com\/fr\/wp-json\/wp\/v2\/pages\/4329\/revisions"}],"predecessor-version":[{"id":51056,"href":"https:\/\/www.beijer.com\/fr\/wp-json\/wp\/v2\/pages\/4329\/revisions\/51056"}],"up":[{"embeddable":true,"href":"https:\/\/www.beijer.com\/fr\/wp-json\/wp\/v2\/pages\/620"}],"wp:featuredmedia":[{"embeddable":true,"href":"https:\/\/www.beijer.com\/fr\/wp-json\/wp\/v2\/media\/3776"}],"wp:attachment":[{"href":"https:\/\/www.beijer.com\/fr\/wp-json\/wp\/v2\/media?parent=4329"}],"curies":[{"name":"wp","href":"https:\/\/api.w.org\/{rel}","templated":true}]}}