{"id":4903,"date":"2018-07-05T09:49:40","date_gmt":"2018-07-05T09:49:40","guid":{"rendered":"https:\/\/www.beijer.com\/produits\/produits-can\/beijer-can-interfaces-bci\/bci-can-to-analog\/bci-8uds\/"},"modified":"2026-03-30T11:59:37","modified_gmt":"2026-03-30T09:59:37","slug":"bci-8uds","status":"publish","type":"page","link":"https:\/\/www.beijer.com\/fr\/produits\/produits-can\/beijer-can-interfaces-bci\/bci-can-to-analog\/bci-8uds\/","title":{"rendered":"BCI-8UDS"},"content":{"rendered":"<div style=\"overflow: hidden; margin-bottom: 10px;\"><img loading=\"lazy\" decoding=\"async\" class=\"alignnone size-medium wp-image-45932\" style=\"float: right; margin-left: 4px; margin-bottom: 0;\" src=\"https:\/\/www.beijer.com\/wp-content\/uploads\/2025\/08\/supports-CAN-FD-e1754309341483.jpg\" alt=\"\" width=\"167\" height=\"109\" \/><\/p>\n<p style=\"margin-bottom: 0;\">La BCI-8UDS est une interface CAN universelle avec huit sorties.<br \/>\nAvec \u00fan BCI en stock, vous pouvez g\u00e9rer n\u2019importe quelle voiture.<\/p>\n<\/div>\n<p>\n<table id=\"tablepress-11\" class=\"tablepress tablepress-id-11\">\n<tbody class=\"row-striping row-hover\">\n<tr class=\"row-1\">\n\t<td class=\"column-1\"><strong>INPUT<\/strong><br \/>\n- CAN High &amp; CAN Low (Highspeed)<br \/>\nen\/of<br \/>\n- CAN High &amp; CAN Low (Lowspeed)<br \/>\nSupports CAN FD<br \/>\n<br \/>\n<strong>OUTPUT<\/strong><br \/>\n- Speed<br \/>\n- Low beam<br \/>\n- High beam<br \/>\n- Brake<br \/>\n- Left Direction Indicator (LDI)<br \/>\n- Right Direction Indicator (RDI)<br \/>\n- Switched Power<br \/>\n- Parking light<\/td><td class=\"column-2\"><img loading=\"lazy\" decoding=\"async\" src=\"https:\/\/beijer.com\/wp-content\/uploads\/2018\/07\/BCI2_250x200-1.png\" alt=\"BCI CAN interface\" width=\"250\" height=\"200\" class=\"alignnone size-full wp-image-1534\" \/><\/td>\n<\/tr>\n<\/tbody>\n<\/table>\n<!-- #tablepress-11 from cache -->\u20ac 405,- hors TVA<\/p>\n<p>La connexion d\u2019une BCI est rapide et facile. Une fois connect\u00e9e \u00e0 une alimentation \u00e9lectrique permanente, \u00e0 une masse et \u00e0 deux fils CAN, la BCI d\u00e9termine automatiquement la marque et le type de voiture. La BCI ne n\u00e9cessite pas plus de 20 secondes pour reconna\u00eetre la voiture, apr\u00e8s quoi elle contr\u00f4le les sorties appropri\u00e9es. Et localiser les connexions CAN dans la voiture est \u00e9galement facile \u00e0 l\u2019aide des INCAR instructions gratuites fournies avec chaque BCI.<\/p>\n<p>D\u00e9couvrez le BCI-8UDS-NG (\u2018Next Gen\u2019) avec prise en charge du CAN FD:<\/p>\n<p><a style=\"background-color: #04a1ef; color: #fff; padding: 8px 12px; text-decoration: none; border-radius: 4px; margin-right: 10px; display: inline-block;\" href=\"https:\/\/www.beijer.com\/bci-application-lists\/\" target=\"_blank\" rel=\"noopener\">APPLICATION LIST BCI-8UDS-NG<\/a>\u00a0<a style=\"background-color: #04a1ef; color: #fff; padding: 8px 12px; text-decoration: none; border-radius: 4px; margin-right: 10px; display: inline-block;\" href=\"https:\/\/www.beijer.com\/wp-content\/uploads\/2025\/12\/Manual_BCING_V2_0525.pdf\" target=\"_blank\" rel=\"noopener\">MANUAL BCI-8UDS-NG<\/a><\/p>\n<p><a style=\"background-color: #04a1ef; color: #fff; padding: 8px 12px; text-decoration: none; border-radius: 4px; display: inline-block;\" href=\"https:\/\/incar.beijer.com\/bci-8uds-ng.html\" target=\"_blank\" rel=\"noopener\">COMMANDEZ BCI-8UDS-NG MAINTENANT<\/a><\/p>\n<p>Avez-vous un v\u00e9hicule \u00e9quip\u00e9 uniquement du CAN classique (sans CAN FD) ? Si c\u2019est le cas, une alternative plus abordable est disponible. En savoir plus ici:<\/p>\n<p><strong><a href=\"https:\/\/bcs.beijer.com\/doc\/bci\/ApplicationLists\/PC.1008.html\" target=\"_blank\" rel=\"noopener\">APPLICATION LIST BCI-8UDS<\/a><\/strong> <strong><a href=\"https:\/\/www.beijer.com\/wp-content\/uploads\/2018\/07\/BCI-Quickstart.pdf\" target=\"_blank\" rel=\"noopener\">MANUAL BCI-8UDS<\/a><\/strong> <strong><a href=\"https:\/\/incar.beijer.com\/shop\/interfaces\/can.html\" target=\"_blank\" rel=\"noopener\">COMMANDEZ MAINTENANT BCI-8UDS<\/a><\/strong><\/p>\n","protected":false},"excerpt":{"rendered":"<p>La BCI-8UDS est une interface CAN universelle avec huit sorties. Avec \u00fan BCI en stock, vous pouvez g\u00e9rer n\u2019importe quelle voiture. \u20ac 405,- hors&#8230;<\/p>\n","protected":false},"author":2,"featured_media":3482,"parent":4141,"menu_order":5,"comment_status":"closed","ping_status":"closed","template":"","meta":{"_acf_changed":false,"footnotes":""},"class_list":["post-4903","page","type-page","status-publish","has-post-thumbnail","hentry"],"acf":[],"yoast_head":"<!-- This site is optimized with the Yoast SEO plugin v27.5 - https:\/\/yoast.com\/product\/yoast-seo-wordpress\/ -->\n<title>BCI-8UDS - Beijer Automotive<\/title>\n<meta name=\"robots\" content=\"index, follow, max-snippet:-1, max-image-preview:large, max-video-preview:-1\" \/>\n<link rel=\"canonical\" href=\"https:\/\/www.beijer.com\/fr\/produits\/produits-can\/beijer-can-interfaces-bci\/bci-can-to-analog\/bci-8uds\/\" \/>\n<meta property=\"og:locale\" content=\"fr_FR\" \/>\n<meta property=\"og:type\" content=\"article\" \/>\n<meta property=\"og:title\" content=\"BCI-8UDS - Beijer Automotive\" \/>\n<meta property=\"og:description\" content=\"La BCI-8UDS est une interface CAN universelle avec huit sorties. Avec \u00fan BCI en stock, vous pouvez g\u00e9rer n\u2019importe quelle voiture. \u20ac 405,- hors...\" \/>\n<meta property=\"og:url\" content=\"https:\/\/www.beijer.com\/fr\/produits\/produits-can\/beijer-can-interfaces-bci\/bci-can-to-analog\/bci-8uds\/\" \/>\n<meta property=\"og:site_name\" content=\"Beijer Automotive\" \/>\n<meta property=\"article:modified_time\" content=\"2026-03-30T09:59:37+00:00\" \/>\n<meta property=\"og:image\" content=\"https:\/\/www.beijer.com\/wp-content\/uploads\/2021\/08\/Beijer_NEW-Icons_DEF-site-zonder-cirkels-_BCI-8UDS.png\" \/>\n\t<meta property=\"og:image:width\" content=\"417\" \/>\n\t<meta property=\"og:image:height\" content=\"418\" \/>\n\t<meta property=\"og:image:type\" content=\"image\/png\" \/>\n<meta name=\"twitter:card\" content=\"summary_large_image\" \/>\n<script type=\"application\/ld+json\" class=\"yoast-schema-graph\">{\"@context\":\"https:\\\/\\\/schema.org\",\"@graph\":[{\"@type\":\"WebPage\",\"@id\":\"https:\\\/\\\/www.beijer.com\\\/fr\\\/produits\\\/produits-can\\\/beijer-can-interfaces-bci\\\/bci-can-to-analog\\\/bci-8uds\\\/\",\"url\":\"https:\\\/\\\/www.beijer.com\\\/fr\\\/produits\\\/produits-can\\\/beijer-can-interfaces-bci\\\/bci-can-to-analog\\\/bci-8uds\\\/\",\"name\":\"BCI-8UDS - Beijer Automotive\",\"isPartOf\":{\"@id\":\"https:\\\/\\\/www.beijer.com\\\/#website\"},\"primaryImageOfPage\":{\"@id\":\"https:\\\/\\\/www.beijer.com\\\/fr\\\/produits\\\/produits-can\\\/beijer-can-interfaces-bci\\\/bci-can-to-analog\\\/bci-8uds\\\/#primaryimage\"},\"image\":{\"@id\":\"https:\\\/\\\/www.beijer.com\\\/fr\\\/produits\\\/produits-can\\\/beijer-can-interfaces-bci\\\/bci-can-to-analog\\\/bci-8uds\\\/#primaryimage\"},\"thumbnailUrl\":\"https:\\\/\\\/www.beijer.com\\\/wp-content\\\/uploads\\\/2021\\\/08\\\/Beijer_NEW-Icons_DEF-site-zonder-cirkels-_BCI-8UDS.png\",\"datePublished\":\"2018-07-05T09:49:40+00:00\",\"dateModified\":\"2026-03-30T09:59:37+00:00\",\"breadcrumb\":{\"@id\":\"https:\\\/\\\/www.beijer.com\\\/fr\\\/produits\\\/produits-can\\\/beijer-can-interfaces-bci\\\/bci-can-to-analog\\\/bci-8uds\\\/#breadcrumb\"},\"inLanguage\":\"fr-FR\",\"potentialAction\":[{\"@type\":\"ReadAction\",\"target\":[\"https:\\\/\\\/www.beijer.com\\\/fr\\\/produits\\\/produits-can\\\/beijer-can-interfaces-bci\\\/bci-can-to-analog\\\/bci-8uds\\\/\"]}]},{\"@type\":\"ImageObject\",\"inLanguage\":\"fr-FR\",\"@id\":\"https:\\\/\\\/www.beijer.com\\\/fr\\\/produits\\\/produits-can\\\/beijer-can-interfaces-bci\\\/bci-can-to-analog\\\/bci-8uds\\\/#primaryimage\",\"url\":\"https:\\\/\\\/www.beijer.com\\\/wp-content\\\/uploads\\\/2021\\\/08\\\/Beijer_NEW-Icons_DEF-site-zonder-cirkels-_BCI-8UDS.png\",\"contentUrl\":\"https:\\\/\\\/www.beijer.com\\\/wp-content\\\/uploads\\\/2021\\\/08\\\/Beijer_NEW-Icons_DEF-site-zonder-cirkels-_BCI-8UDS.png\",\"width\":417,\"height\":418},{\"@type\":\"BreadcrumbList\",\"@id\":\"https:\\\/\\\/www.beijer.com\\\/fr\\\/produits\\\/produits-can\\\/beijer-can-interfaces-bci\\\/bci-can-to-analog\\\/bci-8uds\\\/#breadcrumb\",\"itemListElement\":[{\"@type\":\"ListItem\",\"position\":1,\"name\":\"Home\",\"item\":\"https:\\\/\\\/www.beijer.com\\\/fr\\\/\"},{\"@type\":\"ListItem\",\"position\":2,\"name\":\"Produits\",\"item\":\"https:\\\/\\\/www.beijer.com\\\/fr\\\/produits\\\/\"},{\"@type\":\"ListItem\",\"position\":3,\"name\":\"Produits CAN\",\"item\":\"https:\\\/\\\/www.beijer.com\\\/fr\\\/produits\\\/produits-can\\\/\"},{\"@type\":\"ListItem\",\"position\":4,\"name\":\"Beijer Interface CAN (BCI)\",\"item\":\"https:\\\/\\\/www.beijer.com\\\/fr\\\/produits\\\/produits-can\\\/beijer-can-interfaces-bci\\\/\"},{\"@type\":\"ListItem\",\"position\":5,\"name\":\"BCI | CAN-to-Analog\",\"item\":\"https:\\\/\\\/www.beijer.com\\\/fr\\\/produits\\\/produits-can\\\/beijer-can-interfaces-bci\\\/bci-can-to-analog\\\/\"},{\"@type\":\"ListItem\",\"position\":6,\"name\":\"BCI-8UDS\"}]},{\"@type\":\"WebSite\",\"@id\":\"https:\\\/\\\/www.beijer.com\\\/#website\",\"url\":\"https:\\\/\\\/www.beijer.com\\\/\",\"name\":\"Beijer Automotive\",\"description\":\"\",\"publisher\":{\"@id\":\"https:\\\/\\\/www.beijer.com\\\/#organization\"},\"potentialAction\":[{\"@type\":\"SearchAction\",\"target\":{\"@type\":\"EntryPoint\",\"urlTemplate\":\"https:\\\/\\\/www.beijer.com\\\/?s={search_term_string}\"},\"query-input\":{\"@type\":\"PropertyValueSpecification\",\"valueRequired\":true,\"valueName\":\"search_term_string\"}}],\"inLanguage\":\"fr-FR\"},{\"@type\":\"Organization\",\"@id\":\"https:\\\/\\\/www.beijer.com\\\/#organization\",\"name\":\"Beijer Automotive\",\"url\":\"https:\\\/\\\/www.beijer.com\\\/\",\"logo\":{\"@type\":\"ImageObject\",\"inLanguage\":\"fr-FR\",\"@id\":\"https:\\\/\\\/www.beijer.com\\\/#\\\/schema\\\/logo\\\/image\\\/\",\"url\":\"https:\\\/\\\/www.beijer.com\\\/wp-content\\\/uploads\\\/2018\\\/06\\\/cropped-sdf.jpg\",\"contentUrl\":\"https:\\\/\\\/www.beijer.com\\\/wp-content\\\/uploads\\\/2018\\\/06\\\/cropped-sdf.jpg\",\"width\":\"180\",\"height\":\"59\",\"caption\":\"Beijer Automotive\"},\"image\":{\"@id\":\"https:\\\/\\\/www.beijer.com\\\/#\\\/schema\\\/logo\\\/image\\\/\"}}]}<\/script>\n<!-- \/ Yoast SEO plugin. -->","yoast_head_json":{"title":"BCI-8UDS - Beijer Automotive","robots":{"index":"index","follow":"follow","max-snippet":"max-snippet:-1","max-image-preview":"max-image-preview:large","max-video-preview":"max-video-preview:-1"},"canonical":"https:\/\/www.beijer.com\/fr\/produits\/produits-can\/beijer-can-interfaces-bci\/bci-can-to-analog\/bci-8uds\/","og_locale":"fr_FR","og_type":"article","og_title":"BCI-8UDS - Beijer Automotive","og_description":"La BCI-8UDS est une interface CAN universelle avec huit sorties. Avec \u00fan BCI en stock, vous pouvez g\u00e9rer n\u2019importe quelle voiture. \u20ac 405,- hors...","og_url":"https:\/\/www.beijer.com\/fr\/produits\/produits-can\/beijer-can-interfaces-bci\/bci-can-to-analog\/bci-8uds\/","og_site_name":"Beijer Automotive","article_modified_time":"2026-03-30T09:59:37+00:00","og_image":[{"width":417,"height":418,"url":"https:\/\/www.beijer.com\/wp-content\/uploads\/2021\/08\/Beijer_NEW-Icons_DEF-site-zonder-cirkels-_BCI-8UDS.png","type":"image\/png"}],"twitter_card":"summary_large_image","schema":{"@context":"https:\/\/schema.org","@graph":[{"@type":"WebPage","@id":"https:\/\/www.beijer.com\/fr\/produits\/produits-can\/beijer-can-interfaces-bci\/bci-can-to-analog\/bci-8uds\/","url":"https:\/\/www.beijer.com\/fr\/produits\/produits-can\/beijer-can-interfaces-bci\/bci-can-to-analog\/bci-8uds\/","name":"BCI-8UDS - Beijer Automotive","isPartOf":{"@id":"https:\/\/www.beijer.com\/#website"},"primaryImageOfPage":{"@id":"https:\/\/www.beijer.com\/fr\/produits\/produits-can\/beijer-can-interfaces-bci\/bci-can-to-analog\/bci-8uds\/#primaryimage"},"image":{"@id":"https:\/\/www.beijer.com\/fr\/produits\/produits-can\/beijer-can-interfaces-bci\/bci-can-to-analog\/bci-8uds\/#primaryimage"},"thumbnailUrl":"https:\/\/www.beijer.com\/wp-content\/uploads\/2021\/08\/Beijer_NEW-Icons_DEF-site-zonder-cirkels-_BCI-8UDS.png","datePublished":"2018-07-05T09:49:40+00:00","dateModified":"2026-03-30T09:59:37+00:00","breadcrumb":{"@id":"https:\/\/www.beijer.com\/fr\/produits\/produits-can\/beijer-can-interfaces-bci\/bci-can-to-analog\/bci-8uds\/#breadcrumb"},"inLanguage":"fr-FR","potentialAction":[{"@type":"ReadAction","target":["https:\/\/www.beijer.com\/fr\/produits\/produits-can\/beijer-can-interfaces-bci\/bci-can-to-analog\/bci-8uds\/"]}]},{"@type":"ImageObject","inLanguage":"fr-FR","@id":"https:\/\/www.beijer.com\/fr\/produits\/produits-can\/beijer-can-interfaces-bci\/bci-can-to-analog\/bci-8uds\/#primaryimage","url":"https:\/\/www.beijer.com\/wp-content\/uploads\/2021\/08\/Beijer_NEW-Icons_DEF-site-zonder-cirkels-_BCI-8UDS.png","contentUrl":"https:\/\/www.beijer.com\/wp-content\/uploads\/2021\/08\/Beijer_NEW-Icons_DEF-site-zonder-cirkels-_BCI-8UDS.png","width":417,"height":418},{"@type":"BreadcrumbList","@id":"https:\/\/www.beijer.com\/fr\/produits\/produits-can\/beijer-can-interfaces-bci\/bci-can-to-analog\/bci-8uds\/#breadcrumb","itemListElement":[{"@type":"ListItem","position":1,"name":"Home","item":"https:\/\/www.beijer.com\/fr\/"},{"@type":"ListItem","position":2,"name":"Produits","item":"https:\/\/www.beijer.com\/fr\/produits\/"},{"@type":"ListItem","position":3,"name":"Produits CAN","item":"https:\/\/www.beijer.com\/fr\/produits\/produits-can\/"},{"@type":"ListItem","position":4,"name":"Beijer Interface CAN (BCI)","item":"https:\/\/www.beijer.com\/fr\/produits\/produits-can\/beijer-can-interfaces-bci\/"},{"@type":"ListItem","position":5,"name":"BCI | CAN-to-Analog","item":"https:\/\/www.beijer.com\/fr\/produits\/produits-can\/beijer-can-interfaces-bci\/bci-can-to-analog\/"},{"@type":"ListItem","position":6,"name":"BCI-8UDS"}]},{"@type":"WebSite","@id":"https:\/\/www.beijer.com\/#website","url":"https:\/\/www.beijer.com\/","name":"Beijer Automotive","description":"","publisher":{"@id":"https:\/\/www.beijer.com\/#organization"},"potentialAction":[{"@type":"SearchAction","target":{"@type":"EntryPoint","urlTemplate":"https:\/\/www.beijer.com\/?s={search_term_string}"},"query-input":{"@type":"PropertyValueSpecification","valueRequired":true,"valueName":"search_term_string"}}],"inLanguage":"fr-FR"},{"@type":"Organization","@id":"https:\/\/www.beijer.com\/#organization","name":"Beijer Automotive","url":"https:\/\/www.beijer.com\/","logo":{"@type":"ImageObject","inLanguage":"fr-FR","@id":"https:\/\/www.beijer.com\/#\/schema\/logo\/image\/","url":"https:\/\/www.beijer.com\/wp-content\/uploads\/2018\/06\/cropped-sdf.jpg","contentUrl":"https:\/\/www.beijer.com\/wp-content\/uploads\/2018\/06\/cropped-sdf.jpg","width":"180","height":"59","caption":"Beijer Automotive"},"image":{"@id":"https:\/\/www.beijer.com\/#\/schema\/logo\/image\/"}}]}},"_links":{"self":[{"href":"https:\/\/www.beijer.com\/fr\/wp-json\/wp\/v2\/pages\/4903","targetHints":{"allow":["GET"]}}],"collection":[{"href":"https:\/\/www.beijer.com\/fr\/wp-json\/wp\/v2\/pages"}],"about":[{"href":"https:\/\/www.beijer.com\/fr\/wp-json\/wp\/v2\/types\/page"}],"author":[{"embeddable":true,"href":"https:\/\/www.beijer.com\/fr\/wp-json\/wp\/v2\/users\/2"}],"replies":[{"embeddable":true,"href":"https:\/\/www.beijer.com\/fr\/wp-json\/wp\/v2\/comments?post=4903"}],"version-history":[{"count":15,"href":"https:\/\/www.beijer.com\/fr\/wp-json\/wp\/v2\/pages\/4903\/revisions"}],"predecessor-version":[{"id":52701,"href":"https:\/\/www.beijer.com\/fr\/wp-json\/wp\/v2\/pages\/4903\/revisions\/52701"}],"up":[{"embeddable":true,"href":"https:\/\/www.beijer.com\/fr\/wp-json\/wp\/v2\/pages\/4141"}],"wp:featuredmedia":[{"embeddable":true,"href":"https:\/\/www.beijer.com\/fr\/wp-json\/wp\/v2\/media\/3482"}],"wp:attachment":[{"href":"https:\/\/www.beijer.com\/fr\/wp-json\/wp\/v2\/media?parent=4903"}],"curies":[{"name":"wp","href":"https:\/\/api.w.org\/{rel}","templated":true}]}}