{"id":51841,"date":"2026-01-26T12:04:15","date_gmt":"2026-01-26T11:04:15","guid":{"rendered":"https:\/\/www.beijer.com\/produits\/produits-can\/beijer-can-interfaces-bci\/bci-can-to-analog\/bci-tacho\/"},"modified":"2026-04-10T11:47:13","modified_gmt":"2026-04-10T09:47:13","slug":"bci-tacho","status":"publish","type":"page","link":"https:\/\/www.beijer.com\/fr\/produits\/produits-can\/beijer-can-interfaces-bci\/bci-can-to-analog\/bci-tacho\/","title":{"rendered":"BCI-TACHO"},"content":{"rendered":"\n<p>Cette interface CAN universelle avec 3 sorties a \u00e9t\u00e9 sp\u00e9cialement d\u00e9velopp\u00e9e pour l\u2019int\u00e9gration avec le Smart Tacho 2 (G2V2\/SMT2). \u00c0 partir du 1er juillet 2026, cette nouvelle g\u00e9n\u00e9ration de tachygraphe sera \u00e9galement obligatoire pour les v\u00e9hicules utilitaires l\u00e9gers (&gt;2500 kg) effectuant du transport international de marchandises. Nous avons d\u00e9j\u00e0 abord\u00e9 ce sujet dans <strong><a href=\"https:\/\/www.beijer.com\/en\/news\/tachograph-regulations-for-light-commercial-vehicles-in-2026-be-prepared-with-a-beijer-can-interface-bci\/\" style=\"background:none !important; padding:0 !important; border:none !important; display:inline !important; color:#0a2540 !important; text-decoration:underline !important; font-weight:700 !important;\">cet<\/a><\/strong> article. En raison des exigences accrues en mati\u00e8re d\u2019enregistrement des trajets et d\u2019\u00e9change de donn\u00e9es, des donn\u00e9es v\u00e9hicule fiables sont essentielles. Le BCI-TACHO convertit les donn\u00e9es du bus CAN du v\u00e9hicule en un signal de vitesse pour le tachygraphe via les capteurs M1N1 et KITAS.<\/p>\n\n\n<p><strong>Pre-order BCI-TACHO<\/strong><\/p>\n<p>Passez votre pre-order d\u00e8s maintenant pour garantir une livraison en juin et profitez de nos offres de lancement.\n<\/p>\n<p>\n  <a style=\"background-color: #04a1ef; color: #fff; padding: 8px 12px; text-decoration: none; border-radius: 4px;\" href=\"https:\/\/www.beijer.com\/en\/bci-tacho-preorder\/\" target=\"_blank\" rel=\"noopener\">\n    PRE-ORDER BCI-TACHO\n  <\/a>\n<\/p>\n\n\n<table id=\"tablepress-17\" class=\"tablepress tablepress-id-17\">\n<tbody class=\"row-striping row-hover\">\n<tr class=\"row-1\">\n\t<td class=\"column-1\"><strong>INPUT<\/strong><br \/>\n&#8211; CAN High &amp; CAN Low (CAN Highspeed\/FD)<br \/>\n<br \/>\n<strong>OUTPUT<\/strong><br \/>\n&#8211; Speed<br \/>\n&#8211; Switched Power<br \/>\n&#8211; Parking Light<\/td><td class=\"column-2\"><img loading=\"lazy\" decoding=\"async\" src=\"https:\/\/www.beijer.com\/wp-content\/uploads\/2026\/01\/Productfoto-BCI-TACHO.png\" alt=\"BCI-TACHO CAN interface\" width=\"250\" height=\"200\" class=\"alignnone size-full wp-image-1534\" \/><\/td>\n<\/tr>\n<\/tbody>\n<\/table>\n<!-- #tablepress-17 from cache -->\n\n<p><strong>Pourquoi choisir le BCI-TACHO&nbsp;?<\/strong><\/p>\n<ul class=\"beijer-checklist\">\n  <li>Signal de vitesse <strong><u>stable et pr\u00e9cis<\/u><\/strong><\/li>\n  <li>Sp\u00e9cialement d\u00e9velopp\u00e9 pour <strong><u>Smart Tacho 2<\/u><\/strong><\/li>\n  <li><strong><u>C\u00e2ble extra long<\/u><\/strong> (2,5 m) pour une installation facile<\/li>\n  <li>Conforme aux <strong><a href=\"https:\/\/business.gov.nl\/amendments\/smart-tachograph-type2-2500kg-and-more\/\" style=\"background:none !important; padding:0 !important; border:none !important; display:inline !important; color:#0a2540 !important; text-decoration:underline !important; font-weight:700 !important;\">r\u00e9glementations europ\u00e9ennes<\/a><\/strong><\/li>\n  <li><strong><u>Aucune<\/u><\/strong> connexion suppl\u00e9mentaire au tachygraphe requise&nbsp;; les affichages et voyants sont \u00e9galement pilot\u00e9s via une seule interface<\/li>\n  <li>Compatible avec <strong><a href=\"https:\/\/www.beijer.com\/en\/can-database\/\" style=\"background:none !important; padding:0 !important; border:none !important; display:inline !important; color:#0a2540 !important; text-decoration:underline !important; font-weight:700 !important;\">tous les v\u00e9hicules utilitaires l\u00e9gers<\/a><\/strong><\/li>\n  <li>Prend en charge CAN FD<\/li>\n  <li>Installation simple gr\u00e2ce \u00e0 <strong><a href=\"https:\/\/www.beijer.com\/en\/products\/incar-instructions\/\" style=\"background:none !important; padding:0 !important; border:none !important; display:inline !important; color:#0a2540 !important; text-decoration:underline !important; font-weight:700 !important;\">l\u2019instruction INCAR gratuite<\/a><\/strong><\/li>\n<\/ul>\n\n<p><strong>Installation du BCI-TACHO<\/strong><\/p>\n<p>Le raccordement du BCI-TACHO est rapide et simple.<\/p>\n<ol class=\"wp-block-list\">\n  <li>Connectez le BCI-TACHO \u00e0 une alimentation constante, \u00e0 la masse et \u00e0 deux fils CAN<\/li>\n  <li>Le BCI-TACHO reconna\u00eet automatiquement le v\u00e9hicule<\/li>\n  <li>En moins de 20 secondes, les sorties correspondantes sont activ\u00e9es<\/li>\n<\/ol>\n\n<p>La recherche des bonnes connexions CAN dans le v\u00e9hicule est \u00e9galement simple gr\u00e2ce aux instructions INCAR gratuites (en ligne).<\/p>\n\n<p>Consultez les v\u00e9hicules pris en charge par le BCI-TACHO et la documentation d\u2019installation&nbsp;:<\/p>\n\n<div style=\"display:flex; gap:10px; flex-wrap:wrap;\">\n  <a style=\"background-color:#04a1ef; color:#fff; padding:8px 12px; text-decoration:none; border-radius:4px;\" href=\"https:\/\/www.beijer.com\/en\/bci-application-lists\/\" target=\"_blank\" rel=\"noopener\">\n    LISTE DES APPLICATIONS BCI-TACHO\n  <\/a>\n  <a style=\"background-color:#04a1ef; color:#fff; padding:8px 12px; text-decoration:none; border-radius:4px;\" href=\"https:\/\/www.beijer.com\/wp-content\/uploads\/2025\/12\/Manual_BCING_V2_0525.pdf\" target=\"_blank\" rel=\"noopener\">\n    MANUEL BCI-TACHO\n  <\/a>\n<\/div>\n<br>\n\n<p>Des questions ou souhaitez-vous plus d\u2019informations sur le BCI-TACHO&nbsp;?<\/p>\n\n<p>\n  <a style=\"background-color:#04a1ef; color:#fff; padding:8px 12px; text-decoration:none; border-radius:4px;\" href=\"https:\/\/www.beijer.com\/en\/contact\/\" target=\"_blank\" rel=\"noopener\">\n    CONTACTEZ-NOUS\n  <\/a>\n<\/p>\n<br>\n\n<p>\n  <img loading=\"lazy\" decoding=\"async\" class=\"alignnone wp-image-52284\" src=\"https:\/\/www.beijer.com\/wp-content\/uploads\/2026\/03\/BCI-TACHO-voor-Smart-Tacho-2-1_ENG_VDO_DEF-300x160.jpg\" alt=\"\" width=\"446\" height=\"238\" srcset=\"https:\/\/www.beijer.com\/wp-content\/uploads\/2026\/03\/BCI-TACHO-voor-Smart-Tacho-2-1_ENG_VDO_DEF-300x160.jpg 300w, https:\/\/www.beijer.com\/wp-content\/uploads\/2026\/03\/BCI-TACHO-voor-Smart-Tacho-2-1_ENG_VDO_DEF.jpg 685w\" sizes=\"auto, (max-width: 446px) 100vw, 446px\" \/>\n<\/p>","protected":false},"excerpt":{"rendered":"<p>Cette interface CAN universelle avec 3 sorties a \u00e9t\u00e9 sp\u00e9cialement d\u00e9velopp\u00e9e pour l\u2019int\u00e9gration avec le Smart Tacho 2 (G2V2\/SMT2). \u00c0 partir du 1er juillet&#8230;<\/p>\n","protected":false},"author":2,"featured_media":51694,"parent":4141,"menu_order":0,"comment_status":"closed","ping_status":"closed","template":"","meta":{"_acf_changed":false,"footnotes":""},"class_list":["post-51841","page","type-page","status-publish","has-post-thumbnail","hentry"],"acf":[],"yoast_head":"<!-- This site is optimized with the Yoast SEO plugin v27.5 - https:\/\/yoast.com\/product\/yoast-seo-wordpress\/ -->\n<title>BCI-TACHO - Beijer Automotive<\/title>\n<meta name=\"robots\" content=\"index, follow, max-snippet:-1, max-image-preview:large, max-video-preview:-1\" \/>\n<link rel=\"canonical\" href=\"https:\/\/www.beijer.com\/fr\/produits\/produits-can\/beijer-can-interfaces-bci\/bci-can-to-analog\/bci-tacho\/\" \/>\n<meta property=\"og:locale\" content=\"fr_FR\" \/>\n<meta property=\"og:type\" content=\"article\" \/>\n<meta property=\"og:title\" content=\"BCI-TACHO - Beijer Automotive\" \/>\n<meta property=\"og:description\" content=\"Cette interface CAN universelle avec 3 sorties a \u00e9t\u00e9 sp\u00e9cialement d\u00e9velopp\u00e9e pour l\u2019int\u00e9gration avec le Smart Tacho 2 (G2V2\/SMT2). \u00c0 partir du 1er juillet...\" \/>\n<meta property=\"og:url\" content=\"https:\/\/www.beijer.com\/fr\/produits\/produits-can\/beijer-can-interfaces-bci\/bci-can-to-analog\/bci-tacho\/\" \/>\n<meta property=\"og:site_name\" content=\"Beijer Automotive\" \/>\n<meta property=\"article:modified_time\" content=\"2026-04-10T09:47:13+00:00\" \/>\n<meta property=\"og:image\" content=\"https:\/\/www.beijer.com\/wp-content\/uploads\/2026\/01\/BCI_TACHO_icon.png\" \/>\n\t<meta property=\"og:image:width\" content=\"158\" \/>\n\t<meta property=\"og:image:height\" content=\"158\" \/>\n\t<meta property=\"og:image:type\" content=\"image\/png\" \/>\n<meta name=\"twitter:card\" content=\"summary_large_image\" \/>\n<script type=\"application\/ld+json\" class=\"yoast-schema-graph\">{\"@context\":\"https:\\\/\\\/schema.org\",\"@graph\":[{\"@type\":\"WebPage\",\"@id\":\"https:\\\/\\\/www.beijer.com\\\/fr\\\/produits\\\/produits-can\\\/beijer-can-interfaces-bci\\\/bci-can-to-analog\\\/bci-tacho\\\/\",\"url\":\"https:\\\/\\\/www.beijer.com\\\/fr\\\/produits\\\/produits-can\\\/beijer-can-interfaces-bci\\\/bci-can-to-analog\\\/bci-tacho\\\/\",\"name\":\"BCI-TACHO - Beijer Automotive\",\"isPartOf\":{\"@id\":\"https:\\\/\\\/www.beijer.com\\\/#website\"},\"primaryImageOfPage\":{\"@id\":\"https:\\\/\\\/www.beijer.com\\\/fr\\\/produits\\\/produits-can\\\/beijer-can-interfaces-bci\\\/bci-can-to-analog\\\/bci-tacho\\\/#primaryimage\"},\"image\":{\"@id\":\"https:\\\/\\\/www.beijer.com\\\/fr\\\/produits\\\/produits-can\\\/beijer-can-interfaces-bci\\\/bci-can-to-analog\\\/bci-tacho\\\/#primaryimage\"},\"thumbnailUrl\":\"https:\\\/\\\/www.beijer.com\\\/wp-content\\\/uploads\\\/2026\\\/01\\\/BCI_TACHO_icon.png\",\"datePublished\":\"2026-01-26T11:04:15+00:00\",\"dateModified\":\"2026-04-10T09:47:13+00:00\",\"breadcrumb\":{\"@id\":\"https:\\\/\\\/www.beijer.com\\\/fr\\\/produits\\\/produits-can\\\/beijer-can-interfaces-bci\\\/bci-can-to-analog\\\/bci-tacho\\\/#breadcrumb\"},\"inLanguage\":\"fr-FR\",\"potentialAction\":[{\"@type\":\"ReadAction\",\"target\":[\"https:\\\/\\\/www.beijer.com\\\/fr\\\/produits\\\/produits-can\\\/beijer-can-interfaces-bci\\\/bci-can-to-analog\\\/bci-tacho\\\/\"]}]},{\"@type\":\"ImageObject\",\"inLanguage\":\"fr-FR\",\"@id\":\"https:\\\/\\\/www.beijer.com\\\/fr\\\/produits\\\/produits-can\\\/beijer-can-interfaces-bci\\\/bci-can-to-analog\\\/bci-tacho\\\/#primaryimage\",\"url\":\"https:\\\/\\\/www.beijer.com\\\/wp-content\\\/uploads\\\/2026\\\/01\\\/BCI_TACHO_icon.png\",\"contentUrl\":\"https:\\\/\\\/www.beijer.com\\\/wp-content\\\/uploads\\\/2026\\\/01\\\/BCI_TACHO_icon.png\",\"width\":158,\"height\":158},{\"@type\":\"BreadcrumbList\",\"@id\":\"https:\\\/\\\/www.beijer.com\\\/fr\\\/produits\\\/produits-can\\\/beijer-can-interfaces-bci\\\/bci-can-to-analog\\\/bci-tacho\\\/#breadcrumb\",\"itemListElement\":[{\"@type\":\"ListItem\",\"position\":1,\"name\":\"Home\",\"item\":\"https:\\\/\\\/www.beijer.com\\\/fr\\\/\"},{\"@type\":\"ListItem\",\"position\":2,\"name\":\"Produits\",\"item\":\"https:\\\/\\\/www.beijer.com\\\/fr\\\/produits\\\/\"},{\"@type\":\"ListItem\",\"position\":3,\"name\":\"Produits CAN\",\"item\":\"https:\\\/\\\/www.beijer.com\\\/fr\\\/produits\\\/produits-can\\\/\"},{\"@type\":\"ListItem\",\"position\":4,\"name\":\"Beijer Interface CAN (BCI)\",\"item\":\"https:\\\/\\\/www.beijer.com\\\/fr\\\/produits\\\/produits-can\\\/beijer-can-interfaces-bci\\\/\"},{\"@type\":\"ListItem\",\"position\":5,\"name\":\"BCI | CAN-to-Analog\",\"item\":\"https:\\\/\\\/www.beijer.com\\\/fr\\\/produits\\\/produits-can\\\/beijer-can-interfaces-bci\\\/bci-can-to-analog\\\/\"},{\"@type\":\"ListItem\",\"position\":6,\"name\":\"BCI-TACHO\"}]},{\"@type\":\"WebSite\",\"@id\":\"https:\\\/\\\/www.beijer.com\\\/#website\",\"url\":\"https:\\\/\\\/www.beijer.com\\\/\",\"name\":\"Beijer Automotive\",\"description\":\"\",\"publisher\":{\"@id\":\"https:\\\/\\\/www.beijer.com\\\/#organization\"},\"potentialAction\":[{\"@type\":\"SearchAction\",\"target\":{\"@type\":\"EntryPoint\",\"urlTemplate\":\"https:\\\/\\\/www.beijer.com\\\/?s={search_term_string}\"},\"query-input\":{\"@type\":\"PropertyValueSpecification\",\"valueRequired\":true,\"valueName\":\"search_term_string\"}}],\"inLanguage\":\"fr-FR\"},{\"@type\":\"Organization\",\"@id\":\"https:\\\/\\\/www.beijer.com\\\/#organization\",\"name\":\"Beijer Automotive\",\"url\":\"https:\\\/\\\/www.beijer.com\\\/\",\"logo\":{\"@type\":\"ImageObject\",\"inLanguage\":\"fr-FR\",\"@id\":\"https:\\\/\\\/www.beijer.com\\\/#\\\/schema\\\/logo\\\/image\\\/\",\"url\":\"https:\\\/\\\/www.beijer.com\\\/wp-content\\\/uploads\\\/2018\\\/06\\\/cropped-sdf.jpg\",\"contentUrl\":\"https:\\\/\\\/www.beijer.com\\\/wp-content\\\/uploads\\\/2018\\\/06\\\/cropped-sdf.jpg\",\"width\":\"180\",\"height\":\"59\",\"caption\":\"Beijer Automotive\"},\"image\":{\"@id\":\"https:\\\/\\\/www.beijer.com\\\/#\\\/schema\\\/logo\\\/image\\\/\"}}]}<\/script>\n<!-- \/ Yoast SEO plugin. -->","yoast_head_json":{"title":"BCI-TACHO - Beijer Automotive","robots":{"index":"index","follow":"follow","max-snippet":"max-snippet:-1","max-image-preview":"max-image-preview:large","max-video-preview":"max-video-preview:-1"},"canonical":"https:\/\/www.beijer.com\/fr\/produits\/produits-can\/beijer-can-interfaces-bci\/bci-can-to-analog\/bci-tacho\/","og_locale":"fr_FR","og_type":"article","og_title":"BCI-TACHO - Beijer Automotive","og_description":"Cette interface CAN universelle avec 3 sorties a \u00e9t\u00e9 sp\u00e9cialement d\u00e9velopp\u00e9e pour l\u2019int\u00e9gration avec le Smart Tacho 2 (G2V2\/SMT2). \u00c0 partir du 1er juillet...","og_url":"https:\/\/www.beijer.com\/fr\/produits\/produits-can\/beijer-can-interfaces-bci\/bci-can-to-analog\/bci-tacho\/","og_site_name":"Beijer Automotive","article_modified_time":"2026-04-10T09:47:13+00:00","og_image":[{"width":158,"height":158,"url":"https:\/\/www.beijer.com\/wp-content\/uploads\/2026\/01\/BCI_TACHO_icon.png","type":"image\/png"}],"twitter_card":"summary_large_image","schema":{"@context":"https:\/\/schema.org","@graph":[{"@type":"WebPage","@id":"https:\/\/www.beijer.com\/fr\/produits\/produits-can\/beijer-can-interfaces-bci\/bci-can-to-analog\/bci-tacho\/","url":"https:\/\/www.beijer.com\/fr\/produits\/produits-can\/beijer-can-interfaces-bci\/bci-can-to-analog\/bci-tacho\/","name":"BCI-TACHO - Beijer Automotive","isPartOf":{"@id":"https:\/\/www.beijer.com\/#website"},"primaryImageOfPage":{"@id":"https:\/\/www.beijer.com\/fr\/produits\/produits-can\/beijer-can-interfaces-bci\/bci-can-to-analog\/bci-tacho\/#primaryimage"},"image":{"@id":"https:\/\/www.beijer.com\/fr\/produits\/produits-can\/beijer-can-interfaces-bci\/bci-can-to-analog\/bci-tacho\/#primaryimage"},"thumbnailUrl":"https:\/\/www.beijer.com\/wp-content\/uploads\/2026\/01\/BCI_TACHO_icon.png","datePublished":"2026-01-26T11:04:15+00:00","dateModified":"2026-04-10T09:47:13+00:00","breadcrumb":{"@id":"https:\/\/www.beijer.com\/fr\/produits\/produits-can\/beijer-can-interfaces-bci\/bci-can-to-analog\/bci-tacho\/#breadcrumb"},"inLanguage":"fr-FR","potentialAction":[{"@type":"ReadAction","target":["https:\/\/www.beijer.com\/fr\/produits\/produits-can\/beijer-can-interfaces-bci\/bci-can-to-analog\/bci-tacho\/"]}]},{"@type":"ImageObject","inLanguage":"fr-FR","@id":"https:\/\/www.beijer.com\/fr\/produits\/produits-can\/beijer-can-interfaces-bci\/bci-can-to-analog\/bci-tacho\/#primaryimage","url":"https:\/\/www.beijer.com\/wp-content\/uploads\/2026\/01\/BCI_TACHO_icon.png","contentUrl":"https:\/\/www.beijer.com\/wp-content\/uploads\/2026\/01\/BCI_TACHO_icon.png","width":158,"height":158},{"@type":"BreadcrumbList","@id":"https:\/\/www.beijer.com\/fr\/produits\/produits-can\/beijer-can-interfaces-bci\/bci-can-to-analog\/bci-tacho\/#breadcrumb","itemListElement":[{"@type":"ListItem","position":1,"name":"Home","item":"https:\/\/www.beijer.com\/fr\/"},{"@type":"ListItem","position":2,"name":"Produits","item":"https:\/\/www.beijer.com\/fr\/produits\/"},{"@type":"ListItem","position":3,"name":"Produits CAN","item":"https:\/\/www.beijer.com\/fr\/produits\/produits-can\/"},{"@type":"ListItem","position":4,"name":"Beijer Interface CAN (BCI)","item":"https:\/\/www.beijer.com\/fr\/produits\/produits-can\/beijer-can-interfaces-bci\/"},{"@type":"ListItem","position":5,"name":"BCI | CAN-to-Analog","item":"https:\/\/www.beijer.com\/fr\/produits\/produits-can\/beijer-can-interfaces-bci\/bci-can-to-analog\/"},{"@type":"ListItem","position":6,"name":"BCI-TACHO"}]},{"@type":"WebSite","@id":"https:\/\/www.beijer.com\/#website","url":"https:\/\/www.beijer.com\/","name":"Beijer Automotive","description":"","publisher":{"@id":"https:\/\/www.beijer.com\/#organization"},"potentialAction":[{"@type":"SearchAction","target":{"@type":"EntryPoint","urlTemplate":"https:\/\/www.beijer.com\/?s={search_term_string}"},"query-input":{"@type":"PropertyValueSpecification","valueRequired":true,"valueName":"search_term_string"}}],"inLanguage":"fr-FR"},{"@type":"Organization","@id":"https:\/\/www.beijer.com\/#organization","name":"Beijer Automotive","url":"https:\/\/www.beijer.com\/","logo":{"@type":"ImageObject","inLanguage":"fr-FR","@id":"https:\/\/www.beijer.com\/#\/schema\/logo\/image\/","url":"https:\/\/www.beijer.com\/wp-content\/uploads\/2018\/06\/cropped-sdf.jpg","contentUrl":"https:\/\/www.beijer.com\/wp-content\/uploads\/2018\/06\/cropped-sdf.jpg","width":"180","height":"59","caption":"Beijer Automotive"},"image":{"@id":"https:\/\/www.beijer.com\/#\/schema\/logo\/image\/"}}]}},"_links":{"self":[{"href":"https:\/\/www.beijer.com\/fr\/wp-json\/wp\/v2\/pages\/51841","targetHints":{"allow":["GET"]}}],"collection":[{"href":"https:\/\/www.beijer.com\/fr\/wp-json\/wp\/v2\/pages"}],"about":[{"href":"https:\/\/www.beijer.com\/fr\/wp-json\/wp\/v2\/types\/page"}],"author":[{"embeddable":true,"href":"https:\/\/www.beijer.com\/fr\/wp-json\/wp\/v2\/users\/2"}],"replies":[{"embeddable":true,"href":"https:\/\/www.beijer.com\/fr\/wp-json\/wp\/v2\/comments?post=51841"}],"version-history":[{"count":9,"href":"https:\/\/www.beijer.com\/fr\/wp-json\/wp\/v2\/pages\/51841\/revisions"}],"predecessor-version":[{"id":52876,"href":"https:\/\/www.beijer.com\/fr\/wp-json\/wp\/v2\/pages\/51841\/revisions\/52876"}],"up":[{"embeddable":true,"href":"https:\/\/www.beijer.com\/fr\/wp-json\/wp\/v2\/pages\/4141"}],"wp:featuredmedia":[{"embeddable":true,"href":"https:\/\/www.beijer.com\/fr\/wp-json\/wp\/v2\/media\/51694"}],"wp:attachment":[{"href":"https:\/\/www.beijer.com\/fr\/wp-json\/wp\/v2\/media?parent=51841"}],"curies":[{"name":"wp","href":"https:\/\/api.w.org\/{rel}","templated":true}]}}