{"id":5213,"date":"2021-05-25T09:15:26","date_gmt":"2021-05-25T09:15:26","guid":{"rendered":"https:\/\/www.beijer.com\/produits\/produits-can\/beijer-can-interfaces-bci\/bci-can-to-analog\/bci-tesla\/"},"modified":"2026-03-30T12:02:28","modified_gmt":"2026-03-30T10:02:28","slug":"bci-tesla","status":"publish","type":"page","link":"https:\/\/www.beijer.com\/fr\/produits\/produits-can\/beijer-can-interfaces-bci\/bci-can-to-analog\/bci-tesla\/","title":{"rendered":"BCI-TESLA"},"content":{"rendered":"<p>La BCI-TESLA est une interface CAN avec deux sorties, sp\u00e9cialement con\u00e7ue pour le Tesla Model Y et Model 3 (avec DLC\/OBD) \u00e0 partir de mi-2020.<\/p>\n<p>\n<table id=\"tablepress-15\" class=\"tablepress tablepress-id-15\">\n<tbody class=\"row-striping row-hover\">\n<tr class=\"row-1\">\n\t<td class=\"column-1\"><strong>INPUT<\/strong><br \/>\n- CAN High &amp; CAN Low (Highspeed)<br \/>\n<br \/>\n<strong>OUTPUT<\/strong><br \/>\n- Speed<br \/>\n- Switched Power<\/td><td class=\"column-2\"><img loading=\"lazy\" decoding=\"async\" src=\"https:\/\/beijer.com\/wp-content\/uploads\/2021\/05\/BCI-imageTESLA_512X512.jpg\" alt=\"BCI CAN interface\" width=\"250\" height=\"200\" class=\"alignnone size-full wp-image-1534\" \/><\/td>\n<\/tr>\n<\/tbody>\n<\/table>\n<!-- #tablepress-15 from cache -->\u20ac 190,- hors TVA<\/p>\n<p>Tesla Inc. est connu pour mettre \u00e0 jour ses voitures over-the-air. Un avantage de ceci est que les utilisateurs disposent toujours des derni\u00e8res versions du logiciel avec les derni\u00e8res fonctions et am\u00e9liorations. Cependant, l&rsquo;inconv\u00e9nient est que les caract\u00e9ristiques de la voiture peuvent changer, provoquant, par exemple, un dysfonctionnement des compteurs de taxi. Pour \u00e9viter de tels probl\u00e8mes, Tesla et Beijer Automotive ont uni leurs forces et d\u00e9velopp\u00e9 une solution sous la forme d&rsquo;une interface CAN BCI-TESLA sp\u00e9ciale. En cons\u00e9quence, un taxim\u00e8tre dans le nouveau Tesla Model 3 et Model Y \u00e0 partir de la mi-2020 continuera toujours \u00e0 fonctionner, malgr\u00e9 les mises \u00e0 jour interm\u00e9diaires de Tesla.<\/p>\n<p>La connexion d\u2019une BCI est rapide et facile. Une fois connect\u00e9e \u00e0 une alimentation \u00e9lectrique permanente, \u00e0 une masse et \u00e0 deux fils CAN, la BCI d\u00e9termine automatiquement la marque et le type de voiture. La BCI ne n\u00e9cessite pas plus de 20 secondes pour reconna\u00eetre la voiture, apr\u00e8s quoi elle contr\u00f4le les sorties appropri\u00e9es. Et localiser les connexions CAN dans la voiture est \u00e9galement facile \u00e0 l\u2019aide des INCAR instructions gratuites fournies avec chaque BCI.<\/p>\n<p><strong><a href=\"https:\/\/bcs.beijer.com\/doc\/bci\/ApplicationLists\/PA.1013.SV.AAJA.254.html\" target=\"_blank\" rel=\"noopener\">APPLICATION LIST<\/a><\/strong> <strong><a href=\"https:\/\/www.beijer.com\/wp-content\/uploads\/2025\/12\/Manual_BCING_V2_0525.pdf\" target=\"_blank\" rel=\"noopener\">MANUAL<\/a><\/strong> <strong><a href=\"https:\/\/incar.beijer.com\/shop\/interfaces\/can.html\" target=\"_blank\" rel=\"noopener\">COMMANDEZ MAINTENANT<\/a><\/strong><\/p>\n","protected":false},"excerpt":{"rendered":"<p>La BCI-TESLA est une interface CAN avec deux sorties, sp\u00e9cialement con\u00e7ue pour le Tesla Model Y et Model 3 (avec DLC\/OBD) \u00e0 partir de&#8230;<\/p>\n","protected":false},"author":2,"featured_media":3470,"parent":4141,"menu_order":3,"comment_status":"closed","ping_status":"closed","template":"","meta":{"_acf_changed":false,"footnotes":""},"class_list":["post-5213","page","type-page","status-publish","has-post-thumbnail","hentry"],"acf":[],"yoast_head":"<!-- This site is optimized with the Yoast SEO plugin v27.5 - https:\/\/yoast.com\/product\/yoast-seo-wordpress\/ -->\n<title>BCI-TESLA - Beijer Automotive<\/title>\n<meta name=\"robots\" content=\"index, follow, max-snippet:-1, max-image-preview:large, max-video-preview:-1\" \/>\n<link rel=\"canonical\" href=\"https:\/\/www.beijer.com\/fr\/produits\/produits-can\/beijer-can-interfaces-bci\/bci-can-to-analog\/bci-tesla\/\" \/>\n<meta property=\"og:locale\" content=\"fr_FR\" \/>\n<meta property=\"og:type\" content=\"article\" \/>\n<meta property=\"og:title\" content=\"BCI-TESLA - Beijer Automotive\" \/>\n<meta property=\"og:description\" content=\"La BCI-TESLA est une interface CAN avec deux sorties, sp\u00e9cialement con\u00e7ue pour le Tesla Model Y et Model 3 (avec DLC\/OBD) \u00e0 partir de...\" \/>\n<meta property=\"og:url\" content=\"https:\/\/www.beijer.com\/fr\/produits\/produits-can\/beijer-can-interfaces-bci\/bci-can-to-analog\/bci-tesla\/\" \/>\n<meta property=\"og:site_name\" content=\"Beijer Automotive\" \/>\n<meta property=\"article:modified_time\" content=\"2026-03-30T10:02:28+00:00\" \/>\n<meta property=\"og:image\" content=\"https:\/\/www.beijer.com\/wp-content\/uploads\/2021\/08\/Beijer_NEW-Icons_DEF-site-zonder-cirkels-_BCI-2.png\" \/>\n\t<meta property=\"og:image:width\" content=\"417\" \/>\n\t<meta property=\"og:image:height\" content=\"418\" \/>\n\t<meta property=\"og:image:type\" content=\"image\/png\" \/>\n<meta name=\"twitter:card\" content=\"summary_large_image\" \/>\n<script type=\"application\/ld+json\" class=\"yoast-schema-graph\">{\"@context\":\"https:\\\/\\\/schema.org\",\"@graph\":[{\"@type\":\"WebPage\",\"@id\":\"https:\\\/\\\/www.beijer.com\\\/fr\\\/produits\\\/produits-can\\\/beijer-can-interfaces-bci\\\/bci-can-to-analog\\\/bci-tesla\\\/\",\"url\":\"https:\\\/\\\/www.beijer.com\\\/fr\\\/produits\\\/produits-can\\\/beijer-can-interfaces-bci\\\/bci-can-to-analog\\\/bci-tesla\\\/\",\"name\":\"BCI-TESLA - Beijer Automotive\",\"isPartOf\":{\"@id\":\"https:\\\/\\\/www.beijer.com\\\/#website\"},\"primaryImageOfPage\":{\"@id\":\"https:\\\/\\\/www.beijer.com\\\/fr\\\/produits\\\/produits-can\\\/beijer-can-interfaces-bci\\\/bci-can-to-analog\\\/bci-tesla\\\/#primaryimage\"},\"image\":{\"@id\":\"https:\\\/\\\/www.beijer.com\\\/fr\\\/produits\\\/produits-can\\\/beijer-can-interfaces-bci\\\/bci-can-to-analog\\\/bci-tesla\\\/#primaryimage\"},\"thumbnailUrl\":\"https:\\\/\\\/www.beijer.com\\\/wp-content\\\/uploads\\\/2021\\\/08\\\/Beijer_NEW-Icons_DEF-site-zonder-cirkels-_BCI-2.png\",\"datePublished\":\"2021-05-25T09:15:26+00:00\",\"dateModified\":\"2026-03-30T10:02:28+00:00\",\"breadcrumb\":{\"@id\":\"https:\\\/\\\/www.beijer.com\\\/fr\\\/produits\\\/produits-can\\\/beijer-can-interfaces-bci\\\/bci-can-to-analog\\\/bci-tesla\\\/#breadcrumb\"},\"inLanguage\":\"fr-FR\",\"potentialAction\":[{\"@type\":\"ReadAction\",\"target\":[\"https:\\\/\\\/www.beijer.com\\\/fr\\\/produits\\\/produits-can\\\/beijer-can-interfaces-bci\\\/bci-can-to-analog\\\/bci-tesla\\\/\"]}]},{\"@type\":\"ImageObject\",\"inLanguage\":\"fr-FR\",\"@id\":\"https:\\\/\\\/www.beijer.com\\\/fr\\\/produits\\\/produits-can\\\/beijer-can-interfaces-bci\\\/bci-can-to-analog\\\/bci-tesla\\\/#primaryimage\",\"url\":\"https:\\\/\\\/www.beijer.com\\\/wp-content\\\/uploads\\\/2021\\\/08\\\/Beijer_NEW-Icons_DEF-site-zonder-cirkels-_BCI-2.png\",\"contentUrl\":\"https:\\\/\\\/www.beijer.com\\\/wp-content\\\/uploads\\\/2021\\\/08\\\/Beijer_NEW-Icons_DEF-site-zonder-cirkels-_BCI-2.png\",\"width\":417,\"height\":418},{\"@type\":\"BreadcrumbList\",\"@id\":\"https:\\\/\\\/www.beijer.com\\\/fr\\\/produits\\\/produits-can\\\/beijer-can-interfaces-bci\\\/bci-can-to-analog\\\/bci-tesla\\\/#breadcrumb\",\"itemListElement\":[{\"@type\":\"ListItem\",\"position\":1,\"name\":\"Home\",\"item\":\"https:\\\/\\\/www.beijer.com\\\/fr\\\/\"},{\"@type\":\"ListItem\",\"position\":2,\"name\":\"Produits\",\"item\":\"https:\\\/\\\/www.beijer.com\\\/fr\\\/produits\\\/\"},{\"@type\":\"ListItem\",\"position\":3,\"name\":\"Produits CAN\",\"item\":\"https:\\\/\\\/www.beijer.com\\\/fr\\\/produits\\\/produits-can\\\/\"},{\"@type\":\"ListItem\",\"position\":4,\"name\":\"Beijer Interface CAN (BCI)\",\"item\":\"https:\\\/\\\/www.beijer.com\\\/fr\\\/produits\\\/produits-can\\\/beijer-can-interfaces-bci\\\/\"},{\"@type\":\"ListItem\",\"position\":5,\"name\":\"BCI | CAN-to-Analog\",\"item\":\"https:\\\/\\\/www.beijer.com\\\/fr\\\/produits\\\/produits-can\\\/beijer-can-interfaces-bci\\\/bci-can-to-analog\\\/\"},{\"@type\":\"ListItem\",\"position\":6,\"name\":\"BCI-TESLA\"}]},{\"@type\":\"WebSite\",\"@id\":\"https:\\\/\\\/www.beijer.com\\\/#website\",\"url\":\"https:\\\/\\\/www.beijer.com\\\/\",\"name\":\"Beijer Automotive\",\"description\":\"\",\"publisher\":{\"@id\":\"https:\\\/\\\/www.beijer.com\\\/#organization\"},\"potentialAction\":[{\"@type\":\"SearchAction\",\"target\":{\"@type\":\"EntryPoint\",\"urlTemplate\":\"https:\\\/\\\/www.beijer.com\\\/?s={search_term_string}\"},\"query-input\":{\"@type\":\"PropertyValueSpecification\",\"valueRequired\":true,\"valueName\":\"search_term_string\"}}],\"inLanguage\":\"fr-FR\"},{\"@type\":\"Organization\",\"@id\":\"https:\\\/\\\/www.beijer.com\\\/#organization\",\"name\":\"Beijer Automotive\",\"url\":\"https:\\\/\\\/www.beijer.com\\\/\",\"logo\":{\"@type\":\"ImageObject\",\"inLanguage\":\"fr-FR\",\"@id\":\"https:\\\/\\\/www.beijer.com\\\/#\\\/schema\\\/logo\\\/image\\\/\",\"url\":\"https:\\\/\\\/www.beijer.com\\\/wp-content\\\/uploads\\\/2018\\\/06\\\/cropped-sdf.jpg\",\"contentUrl\":\"https:\\\/\\\/www.beijer.com\\\/wp-content\\\/uploads\\\/2018\\\/06\\\/cropped-sdf.jpg\",\"width\":\"180\",\"height\":\"59\",\"caption\":\"Beijer Automotive\"},\"image\":{\"@id\":\"https:\\\/\\\/www.beijer.com\\\/#\\\/schema\\\/logo\\\/image\\\/\"}}]}<\/script>\n<!-- \/ Yoast SEO plugin. -->","yoast_head_json":{"title":"BCI-TESLA - Beijer Automotive","robots":{"index":"index","follow":"follow","max-snippet":"max-snippet:-1","max-image-preview":"max-image-preview:large","max-video-preview":"max-video-preview:-1"},"canonical":"https:\/\/www.beijer.com\/fr\/produits\/produits-can\/beijer-can-interfaces-bci\/bci-can-to-analog\/bci-tesla\/","og_locale":"fr_FR","og_type":"article","og_title":"BCI-TESLA - Beijer Automotive","og_description":"La BCI-TESLA est une interface CAN avec deux sorties, sp\u00e9cialement con\u00e7ue pour le Tesla Model Y et Model 3 (avec DLC\/OBD) \u00e0 partir de...","og_url":"https:\/\/www.beijer.com\/fr\/produits\/produits-can\/beijer-can-interfaces-bci\/bci-can-to-analog\/bci-tesla\/","og_site_name":"Beijer Automotive","article_modified_time":"2026-03-30T10:02:28+00:00","og_image":[{"width":417,"height":418,"url":"https:\/\/www.beijer.com\/wp-content\/uploads\/2021\/08\/Beijer_NEW-Icons_DEF-site-zonder-cirkels-_BCI-2.png","type":"image\/png"}],"twitter_card":"summary_large_image","schema":{"@context":"https:\/\/schema.org","@graph":[{"@type":"WebPage","@id":"https:\/\/www.beijer.com\/fr\/produits\/produits-can\/beijer-can-interfaces-bci\/bci-can-to-analog\/bci-tesla\/","url":"https:\/\/www.beijer.com\/fr\/produits\/produits-can\/beijer-can-interfaces-bci\/bci-can-to-analog\/bci-tesla\/","name":"BCI-TESLA - Beijer Automotive","isPartOf":{"@id":"https:\/\/www.beijer.com\/#website"},"primaryImageOfPage":{"@id":"https:\/\/www.beijer.com\/fr\/produits\/produits-can\/beijer-can-interfaces-bci\/bci-can-to-analog\/bci-tesla\/#primaryimage"},"image":{"@id":"https:\/\/www.beijer.com\/fr\/produits\/produits-can\/beijer-can-interfaces-bci\/bci-can-to-analog\/bci-tesla\/#primaryimage"},"thumbnailUrl":"https:\/\/www.beijer.com\/wp-content\/uploads\/2021\/08\/Beijer_NEW-Icons_DEF-site-zonder-cirkels-_BCI-2.png","datePublished":"2021-05-25T09:15:26+00:00","dateModified":"2026-03-30T10:02:28+00:00","breadcrumb":{"@id":"https:\/\/www.beijer.com\/fr\/produits\/produits-can\/beijer-can-interfaces-bci\/bci-can-to-analog\/bci-tesla\/#breadcrumb"},"inLanguage":"fr-FR","potentialAction":[{"@type":"ReadAction","target":["https:\/\/www.beijer.com\/fr\/produits\/produits-can\/beijer-can-interfaces-bci\/bci-can-to-analog\/bci-tesla\/"]}]},{"@type":"ImageObject","inLanguage":"fr-FR","@id":"https:\/\/www.beijer.com\/fr\/produits\/produits-can\/beijer-can-interfaces-bci\/bci-can-to-analog\/bci-tesla\/#primaryimage","url":"https:\/\/www.beijer.com\/wp-content\/uploads\/2021\/08\/Beijer_NEW-Icons_DEF-site-zonder-cirkels-_BCI-2.png","contentUrl":"https:\/\/www.beijer.com\/wp-content\/uploads\/2021\/08\/Beijer_NEW-Icons_DEF-site-zonder-cirkels-_BCI-2.png","width":417,"height":418},{"@type":"BreadcrumbList","@id":"https:\/\/www.beijer.com\/fr\/produits\/produits-can\/beijer-can-interfaces-bci\/bci-can-to-analog\/bci-tesla\/#breadcrumb","itemListElement":[{"@type":"ListItem","position":1,"name":"Home","item":"https:\/\/www.beijer.com\/fr\/"},{"@type":"ListItem","position":2,"name":"Produits","item":"https:\/\/www.beijer.com\/fr\/produits\/"},{"@type":"ListItem","position":3,"name":"Produits CAN","item":"https:\/\/www.beijer.com\/fr\/produits\/produits-can\/"},{"@type":"ListItem","position":4,"name":"Beijer Interface CAN (BCI)","item":"https:\/\/www.beijer.com\/fr\/produits\/produits-can\/beijer-can-interfaces-bci\/"},{"@type":"ListItem","position":5,"name":"BCI | CAN-to-Analog","item":"https:\/\/www.beijer.com\/fr\/produits\/produits-can\/beijer-can-interfaces-bci\/bci-can-to-analog\/"},{"@type":"ListItem","position":6,"name":"BCI-TESLA"}]},{"@type":"WebSite","@id":"https:\/\/www.beijer.com\/#website","url":"https:\/\/www.beijer.com\/","name":"Beijer Automotive","description":"","publisher":{"@id":"https:\/\/www.beijer.com\/#organization"},"potentialAction":[{"@type":"SearchAction","target":{"@type":"EntryPoint","urlTemplate":"https:\/\/www.beijer.com\/?s={search_term_string}"},"query-input":{"@type":"PropertyValueSpecification","valueRequired":true,"valueName":"search_term_string"}}],"inLanguage":"fr-FR"},{"@type":"Organization","@id":"https:\/\/www.beijer.com\/#organization","name":"Beijer Automotive","url":"https:\/\/www.beijer.com\/","logo":{"@type":"ImageObject","inLanguage":"fr-FR","@id":"https:\/\/www.beijer.com\/#\/schema\/logo\/image\/","url":"https:\/\/www.beijer.com\/wp-content\/uploads\/2018\/06\/cropped-sdf.jpg","contentUrl":"https:\/\/www.beijer.com\/wp-content\/uploads\/2018\/06\/cropped-sdf.jpg","width":"180","height":"59","caption":"Beijer Automotive"},"image":{"@id":"https:\/\/www.beijer.com\/#\/schema\/logo\/image\/"}}]}},"_links":{"self":[{"href":"https:\/\/www.beijer.com\/fr\/wp-json\/wp\/v2\/pages\/5213","targetHints":{"allow":["GET"]}}],"collection":[{"href":"https:\/\/www.beijer.com\/fr\/wp-json\/wp\/v2\/pages"}],"about":[{"href":"https:\/\/www.beijer.com\/fr\/wp-json\/wp\/v2\/types\/page"}],"author":[{"embeddable":true,"href":"https:\/\/www.beijer.com\/fr\/wp-json\/wp\/v2\/users\/2"}],"replies":[{"embeddable":true,"href":"https:\/\/www.beijer.com\/fr\/wp-json\/wp\/v2\/comments?post=5213"}],"version-history":[{"count":11,"href":"https:\/\/www.beijer.com\/fr\/wp-json\/wp\/v2\/pages\/5213\/revisions"}],"predecessor-version":[{"id":52706,"href":"https:\/\/www.beijer.com\/fr\/wp-json\/wp\/v2\/pages\/5213\/revisions\/52706"}],"up":[{"embeddable":true,"href":"https:\/\/www.beijer.com\/fr\/wp-json\/wp\/v2\/pages\/4141"}],"wp:featuredmedia":[{"embeddable":true,"href":"https:\/\/www.beijer.com\/fr\/wp-json\/wp\/v2\/media\/3470"}],"wp:attachment":[{"href":"https:\/\/www.beijer.com\/fr\/wp-json\/wp\/v2\/media?parent=5213"}],"curies":[{"name":"wp","href":"https:\/\/api.w.org\/{rel}","templated":true}]}}