{"id":600,"date":"2018-07-03T08:00:37","date_gmt":"2018-07-03T08:00:37","guid":{"rendered":"https:\/\/www.beijer.com\/?page_id=600"},"modified":"2023-08-18T16:01:36","modified_gmt":"2023-08-18T14:01:36","slug":"incar-instructions","status":"publish","type":"page","link":"https:\/\/www.beijer.com\/fr\/produits\/incar-instructions\/","title":{"rendered":"INCAR instructions"},"content":{"rendered":"<p><img loading=\"lazy\" decoding=\"async\" class=\"alignleft wp-image-24001 size-full\" src=\"https:\/\/www.beijer.com\/wp-content\/uploads\/2023\/08\/Beijer-INCAR_header-banner0823_01.jpg\" alt=\"\" width=\"1919\" height=\"343\" srcset=\"https:\/\/www.beijer.com\/wp-content\/uploads\/2023\/08\/Beijer-INCAR_header-banner0823_01.jpg 1919w, https:\/\/www.beijer.com\/wp-content\/uploads\/2023\/08\/Beijer-INCAR_header-banner0823_01-300x54.jpg 300w, https:\/\/www.beijer.com\/wp-content\/uploads\/2023\/08\/Beijer-INCAR_header-banner0823_01-1024x183.jpg 1024w, https:\/\/www.beijer.com\/wp-content\/uploads\/2023\/08\/Beijer-INCAR_header-banner0823_01-768x137.jpg 768w, https:\/\/www.beijer.com\/wp-content\/uploads\/2023\/08\/Beijer-INCAR_header-banner0823_01-1536x275.jpg 1536w\" sizes=\"auto, (max-width: 1919px) 100vw, 1919px\" \/>Instructions essentielles pour l&rsquo;installateur d&rsquo;\u00e9quipements de rechange dans les voitures et les v\u00e9hicules utilitaires l\u00e9gers.<\/p>\n<ul>\n<li>Fournissent au moins un emplacement ou une option pour le signal de vitesse; Les connaissances collect\u00e9es sur l\u2019alimentation (commut\u00e9e) et sur le sol et tout autre emplacement de signal et de composant sont, si elles sont connues, est en suppl\u00e9ment montr\u00e9.<\/li>\n<li>Sont \u00e9quip\u00e9es de mat\u00e9riel photographique professionnel ext\u00e9rieur et int\u00e9rieur pour information, identification et reconnaissance.<\/li>\n<li>Montrent l\u2019emplacement et des photos d\u00e9taill\u00e9es des composants \u00e9lectroniques importants tels que la batterie, Body Computer, DLC, bo\u00eete \u00e0 fusibles, Gateway, plaque d\u2019identification, VIN etc.<\/li>\n<li>Montrent les connexions CAN pour l\u2019installation des produits CAN Beijer.<\/li>\n<li>Incluent la prise en charge des emplacements des signaux au mieux (N\u00e9erlandais et anglais uniquement).<\/li>\n<li>Pour toutes les voitures europ\u00e9ennes et v\u00e9hicules utilitaires l\u00e9gers courants \u00e0 gauche (max. 3500 kg).<\/li>\n<li>Sont accessibles pendant 7 jours et disponibles en 6 langues: NL, EN, DU, ES, IT, FR.<\/li>\n<\/ul>\n","protected":false},"excerpt":{"rendered":"<p>Instructions essentielles pour l&rsquo;installateur d&rsquo;\u00e9quipements de rechange dans les voitures et les v\u00e9hicules utilitaires l\u00e9gers. Fournissent au moins un emplacement ou une option pour&#8230;<\/p>\n","protected":false},"author":2,"featured_media":3524,"parent":580,"menu_order":3,"comment_status":"closed","ping_status":"closed","template":"","meta":{"_acf_changed":false,"footnotes":""},"class_list":["post-600","page","type-page","status-publish","has-post-thumbnail","hentry"],"acf":[],"yoast_head":"<!-- This site is optimized with the Yoast SEO plugin v26.8 - https:\/\/yoast.com\/product\/yoast-seo-wordpress\/ -->\n<title>INCAR instructions - Beijer Automotive<\/title>\n<meta name=\"robots\" content=\"index, follow, max-snippet:-1, max-image-preview:large, max-video-preview:-1\" \/>\n<link rel=\"canonical\" href=\"https:\/\/www.beijer.com\/fr\/produits\/incar-instructions\/\" \/>\n<meta property=\"og:locale\" content=\"fr_FR\" \/>\n<meta property=\"og:type\" content=\"article\" \/>\n<meta property=\"og:title\" content=\"INCAR instructions - Beijer Automotive\" \/>\n<meta property=\"og:description\" content=\"Instructions essentielles pour l&rsquo;installateur d&rsquo;\u00e9quipements de rechange dans les voitures et les v\u00e9hicules utilitaires l\u00e9gers. Fournissent au moins un emplacement ou une option pour...\" \/>\n<meta property=\"og:url\" content=\"https:\/\/www.beijer.com\/fr\/produits\/incar-instructions\/\" \/>\n<meta property=\"og:site_name\" content=\"Beijer Automotive\" \/>\n<meta property=\"article:modified_time\" content=\"2023-08-18T14:01:36+00:00\" \/>\n<meta property=\"og:image\" content=\"https:\/\/www.beijer.com\/wp-content\/uploads\/2021\/08\/Beijer_NEW-Icons_DEF-site-zonder-cirkels-_INCAR-database.png\" \/>\n\t<meta property=\"og:image:width\" content=\"417\" \/>\n\t<meta property=\"og:image:height\" content=\"417\" \/>\n\t<meta property=\"og:image:type\" content=\"image\/png\" \/>\n<meta name=\"twitter:card\" content=\"summary_large_image\" \/>\n<script type=\"application\/ld+json\" class=\"yoast-schema-graph\">{\"@context\":\"https:\/\/schema.org\",\"@graph\":[{\"@type\":\"WebPage\",\"@id\":\"https:\/\/www.beijer.com\/fr\/produits\/incar-instructions\/\",\"url\":\"https:\/\/www.beijer.com\/fr\/produits\/incar-instructions\/\",\"name\":\"INCAR instructions - Beijer Automotive\",\"isPartOf\":{\"@id\":\"https:\/\/www.beijer.com\/#website\"},\"primaryImageOfPage\":{\"@id\":\"https:\/\/www.beijer.com\/fr\/produits\/incar-instructions\/#primaryimage\"},\"image\":{\"@id\":\"https:\/\/www.beijer.com\/fr\/produits\/incar-instructions\/#primaryimage\"},\"thumbnailUrl\":\"https:\/\/www.beijer.com\/wp-content\/uploads\/2021\/08\/Beijer_NEW-Icons_DEF-site-zonder-cirkels-_INCAR-database.png\",\"datePublished\":\"2018-07-03T08:00:37+00:00\",\"dateModified\":\"2023-08-18T14:01:36+00:00\",\"breadcrumb\":{\"@id\":\"https:\/\/www.beijer.com\/fr\/produits\/incar-instructions\/#breadcrumb\"},\"inLanguage\":\"fr-FR\",\"potentialAction\":[{\"@type\":\"ReadAction\",\"target\":[\"https:\/\/www.beijer.com\/fr\/produits\/incar-instructions\/\"]}]},{\"@type\":\"ImageObject\",\"inLanguage\":\"fr-FR\",\"@id\":\"https:\/\/www.beijer.com\/fr\/produits\/incar-instructions\/#primaryimage\",\"url\":\"https:\/\/www.beijer.com\/wp-content\/uploads\/2021\/08\/Beijer_NEW-Icons_DEF-site-zonder-cirkels-_INCAR-database.png\",\"contentUrl\":\"https:\/\/www.beijer.com\/wp-content\/uploads\/2021\/08\/Beijer_NEW-Icons_DEF-site-zonder-cirkels-_INCAR-database.png\",\"width\":417,\"height\":417},{\"@type\":\"BreadcrumbList\",\"@id\":\"https:\/\/www.beijer.com\/fr\/produits\/incar-instructions\/#breadcrumb\",\"itemListElement\":[{\"@type\":\"ListItem\",\"position\":1,\"name\":\"Home\",\"item\":\"https:\/\/www.beijer.com\/fr\/\"},{\"@type\":\"ListItem\",\"position\":2,\"name\":\"Produits\",\"item\":\"https:\/\/www.beijer.com\/fr\/produits\/\"},{\"@type\":\"ListItem\",\"position\":3,\"name\":\"INCAR instructions\"}]},{\"@type\":\"WebSite\",\"@id\":\"https:\/\/www.beijer.com\/#website\",\"url\":\"https:\/\/www.beijer.com\/\",\"name\":\"Beijer Automotive\",\"description\":\"\",\"publisher\":{\"@id\":\"https:\/\/www.beijer.com\/#organization\"},\"potentialAction\":[{\"@type\":\"SearchAction\",\"target\":{\"@type\":\"EntryPoint\",\"urlTemplate\":\"https:\/\/www.beijer.com\/?s={search_term_string}\"},\"query-input\":{\"@type\":\"PropertyValueSpecification\",\"valueRequired\":true,\"valueName\":\"search_term_string\"}}],\"inLanguage\":\"fr-FR\"},{\"@type\":\"Organization\",\"@id\":\"https:\/\/www.beijer.com\/#organization\",\"name\":\"Beijer Automotive\",\"url\":\"https:\/\/www.beijer.com\/\",\"logo\":{\"@type\":\"ImageObject\",\"inLanguage\":\"fr-FR\",\"@id\":\"https:\/\/www.beijer.com\/#\/schema\/logo\/image\/\",\"url\":\"https:\/\/www.beijer.com\/wp-content\/uploads\/2018\/06\/cropped-sdf.jpg\",\"contentUrl\":\"https:\/\/www.beijer.com\/wp-content\/uploads\/2018\/06\/cropped-sdf.jpg\",\"width\":\"180\",\"height\":\"59\",\"caption\":\"Beijer Automotive\"},\"image\":{\"@id\":\"https:\/\/www.beijer.com\/#\/schema\/logo\/image\/\"}}]}<\/script>\n<!-- \/ Yoast SEO plugin. -->","yoast_head_json":{"title":"INCAR instructions - Beijer Automotive","robots":{"index":"index","follow":"follow","max-snippet":"max-snippet:-1","max-image-preview":"max-image-preview:large","max-video-preview":"max-video-preview:-1"},"canonical":"https:\/\/www.beijer.com\/fr\/produits\/incar-instructions\/","og_locale":"fr_FR","og_type":"article","og_title":"INCAR instructions - Beijer Automotive","og_description":"Instructions essentielles pour l&rsquo;installateur d&rsquo;\u00e9quipements de rechange dans les voitures et les v\u00e9hicules utilitaires l\u00e9gers. Fournissent au moins un emplacement ou une option pour...","og_url":"https:\/\/www.beijer.com\/fr\/produits\/incar-instructions\/","og_site_name":"Beijer Automotive","article_modified_time":"2023-08-18T14:01:36+00:00","og_image":[{"width":417,"height":417,"url":"https:\/\/www.beijer.com\/wp-content\/uploads\/2021\/08\/Beijer_NEW-Icons_DEF-site-zonder-cirkels-_INCAR-database.png","type":"image\/png"}],"twitter_card":"summary_large_image","schema":{"@context":"https:\/\/schema.org","@graph":[{"@type":"WebPage","@id":"https:\/\/www.beijer.com\/fr\/produits\/incar-instructions\/","url":"https:\/\/www.beijer.com\/fr\/produits\/incar-instructions\/","name":"INCAR instructions - Beijer Automotive","isPartOf":{"@id":"https:\/\/www.beijer.com\/#website"},"primaryImageOfPage":{"@id":"https:\/\/www.beijer.com\/fr\/produits\/incar-instructions\/#primaryimage"},"image":{"@id":"https:\/\/www.beijer.com\/fr\/produits\/incar-instructions\/#primaryimage"},"thumbnailUrl":"https:\/\/www.beijer.com\/wp-content\/uploads\/2021\/08\/Beijer_NEW-Icons_DEF-site-zonder-cirkels-_INCAR-database.png","datePublished":"2018-07-03T08:00:37+00:00","dateModified":"2023-08-18T14:01:36+00:00","breadcrumb":{"@id":"https:\/\/www.beijer.com\/fr\/produits\/incar-instructions\/#breadcrumb"},"inLanguage":"fr-FR","potentialAction":[{"@type":"ReadAction","target":["https:\/\/www.beijer.com\/fr\/produits\/incar-instructions\/"]}]},{"@type":"ImageObject","inLanguage":"fr-FR","@id":"https:\/\/www.beijer.com\/fr\/produits\/incar-instructions\/#primaryimage","url":"https:\/\/www.beijer.com\/wp-content\/uploads\/2021\/08\/Beijer_NEW-Icons_DEF-site-zonder-cirkels-_INCAR-database.png","contentUrl":"https:\/\/www.beijer.com\/wp-content\/uploads\/2021\/08\/Beijer_NEW-Icons_DEF-site-zonder-cirkels-_INCAR-database.png","width":417,"height":417},{"@type":"BreadcrumbList","@id":"https:\/\/www.beijer.com\/fr\/produits\/incar-instructions\/#breadcrumb","itemListElement":[{"@type":"ListItem","position":1,"name":"Home","item":"https:\/\/www.beijer.com\/fr\/"},{"@type":"ListItem","position":2,"name":"Produits","item":"https:\/\/www.beijer.com\/fr\/produits\/"},{"@type":"ListItem","position":3,"name":"INCAR instructions"}]},{"@type":"WebSite","@id":"https:\/\/www.beijer.com\/#website","url":"https:\/\/www.beijer.com\/","name":"Beijer Automotive","description":"","publisher":{"@id":"https:\/\/www.beijer.com\/#organization"},"potentialAction":[{"@type":"SearchAction","target":{"@type":"EntryPoint","urlTemplate":"https:\/\/www.beijer.com\/?s={search_term_string}"},"query-input":{"@type":"PropertyValueSpecification","valueRequired":true,"valueName":"search_term_string"}}],"inLanguage":"fr-FR"},{"@type":"Organization","@id":"https:\/\/www.beijer.com\/#organization","name":"Beijer Automotive","url":"https:\/\/www.beijer.com\/","logo":{"@type":"ImageObject","inLanguage":"fr-FR","@id":"https:\/\/www.beijer.com\/#\/schema\/logo\/image\/","url":"https:\/\/www.beijer.com\/wp-content\/uploads\/2018\/06\/cropped-sdf.jpg","contentUrl":"https:\/\/www.beijer.com\/wp-content\/uploads\/2018\/06\/cropped-sdf.jpg","width":"180","height":"59","caption":"Beijer Automotive"},"image":{"@id":"https:\/\/www.beijer.com\/#\/schema\/logo\/image\/"}}]}},"_links":{"self":[{"href":"https:\/\/www.beijer.com\/fr\/wp-json\/wp\/v2\/pages\/600","targetHints":{"allow":["GET"]}}],"collection":[{"href":"https:\/\/www.beijer.com\/fr\/wp-json\/wp\/v2\/pages"}],"about":[{"href":"https:\/\/www.beijer.com\/fr\/wp-json\/wp\/v2\/types\/page"}],"author":[{"embeddable":true,"href":"https:\/\/www.beijer.com\/fr\/wp-json\/wp\/v2\/users\/2"}],"replies":[{"embeddable":true,"href":"https:\/\/www.beijer.com\/fr\/wp-json\/wp\/v2\/comments?post=600"}],"version-history":[{"count":9,"href":"https:\/\/www.beijer.com\/fr\/wp-json\/wp\/v2\/pages\/600\/revisions"}],"predecessor-version":[{"id":24010,"href":"https:\/\/www.beijer.com\/fr\/wp-json\/wp\/v2\/pages\/600\/revisions\/24010"}],"up":[{"embeddable":true,"href":"https:\/\/www.beijer.com\/fr\/wp-json\/wp\/v2\/pages\/580"}],"wp:featuredmedia":[{"embeddable":true,"href":"https:\/\/www.beijer.com\/fr\/wp-json\/wp\/v2\/media\/3524"}],"wp:attachment":[{"href":"https:\/\/www.beijer.com\/fr\/wp-json\/wp\/v2\/media?parent=600"}],"curies":[{"name":"wp","href":"https:\/\/api.w.org\/{rel}","templated":true}]}}