{"id":632,"date":"2018-07-03T09:11:25","date_gmt":"2018-07-03T09:11:25","guid":{"rendered":"https:\/\/www.beijer.com\/?page_id=632"},"modified":"2025-01-24T16:41:02","modified_gmt":"2025-01-24T15:41:02","slug":"produits-can","status":"publish","type":"page","link":"https:\/\/www.beijer.com\/fr\/produits\/produits-can\/","title":{"rendered":"Produits CAN"},"content":{"rendered":"<p>La force de Beijer Automotive r\u00e9side dans sa capacit\u00e9 \u00e0 d\u00e9chiffrer, analyser et communiquer les donn\u00e9es du v\u00e9hicule, en faisant usage le plus efficacement possible de la technologie du bus CAN (Controller Area Network). Beijer rend ces informations disponibles pour une grande vari\u00e9t\u00e9 d\u2019applications, telles que la t\u00e9l\u00e9matique des v\u00e9hicules et les solutions de mobilit\u00e9.<\/p>\n<p>Gr\u00e2ce \u00e0 nos solutions CAN flexibles, nous pouvons fournir les&nbsp;donn\u00e9es du v\u00e9hicule conform\u00e9ment \u00e0 vos propres exigences sp\u00e9cifiques, sous une forme qui r\u00e9pond au mieux \u00e0 vos exigences. Les donn\u00e9es peuvent \u00eatre fournies par le biais d\u2019une interface BCI CAN interface ou en incorporant une puce CAN de Beijer dans votre propre mat\u00e9riel. V\u00e9rifiez chaque variante individuellement:<\/p>\n\n\n<p><\/p>\n","protected":false},"excerpt":{"rendered":"<p>La force de Beijer Automotive r\u00e9side dans sa capacit\u00e9 \u00e0 d\u00e9chiffrer, analyser et communiquer les donn\u00e9es du v\u00e9hicule, en faisant usage le plus efficacement&#8230;<\/p>\n","protected":false},"author":2,"featured_media":3561,"parent":580,"menu_order":1,"comment_status":"closed","ping_status":"closed","template":"","meta":{"_acf_changed":false,"footnotes":""},"class_list":["post-632","page","type-page","status-publish","has-post-thumbnail","hentry"],"acf":[],"yoast_head":"<!-- This site is optimized with the Yoast SEO plugin v27.5 - https:\/\/yoast.com\/product\/yoast-seo-wordpress\/ -->\n<title>Produits CAN - Beijer Automotive<\/title>\n<meta name=\"robots\" content=\"index, follow, max-snippet:-1, max-image-preview:large, max-video-preview:-1\" \/>\n<link rel=\"canonical\" href=\"https:\/\/www.beijer.com\/fr\/produits\/produits-can\/\" \/>\n<meta property=\"og:locale\" content=\"fr_FR\" \/>\n<meta property=\"og:type\" content=\"article\" \/>\n<meta property=\"og:title\" content=\"Produits CAN - Beijer Automotive\" \/>\n<meta property=\"og:description\" content=\"La force de Beijer Automotive r\u00e9side dans sa capacit\u00e9 \u00e0 d\u00e9chiffrer, analyser et communiquer les donn\u00e9es du v\u00e9hicule, en faisant usage le plus efficacement...\" \/>\n<meta property=\"og:url\" content=\"https:\/\/www.beijer.com\/fr\/produits\/produits-can\/\" \/>\n<meta property=\"og:site_name\" content=\"Beijer Automotive\" \/>\n<meta property=\"article:modified_time\" content=\"2025-01-24T15:41:02+00:00\" \/>\n<meta property=\"og:image\" content=\"https:\/\/www.beijer.com\/wp-content\/uploads\/2021\/08\/Beijer_NEW-Icons_DEF-site-zonder-cirkels-_CAN-producten.png\" \/>\n\t<meta property=\"og:image:width\" content=\"417\" \/>\n\t<meta property=\"og:image:height\" content=\"418\" \/>\n\t<meta property=\"og:image:type\" content=\"image\/png\" \/>\n<meta name=\"twitter:card\" content=\"summary_large_image\" \/>\n<script type=\"application\/ld+json\" class=\"yoast-schema-graph\">{\"@context\":\"https:\\\/\\\/schema.org\",\"@graph\":[{\"@type\":\"WebPage\",\"@id\":\"https:\\\/\\\/www.beijer.com\\\/fr\\\/produits\\\/produits-can\\\/\",\"url\":\"https:\\\/\\\/www.beijer.com\\\/fr\\\/produits\\\/produits-can\\\/\",\"name\":\"Produits CAN - Beijer Automotive\",\"isPartOf\":{\"@id\":\"https:\\\/\\\/www.beijer.com\\\/#website\"},\"primaryImageOfPage\":{\"@id\":\"https:\\\/\\\/www.beijer.com\\\/fr\\\/produits\\\/produits-can\\\/#primaryimage\"},\"image\":{\"@id\":\"https:\\\/\\\/www.beijer.com\\\/fr\\\/produits\\\/produits-can\\\/#primaryimage\"},\"thumbnailUrl\":\"https:\\\/\\\/www.beijer.com\\\/wp-content\\\/uploads\\\/2021\\\/08\\\/Beijer_NEW-Icons_DEF-site-zonder-cirkels-_CAN-producten.png\",\"datePublished\":\"2018-07-03T09:11:25+00:00\",\"dateModified\":\"2025-01-24T15:41:02+00:00\",\"breadcrumb\":{\"@id\":\"https:\\\/\\\/www.beijer.com\\\/fr\\\/produits\\\/produits-can\\\/#breadcrumb\"},\"inLanguage\":\"fr-FR\",\"potentialAction\":[{\"@type\":\"ReadAction\",\"target\":[\"https:\\\/\\\/www.beijer.com\\\/fr\\\/produits\\\/produits-can\\\/\"]}]},{\"@type\":\"ImageObject\",\"inLanguage\":\"fr-FR\",\"@id\":\"https:\\\/\\\/www.beijer.com\\\/fr\\\/produits\\\/produits-can\\\/#primaryimage\",\"url\":\"https:\\\/\\\/www.beijer.com\\\/wp-content\\\/uploads\\\/2021\\\/08\\\/Beijer_NEW-Icons_DEF-site-zonder-cirkels-_CAN-producten.png\",\"contentUrl\":\"https:\\\/\\\/www.beijer.com\\\/wp-content\\\/uploads\\\/2021\\\/08\\\/Beijer_NEW-Icons_DEF-site-zonder-cirkels-_CAN-producten.png\",\"width\":417,\"height\":418},{\"@type\":\"BreadcrumbList\",\"@id\":\"https:\\\/\\\/www.beijer.com\\\/fr\\\/produits\\\/produits-can\\\/#breadcrumb\",\"itemListElement\":[{\"@type\":\"ListItem\",\"position\":1,\"name\":\"Home\",\"item\":\"https:\\\/\\\/www.beijer.com\\\/fr\\\/\"},{\"@type\":\"ListItem\",\"position\":2,\"name\":\"Produits\",\"item\":\"https:\\\/\\\/www.beijer.com\\\/fr\\\/produits\\\/\"},{\"@type\":\"ListItem\",\"position\":3,\"name\":\"Produits CAN\"}]},{\"@type\":\"WebSite\",\"@id\":\"https:\\\/\\\/www.beijer.com\\\/#website\",\"url\":\"https:\\\/\\\/www.beijer.com\\\/\",\"name\":\"Beijer Automotive\",\"description\":\"\",\"publisher\":{\"@id\":\"https:\\\/\\\/www.beijer.com\\\/#organization\"},\"potentialAction\":[{\"@type\":\"SearchAction\",\"target\":{\"@type\":\"EntryPoint\",\"urlTemplate\":\"https:\\\/\\\/www.beijer.com\\\/?s={search_term_string}\"},\"query-input\":{\"@type\":\"PropertyValueSpecification\",\"valueRequired\":true,\"valueName\":\"search_term_string\"}}],\"inLanguage\":\"fr-FR\"},{\"@type\":\"Organization\",\"@id\":\"https:\\\/\\\/www.beijer.com\\\/#organization\",\"name\":\"Beijer Automotive\",\"url\":\"https:\\\/\\\/www.beijer.com\\\/\",\"logo\":{\"@type\":\"ImageObject\",\"inLanguage\":\"fr-FR\",\"@id\":\"https:\\\/\\\/www.beijer.com\\\/#\\\/schema\\\/logo\\\/image\\\/\",\"url\":\"https:\\\/\\\/www.beijer.com\\\/wp-content\\\/uploads\\\/2018\\\/06\\\/cropped-sdf.jpg\",\"contentUrl\":\"https:\\\/\\\/www.beijer.com\\\/wp-content\\\/uploads\\\/2018\\\/06\\\/cropped-sdf.jpg\",\"width\":\"180\",\"height\":\"59\",\"caption\":\"Beijer Automotive\"},\"image\":{\"@id\":\"https:\\\/\\\/www.beijer.com\\\/#\\\/schema\\\/logo\\\/image\\\/\"}}]}<\/script>\n<!-- \/ Yoast SEO plugin. -->","yoast_head_json":{"title":"Produits CAN - Beijer Automotive","robots":{"index":"index","follow":"follow","max-snippet":"max-snippet:-1","max-image-preview":"max-image-preview:large","max-video-preview":"max-video-preview:-1"},"canonical":"https:\/\/www.beijer.com\/fr\/produits\/produits-can\/","og_locale":"fr_FR","og_type":"article","og_title":"Produits CAN - Beijer Automotive","og_description":"La force de Beijer Automotive r\u00e9side dans sa capacit\u00e9 \u00e0 d\u00e9chiffrer, analyser et communiquer les donn\u00e9es du v\u00e9hicule, en faisant usage le plus efficacement...","og_url":"https:\/\/www.beijer.com\/fr\/produits\/produits-can\/","og_site_name":"Beijer Automotive","article_modified_time":"2025-01-24T15:41:02+00:00","og_image":[{"width":417,"height":418,"url":"https:\/\/www.beijer.com\/wp-content\/uploads\/2021\/08\/Beijer_NEW-Icons_DEF-site-zonder-cirkels-_CAN-producten.png","type":"image\/png"}],"twitter_card":"summary_large_image","schema":{"@context":"https:\/\/schema.org","@graph":[{"@type":"WebPage","@id":"https:\/\/www.beijer.com\/fr\/produits\/produits-can\/","url":"https:\/\/www.beijer.com\/fr\/produits\/produits-can\/","name":"Produits CAN - Beijer Automotive","isPartOf":{"@id":"https:\/\/www.beijer.com\/#website"},"primaryImageOfPage":{"@id":"https:\/\/www.beijer.com\/fr\/produits\/produits-can\/#primaryimage"},"image":{"@id":"https:\/\/www.beijer.com\/fr\/produits\/produits-can\/#primaryimage"},"thumbnailUrl":"https:\/\/www.beijer.com\/wp-content\/uploads\/2021\/08\/Beijer_NEW-Icons_DEF-site-zonder-cirkels-_CAN-producten.png","datePublished":"2018-07-03T09:11:25+00:00","dateModified":"2025-01-24T15:41:02+00:00","breadcrumb":{"@id":"https:\/\/www.beijer.com\/fr\/produits\/produits-can\/#breadcrumb"},"inLanguage":"fr-FR","potentialAction":[{"@type":"ReadAction","target":["https:\/\/www.beijer.com\/fr\/produits\/produits-can\/"]}]},{"@type":"ImageObject","inLanguage":"fr-FR","@id":"https:\/\/www.beijer.com\/fr\/produits\/produits-can\/#primaryimage","url":"https:\/\/www.beijer.com\/wp-content\/uploads\/2021\/08\/Beijer_NEW-Icons_DEF-site-zonder-cirkels-_CAN-producten.png","contentUrl":"https:\/\/www.beijer.com\/wp-content\/uploads\/2021\/08\/Beijer_NEW-Icons_DEF-site-zonder-cirkels-_CAN-producten.png","width":417,"height":418},{"@type":"BreadcrumbList","@id":"https:\/\/www.beijer.com\/fr\/produits\/produits-can\/#breadcrumb","itemListElement":[{"@type":"ListItem","position":1,"name":"Home","item":"https:\/\/www.beijer.com\/fr\/"},{"@type":"ListItem","position":2,"name":"Produits","item":"https:\/\/www.beijer.com\/fr\/produits\/"},{"@type":"ListItem","position":3,"name":"Produits CAN"}]},{"@type":"WebSite","@id":"https:\/\/www.beijer.com\/#website","url":"https:\/\/www.beijer.com\/","name":"Beijer Automotive","description":"","publisher":{"@id":"https:\/\/www.beijer.com\/#organization"},"potentialAction":[{"@type":"SearchAction","target":{"@type":"EntryPoint","urlTemplate":"https:\/\/www.beijer.com\/?s={search_term_string}"},"query-input":{"@type":"PropertyValueSpecification","valueRequired":true,"valueName":"search_term_string"}}],"inLanguage":"fr-FR"},{"@type":"Organization","@id":"https:\/\/www.beijer.com\/#organization","name":"Beijer Automotive","url":"https:\/\/www.beijer.com\/","logo":{"@type":"ImageObject","inLanguage":"fr-FR","@id":"https:\/\/www.beijer.com\/#\/schema\/logo\/image\/","url":"https:\/\/www.beijer.com\/wp-content\/uploads\/2018\/06\/cropped-sdf.jpg","contentUrl":"https:\/\/www.beijer.com\/wp-content\/uploads\/2018\/06\/cropped-sdf.jpg","width":"180","height":"59","caption":"Beijer Automotive"},"image":{"@id":"https:\/\/www.beijer.com\/#\/schema\/logo\/image\/"}}]}},"_links":{"self":[{"href":"https:\/\/www.beijer.com\/fr\/wp-json\/wp\/v2\/pages\/632","targetHints":{"allow":["GET"]}}],"collection":[{"href":"https:\/\/www.beijer.com\/fr\/wp-json\/wp\/v2\/pages"}],"about":[{"href":"https:\/\/www.beijer.com\/fr\/wp-json\/wp\/v2\/types\/page"}],"author":[{"embeddable":true,"href":"https:\/\/www.beijer.com\/fr\/wp-json\/wp\/v2\/users\/2"}],"replies":[{"embeddable":true,"href":"https:\/\/www.beijer.com\/fr\/wp-json\/wp\/v2\/comments?post=632"}],"version-history":[{"count":8,"href":"https:\/\/www.beijer.com\/fr\/wp-json\/wp\/v2\/pages\/632\/revisions"}],"predecessor-version":[{"id":35946,"href":"https:\/\/www.beijer.com\/fr\/wp-json\/wp\/v2\/pages\/632\/revisions\/35946"}],"up":[{"embeddable":true,"href":"https:\/\/www.beijer.com\/fr\/wp-json\/wp\/v2\/pages\/580"}],"wp:featuredmedia":[{"embeddable":true,"href":"https:\/\/www.beijer.com\/fr\/wp-json\/wp\/v2\/media\/3561"}],"wp:attachment":[{"href":"https:\/\/www.beijer.com\/fr\/wp-json\/wp\/v2\/media?parent=632"}],"curies":[{"name":"wp","href":"https:\/\/api.w.org\/{rel}","templated":true}]}}