{"id":667,"date":"2018-07-03T11:42:35","date_gmt":"2018-07-03T11:42:35","guid":{"rendered":"https:\/\/www.beijer.com\/?page_id=667"},"modified":"2021-12-13T08:48:10","modified_gmt":"2021-12-13T08:48:10","slug":"a-propos-de-nous","status":"publish","type":"page","link":"https:\/\/www.beijer.com\/fr\/a-propos-de-nous\/","title":{"rendered":"\u00c0 propos de nous"},"content":{"rendered":"<p>Beijer Automotive fournit des solutions de bus CAN (Controller Area Network) de haute qualit\u00e9 et une aide \u00e0 l&rsquo;installation sp\u00e9cifique \u00e0 chaque v\u00e9hicule pour le march\u00e9 des pi\u00e8ces de rechange pour automobiles, camions et motos. L&rsquo;innovation et le retour obtenu sont de prime importance dans ce domaine. Les soci\u00e9t\u00e9s, les instituts scientifiques et les gouvernements peuvent compter sur notre expertise et nos solutions.<\/p>\n<p><img loading=\"lazy\" decoding=\"async\" class=\"alignleft size-full wp-image-1907\" src=\"https:\/\/www.beijer.com\/wp-content\/uploads\/2018\/08\/collegas_703x179.jpg\" alt=\"Beijer at work\" width=\"703\" height=\"179\" srcset=\"https:\/\/www.beijer.com\/wp-content\/uploads\/2018\/08\/collegas_703x179.jpg 703w, https:\/\/www.beijer.com\/wp-content\/uploads\/2018\/08\/collegas_703x179-300x76.jpg 300w\" sizes=\"auto, (max-width: 703px) 100vw, 703px\" \/><\/p>\n<h3>Objectif de la soci\u00e9t\u00e9<\/h3>\n<p>Depuis sa fondation en 1991, Beijer Automotive est devenu un acteur de premier plan sur le march\u00e9 national et international des pi\u00e8ces d\u00e9tach\u00e9es, dont la croissance est rapide. Cette position sur le march\u00e9 est renforc\u00e9e gr\u00e2ce aux connaissances pratiques qu\u2019a la soci\u00e9t\u00e9 de la complexit\u00e9 des voitures modernes et \u00e0 ses connaissances th\u00e9oriques des solutions \u00e9lectroniques de pointe, aux produits innovants fournis par Beijer Automotive fournit, \u00e0 la disponibilit\u00e9 de ses sp\u00e9cialistes techniques et \u00e0 ses propres installations de R&amp;D. De cette mani\u00e8re, Beijer Automotive est un partenaire fiable pour ses relations d\u2019affaires, depuis la phase de d\u00e9veloppement jusqu\u2019\u00e0 la mise en \u0153uvre de solutions taill\u00e9es sur mesure.<\/p>\n<h3>M\u00e9thode de travail<\/h3>\n<p>Beijer Automotive peut offrir une mine de connaissances et d\u2019exp\u00e9riences pratiques gr\u00e2ce aux nombreuses mesures effectu\u00e9es sur des voitures, des camions et des motos, que ce soit avec des signaux conventionnels ou avec des r\u00e9seaux multiplex (CAN). Les clients de Beijer Automotive b\u00e9n\u00e9ficient de ces connaissances sp\u00e9cialis\u00e9es gr\u00e2ce \u00e0 la disponibilit\u00e9 de produits de qualit\u00e9 et d\u2019un prix abordable, ainsi que de courts d\u00e9lais de mise en \u0153uvre, par exemple. Le professionnalisme, la qualit\u00e9 et la flexibilit\u00e9 se sont av\u00e9r\u00e9s des propri\u00e9t\u00e9s id\u00e9ales pour trouver et garder des clients satisfaits.<\/p>\n<h3>Produits et services<\/h3>\n<p>Les produits et services fournis par Beijer Automotive comprennent :<\/p>\n<ul>\n<li>l\u2019aide pour l\u2019installation sp\u00e9cifique \u00e0 chaque v\u00e9hicule<\/li>\n<li>le d\u00e9veloppement d\u2019interfaces pour les probl\u00e8mes de signaux analogiques et num\u00e9riques<\/li>\n<li>des solutions CAN flexibles pour le secteur automobile<\/li>\n<li>des solutions enti\u00e8rement sur mesure, de la carte de circuit au jeux de c\u00e2ble<\/li>\n<\/ul>\n<h3>R\u00e9f\u00e9rences<\/h3>\n<p>Les solutions propos\u00e9es par Beijer Automotive sont utilis\u00e9es par des clients locaux ou internationaux. Par exemple, des installateurs et des ateliers, des compagnies d\u2019assurances, des soci\u00e9t\u00e9s de leasing, des autorit\u00e9s nationales, des services d\u2019ambulance, d\u2019incendie et de police et des soci\u00e9t\u00e9s de transport qui sont \u00e9galement actives dans la gestion de flottes, des taxim\u00e8tres, des \u00e9quipements embarqu\u00e9s, des loisirs embarqu\u00e9s, des alarmes et des syst\u00e8mes de suivi et de tra\u00e7age. En bref, toute la gamme de l\u2019\u00e9quipement pour automobiles du march\u00e9 des pi\u00e8ces d\u00e9tach\u00e9es.<br \/>\nLa qualit\u00e9 et la fiabilit\u00e9 de nos interfaces, comme CAN bus interface B2S et d\u2019interface signal API, sont grandement appr\u00e9ci\u00e9es par les installateurs. La certitude qu\u2019une interface est fiable r\u00e9duit le temps de recherche en cas de probl\u00e8mes.<\/p>\n<p>Consultez notre <a title=\"R\u00e9f\u00e9rences\" href=\"\/?page_id=588\">page de r\u00e9f\u00e9rence<\/a> pour quelques exemples.<\/p>\n","protected":false},"excerpt":{"rendered":"<p>Beijer Automotive fournit des solutions de bus CAN (Controller Area Network) de haute qualit\u00e9 et une aide \u00e0 l&rsquo;installation sp\u00e9cifique \u00e0 chaque v\u00e9hicule pour&#8230;<\/p>\n","protected":false},"author":2,"featured_media":0,"parent":0,"menu_order":0,"comment_status":"closed","ping_status":"closed","template":"","meta":{"_acf_changed":false,"footnotes":""},"class_list":["post-667","page","type-page","status-publish","hentry"],"acf":[],"yoast_head":"<!-- This site is optimized with the Yoast SEO plugin v26.8 - https:\/\/yoast.com\/product\/yoast-seo-wordpress\/ -->\n<title>\u00c0 propos de nous - Beijer Automotive<\/title>\n<meta name=\"robots\" content=\"index, follow, max-snippet:-1, max-image-preview:large, max-video-preview:-1\" \/>\n<link rel=\"canonical\" href=\"https:\/\/www.beijer.com\/fr\/a-propos-de-nous\/\" \/>\n<meta property=\"og:locale\" content=\"fr_FR\" \/>\n<meta property=\"og:type\" content=\"article\" \/>\n<meta property=\"og:title\" content=\"\u00c0 propos de nous - Beijer Automotive\" \/>\n<meta property=\"og:description\" content=\"Beijer Automotive fournit des solutions de bus CAN (Controller Area Network) de haute qualit\u00e9 et une aide \u00e0 l&rsquo;installation sp\u00e9cifique \u00e0 chaque v\u00e9hicule pour...\" \/>\n<meta property=\"og:url\" content=\"https:\/\/www.beijer.com\/fr\/a-propos-de-nous\/\" \/>\n<meta property=\"og:site_name\" content=\"Beijer Automotive\" \/>\n<meta property=\"article:modified_time\" content=\"2021-12-13T08:48:10+00:00\" \/>\n<meta property=\"og:image\" content=\"https:\/\/www.beijer.com\/wp-content\/uploads\/2018\/08\/collegas_703x179.jpg\" \/>\n<meta name=\"twitter:card\" content=\"summary_large_image\" \/>\n<script type=\"application\/ld+json\" class=\"yoast-schema-graph\">{\"@context\":\"https:\/\/schema.org\",\"@graph\":[{\"@type\":\"WebPage\",\"@id\":\"https:\/\/www.beijer.com\/fr\/a-propos-de-nous\/\",\"url\":\"https:\/\/www.beijer.com\/fr\/a-propos-de-nous\/\",\"name\":\"\u00c0 propos de nous - Beijer Automotive\",\"isPartOf\":{\"@id\":\"https:\/\/www.beijer.com\/#website\"},\"primaryImageOfPage\":{\"@id\":\"https:\/\/www.beijer.com\/fr\/a-propos-de-nous\/#primaryimage\"},\"image\":{\"@id\":\"https:\/\/www.beijer.com\/fr\/a-propos-de-nous\/#primaryimage\"},\"thumbnailUrl\":\"https:\/\/www.beijer.com\/wp-content\/uploads\/2018\/08\/collegas_703x179.jpg\",\"datePublished\":\"2018-07-03T11:42:35+00:00\",\"dateModified\":\"2021-12-13T08:48:10+00:00\",\"breadcrumb\":{\"@id\":\"https:\/\/www.beijer.com\/fr\/a-propos-de-nous\/#breadcrumb\"},\"inLanguage\":\"fr-FR\",\"potentialAction\":[{\"@type\":\"ReadAction\",\"target\":[\"https:\/\/www.beijer.com\/fr\/a-propos-de-nous\/\"]}]},{\"@type\":\"ImageObject\",\"inLanguage\":\"fr-FR\",\"@id\":\"https:\/\/www.beijer.com\/fr\/a-propos-de-nous\/#primaryimage\",\"url\":\"https:\/\/www.beijer.com\/wp-content\/uploads\/2018\/08\/collegas_703x179.jpg\",\"contentUrl\":\"https:\/\/www.beijer.com\/wp-content\/uploads\/2018\/08\/collegas_703x179.jpg\"},{\"@type\":\"BreadcrumbList\",\"@id\":\"https:\/\/www.beijer.com\/fr\/a-propos-de-nous\/#breadcrumb\",\"itemListElement\":[{\"@type\":\"ListItem\",\"position\":1,\"name\":\"Home\",\"item\":\"https:\/\/www.beijer.com\/fr\/\"},{\"@type\":\"ListItem\",\"position\":2,\"name\":\"\u00c0 propos de nous\"}]},{\"@type\":\"WebSite\",\"@id\":\"https:\/\/www.beijer.com\/#website\",\"url\":\"https:\/\/www.beijer.com\/\",\"name\":\"Beijer Automotive\",\"description\":\"\",\"publisher\":{\"@id\":\"https:\/\/www.beijer.com\/#organization\"},\"potentialAction\":[{\"@type\":\"SearchAction\",\"target\":{\"@type\":\"EntryPoint\",\"urlTemplate\":\"https:\/\/www.beijer.com\/?s={search_term_string}\"},\"query-input\":{\"@type\":\"PropertyValueSpecification\",\"valueRequired\":true,\"valueName\":\"search_term_string\"}}],\"inLanguage\":\"fr-FR\"},{\"@type\":\"Organization\",\"@id\":\"https:\/\/www.beijer.com\/#organization\",\"name\":\"Beijer Automotive\",\"url\":\"https:\/\/www.beijer.com\/\",\"logo\":{\"@type\":\"ImageObject\",\"inLanguage\":\"fr-FR\",\"@id\":\"https:\/\/www.beijer.com\/#\/schema\/logo\/image\/\",\"url\":\"https:\/\/www.beijer.com\/wp-content\/uploads\/2018\/06\/cropped-sdf.jpg\",\"contentUrl\":\"https:\/\/www.beijer.com\/wp-content\/uploads\/2018\/06\/cropped-sdf.jpg\",\"width\":\"180\",\"height\":\"59\",\"caption\":\"Beijer Automotive\"},\"image\":{\"@id\":\"https:\/\/www.beijer.com\/#\/schema\/logo\/image\/\"}}]}<\/script>\n<!-- \/ Yoast SEO plugin. -->","yoast_head_json":{"title":"\u00c0 propos de nous - Beijer Automotive","robots":{"index":"index","follow":"follow","max-snippet":"max-snippet:-1","max-image-preview":"max-image-preview:large","max-video-preview":"max-video-preview:-1"},"canonical":"https:\/\/www.beijer.com\/fr\/a-propos-de-nous\/","og_locale":"fr_FR","og_type":"article","og_title":"\u00c0 propos de nous - Beijer Automotive","og_description":"Beijer Automotive fournit des solutions de bus CAN (Controller Area Network) de haute qualit\u00e9 et une aide \u00e0 l&rsquo;installation sp\u00e9cifique \u00e0 chaque v\u00e9hicule pour...","og_url":"https:\/\/www.beijer.com\/fr\/a-propos-de-nous\/","og_site_name":"Beijer Automotive","article_modified_time":"2021-12-13T08:48:10+00:00","og_image":[{"url":"https:\/\/www.beijer.com\/wp-content\/uploads\/2018\/08\/collegas_703x179.jpg","type":"","width":"","height":""}],"twitter_card":"summary_large_image","schema":{"@context":"https:\/\/schema.org","@graph":[{"@type":"WebPage","@id":"https:\/\/www.beijer.com\/fr\/a-propos-de-nous\/","url":"https:\/\/www.beijer.com\/fr\/a-propos-de-nous\/","name":"\u00c0 propos de nous - Beijer Automotive","isPartOf":{"@id":"https:\/\/www.beijer.com\/#website"},"primaryImageOfPage":{"@id":"https:\/\/www.beijer.com\/fr\/a-propos-de-nous\/#primaryimage"},"image":{"@id":"https:\/\/www.beijer.com\/fr\/a-propos-de-nous\/#primaryimage"},"thumbnailUrl":"https:\/\/www.beijer.com\/wp-content\/uploads\/2018\/08\/collegas_703x179.jpg","datePublished":"2018-07-03T11:42:35+00:00","dateModified":"2021-12-13T08:48:10+00:00","breadcrumb":{"@id":"https:\/\/www.beijer.com\/fr\/a-propos-de-nous\/#breadcrumb"},"inLanguage":"fr-FR","potentialAction":[{"@type":"ReadAction","target":["https:\/\/www.beijer.com\/fr\/a-propos-de-nous\/"]}]},{"@type":"ImageObject","inLanguage":"fr-FR","@id":"https:\/\/www.beijer.com\/fr\/a-propos-de-nous\/#primaryimage","url":"https:\/\/www.beijer.com\/wp-content\/uploads\/2018\/08\/collegas_703x179.jpg","contentUrl":"https:\/\/www.beijer.com\/wp-content\/uploads\/2018\/08\/collegas_703x179.jpg"},{"@type":"BreadcrumbList","@id":"https:\/\/www.beijer.com\/fr\/a-propos-de-nous\/#breadcrumb","itemListElement":[{"@type":"ListItem","position":1,"name":"Home","item":"https:\/\/www.beijer.com\/fr\/"},{"@type":"ListItem","position":2,"name":"\u00c0 propos de nous"}]},{"@type":"WebSite","@id":"https:\/\/www.beijer.com\/#website","url":"https:\/\/www.beijer.com\/","name":"Beijer Automotive","description":"","publisher":{"@id":"https:\/\/www.beijer.com\/#organization"},"potentialAction":[{"@type":"SearchAction","target":{"@type":"EntryPoint","urlTemplate":"https:\/\/www.beijer.com\/?s={search_term_string}"},"query-input":{"@type":"PropertyValueSpecification","valueRequired":true,"valueName":"search_term_string"}}],"inLanguage":"fr-FR"},{"@type":"Organization","@id":"https:\/\/www.beijer.com\/#organization","name":"Beijer Automotive","url":"https:\/\/www.beijer.com\/","logo":{"@type":"ImageObject","inLanguage":"fr-FR","@id":"https:\/\/www.beijer.com\/#\/schema\/logo\/image\/","url":"https:\/\/www.beijer.com\/wp-content\/uploads\/2018\/06\/cropped-sdf.jpg","contentUrl":"https:\/\/www.beijer.com\/wp-content\/uploads\/2018\/06\/cropped-sdf.jpg","width":"180","height":"59","caption":"Beijer Automotive"},"image":{"@id":"https:\/\/www.beijer.com\/#\/schema\/logo\/image\/"}}]}},"_links":{"self":[{"href":"https:\/\/www.beijer.com\/fr\/wp-json\/wp\/v2\/pages\/667","targetHints":{"allow":["GET"]}}],"collection":[{"href":"https:\/\/www.beijer.com\/fr\/wp-json\/wp\/v2\/pages"}],"about":[{"href":"https:\/\/www.beijer.com\/fr\/wp-json\/wp\/v2\/types\/page"}],"author":[{"embeddable":true,"href":"https:\/\/www.beijer.com\/fr\/wp-json\/wp\/v2\/users\/2"}],"replies":[{"embeddable":true,"href":"https:\/\/www.beijer.com\/fr\/wp-json\/wp\/v2\/comments?post=667"}],"version-history":[{"count":5,"href":"https:\/\/www.beijer.com\/fr\/wp-json\/wp\/v2\/pages\/667\/revisions"}],"predecessor-version":[{"id":6314,"href":"https:\/\/www.beijer.com\/fr\/wp-json\/wp\/v2\/pages\/667\/revisions\/6314"}],"wp:attachment":[{"href":"https:\/\/www.beijer.com\/fr\/wp-json\/wp\/v2\/media?parent=667"}],"curies":[{"name":"wp","href":"https:\/\/api.w.org\/{rel}","templated":true}]}}