{"id":6776,"date":"2018-04-17T12:51:57","date_gmt":"2018-04-17T12:51:57","guid":{"rendered":"https:\/\/www.beijer.com\/disclaimer\/"},"modified":"2022-01-26T12:18:53","modified_gmt":"2022-01-26T11:18:53","slug":"mentions-legales","status":"publish","type":"page","link":"https:\/\/www.beijer.com\/fr\/mentions-legales\/","title":{"rendered":"Mentions l\u00e9gales"},"content":{"rendered":"<p>Beijer Automotive B.V., ci-apr\u00e8s d\u00e9nomm\u00e9e \u00ab Beijer \u00bb, est enregistr\u00e9 aupr\u00e8s de la Chambre de commerce de \u2019s-Hertogenbosch sous le num\u00e9ro 73576433.<\/p>\n<p>Contenu<br \/>\nLes informations fournies par Beijer sur ce site web proviennent de sources pouvant \u00eatre consid\u00e9r\u00e9es comme fiables. Beijer ne peut \u00eatre tenu pour responsable de la pr\u00e9cision ou de l\u2019exhaustivit\u00e9 de ces informations. Les informations affich\u00e9es sur ce site web sont fournies uniquement \u00e0 titre indicatif et peuvent \u00eatre modifi\u00e9es \u00e0 tout moment, sans avertissement pr\u00e9alable. Les pages de ce site ont \u00e9t\u00e9 traduites automatiquement et peuvent ne pas \u00eatre exactes \u00e0 100%. Le texte original se trouve dans la version anglaise de ce site.<\/p>\n<p>Responsabilit\u00e9<br \/>\nLes informations fournies ne cr\u00e9ent aucun droit. Beijer ne peut garantir que le site web soit exempt d\u2019erreurs et qu\u2019il sera disponible en permanence. Beijer et les autres fournisseurs n\u2019endosseront aucune responsabilit\u00e9 quant au contenu de ce site web ou aux informations qui y figurent. Beijer n\u2019endossera aucune responsabilit\u00e9 de quelque sorte quant au contenu de sites qui n\u2019ont pas \u00e9t\u00e9 d\u00e9velopp\u00e9s par Beijer et auxquels il est fait r\u00e9f\u00e9rence ou qui se r\u00e9f\u00e8rent eux-m\u00eames \u00e0 des sites web propri\u00e9t\u00e9 de Beijer.<\/p>\n<p>Responsabilit\u00e9 du client<br \/>\nLe client ayant demand\u00e9 les informations sera tenu pour responsable de leur s\u00e9lection et des fins auxquelles elles seront destin\u00e9es. Les informations seront r\u00e9serv\u00e9es \u00e0 l\u2019usage exclusif du client qui les a demand\u00e9es. Le client ne pourra en aucun cas transmettre, reproduire, traiter ou distribuer les informations. Le client sera tenu de respecter toutes les instructions fournies par Beijer relatives \u00e0 l\u2019usage des informations. En ce qui concerne le contenu de ce site web, aucune information ne peut \u00eatre reproduite ; tous les droits d\u2019auteur sont r\u00e9serv\u00e9s, y compris ceux dont il est fait mention dans l\u2019article 15 de la loi n\u00e9erlandaise sur le droit d\u2019auteur. Cette exon\u00e9ration de responsabilit\u00e9 sera r\u00e9gie par la l\u00e9gislation des Pays-Bas.<\/p>\n<p>Si vous avez d\u2019autres questions ou requ\u00eates, n\u2019h\u00e9sitez pas \u00e0 nous appeler ou \u00e0 nous \u00e9crire pour de plus amples informations. Nous serons heureux de vous aider !<br \/>\nTel: +31 73-5480351<br \/>\nE-mail: info@beijer.com<\/p>\n","protected":false},"excerpt":{"rendered":"<p>Beijer Automotive B.V., ci-apr\u00e8s d\u00e9nomm\u00e9e \u00ab Beijer \u00bb, est enregistr\u00e9 aupr\u00e8s de la Chambre de commerce de \u2019s-Hertogenbosch sous le num\u00e9ro 73576433. Contenu Les&#8230;<\/p>\n","protected":false},"author":1,"featured_media":0,"parent":0,"menu_order":0,"comment_status":"closed","ping_status":"closed","template":"","meta":{"_acf_changed":false,"footnotes":""},"class_list":["post-6776","page","type-page","status-publish","hentry"],"acf":[],"yoast_head":"<!-- This site is optimized with the Yoast SEO plugin v26.8 - https:\/\/yoast.com\/product\/yoast-seo-wordpress\/ -->\n<title>Mentions l\u00e9gales - Beijer Automotive<\/title>\n<meta name=\"robots\" content=\"index, follow, max-snippet:-1, max-image-preview:large, max-video-preview:-1\" \/>\n<link rel=\"canonical\" href=\"https:\/\/www.beijer.com\/fr\/mentions-legales\/\" \/>\n<meta property=\"og:locale\" content=\"fr_FR\" \/>\n<meta property=\"og:type\" content=\"article\" \/>\n<meta property=\"og:title\" content=\"Mentions l\u00e9gales - Beijer Automotive\" \/>\n<meta property=\"og:description\" content=\"Beijer Automotive B.V., ci-apr\u00e8s d\u00e9nomm\u00e9e \u00ab Beijer \u00bb, est enregistr\u00e9 aupr\u00e8s de la Chambre de commerce de \u2019s-Hertogenbosch sous le num\u00e9ro 73576433. Contenu Les...\" \/>\n<meta property=\"og:url\" content=\"https:\/\/www.beijer.com\/fr\/mentions-legales\/\" \/>\n<meta property=\"og:site_name\" content=\"Beijer Automotive\" \/>\n<meta property=\"article:modified_time\" content=\"2022-01-26T11:18:53+00:00\" \/>\n<meta name=\"twitter:card\" content=\"summary_large_image\" \/>\n<script type=\"application\/ld+json\" class=\"yoast-schema-graph\">{\"@context\":\"https:\/\/schema.org\",\"@graph\":[{\"@type\":\"WebPage\",\"@id\":\"https:\/\/www.beijer.com\/fr\/mentions-legales\/\",\"url\":\"https:\/\/www.beijer.com\/fr\/mentions-legales\/\",\"name\":\"Mentions l\u00e9gales - Beijer Automotive\",\"isPartOf\":{\"@id\":\"https:\/\/www.beijer.com\/#website\"},\"datePublished\":\"2018-04-17T12:51:57+00:00\",\"dateModified\":\"2022-01-26T11:18:53+00:00\",\"breadcrumb\":{\"@id\":\"https:\/\/www.beijer.com\/fr\/mentions-legales\/#breadcrumb\"},\"inLanguage\":\"fr-FR\",\"potentialAction\":[{\"@type\":\"ReadAction\",\"target\":[\"https:\/\/www.beijer.com\/fr\/mentions-legales\/\"]}]},{\"@type\":\"BreadcrumbList\",\"@id\":\"https:\/\/www.beijer.com\/fr\/mentions-legales\/#breadcrumb\",\"itemListElement\":[{\"@type\":\"ListItem\",\"position\":1,\"name\":\"Home\",\"item\":\"https:\/\/www.beijer.com\/fr\/\"},{\"@type\":\"ListItem\",\"position\":2,\"name\":\"Mentions l\u00e9gales\"}]},{\"@type\":\"WebSite\",\"@id\":\"https:\/\/www.beijer.com\/#website\",\"url\":\"https:\/\/www.beijer.com\/\",\"name\":\"Beijer Automotive\",\"description\":\"\",\"publisher\":{\"@id\":\"https:\/\/www.beijer.com\/#organization\"},\"potentialAction\":[{\"@type\":\"SearchAction\",\"target\":{\"@type\":\"EntryPoint\",\"urlTemplate\":\"https:\/\/www.beijer.com\/?s={search_term_string}\"},\"query-input\":{\"@type\":\"PropertyValueSpecification\",\"valueRequired\":true,\"valueName\":\"search_term_string\"}}],\"inLanguage\":\"fr-FR\"},{\"@type\":\"Organization\",\"@id\":\"https:\/\/www.beijer.com\/#organization\",\"name\":\"Beijer Automotive\",\"url\":\"https:\/\/www.beijer.com\/\",\"logo\":{\"@type\":\"ImageObject\",\"inLanguage\":\"fr-FR\",\"@id\":\"https:\/\/www.beijer.com\/#\/schema\/logo\/image\/\",\"url\":\"https:\/\/www.beijer.com\/wp-content\/uploads\/2018\/06\/cropped-sdf.jpg\",\"contentUrl\":\"https:\/\/www.beijer.com\/wp-content\/uploads\/2018\/06\/cropped-sdf.jpg\",\"width\":\"180\",\"height\":\"59\",\"caption\":\"Beijer Automotive\"},\"image\":{\"@id\":\"https:\/\/www.beijer.com\/#\/schema\/logo\/image\/\"}}]}<\/script>\n<!-- \/ Yoast SEO plugin. -->","yoast_head_json":{"title":"Mentions l\u00e9gales - Beijer Automotive","robots":{"index":"index","follow":"follow","max-snippet":"max-snippet:-1","max-image-preview":"max-image-preview:large","max-video-preview":"max-video-preview:-1"},"canonical":"https:\/\/www.beijer.com\/fr\/mentions-legales\/","og_locale":"fr_FR","og_type":"article","og_title":"Mentions l\u00e9gales - Beijer Automotive","og_description":"Beijer Automotive B.V., ci-apr\u00e8s d\u00e9nomm\u00e9e \u00ab Beijer \u00bb, est enregistr\u00e9 aupr\u00e8s de la Chambre de commerce de \u2019s-Hertogenbosch sous le num\u00e9ro 73576433. Contenu Les...","og_url":"https:\/\/www.beijer.com\/fr\/mentions-legales\/","og_site_name":"Beijer Automotive","article_modified_time":"2022-01-26T11:18:53+00:00","twitter_card":"summary_large_image","schema":{"@context":"https:\/\/schema.org","@graph":[{"@type":"WebPage","@id":"https:\/\/www.beijer.com\/fr\/mentions-legales\/","url":"https:\/\/www.beijer.com\/fr\/mentions-legales\/","name":"Mentions l\u00e9gales - Beijer Automotive","isPartOf":{"@id":"https:\/\/www.beijer.com\/#website"},"datePublished":"2018-04-17T12:51:57+00:00","dateModified":"2022-01-26T11:18:53+00:00","breadcrumb":{"@id":"https:\/\/www.beijer.com\/fr\/mentions-legales\/#breadcrumb"},"inLanguage":"fr-FR","potentialAction":[{"@type":"ReadAction","target":["https:\/\/www.beijer.com\/fr\/mentions-legales\/"]}]},{"@type":"BreadcrumbList","@id":"https:\/\/www.beijer.com\/fr\/mentions-legales\/#breadcrumb","itemListElement":[{"@type":"ListItem","position":1,"name":"Home","item":"https:\/\/www.beijer.com\/fr\/"},{"@type":"ListItem","position":2,"name":"Mentions l\u00e9gales"}]},{"@type":"WebSite","@id":"https:\/\/www.beijer.com\/#website","url":"https:\/\/www.beijer.com\/","name":"Beijer Automotive","description":"","publisher":{"@id":"https:\/\/www.beijer.com\/#organization"},"potentialAction":[{"@type":"SearchAction","target":{"@type":"EntryPoint","urlTemplate":"https:\/\/www.beijer.com\/?s={search_term_string}"},"query-input":{"@type":"PropertyValueSpecification","valueRequired":true,"valueName":"search_term_string"}}],"inLanguage":"fr-FR"},{"@type":"Organization","@id":"https:\/\/www.beijer.com\/#organization","name":"Beijer Automotive","url":"https:\/\/www.beijer.com\/","logo":{"@type":"ImageObject","inLanguage":"fr-FR","@id":"https:\/\/www.beijer.com\/#\/schema\/logo\/image\/","url":"https:\/\/www.beijer.com\/wp-content\/uploads\/2018\/06\/cropped-sdf.jpg","contentUrl":"https:\/\/www.beijer.com\/wp-content\/uploads\/2018\/06\/cropped-sdf.jpg","width":"180","height":"59","caption":"Beijer Automotive"},"image":{"@id":"https:\/\/www.beijer.com\/#\/schema\/logo\/image\/"}}]}},"_links":{"self":[{"href":"https:\/\/www.beijer.com\/fr\/wp-json\/wp\/v2\/pages\/6776","targetHints":{"allow":["GET"]}}],"collection":[{"href":"https:\/\/www.beijer.com\/fr\/wp-json\/wp\/v2\/pages"}],"about":[{"href":"https:\/\/www.beijer.com\/fr\/wp-json\/wp\/v2\/types\/page"}],"author":[{"embeddable":true,"href":"https:\/\/www.beijer.com\/fr\/wp-json\/wp\/v2\/users\/1"}],"replies":[{"embeddable":true,"href":"https:\/\/www.beijer.com\/fr\/wp-json\/wp\/v2\/comments?post=6776"}],"version-history":[{"count":2,"href":"https:\/\/www.beijer.com\/fr\/wp-json\/wp\/v2\/pages\/6776\/revisions"}],"predecessor-version":[{"id":6782,"href":"https:\/\/www.beijer.com\/fr\/wp-json\/wp\/v2\/pages\/6776\/revisions\/6782"}],"wp:attachment":[{"href":"https:\/\/www.beijer.com\/fr\/wp-json\/wp\/v2\/media?parent=6776"}],"curies":[{"name":"wp","href":"https:\/\/api.w.org\/{rel}","templated":true}]}}