{"id":698,"date":"2018-07-05T07:51:27","date_gmt":"2018-07-05T07:51:27","guid":{"rendered":"https:\/\/www.beijer.com\/produits\/produits-analogiques\/api\/"},"modified":"2025-12-30T14:32:39","modified_gmt":"2025-12-30T13:32:39","slug":"api","status":"publish","type":"page","link":"https:\/\/www.beijer.com\/fr\/produits\/produits-analogiques\/api\/","title":{"rendered":"API"},"content":{"rendered":"<p>L\u2019interface d\u2019impulsion automatique (API) a \u00e9t\u00e9 con\u00e7ue pour \u00e9liminer les probl\u00e8mes qui peuvent survenir lors de la connexion au signal de vitesse du v\u00e9hicule, afin d\u2019alimenter un dispositif tel qu\u2019un syst\u00e8me de navigation, un r\u00e9gulateur de vitesse, une alarme, une bo\u00eete noire, un taxim\u00e8tre ou un \u00e9quipement d\u2019analyse d\u2019accidents.<\/p>\n<p>Ceci peut parfois causer des probl\u00e8mes dans le syst\u00e8me de gestion du moteur ; le syst\u00e8me de navigation ne peut d\u00e9tecter efficacement l\u2019impulsion ; de petits pics d\u2019interf\u00e9rence dans le signal peuvent faire croire que le v\u00e9hicule se d\u00e9place alors qu\u2019en fait il est \u00e0 l\u2019arr\u00eat, ou le signal peut simplement \u00eatre trop faible pour actionner le syst\u00e8me auquel il est connect\u00e9.<img loading=\"lazy\" decoding=\"async\" class=\" wp-image-3897 alignright\" src=\"https:\/\/www.beijer.com\/wp-content\/uploads\/2021\/08\/Productfoto_API_512x512.png\" alt=\"API puls interface\" width=\"224\" height=\"224\" srcset=\"https:\/\/www.beijer.com\/wp-content\/uploads\/2021\/08\/Productfoto_API_512x512.png 512w, https:\/\/www.beijer.com\/wp-content\/uploads\/2021\/08\/Productfoto_API_512x512-150x150.png 150w, https:\/\/www.beijer.com\/wp-content\/uploads\/2021\/08\/Productfoto_API_512x512-300x300.png 300w\" sizes=\"auto, (max-width: 224px) 100vw, 224px\" \/><\/p>\n<p>Une API peut r\u00e9soudre un grand nombre de probl\u00e8mes. Elle est dot\u00e9e d\u2019un amplificateur capable de renforcer un signal vitesse du v\u00e9hicule (ou un signal de r\u00e9gime) en une impulsion \u00e0 onde carr\u00e9e de 10V, ainsi que d\u2019un filtre qui r\u00e9sout les probl\u00e8mes de pics de tension et d\u2019interf\u00e9rences. Convient aux tensions comprises entre 12 et 24V.<br \/>\nL\u2019API r\u00e9sout 98% de tous les types de probl\u00e8mes pouvant affecter un signal de vitesse du v\u00e9hicule.<\/p>\n<p>API4 | \u20ac 95,- hors TVA<br \/>\nAPI4-S (sensitive) | \u20ac 108,- hors TVA<br \/>\nAPI4-D (double frequency) | \u20ac 125,- hors TVA<\/p>\n<p><strong><a href=\"https:\/\/www.beijer.com\/wp-content\/uploads\/2023\/02\/API4-brochure-ENG-2005.pdf\" target=\"_blank\" rel=\"noopener\">BROCHURE (QUE L&rsquo;ANGLAIS)<\/a><\/strong> <strong><a href=\"https:\/\/www.beijer.com\/wp-content\/uploads\/2018\/08\/API4-API4S-API4D-NL-ENG-bijsluiters-2007.pdf\" target=\"_blank\" rel=\"noopener\">MANUAL (QUE L&rsquo;ANGLAIS)<\/a><\/strong> <strong><a href=\"https:\/\/www.beijer.com\/wp-content\/uploads\/2023\/02\/APIarticle996x1600FR.png\" target=\"_blank\" rel=\"noopener\">ARTICLE<\/a><\/strong><\/p>\n<p><strong><a href=\"https:\/\/incar.beijer.com\/shop\/interfaces\/signal.html\" target=\"_blank\" rel=\"noopener\">COMMANDEZ MAINTENANT<\/a><\/strong><\/p>\n","protected":false},"excerpt":{"rendered":"<p>L\u2019interface d\u2019impulsion automatique (API) a \u00e9t\u00e9 con\u00e7ue pour \u00e9liminer les probl\u00e8mes qui peuvent survenir lors de la connexion au signal de vitesse du v\u00e9hicule,&#8230;<\/p>\n","protected":false},"author":2,"featured_media":3897,"parent":620,"menu_order":1,"comment_status":"closed","ping_status":"closed","template":"","meta":{"_acf_changed":false,"footnotes":""},"class_list":["post-698","page","type-page","status-publish","has-post-thumbnail","hentry"],"acf":[],"yoast_head":"<!-- This site is optimized with the Yoast SEO plugin v27.5 - https:\/\/yoast.com\/product\/yoast-seo-wordpress\/ -->\n<title>API - Beijer Automotive<\/title>\n<meta name=\"robots\" content=\"index, follow, max-snippet:-1, max-image-preview:large, max-video-preview:-1\" \/>\n<link rel=\"canonical\" href=\"https:\/\/www.beijer.com\/fr\/produits\/produits-analogiques\/api\/\" \/>\n<meta property=\"og:locale\" content=\"fr_FR\" \/>\n<meta property=\"og:type\" content=\"article\" \/>\n<meta property=\"og:title\" content=\"API - Beijer Automotive\" \/>\n<meta property=\"og:description\" content=\"L\u2019interface d\u2019impulsion automatique (API) a \u00e9t\u00e9 con\u00e7ue pour \u00e9liminer les probl\u00e8mes qui peuvent survenir lors de la connexion au signal de vitesse du v\u00e9hicule,...\" \/>\n<meta property=\"og:url\" content=\"https:\/\/www.beijer.com\/fr\/produits\/produits-analogiques\/api\/\" \/>\n<meta property=\"og:site_name\" content=\"Beijer Automotive\" \/>\n<meta property=\"article:modified_time\" content=\"2025-12-30T13:32:39+00:00\" \/>\n<meta property=\"og:image\" content=\"https:\/\/www.beijer.com\/wp-content\/uploads\/2021\/08\/Productfoto_API_512x512.png\" \/>\n\t<meta property=\"og:image:width\" content=\"512\" \/>\n\t<meta property=\"og:image:height\" content=\"512\" \/>\n\t<meta property=\"og:image:type\" content=\"image\/png\" \/>\n<meta name=\"twitter:card\" content=\"summary_large_image\" \/>\n<script type=\"application\/ld+json\" class=\"yoast-schema-graph\">{\"@context\":\"https:\\\/\\\/schema.org\",\"@graph\":[{\"@type\":\"WebPage\",\"@id\":\"https:\\\/\\\/www.beijer.com\\\/fr\\\/produits\\\/produits-analogiques\\\/api\\\/\",\"url\":\"https:\\\/\\\/www.beijer.com\\\/fr\\\/produits\\\/produits-analogiques\\\/api\\\/\",\"name\":\"API - Beijer Automotive\",\"isPartOf\":{\"@id\":\"https:\\\/\\\/www.beijer.com\\\/#website\"},\"primaryImageOfPage\":{\"@id\":\"https:\\\/\\\/www.beijer.com\\\/fr\\\/produits\\\/produits-analogiques\\\/api\\\/#primaryimage\"},\"image\":{\"@id\":\"https:\\\/\\\/www.beijer.com\\\/fr\\\/produits\\\/produits-analogiques\\\/api\\\/#primaryimage\"},\"thumbnailUrl\":\"https:\\\/\\\/www.beijer.com\\\/wp-content\\\/uploads\\\/2021\\\/08\\\/Productfoto_API_512x512.png\",\"datePublished\":\"2018-07-05T07:51:27+00:00\",\"dateModified\":\"2025-12-30T13:32:39+00:00\",\"breadcrumb\":{\"@id\":\"https:\\\/\\\/www.beijer.com\\\/fr\\\/produits\\\/produits-analogiques\\\/api\\\/#breadcrumb\"},\"inLanguage\":\"fr-FR\",\"potentialAction\":[{\"@type\":\"ReadAction\",\"target\":[\"https:\\\/\\\/www.beijer.com\\\/fr\\\/produits\\\/produits-analogiques\\\/api\\\/\"]}]},{\"@type\":\"ImageObject\",\"inLanguage\":\"fr-FR\",\"@id\":\"https:\\\/\\\/www.beijer.com\\\/fr\\\/produits\\\/produits-analogiques\\\/api\\\/#primaryimage\",\"url\":\"https:\\\/\\\/www.beijer.com\\\/wp-content\\\/uploads\\\/2021\\\/08\\\/Productfoto_API_512x512.png\",\"contentUrl\":\"https:\\\/\\\/www.beijer.com\\\/wp-content\\\/uploads\\\/2021\\\/08\\\/Productfoto_API_512x512.png\",\"width\":512,\"height\":512,\"caption\":\"API puls interface\"},{\"@type\":\"BreadcrumbList\",\"@id\":\"https:\\\/\\\/www.beijer.com\\\/fr\\\/produits\\\/produits-analogiques\\\/api\\\/#breadcrumb\",\"itemListElement\":[{\"@type\":\"ListItem\",\"position\":1,\"name\":\"Home\",\"item\":\"https:\\\/\\\/www.beijer.com\\\/fr\\\/\"},{\"@type\":\"ListItem\",\"position\":2,\"name\":\"Produits\",\"item\":\"https:\\\/\\\/www.beijer.com\\\/fr\\\/produits\\\/\"},{\"@type\":\"ListItem\",\"position\":3,\"name\":\"Produits analogiques\",\"item\":\"https:\\\/\\\/www.beijer.com\\\/fr\\\/produits\\\/produits-analogiques\\\/\"},{\"@type\":\"ListItem\",\"position\":4,\"name\":\"API\"}]},{\"@type\":\"WebSite\",\"@id\":\"https:\\\/\\\/www.beijer.com\\\/#website\",\"url\":\"https:\\\/\\\/www.beijer.com\\\/\",\"name\":\"Beijer Automotive\",\"description\":\"\",\"publisher\":{\"@id\":\"https:\\\/\\\/www.beijer.com\\\/#organization\"},\"potentialAction\":[{\"@type\":\"SearchAction\",\"target\":{\"@type\":\"EntryPoint\",\"urlTemplate\":\"https:\\\/\\\/www.beijer.com\\\/?s={search_term_string}\"},\"query-input\":{\"@type\":\"PropertyValueSpecification\",\"valueRequired\":true,\"valueName\":\"search_term_string\"}}],\"inLanguage\":\"fr-FR\"},{\"@type\":\"Organization\",\"@id\":\"https:\\\/\\\/www.beijer.com\\\/#organization\",\"name\":\"Beijer Automotive\",\"url\":\"https:\\\/\\\/www.beijer.com\\\/\",\"logo\":{\"@type\":\"ImageObject\",\"inLanguage\":\"fr-FR\",\"@id\":\"https:\\\/\\\/www.beijer.com\\\/#\\\/schema\\\/logo\\\/image\\\/\",\"url\":\"https:\\\/\\\/www.beijer.com\\\/wp-content\\\/uploads\\\/2018\\\/06\\\/cropped-sdf.jpg\",\"contentUrl\":\"https:\\\/\\\/www.beijer.com\\\/wp-content\\\/uploads\\\/2018\\\/06\\\/cropped-sdf.jpg\",\"width\":\"180\",\"height\":\"59\",\"caption\":\"Beijer Automotive\"},\"image\":{\"@id\":\"https:\\\/\\\/www.beijer.com\\\/#\\\/schema\\\/logo\\\/image\\\/\"}}]}<\/script>\n<!-- \/ Yoast SEO plugin. -->","yoast_head_json":{"title":"API - Beijer Automotive","robots":{"index":"index","follow":"follow","max-snippet":"max-snippet:-1","max-image-preview":"max-image-preview:large","max-video-preview":"max-video-preview:-1"},"canonical":"https:\/\/www.beijer.com\/fr\/produits\/produits-analogiques\/api\/","og_locale":"fr_FR","og_type":"article","og_title":"API - Beijer Automotive","og_description":"L\u2019interface d\u2019impulsion automatique (API) a \u00e9t\u00e9 con\u00e7ue pour \u00e9liminer les probl\u00e8mes qui peuvent survenir lors de la connexion au signal de vitesse du v\u00e9hicule,...","og_url":"https:\/\/www.beijer.com\/fr\/produits\/produits-analogiques\/api\/","og_site_name":"Beijer Automotive","article_modified_time":"2025-12-30T13:32:39+00:00","og_image":[{"width":512,"height":512,"url":"https:\/\/www.beijer.com\/wp-content\/uploads\/2021\/08\/Productfoto_API_512x512.png","type":"image\/png"}],"twitter_card":"summary_large_image","schema":{"@context":"https:\/\/schema.org","@graph":[{"@type":"WebPage","@id":"https:\/\/www.beijer.com\/fr\/produits\/produits-analogiques\/api\/","url":"https:\/\/www.beijer.com\/fr\/produits\/produits-analogiques\/api\/","name":"API - Beijer Automotive","isPartOf":{"@id":"https:\/\/www.beijer.com\/#website"},"primaryImageOfPage":{"@id":"https:\/\/www.beijer.com\/fr\/produits\/produits-analogiques\/api\/#primaryimage"},"image":{"@id":"https:\/\/www.beijer.com\/fr\/produits\/produits-analogiques\/api\/#primaryimage"},"thumbnailUrl":"https:\/\/www.beijer.com\/wp-content\/uploads\/2021\/08\/Productfoto_API_512x512.png","datePublished":"2018-07-05T07:51:27+00:00","dateModified":"2025-12-30T13:32:39+00:00","breadcrumb":{"@id":"https:\/\/www.beijer.com\/fr\/produits\/produits-analogiques\/api\/#breadcrumb"},"inLanguage":"fr-FR","potentialAction":[{"@type":"ReadAction","target":["https:\/\/www.beijer.com\/fr\/produits\/produits-analogiques\/api\/"]}]},{"@type":"ImageObject","inLanguage":"fr-FR","@id":"https:\/\/www.beijer.com\/fr\/produits\/produits-analogiques\/api\/#primaryimage","url":"https:\/\/www.beijer.com\/wp-content\/uploads\/2021\/08\/Productfoto_API_512x512.png","contentUrl":"https:\/\/www.beijer.com\/wp-content\/uploads\/2021\/08\/Productfoto_API_512x512.png","width":512,"height":512,"caption":"API puls interface"},{"@type":"BreadcrumbList","@id":"https:\/\/www.beijer.com\/fr\/produits\/produits-analogiques\/api\/#breadcrumb","itemListElement":[{"@type":"ListItem","position":1,"name":"Home","item":"https:\/\/www.beijer.com\/fr\/"},{"@type":"ListItem","position":2,"name":"Produits","item":"https:\/\/www.beijer.com\/fr\/produits\/"},{"@type":"ListItem","position":3,"name":"Produits analogiques","item":"https:\/\/www.beijer.com\/fr\/produits\/produits-analogiques\/"},{"@type":"ListItem","position":4,"name":"API"}]},{"@type":"WebSite","@id":"https:\/\/www.beijer.com\/#website","url":"https:\/\/www.beijer.com\/","name":"Beijer Automotive","description":"","publisher":{"@id":"https:\/\/www.beijer.com\/#organization"},"potentialAction":[{"@type":"SearchAction","target":{"@type":"EntryPoint","urlTemplate":"https:\/\/www.beijer.com\/?s={search_term_string}"},"query-input":{"@type":"PropertyValueSpecification","valueRequired":true,"valueName":"search_term_string"}}],"inLanguage":"fr-FR"},{"@type":"Organization","@id":"https:\/\/www.beijer.com\/#organization","name":"Beijer Automotive","url":"https:\/\/www.beijer.com\/","logo":{"@type":"ImageObject","inLanguage":"fr-FR","@id":"https:\/\/www.beijer.com\/#\/schema\/logo\/image\/","url":"https:\/\/www.beijer.com\/wp-content\/uploads\/2018\/06\/cropped-sdf.jpg","contentUrl":"https:\/\/www.beijer.com\/wp-content\/uploads\/2018\/06\/cropped-sdf.jpg","width":"180","height":"59","caption":"Beijer Automotive"},"image":{"@id":"https:\/\/www.beijer.com\/#\/schema\/logo\/image\/"}}]}},"_links":{"self":[{"href":"https:\/\/www.beijer.com\/fr\/wp-json\/wp\/v2\/pages\/698","targetHints":{"allow":["GET"]}}],"collection":[{"href":"https:\/\/www.beijer.com\/fr\/wp-json\/wp\/v2\/pages"}],"about":[{"href":"https:\/\/www.beijer.com\/fr\/wp-json\/wp\/v2\/types\/page"}],"author":[{"embeddable":true,"href":"https:\/\/www.beijer.com\/fr\/wp-json\/wp\/v2\/users\/2"}],"replies":[{"embeddable":true,"href":"https:\/\/www.beijer.com\/fr\/wp-json\/wp\/v2\/comments?post=698"}],"version-history":[{"count":16,"href":"https:\/\/www.beijer.com\/fr\/wp-json\/wp\/v2\/pages\/698\/revisions"}],"predecessor-version":[{"id":51050,"href":"https:\/\/www.beijer.com\/fr\/wp-json\/wp\/v2\/pages\/698\/revisions\/51050"}],"up":[{"embeddable":true,"href":"https:\/\/www.beijer.com\/fr\/wp-json\/wp\/v2\/pages\/620"}],"wp:featuredmedia":[{"embeddable":true,"href":"https:\/\/www.beijer.com\/fr\/wp-json\/wp\/v2\/media\/3897"}],"wp:attachment":[{"href":"https:\/\/www.beijer.com\/fr\/wp-json\/wp\/v2\/media?parent=698"}],"curies":[{"name":"wp","href":"https:\/\/api.w.org\/{rel}","templated":true}]}}