{"id":4203,"date":"2019-05-27T08:25:04","date_gmt":"2019-05-27T08:25:04","guid":{"rendered":"https:\/\/www.beijer.com\/prodotti\/prodotti-can\/beijer-can-interfaces-bci\/bci-can-to-wireless\/"},"modified":"2023-05-11T15:09:19","modified_gmt":"2023-05-11T13:09:19","slug":"bci-can-to-bluetooth","status":"publish","type":"page","link":"https:\/\/www.beijer.com\/it\/prodotti\/prodotti-can\/beijer-can-interfaces-bci\/bci-can-to-bluetooth\/","title":{"rendered":"BCI | CAN-to-BLUETOOTH"},"content":{"rendered":"\n<p>Vuoi inviare dati CAN in modalit\u00e0 wireless alla tua applicazione? La variante BCI-BLUETOOTH \u00e8 adatta per inviare dati CAN, ad esempio, a un dispositivo Android tramite Bluetooth 5.0 Certified. Sono possibili applicazioni telematiche o di tassametro, ma anche car sharing e applicazioni speciali come la trasmissione wireless dei dati dei serbatoi.<\/p>\n\n\n\n<p>I dati a bordo del veicolo disponibili variano da segnali standard come un segnale di velocit\u00e0 e un segnale di retromarcia, a segnali pi\u00f9 complessi come capacit\u00e0 del serbatoio, consumo di carburante, chilometraggio e angolo di sterzata. Anche i dati specifici dei veicoli elettrici come lo stato di carica, la ricarica, l&#8217;autonomia elettrica sono completamente presenti nel nostro database CAN e possono essere offerti tramite connessioni Bluetooth protette crittografate. Questa variante BCI non ha limiti per quanto riguarda la gamma di segnali e ottiene il massimo dalla tua applicazione. \u00c8 universale e supporta tutte le marche e i modelli di auto.<\/p>\n\n\n<div class=\"wp-block-image\">\n<figure class=\"aligncenter size-full\"><img loading=\"lazy\" decoding=\"async\" width=\"703\" height=\"200\" src=\"https:\/\/www.beijer.com\/wp-content\/uploads\/2023\/05\/BCIBT_transp_703x200-1.png\" alt=\"\" class=\"wp-image-22960\" srcset=\"https:\/\/www.beijer.com\/wp-content\/uploads\/2023\/05\/BCIBT_transp_703x200-1.png 703w, https:\/\/www.beijer.com\/wp-content\/uploads\/2023\/05\/BCIBT_transp_703x200-1-300x85.png 300w\" sizes=\"auto, (max-width: 703px) 100vw, 703px\" \/><\/figure>\n<\/div>\n\n\n<p>BCI-BLUETOOTH \u00e8 la variante con cui la tua applicazione pu\u00f2 comunicare? Per ulteriori informazioni, si prega di contattare:<\/p>\n\n\n\n<p><strong><a href=\"https:\/\/www.beijer.com\/it\/contatto\/\" target=\"_blank\" rel=\"noreferrer noopener\">CONTATTO<\/a><\/strong><\/p>\n\n\n\n<div class=\"wp-block-buttons is-layout-flex wp-block-buttons-is-layout-flex\"><\/div>\n","protected":false},"excerpt":{"rendered":"<p>Vuoi inviare dati CAN in modalit\u00e0 wireless alla tua applicazione? La variante BCI-BLUETOOTH \u00e8 adatta per inviare dati CAN, ad esempio, a un dispositivo&#8230;<\/p>\n","protected":false},"author":2,"featured_media":22889,"parent":4126,"menu_order":4,"comment_status":"closed","ping_status":"closed","template":"","meta":{"_acf_changed":false,"footnotes":""},"class_list":["post-4203","page","type-page","status-publish","has-post-thumbnail","hentry"],"acf":[],"yoast_head":"<!-- This site is optimized with the Yoast SEO plugin v26.8 - https:\/\/yoast.com\/product\/yoast-seo-wordpress\/ -->\n<title>BCI | CAN-to-BLUETOOTH - Beijer Automotive<\/title>\n<meta name=\"robots\" content=\"index, follow, max-snippet:-1, max-image-preview:large, max-video-preview:-1\" \/>\n<link rel=\"canonical\" href=\"https:\/\/www.beijer.com\/it\/prodotti\/prodotti-can\/beijer-can-interfaces-bci\/bci-can-to-bluetooth\/\" \/>\n<meta property=\"og:locale\" content=\"it_IT\" \/>\n<meta property=\"og:type\" content=\"article\" \/>\n<meta property=\"og:title\" content=\"BCI | CAN-to-BLUETOOTH - Beijer Automotive\" \/>\n<meta property=\"og:description\" content=\"Vuoi inviare dati CAN in modalit\u00e0 wireless alla tua applicazione? La variante BCI-BLUETOOTH \u00e8 adatta per inviare dati CAN, ad esempio, a un dispositivo...\" \/>\n<meta property=\"og:url\" content=\"https:\/\/www.beijer.com\/it\/prodotti\/prodotti-can\/beijer-can-interfaces-bci\/bci-can-to-bluetooth\/\" \/>\n<meta property=\"og:site_name\" content=\"Beijer Automotive\" \/>\n<meta property=\"article:modified_time\" content=\"2023-05-11T13:09:19+00:00\" \/>\n<meta property=\"og:image\" content=\"https:\/\/www.beijer.com\/wp-content\/uploads\/2023\/05\/Bluetooth-transparant.png\" \/>\n\t<meta property=\"og:image:width\" content=\"3570\" \/>\n\t<meta property=\"og:image:height\" content=\"3570\" \/>\n\t<meta property=\"og:image:type\" content=\"image\/png\" \/>\n<meta name=\"twitter:card\" content=\"summary_large_image\" \/>\n<script type=\"application\/ld+json\" class=\"yoast-schema-graph\">{\"@context\":\"https:\/\/schema.org\",\"@graph\":[{\"@type\":\"WebPage\",\"@id\":\"https:\/\/www.beijer.com\/it\/prodotti\/prodotti-can\/beijer-can-interfaces-bci\/bci-can-to-bluetooth\/\",\"url\":\"https:\/\/www.beijer.com\/it\/prodotti\/prodotti-can\/beijer-can-interfaces-bci\/bci-can-to-bluetooth\/\",\"name\":\"BCI | CAN-to-BLUETOOTH - Beijer Automotive\",\"isPartOf\":{\"@id\":\"https:\/\/www.beijer.com\/#website\"},\"primaryImageOfPage\":{\"@id\":\"https:\/\/www.beijer.com\/it\/prodotti\/prodotti-can\/beijer-can-interfaces-bci\/bci-can-to-bluetooth\/#primaryimage\"},\"image\":{\"@id\":\"https:\/\/www.beijer.com\/it\/prodotti\/prodotti-can\/beijer-can-interfaces-bci\/bci-can-to-bluetooth\/#primaryimage\"},\"thumbnailUrl\":\"https:\/\/www.beijer.com\/wp-content\/uploads\/2023\/05\/Bluetooth-transparant.png\",\"datePublished\":\"2019-05-27T08:25:04+00:00\",\"dateModified\":\"2023-05-11T13:09:19+00:00\",\"breadcrumb\":{\"@id\":\"https:\/\/www.beijer.com\/it\/prodotti\/prodotti-can\/beijer-can-interfaces-bci\/bci-can-to-bluetooth\/#breadcrumb\"},\"inLanguage\":\"it-IT\",\"potentialAction\":[{\"@type\":\"ReadAction\",\"target\":[\"https:\/\/www.beijer.com\/it\/prodotti\/prodotti-can\/beijer-can-interfaces-bci\/bci-can-to-bluetooth\/\"]}]},{\"@type\":\"ImageObject\",\"inLanguage\":\"it-IT\",\"@id\":\"https:\/\/www.beijer.com\/it\/prodotti\/prodotti-can\/beijer-can-interfaces-bci\/bci-can-to-bluetooth\/#primaryimage\",\"url\":\"https:\/\/www.beijer.com\/wp-content\/uploads\/2023\/05\/Bluetooth-transparant.png\",\"contentUrl\":\"https:\/\/www.beijer.com\/wp-content\/uploads\/2023\/05\/Bluetooth-transparant.png\",\"width\":3570,\"height\":3570},{\"@type\":\"BreadcrumbList\",\"@id\":\"https:\/\/www.beijer.com\/it\/prodotti\/prodotti-can\/beijer-can-interfaces-bci\/bci-can-to-bluetooth\/#breadcrumb\",\"itemListElement\":[{\"@type\":\"ListItem\",\"position\":1,\"name\":\"Home\",\"item\":\"https:\/\/www.beijer.com\/it\/\"},{\"@type\":\"ListItem\",\"position\":2,\"name\":\"Prodotti\",\"item\":\"https:\/\/www.beijer.com\/it\/prodotti\/\"},{\"@type\":\"ListItem\",\"position\":3,\"name\":\"Prodotti CAN\",\"item\":\"https:\/\/www.beijer.com\/it\/prodotti\/prodotti-can\/\"},{\"@type\":\"ListItem\",\"position\":4,\"name\":\"Beijer Interfaccia CAN (BCI)\",\"item\":\"https:\/\/www.beijer.com\/it\/prodotti\/prodotti-can\/beijer-can-interfaces-bci\/\"},{\"@type\":\"ListItem\",\"position\":5,\"name\":\"BCI | CAN-to-BLUETOOTH\"}]},{\"@type\":\"WebSite\",\"@id\":\"https:\/\/www.beijer.com\/#website\",\"url\":\"https:\/\/www.beijer.com\/\",\"name\":\"Beijer Automotive\",\"description\":\"\",\"publisher\":{\"@id\":\"https:\/\/www.beijer.com\/#organization\"},\"potentialAction\":[{\"@type\":\"SearchAction\",\"target\":{\"@type\":\"EntryPoint\",\"urlTemplate\":\"https:\/\/www.beijer.com\/?s={search_term_string}\"},\"query-input\":{\"@type\":\"PropertyValueSpecification\",\"valueRequired\":true,\"valueName\":\"search_term_string\"}}],\"inLanguage\":\"it-IT\"},{\"@type\":\"Organization\",\"@id\":\"https:\/\/www.beijer.com\/#organization\",\"name\":\"Beijer Automotive\",\"url\":\"https:\/\/www.beijer.com\/\",\"logo\":{\"@type\":\"ImageObject\",\"inLanguage\":\"it-IT\",\"@id\":\"https:\/\/www.beijer.com\/#\/schema\/logo\/image\/\",\"url\":\"https:\/\/www.beijer.com\/wp-content\/uploads\/2018\/06\/cropped-sdf.jpg\",\"contentUrl\":\"https:\/\/www.beijer.com\/wp-content\/uploads\/2018\/06\/cropped-sdf.jpg\",\"width\":\"180\",\"height\":\"59\",\"caption\":\"Beijer Automotive\"},\"image\":{\"@id\":\"https:\/\/www.beijer.com\/#\/schema\/logo\/image\/\"}}]}<\/script>\n<!-- \/ Yoast SEO plugin. -->","yoast_head_json":{"title":"BCI | CAN-to-BLUETOOTH - Beijer Automotive","robots":{"index":"index","follow":"follow","max-snippet":"max-snippet:-1","max-image-preview":"max-image-preview:large","max-video-preview":"max-video-preview:-1"},"canonical":"https:\/\/www.beijer.com\/it\/prodotti\/prodotti-can\/beijer-can-interfaces-bci\/bci-can-to-bluetooth\/","og_locale":"it_IT","og_type":"article","og_title":"BCI | CAN-to-BLUETOOTH - Beijer Automotive","og_description":"Vuoi inviare dati CAN in modalit\u00e0 wireless alla tua applicazione? La variante BCI-BLUETOOTH \u00e8 adatta per inviare dati CAN, ad esempio, a un dispositivo...","og_url":"https:\/\/www.beijer.com\/it\/prodotti\/prodotti-can\/beijer-can-interfaces-bci\/bci-can-to-bluetooth\/","og_site_name":"Beijer Automotive","article_modified_time":"2023-05-11T13:09:19+00:00","og_image":[{"width":3570,"height":3570,"url":"https:\/\/www.beijer.com\/wp-content\/uploads\/2023\/05\/Bluetooth-transparant.png","type":"image\/png"}],"twitter_card":"summary_large_image","schema":{"@context":"https:\/\/schema.org","@graph":[{"@type":"WebPage","@id":"https:\/\/www.beijer.com\/it\/prodotti\/prodotti-can\/beijer-can-interfaces-bci\/bci-can-to-bluetooth\/","url":"https:\/\/www.beijer.com\/it\/prodotti\/prodotti-can\/beijer-can-interfaces-bci\/bci-can-to-bluetooth\/","name":"BCI | CAN-to-BLUETOOTH - Beijer Automotive","isPartOf":{"@id":"https:\/\/www.beijer.com\/#website"},"primaryImageOfPage":{"@id":"https:\/\/www.beijer.com\/it\/prodotti\/prodotti-can\/beijer-can-interfaces-bci\/bci-can-to-bluetooth\/#primaryimage"},"image":{"@id":"https:\/\/www.beijer.com\/it\/prodotti\/prodotti-can\/beijer-can-interfaces-bci\/bci-can-to-bluetooth\/#primaryimage"},"thumbnailUrl":"https:\/\/www.beijer.com\/wp-content\/uploads\/2023\/05\/Bluetooth-transparant.png","datePublished":"2019-05-27T08:25:04+00:00","dateModified":"2023-05-11T13:09:19+00:00","breadcrumb":{"@id":"https:\/\/www.beijer.com\/it\/prodotti\/prodotti-can\/beijer-can-interfaces-bci\/bci-can-to-bluetooth\/#breadcrumb"},"inLanguage":"it-IT","potentialAction":[{"@type":"ReadAction","target":["https:\/\/www.beijer.com\/it\/prodotti\/prodotti-can\/beijer-can-interfaces-bci\/bci-can-to-bluetooth\/"]}]},{"@type":"ImageObject","inLanguage":"it-IT","@id":"https:\/\/www.beijer.com\/it\/prodotti\/prodotti-can\/beijer-can-interfaces-bci\/bci-can-to-bluetooth\/#primaryimage","url":"https:\/\/www.beijer.com\/wp-content\/uploads\/2023\/05\/Bluetooth-transparant.png","contentUrl":"https:\/\/www.beijer.com\/wp-content\/uploads\/2023\/05\/Bluetooth-transparant.png","width":3570,"height":3570},{"@type":"BreadcrumbList","@id":"https:\/\/www.beijer.com\/it\/prodotti\/prodotti-can\/beijer-can-interfaces-bci\/bci-can-to-bluetooth\/#breadcrumb","itemListElement":[{"@type":"ListItem","position":1,"name":"Home","item":"https:\/\/www.beijer.com\/it\/"},{"@type":"ListItem","position":2,"name":"Prodotti","item":"https:\/\/www.beijer.com\/it\/prodotti\/"},{"@type":"ListItem","position":3,"name":"Prodotti CAN","item":"https:\/\/www.beijer.com\/it\/prodotti\/prodotti-can\/"},{"@type":"ListItem","position":4,"name":"Beijer Interfaccia CAN (BCI)","item":"https:\/\/www.beijer.com\/it\/prodotti\/prodotti-can\/beijer-can-interfaces-bci\/"},{"@type":"ListItem","position":5,"name":"BCI | CAN-to-BLUETOOTH"}]},{"@type":"WebSite","@id":"https:\/\/www.beijer.com\/#website","url":"https:\/\/www.beijer.com\/","name":"Beijer Automotive","description":"","publisher":{"@id":"https:\/\/www.beijer.com\/#organization"},"potentialAction":[{"@type":"SearchAction","target":{"@type":"EntryPoint","urlTemplate":"https:\/\/www.beijer.com\/?s={search_term_string}"},"query-input":{"@type":"PropertyValueSpecification","valueRequired":true,"valueName":"search_term_string"}}],"inLanguage":"it-IT"},{"@type":"Organization","@id":"https:\/\/www.beijer.com\/#organization","name":"Beijer Automotive","url":"https:\/\/www.beijer.com\/","logo":{"@type":"ImageObject","inLanguage":"it-IT","@id":"https:\/\/www.beijer.com\/#\/schema\/logo\/image\/","url":"https:\/\/www.beijer.com\/wp-content\/uploads\/2018\/06\/cropped-sdf.jpg","contentUrl":"https:\/\/www.beijer.com\/wp-content\/uploads\/2018\/06\/cropped-sdf.jpg","width":"180","height":"59","caption":"Beijer Automotive"},"image":{"@id":"https:\/\/www.beijer.com\/#\/schema\/logo\/image\/"}}]}},"_links":{"self":[{"href":"https:\/\/www.beijer.com\/it\/wp-json\/wp\/v2\/pages\/4203","targetHints":{"allow":["GET"]}}],"collection":[{"href":"https:\/\/www.beijer.com\/it\/wp-json\/wp\/v2\/pages"}],"about":[{"href":"https:\/\/www.beijer.com\/it\/wp-json\/wp\/v2\/types\/page"}],"author":[{"embeddable":true,"href":"https:\/\/www.beijer.com\/it\/wp-json\/wp\/v2\/users\/2"}],"replies":[{"embeddable":true,"href":"https:\/\/www.beijer.com\/it\/wp-json\/wp\/v2\/comments?post=4203"}],"version-history":[{"count":12,"href":"https:\/\/www.beijer.com\/it\/wp-json\/wp\/v2\/pages\/4203\/revisions"}],"predecessor-version":[{"id":22975,"href":"https:\/\/www.beijer.com\/it\/wp-json\/wp\/v2\/pages\/4203\/revisions\/22975"}],"up":[{"embeddable":true,"href":"https:\/\/www.beijer.com\/it\/wp-json\/wp\/v2\/pages\/4126"}],"wp:featuredmedia":[{"embeddable":true,"href":"https:\/\/www.beijer.com\/it\/wp-json\/wp\/v2\/media\/22889"}],"wp:attachment":[{"href":"https:\/\/www.beijer.com\/it\/wp-json\/wp\/v2\/media?parent=4203"}],"curies":[{"name":"wp","href":"https:\/\/api.w.org\/{rel}","templated":true}]}}