{"id":4293,"date":"2018-07-05T10:07:35","date_gmt":"2018-07-05T10:07:35","guid":{"rendered":"https:\/\/www.beijer.com\/prodotti\/istruzioni-incar\/incar-bundles\/"},"modified":"2021-11-18T08:03:11","modified_gmt":"2021-11-18T08:03:11","slug":"incar-bundles","status":"publish","type":"page","link":"https:\/\/www.beijer.com\/it\/prodotti\/istruzioni-incar\/incar-bundles\/","title":{"rendered":"INCAR bundles"},"content":{"rendered":"<p>Per consultare le istruzioni INCAR \u00e8 necessario un Bundle. Se disponi di un account, puoi acquistare i Bundle nel negozio online. I Bundle acquistati sono validi per 2 anni. Con ogni Bundle puoi consultare le istruzioni INCAR. Ad esempio, con BUNDLE-100 puoi consultare 100 istruzioni INCAR.<\/p>\n<h5>Condividere un Bundle con pi\u00f9 utenti?<\/h5>\n<p>\u00c8 possibile per l&#8217;amministratore dell&#8217;account collegare pi\u00f9 utenti a un Bundle. Le persone possono essere invitate a questo tramite un collegamento una tantum. L&#8217;interessato ricever\u00e0 quindi un invito nella sua casella di posta. Dopo che questa persona si \u00e8 registrata ed \u00e8 stata associata all&#8217;account, l&#8217;amministratore dell&#8217;account pu\u00f2 assegnare i Bundle agli utenti associati. Fatto ci\u00f2, l&#8217;utente pu\u00f2 iniziare a utilizzare le istruzioni INCAR.<\/p>\n<h5>Condividere un Bundle con un&#8217;altra azienda?<\/h5>\n<p>Anche questo \u00e8 possibile. L&#8217;amministratore dell&#8217;account pu\u00f2 fornire agli utenti l&#8217;accesso alle statistiche in modo che i costi siano trasparenti per tutti.<\/p>\n<p><strong><a href=\"https:\/\/incar.beijer.com\/shop\/bundles\/bundles.html\" target=\"_blank\" rel=\"noopener\">ORDINA ADESSO<\/a><\/strong><\/p>\n","protected":false},"excerpt":{"rendered":"<p>Per consultare le istruzioni INCAR \u00e8 necessario un Bundle. Se disponi di un account, puoi acquistare i Bundle nel negozio online. I Bundle acquistati&#8230;<\/p>\n","protected":false},"author":2,"featured_media":3514,"parent":598,"menu_order":3,"comment_status":"closed","ping_status":"closed","template":"","meta":{"_acf_changed":false,"footnotes":""},"class_list":["post-4293","page","type-page","status-publish","has-post-thumbnail","hentry"],"acf":[],"yoast_head":"<!-- This site is optimized with the Yoast SEO plugin v26.8 - https:\/\/yoast.com\/product\/yoast-seo-wordpress\/ -->\n<title>INCAR bundles - Beijer Automotive<\/title>\n<meta name=\"robots\" content=\"index, follow, max-snippet:-1, max-image-preview:large, max-video-preview:-1\" \/>\n<link rel=\"canonical\" href=\"https:\/\/www.beijer.com\/it\/prodotti\/istruzioni-incar\/incar-bundles\/\" \/>\n<meta property=\"og:locale\" content=\"it_IT\" \/>\n<meta property=\"og:type\" content=\"article\" \/>\n<meta property=\"og:title\" content=\"INCAR bundles - Beijer Automotive\" \/>\n<meta property=\"og:description\" content=\"Per consultare le istruzioni INCAR \u00e8 necessario un Bundle. Se disponi di un account, puoi acquistare i Bundle nel negozio online. I Bundle acquistati...\" \/>\n<meta property=\"og:url\" content=\"https:\/\/www.beijer.com\/it\/prodotti\/istruzioni-incar\/incar-bundles\/\" \/>\n<meta property=\"og:site_name\" content=\"Beijer Automotive\" \/>\n<meta property=\"article:modified_time\" content=\"2021-11-18T08:03:11+00:00\" \/>\n<meta property=\"og:image\" content=\"https:\/\/www.beijer.com\/wp-content\/uploads\/2021\/08\/Beijer_NEW-Icons_DEF-site-zonder-cirkels-_INCAR-bundles-500.png\" \/>\n\t<meta property=\"og:image:width\" content=\"418\" \/>\n\t<meta property=\"og:image:height\" content=\"417\" \/>\n\t<meta property=\"og:image:type\" content=\"image\/png\" \/>\n<meta name=\"twitter:card\" content=\"summary_large_image\" \/>\n<script type=\"application\/ld+json\" class=\"yoast-schema-graph\">{\"@context\":\"https:\/\/schema.org\",\"@graph\":[{\"@type\":\"WebPage\",\"@id\":\"https:\/\/www.beijer.com\/it\/prodotti\/istruzioni-incar\/incar-bundles\/\",\"url\":\"https:\/\/www.beijer.com\/it\/prodotti\/istruzioni-incar\/incar-bundles\/\",\"name\":\"INCAR bundles - Beijer Automotive\",\"isPartOf\":{\"@id\":\"https:\/\/www.beijer.com\/#website\"},\"primaryImageOfPage\":{\"@id\":\"https:\/\/www.beijer.com\/it\/prodotti\/istruzioni-incar\/incar-bundles\/#primaryimage\"},\"image\":{\"@id\":\"https:\/\/www.beijer.com\/it\/prodotti\/istruzioni-incar\/incar-bundles\/#primaryimage\"},\"thumbnailUrl\":\"https:\/\/www.beijer.com\/wp-content\/uploads\/2021\/08\/Beijer_NEW-Icons_DEF-site-zonder-cirkels-_INCAR-bundles-500.png\",\"datePublished\":\"2018-07-05T10:07:35+00:00\",\"dateModified\":\"2021-11-18T08:03:11+00:00\",\"breadcrumb\":{\"@id\":\"https:\/\/www.beijer.com\/it\/prodotti\/istruzioni-incar\/incar-bundles\/#breadcrumb\"},\"inLanguage\":\"it-IT\",\"potentialAction\":[{\"@type\":\"ReadAction\",\"target\":[\"https:\/\/www.beijer.com\/it\/prodotti\/istruzioni-incar\/incar-bundles\/\"]}]},{\"@type\":\"ImageObject\",\"inLanguage\":\"it-IT\",\"@id\":\"https:\/\/www.beijer.com\/it\/prodotti\/istruzioni-incar\/incar-bundles\/#primaryimage\",\"url\":\"https:\/\/www.beijer.com\/wp-content\/uploads\/2021\/08\/Beijer_NEW-Icons_DEF-site-zonder-cirkels-_INCAR-bundles-500.png\",\"contentUrl\":\"https:\/\/www.beijer.com\/wp-content\/uploads\/2021\/08\/Beijer_NEW-Icons_DEF-site-zonder-cirkels-_INCAR-bundles-500.png\",\"width\":418,\"height\":417},{\"@type\":\"BreadcrumbList\",\"@id\":\"https:\/\/www.beijer.com\/it\/prodotti\/istruzioni-incar\/incar-bundles\/#breadcrumb\",\"itemListElement\":[{\"@type\":\"ListItem\",\"position\":1,\"name\":\"Home\",\"item\":\"https:\/\/www.beijer.com\/it\/\"},{\"@type\":\"ListItem\",\"position\":2,\"name\":\"Prodotti\",\"item\":\"https:\/\/www.beijer.com\/it\/prodotti\/\"},{\"@type\":\"ListItem\",\"position\":3,\"name\":\"Istruzioni INCAR\",\"item\":\"https:\/\/www.beijer.com\/it\/prodotti\/istruzioni-incar\/\"},{\"@type\":\"ListItem\",\"position\":4,\"name\":\"INCAR bundles\"}]},{\"@type\":\"WebSite\",\"@id\":\"https:\/\/www.beijer.com\/#website\",\"url\":\"https:\/\/www.beijer.com\/\",\"name\":\"Beijer Automotive\",\"description\":\"\",\"publisher\":{\"@id\":\"https:\/\/www.beijer.com\/#organization\"},\"potentialAction\":[{\"@type\":\"SearchAction\",\"target\":{\"@type\":\"EntryPoint\",\"urlTemplate\":\"https:\/\/www.beijer.com\/?s={search_term_string}\"},\"query-input\":{\"@type\":\"PropertyValueSpecification\",\"valueRequired\":true,\"valueName\":\"search_term_string\"}}],\"inLanguage\":\"it-IT\"},{\"@type\":\"Organization\",\"@id\":\"https:\/\/www.beijer.com\/#organization\",\"name\":\"Beijer Automotive\",\"url\":\"https:\/\/www.beijer.com\/\",\"logo\":{\"@type\":\"ImageObject\",\"inLanguage\":\"it-IT\",\"@id\":\"https:\/\/www.beijer.com\/#\/schema\/logo\/image\/\",\"url\":\"https:\/\/www.beijer.com\/wp-content\/uploads\/2018\/06\/cropped-sdf.jpg\",\"contentUrl\":\"https:\/\/www.beijer.com\/wp-content\/uploads\/2018\/06\/cropped-sdf.jpg\",\"width\":\"180\",\"height\":\"59\",\"caption\":\"Beijer Automotive\"},\"image\":{\"@id\":\"https:\/\/www.beijer.com\/#\/schema\/logo\/image\/\"}}]}<\/script>\n<!-- \/ Yoast SEO plugin. -->","yoast_head_json":{"title":"INCAR bundles - Beijer Automotive","robots":{"index":"index","follow":"follow","max-snippet":"max-snippet:-1","max-image-preview":"max-image-preview:large","max-video-preview":"max-video-preview:-1"},"canonical":"https:\/\/www.beijer.com\/it\/prodotti\/istruzioni-incar\/incar-bundles\/","og_locale":"it_IT","og_type":"article","og_title":"INCAR bundles - Beijer Automotive","og_description":"Per consultare le istruzioni INCAR \u00e8 necessario un Bundle. Se disponi di un account, puoi acquistare i Bundle nel negozio online. I Bundle acquistati...","og_url":"https:\/\/www.beijer.com\/it\/prodotti\/istruzioni-incar\/incar-bundles\/","og_site_name":"Beijer Automotive","article_modified_time":"2021-11-18T08:03:11+00:00","og_image":[{"width":418,"height":417,"url":"https:\/\/www.beijer.com\/wp-content\/uploads\/2021\/08\/Beijer_NEW-Icons_DEF-site-zonder-cirkels-_INCAR-bundles-500.png","type":"image\/png"}],"twitter_card":"summary_large_image","schema":{"@context":"https:\/\/schema.org","@graph":[{"@type":"WebPage","@id":"https:\/\/www.beijer.com\/it\/prodotti\/istruzioni-incar\/incar-bundles\/","url":"https:\/\/www.beijer.com\/it\/prodotti\/istruzioni-incar\/incar-bundles\/","name":"INCAR bundles - Beijer Automotive","isPartOf":{"@id":"https:\/\/www.beijer.com\/#website"},"primaryImageOfPage":{"@id":"https:\/\/www.beijer.com\/it\/prodotti\/istruzioni-incar\/incar-bundles\/#primaryimage"},"image":{"@id":"https:\/\/www.beijer.com\/it\/prodotti\/istruzioni-incar\/incar-bundles\/#primaryimage"},"thumbnailUrl":"https:\/\/www.beijer.com\/wp-content\/uploads\/2021\/08\/Beijer_NEW-Icons_DEF-site-zonder-cirkels-_INCAR-bundles-500.png","datePublished":"2018-07-05T10:07:35+00:00","dateModified":"2021-11-18T08:03:11+00:00","breadcrumb":{"@id":"https:\/\/www.beijer.com\/it\/prodotti\/istruzioni-incar\/incar-bundles\/#breadcrumb"},"inLanguage":"it-IT","potentialAction":[{"@type":"ReadAction","target":["https:\/\/www.beijer.com\/it\/prodotti\/istruzioni-incar\/incar-bundles\/"]}]},{"@type":"ImageObject","inLanguage":"it-IT","@id":"https:\/\/www.beijer.com\/it\/prodotti\/istruzioni-incar\/incar-bundles\/#primaryimage","url":"https:\/\/www.beijer.com\/wp-content\/uploads\/2021\/08\/Beijer_NEW-Icons_DEF-site-zonder-cirkels-_INCAR-bundles-500.png","contentUrl":"https:\/\/www.beijer.com\/wp-content\/uploads\/2021\/08\/Beijer_NEW-Icons_DEF-site-zonder-cirkels-_INCAR-bundles-500.png","width":418,"height":417},{"@type":"BreadcrumbList","@id":"https:\/\/www.beijer.com\/it\/prodotti\/istruzioni-incar\/incar-bundles\/#breadcrumb","itemListElement":[{"@type":"ListItem","position":1,"name":"Home","item":"https:\/\/www.beijer.com\/it\/"},{"@type":"ListItem","position":2,"name":"Prodotti","item":"https:\/\/www.beijer.com\/it\/prodotti\/"},{"@type":"ListItem","position":3,"name":"Istruzioni INCAR","item":"https:\/\/www.beijer.com\/it\/prodotti\/istruzioni-incar\/"},{"@type":"ListItem","position":4,"name":"INCAR bundles"}]},{"@type":"WebSite","@id":"https:\/\/www.beijer.com\/#website","url":"https:\/\/www.beijer.com\/","name":"Beijer Automotive","description":"","publisher":{"@id":"https:\/\/www.beijer.com\/#organization"},"potentialAction":[{"@type":"SearchAction","target":{"@type":"EntryPoint","urlTemplate":"https:\/\/www.beijer.com\/?s={search_term_string}"},"query-input":{"@type":"PropertyValueSpecification","valueRequired":true,"valueName":"search_term_string"}}],"inLanguage":"it-IT"},{"@type":"Organization","@id":"https:\/\/www.beijer.com\/#organization","name":"Beijer Automotive","url":"https:\/\/www.beijer.com\/","logo":{"@type":"ImageObject","inLanguage":"it-IT","@id":"https:\/\/www.beijer.com\/#\/schema\/logo\/image\/","url":"https:\/\/www.beijer.com\/wp-content\/uploads\/2018\/06\/cropped-sdf.jpg","contentUrl":"https:\/\/www.beijer.com\/wp-content\/uploads\/2018\/06\/cropped-sdf.jpg","width":"180","height":"59","caption":"Beijer Automotive"},"image":{"@id":"https:\/\/www.beijer.com\/#\/schema\/logo\/image\/"}}]}},"_links":{"self":[{"href":"https:\/\/www.beijer.com\/it\/wp-json\/wp\/v2\/pages\/4293","targetHints":{"allow":["GET"]}}],"collection":[{"href":"https:\/\/www.beijer.com\/it\/wp-json\/wp\/v2\/pages"}],"about":[{"href":"https:\/\/www.beijer.com\/it\/wp-json\/wp\/v2\/types\/page"}],"author":[{"embeddable":true,"href":"https:\/\/www.beijer.com\/it\/wp-json\/wp\/v2\/users\/2"}],"replies":[{"embeddable":true,"href":"https:\/\/www.beijer.com\/it\/wp-json\/wp\/v2\/comments?post=4293"}],"version-history":[{"count":7,"href":"https:\/\/www.beijer.com\/it\/wp-json\/wp\/v2\/pages\/4293\/revisions"}],"predecessor-version":[{"id":5876,"href":"https:\/\/www.beijer.com\/it\/wp-json\/wp\/v2\/pages\/4293\/revisions\/5876"}],"up":[{"embeddable":true,"href":"https:\/\/www.beijer.com\/it\/wp-json\/wp\/v2\/pages\/598"}],"wp:featuredmedia":[{"embeddable":true,"href":"https:\/\/www.beijer.com\/it\/wp-json\/wp\/v2\/media\/3514"}],"wp:attachment":[{"href":"https:\/\/www.beijer.com\/it\/wp-json\/wp\/v2\/media?parent=4293"}],"curies":[{"name":"wp","href":"https:\/\/api.w.org\/{rel}","templated":true}]}}