{"id":4333,"date":"2018-07-05T10:00:34","date_gmt":"2018-07-05T10:00:34","guid":{"rendered":"https:\/\/www.beijer.com\/prodotti\/prodotti-analogici\/speedswitch\/"},"modified":"2025-12-30T14:59:11","modified_gmt":"2025-12-30T13:59:11","slug":"speedswitch","status":"publish","type":"page","link":"https:\/\/www.beijer.com\/it\/prodotti\/prodotti-analogici\/speedswitch\/","title":{"rendered":"SpeedSwitch"},"content":{"rendered":"<p>Lo SpeedSwitch pu\u00f2 essere utilizzato per inserire o disinserire un utente ad una velocit\u00e0 o a un regime di giri predeterminati. Questo, abbinato al contatto incorporato di chiusura-apertura, rendo lo SpeedSwitch adatto a un\u2019ampia gamma di applicazioni.<img loading=\"lazy\" decoding=\"async\" class=\" wp-image-3778 alignright\" src=\"https:\/\/www.beijer.com\/wp-content\/uploads\/2021\/08\/Productfoto_SSW_512x512.png\" alt=\"SpeedSwitch\" width=\"225\" height=\"225\" srcset=\"https:\/\/www.beijer.com\/wp-content\/uploads\/2021\/08\/Productfoto_SSW_512x512.png 512w, https:\/\/www.beijer.com\/wp-content\/uploads\/2021\/08\/Productfoto_SSW_512x512-150x150.png 150w, https:\/\/www.beijer.com\/wp-content\/uploads\/2021\/08\/Productfoto_SSW_512x512-300x300.png 300w\" sizes=\"auto, (max-width: 225px) 100vw, 225px\" \/><\/p>\n<p>Lo SpeedSwitch \u00e8 un\u2019interfaccia automobilistica universale adatta per essere utilizzata nella gamma 12V e 24V. Originariamente realizzato per l\u2019impiego con i sistemi di navigazione, per sopprimere gli impulsi di velocit\u00e0 generati in alcune vetture, anche quando il veicolo \u00e8 effettivamente fermo. Successivamente, dopo ulteriore studio \u00e8 diventata un\u2019interfaccia multiuso.<\/p>\n<p>\u20ac 155,- IVA esclusa<\/p>\n<p><strong><a href=\"https:\/\/www.beijer.com\/wp-content\/uploads\/2021\/09\/SSW2-Manual-ENG.pdf\" target=\"_blank\" rel=\"noopener\">MANUAL (SOLO INGLESE)<\/a><\/strong><\/p>\n<p><strong><a href=\"https:\/\/incar.beijer.com\/shop\/interfaces\/signal.html\" target=\"_blank\" rel=\"noopener\">ORDINA ADESSO<\/a><\/strong><\/p>\n","protected":false},"excerpt":{"rendered":"<p>Lo SpeedSwitch pu\u00f2 essere utilizzato per inserire o disinserire un utente ad una velocit\u00e0 o a un regime di giri predeterminati. Questo, abbinato al&#8230;<\/p>\n","protected":false},"author":2,"featured_media":3778,"parent":618,"menu_order":2,"comment_status":"closed","ping_status":"closed","template":"","meta":{"_acf_changed":false,"footnotes":""},"class_list":["post-4333","page","type-page","status-publish","has-post-thumbnail","hentry"],"acf":[],"yoast_head":"<!-- This site is optimized with the Yoast SEO plugin v26.8 - https:\/\/yoast.com\/product\/yoast-seo-wordpress\/ -->\n<title>SpeedSwitch - Beijer Automotive<\/title>\n<meta name=\"robots\" content=\"index, follow, max-snippet:-1, max-image-preview:large, max-video-preview:-1\" \/>\n<link rel=\"canonical\" href=\"https:\/\/www.beijer.com\/it\/prodotti\/prodotti-analogici\/speedswitch\/\" \/>\n<meta property=\"og:locale\" content=\"it_IT\" \/>\n<meta property=\"og:type\" content=\"article\" \/>\n<meta property=\"og:title\" content=\"SpeedSwitch - Beijer Automotive\" \/>\n<meta property=\"og:description\" content=\"Lo SpeedSwitch pu\u00f2 essere utilizzato per inserire o disinserire un utente ad una velocit\u00e0 o a un regime di giri predeterminati. Questo, abbinato al...\" \/>\n<meta property=\"og:url\" content=\"https:\/\/www.beijer.com\/it\/prodotti\/prodotti-analogici\/speedswitch\/\" \/>\n<meta property=\"og:site_name\" content=\"Beijer Automotive\" \/>\n<meta property=\"article:modified_time\" content=\"2025-12-30T13:59:11+00:00\" \/>\n<meta property=\"og:image\" content=\"https:\/\/www.beijer.com\/wp-content\/uploads\/2021\/08\/Productfoto_SSW_512x512.png\" \/>\n\t<meta property=\"og:image:width\" content=\"512\" \/>\n\t<meta property=\"og:image:height\" content=\"512\" \/>\n\t<meta property=\"og:image:type\" content=\"image\/png\" \/>\n<meta name=\"twitter:card\" content=\"summary_large_image\" \/>\n<script type=\"application\/ld+json\" class=\"yoast-schema-graph\">{\"@context\":\"https:\/\/schema.org\",\"@graph\":[{\"@type\":\"WebPage\",\"@id\":\"https:\/\/www.beijer.com\/it\/prodotti\/prodotti-analogici\/speedswitch\/\",\"url\":\"https:\/\/www.beijer.com\/it\/prodotti\/prodotti-analogici\/speedswitch\/\",\"name\":\"SpeedSwitch - Beijer Automotive\",\"isPartOf\":{\"@id\":\"https:\/\/www.beijer.com\/#website\"},\"primaryImageOfPage\":{\"@id\":\"https:\/\/www.beijer.com\/it\/prodotti\/prodotti-analogici\/speedswitch\/#primaryimage\"},\"image\":{\"@id\":\"https:\/\/www.beijer.com\/it\/prodotti\/prodotti-analogici\/speedswitch\/#primaryimage\"},\"thumbnailUrl\":\"https:\/\/www.beijer.com\/wp-content\/uploads\/2021\/08\/Productfoto_SSW_512x512.png\",\"datePublished\":\"2018-07-05T10:00:34+00:00\",\"dateModified\":\"2025-12-30T13:59:11+00:00\",\"breadcrumb\":{\"@id\":\"https:\/\/www.beijer.com\/it\/prodotti\/prodotti-analogici\/speedswitch\/#breadcrumb\"},\"inLanguage\":\"it-IT\",\"potentialAction\":[{\"@type\":\"ReadAction\",\"target\":[\"https:\/\/www.beijer.com\/it\/prodotti\/prodotti-analogici\/speedswitch\/\"]}]},{\"@type\":\"ImageObject\",\"inLanguage\":\"it-IT\",\"@id\":\"https:\/\/www.beijer.com\/it\/prodotti\/prodotti-analogici\/speedswitch\/#primaryimage\",\"url\":\"https:\/\/www.beijer.com\/wp-content\/uploads\/2021\/08\/Productfoto_SSW_512x512.png\",\"contentUrl\":\"https:\/\/www.beijer.com\/wp-content\/uploads\/2021\/08\/Productfoto_SSW_512x512.png\",\"width\":512,\"height\":512,\"caption\":\"SpeedSwitch\"},{\"@type\":\"BreadcrumbList\",\"@id\":\"https:\/\/www.beijer.com\/it\/prodotti\/prodotti-analogici\/speedswitch\/#breadcrumb\",\"itemListElement\":[{\"@type\":\"ListItem\",\"position\":1,\"name\":\"Home\",\"item\":\"https:\/\/www.beijer.com\/it\/\"},{\"@type\":\"ListItem\",\"position\":2,\"name\":\"Prodotti\",\"item\":\"https:\/\/www.beijer.com\/it\/prodotti\/\"},{\"@type\":\"ListItem\",\"position\":3,\"name\":\"Prodotti analogici\",\"item\":\"https:\/\/www.beijer.com\/it\/prodotti\/prodotti-analogici\/\"},{\"@type\":\"ListItem\",\"position\":4,\"name\":\"SpeedSwitch\"}]},{\"@type\":\"WebSite\",\"@id\":\"https:\/\/www.beijer.com\/#website\",\"url\":\"https:\/\/www.beijer.com\/\",\"name\":\"Beijer Automotive\",\"description\":\"\",\"publisher\":{\"@id\":\"https:\/\/www.beijer.com\/#organization\"},\"potentialAction\":[{\"@type\":\"SearchAction\",\"target\":{\"@type\":\"EntryPoint\",\"urlTemplate\":\"https:\/\/www.beijer.com\/?s={search_term_string}\"},\"query-input\":{\"@type\":\"PropertyValueSpecification\",\"valueRequired\":true,\"valueName\":\"search_term_string\"}}],\"inLanguage\":\"it-IT\"},{\"@type\":\"Organization\",\"@id\":\"https:\/\/www.beijer.com\/#organization\",\"name\":\"Beijer Automotive\",\"url\":\"https:\/\/www.beijer.com\/\",\"logo\":{\"@type\":\"ImageObject\",\"inLanguage\":\"it-IT\",\"@id\":\"https:\/\/www.beijer.com\/#\/schema\/logo\/image\/\",\"url\":\"https:\/\/www.beijer.com\/wp-content\/uploads\/2018\/06\/cropped-sdf.jpg\",\"contentUrl\":\"https:\/\/www.beijer.com\/wp-content\/uploads\/2018\/06\/cropped-sdf.jpg\",\"width\":\"180\",\"height\":\"59\",\"caption\":\"Beijer Automotive\"},\"image\":{\"@id\":\"https:\/\/www.beijer.com\/#\/schema\/logo\/image\/\"}}]}<\/script>\n<!-- \/ Yoast SEO plugin. -->","yoast_head_json":{"title":"SpeedSwitch - Beijer Automotive","robots":{"index":"index","follow":"follow","max-snippet":"max-snippet:-1","max-image-preview":"max-image-preview:large","max-video-preview":"max-video-preview:-1"},"canonical":"https:\/\/www.beijer.com\/it\/prodotti\/prodotti-analogici\/speedswitch\/","og_locale":"it_IT","og_type":"article","og_title":"SpeedSwitch - Beijer Automotive","og_description":"Lo SpeedSwitch pu\u00f2 essere utilizzato per inserire o disinserire un utente ad una velocit\u00e0 o a un regime di giri predeterminati. Questo, abbinato al...","og_url":"https:\/\/www.beijer.com\/it\/prodotti\/prodotti-analogici\/speedswitch\/","og_site_name":"Beijer Automotive","article_modified_time":"2025-12-30T13:59:11+00:00","og_image":[{"width":512,"height":512,"url":"https:\/\/www.beijer.com\/wp-content\/uploads\/2021\/08\/Productfoto_SSW_512x512.png","type":"image\/png"}],"twitter_card":"summary_large_image","schema":{"@context":"https:\/\/schema.org","@graph":[{"@type":"WebPage","@id":"https:\/\/www.beijer.com\/it\/prodotti\/prodotti-analogici\/speedswitch\/","url":"https:\/\/www.beijer.com\/it\/prodotti\/prodotti-analogici\/speedswitch\/","name":"SpeedSwitch - Beijer Automotive","isPartOf":{"@id":"https:\/\/www.beijer.com\/#website"},"primaryImageOfPage":{"@id":"https:\/\/www.beijer.com\/it\/prodotti\/prodotti-analogici\/speedswitch\/#primaryimage"},"image":{"@id":"https:\/\/www.beijer.com\/it\/prodotti\/prodotti-analogici\/speedswitch\/#primaryimage"},"thumbnailUrl":"https:\/\/www.beijer.com\/wp-content\/uploads\/2021\/08\/Productfoto_SSW_512x512.png","datePublished":"2018-07-05T10:00:34+00:00","dateModified":"2025-12-30T13:59:11+00:00","breadcrumb":{"@id":"https:\/\/www.beijer.com\/it\/prodotti\/prodotti-analogici\/speedswitch\/#breadcrumb"},"inLanguage":"it-IT","potentialAction":[{"@type":"ReadAction","target":["https:\/\/www.beijer.com\/it\/prodotti\/prodotti-analogici\/speedswitch\/"]}]},{"@type":"ImageObject","inLanguage":"it-IT","@id":"https:\/\/www.beijer.com\/it\/prodotti\/prodotti-analogici\/speedswitch\/#primaryimage","url":"https:\/\/www.beijer.com\/wp-content\/uploads\/2021\/08\/Productfoto_SSW_512x512.png","contentUrl":"https:\/\/www.beijer.com\/wp-content\/uploads\/2021\/08\/Productfoto_SSW_512x512.png","width":512,"height":512,"caption":"SpeedSwitch"},{"@type":"BreadcrumbList","@id":"https:\/\/www.beijer.com\/it\/prodotti\/prodotti-analogici\/speedswitch\/#breadcrumb","itemListElement":[{"@type":"ListItem","position":1,"name":"Home","item":"https:\/\/www.beijer.com\/it\/"},{"@type":"ListItem","position":2,"name":"Prodotti","item":"https:\/\/www.beijer.com\/it\/prodotti\/"},{"@type":"ListItem","position":3,"name":"Prodotti analogici","item":"https:\/\/www.beijer.com\/it\/prodotti\/prodotti-analogici\/"},{"@type":"ListItem","position":4,"name":"SpeedSwitch"}]},{"@type":"WebSite","@id":"https:\/\/www.beijer.com\/#website","url":"https:\/\/www.beijer.com\/","name":"Beijer Automotive","description":"","publisher":{"@id":"https:\/\/www.beijer.com\/#organization"},"potentialAction":[{"@type":"SearchAction","target":{"@type":"EntryPoint","urlTemplate":"https:\/\/www.beijer.com\/?s={search_term_string}"},"query-input":{"@type":"PropertyValueSpecification","valueRequired":true,"valueName":"search_term_string"}}],"inLanguage":"it-IT"},{"@type":"Organization","@id":"https:\/\/www.beijer.com\/#organization","name":"Beijer Automotive","url":"https:\/\/www.beijer.com\/","logo":{"@type":"ImageObject","inLanguage":"it-IT","@id":"https:\/\/www.beijer.com\/#\/schema\/logo\/image\/","url":"https:\/\/www.beijer.com\/wp-content\/uploads\/2018\/06\/cropped-sdf.jpg","contentUrl":"https:\/\/www.beijer.com\/wp-content\/uploads\/2018\/06\/cropped-sdf.jpg","width":"180","height":"59","caption":"Beijer Automotive"},"image":{"@id":"https:\/\/www.beijer.com\/#\/schema\/logo\/image\/"}}]}},"_links":{"self":[{"href":"https:\/\/www.beijer.com\/it\/wp-json\/wp\/v2\/pages\/4333","targetHints":{"allow":["GET"]}}],"collection":[{"href":"https:\/\/www.beijer.com\/it\/wp-json\/wp\/v2\/pages"}],"about":[{"href":"https:\/\/www.beijer.com\/it\/wp-json\/wp\/v2\/types\/page"}],"author":[{"embeddable":true,"href":"https:\/\/www.beijer.com\/it\/wp-json\/wp\/v2\/users\/2"}],"replies":[{"embeddable":true,"href":"https:\/\/www.beijer.com\/it\/wp-json\/wp\/v2\/comments?post=4333"}],"version-history":[{"count":12,"href":"https:\/\/www.beijer.com\/it\/wp-json\/wp\/v2\/pages\/4333\/revisions"}],"predecessor-version":[{"id":51058,"href":"https:\/\/www.beijer.com\/it\/wp-json\/wp\/v2\/pages\/4333\/revisions\/51058"}],"up":[{"embeddable":true,"href":"https:\/\/www.beijer.com\/it\/wp-json\/wp\/v2\/pages\/618"}],"wp:featuredmedia":[{"embeddable":true,"href":"https:\/\/www.beijer.com\/it\/wp-json\/wp\/v2\/media\/3778"}],"wp:attachment":[{"href":"https:\/\/www.beijer.com\/it\/wp-json\/wp\/v2\/media?parent=4333"}],"curies":[{"name":"wp","href":"https:\/\/api.w.org\/{rel}","templated":true}]}}