{"id":4362,"date":"2018-07-05T10:01:39","date_gmt":"2018-07-05T10:01:39","guid":{"rendered":"https:\/\/www.beijer.com\/prodotti\/prodotti-analogici\/pulsgevers\/"},"modified":"2022-01-21T11:14:34","modified_gmt":"2022-01-21T11:14:34","slug":"generatori-di-impulsi","status":"publish","type":"page","link":"https:\/\/www.beijer.com\/it\/prodotti\/prodotti-analogici\/generatori-di-impulsi\/","title":{"rendered":"Generatori di impulsi"},"content":{"rendered":"<p>\u00c8 superfluo dire che non sono pi\u00f9 i prodotti di maggiore successo della nostra gamma, tuttavia sono ancora parte del nostro stock: i nostri generatori Hall universali che consentono a un segnale di velocit\u00e0 veicolo meccanico di essere convertito in un segnale di velocit\u00e0 veicolo elettronico. Quindi, se il veicolo su cui viene installato un sistema aftermarket \u00e8 ancora dotato di tachimetro ad azionamento meccanico, saremo in grado di fornirvi un generatore di impulsi idoneo.<\/p>\n<p><strong><a href=\"https:\/\/incar.beijer.com\/shop\/interfaces\/signal.html\" target=\"_blank\" rel=\"noopener\">ORDINA ADESSO<\/a><\/strong><\/p>\n","protected":false},"excerpt":{"rendered":"<p>\u00c8 superfluo dire che non sono pi\u00f9 i prodotti di maggiore successo della nostra gamma, tuttavia sono ancora parte del nostro stock: i nostri&#8230;<\/p>\n","protected":false},"author":2,"featured_media":3787,"parent":618,"menu_order":3,"comment_status":"closed","ping_status":"closed","template":"","meta":{"_acf_changed":false,"footnotes":""},"class_list":["post-4362","page","type-page","status-publish","has-post-thumbnail","hentry"],"acf":[],"yoast_head":"<!-- This site is optimized with the Yoast SEO plugin v26.8 - https:\/\/yoast.com\/product\/yoast-seo-wordpress\/ -->\n<title>Generatori di impulsi - Beijer Automotive<\/title>\n<meta name=\"robots\" content=\"index, follow, max-snippet:-1, max-image-preview:large, max-video-preview:-1\" \/>\n<link rel=\"canonical\" href=\"https:\/\/www.beijer.com\/it\/prodotti\/prodotti-analogici\/generatori-di-impulsi\/\" \/>\n<meta property=\"og:locale\" content=\"it_IT\" \/>\n<meta property=\"og:type\" content=\"article\" \/>\n<meta property=\"og:title\" content=\"Generatori di impulsi - Beijer Automotive\" \/>\n<meta property=\"og:description\" content=\"\u00c8 superfluo dire che non sono pi\u00f9 i prodotti di maggiore successo della nostra gamma, tuttavia sono ancora parte del nostro stock: i nostri...\" \/>\n<meta property=\"og:url\" content=\"https:\/\/www.beijer.com\/it\/prodotti\/prodotti-analogici\/generatori-di-impulsi\/\" \/>\n<meta property=\"og:site_name\" content=\"Beijer Automotive\" \/>\n<meta property=\"article:modified_time\" content=\"2022-01-21T11:14:34+00:00\" \/>\n<meta property=\"og:image\" content=\"https:\/\/www.beijer.com\/wp-content\/uploads\/2021\/08\/Productfoto_Pulsgever_512x512.png\" \/>\n\t<meta property=\"og:image:width\" content=\"512\" \/>\n\t<meta property=\"og:image:height\" content=\"512\" \/>\n\t<meta property=\"og:image:type\" content=\"image\/png\" \/>\n<meta name=\"twitter:card\" content=\"summary_large_image\" \/>\n<script type=\"application\/ld+json\" class=\"yoast-schema-graph\">{\"@context\":\"https:\/\/schema.org\",\"@graph\":[{\"@type\":\"WebPage\",\"@id\":\"https:\/\/www.beijer.com\/it\/prodotti\/prodotti-analogici\/generatori-di-impulsi\/\",\"url\":\"https:\/\/www.beijer.com\/it\/prodotti\/prodotti-analogici\/generatori-di-impulsi\/\",\"name\":\"Generatori di impulsi - Beijer Automotive\",\"isPartOf\":{\"@id\":\"https:\/\/www.beijer.com\/#website\"},\"primaryImageOfPage\":{\"@id\":\"https:\/\/www.beijer.com\/it\/prodotti\/prodotti-analogici\/generatori-di-impulsi\/#primaryimage\"},\"image\":{\"@id\":\"https:\/\/www.beijer.com\/it\/prodotti\/prodotti-analogici\/generatori-di-impulsi\/#primaryimage\"},\"thumbnailUrl\":\"https:\/\/www.beijer.com\/wp-content\/uploads\/2021\/08\/Productfoto_Pulsgever_512x512.png\",\"datePublished\":\"2018-07-05T10:01:39+00:00\",\"dateModified\":\"2022-01-21T11:14:34+00:00\",\"breadcrumb\":{\"@id\":\"https:\/\/www.beijer.com\/it\/prodotti\/prodotti-analogici\/generatori-di-impulsi\/#breadcrumb\"},\"inLanguage\":\"it-IT\",\"potentialAction\":[{\"@type\":\"ReadAction\",\"target\":[\"https:\/\/www.beijer.com\/it\/prodotti\/prodotti-analogici\/generatori-di-impulsi\/\"]}]},{\"@type\":\"ImageObject\",\"inLanguage\":\"it-IT\",\"@id\":\"https:\/\/www.beijer.com\/it\/prodotti\/prodotti-analogici\/generatori-di-impulsi\/#primaryimage\",\"url\":\"https:\/\/www.beijer.com\/wp-content\/uploads\/2021\/08\/Productfoto_Pulsgever_512x512.png\",\"contentUrl\":\"https:\/\/www.beijer.com\/wp-content\/uploads\/2021\/08\/Productfoto_Pulsgever_512x512.png\",\"width\":512,\"height\":512,\"caption\":\"Pulsgever\"},{\"@type\":\"BreadcrumbList\",\"@id\":\"https:\/\/www.beijer.com\/it\/prodotti\/prodotti-analogici\/generatori-di-impulsi\/#breadcrumb\",\"itemListElement\":[{\"@type\":\"ListItem\",\"position\":1,\"name\":\"Home\",\"item\":\"https:\/\/www.beijer.com\/it\/\"},{\"@type\":\"ListItem\",\"position\":2,\"name\":\"Prodotti\",\"item\":\"https:\/\/www.beijer.com\/it\/prodotti\/\"},{\"@type\":\"ListItem\",\"position\":3,\"name\":\"Prodotti analogici\",\"item\":\"https:\/\/www.beijer.com\/it\/prodotti\/prodotti-analogici\/\"},{\"@type\":\"ListItem\",\"position\":4,\"name\":\"Generatori di impulsi\"}]},{\"@type\":\"WebSite\",\"@id\":\"https:\/\/www.beijer.com\/#website\",\"url\":\"https:\/\/www.beijer.com\/\",\"name\":\"Beijer Automotive\",\"description\":\"\",\"publisher\":{\"@id\":\"https:\/\/www.beijer.com\/#organization\"},\"potentialAction\":[{\"@type\":\"SearchAction\",\"target\":{\"@type\":\"EntryPoint\",\"urlTemplate\":\"https:\/\/www.beijer.com\/?s={search_term_string}\"},\"query-input\":{\"@type\":\"PropertyValueSpecification\",\"valueRequired\":true,\"valueName\":\"search_term_string\"}}],\"inLanguage\":\"it-IT\"},{\"@type\":\"Organization\",\"@id\":\"https:\/\/www.beijer.com\/#organization\",\"name\":\"Beijer Automotive\",\"url\":\"https:\/\/www.beijer.com\/\",\"logo\":{\"@type\":\"ImageObject\",\"inLanguage\":\"it-IT\",\"@id\":\"https:\/\/www.beijer.com\/#\/schema\/logo\/image\/\",\"url\":\"https:\/\/www.beijer.com\/wp-content\/uploads\/2018\/06\/cropped-sdf.jpg\",\"contentUrl\":\"https:\/\/www.beijer.com\/wp-content\/uploads\/2018\/06\/cropped-sdf.jpg\",\"width\":\"180\",\"height\":\"59\",\"caption\":\"Beijer Automotive\"},\"image\":{\"@id\":\"https:\/\/www.beijer.com\/#\/schema\/logo\/image\/\"}}]}<\/script>\n<!-- \/ Yoast SEO plugin. -->","yoast_head_json":{"title":"Generatori di impulsi - Beijer Automotive","robots":{"index":"index","follow":"follow","max-snippet":"max-snippet:-1","max-image-preview":"max-image-preview:large","max-video-preview":"max-video-preview:-1"},"canonical":"https:\/\/www.beijer.com\/it\/prodotti\/prodotti-analogici\/generatori-di-impulsi\/","og_locale":"it_IT","og_type":"article","og_title":"Generatori di impulsi - Beijer Automotive","og_description":"\u00c8 superfluo dire che non sono pi\u00f9 i prodotti di maggiore successo della nostra gamma, tuttavia sono ancora parte del nostro stock: i nostri...","og_url":"https:\/\/www.beijer.com\/it\/prodotti\/prodotti-analogici\/generatori-di-impulsi\/","og_site_name":"Beijer Automotive","article_modified_time":"2022-01-21T11:14:34+00:00","og_image":[{"width":512,"height":512,"url":"https:\/\/www.beijer.com\/wp-content\/uploads\/2021\/08\/Productfoto_Pulsgever_512x512.png","type":"image\/png"}],"twitter_card":"summary_large_image","schema":{"@context":"https:\/\/schema.org","@graph":[{"@type":"WebPage","@id":"https:\/\/www.beijer.com\/it\/prodotti\/prodotti-analogici\/generatori-di-impulsi\/","url":"https:\/\/www.beijer.com\/it\/prodotti\/prodotti-analogici\/generatori-di-impulsi\/","name":"Generatori di impulsi - Beijer Automotive","isPartOf":{"@id":"https:\/\/www.beijer.com\/#website"},"primaryImageOfPage":{"@id":"https:\/\/www.beijer.com\/it\/prodotti\/prodotti-analogici\/generatori-di-impulsi\/#primaryimage"},"image":{"@id":"https:\/\/www.beijer.com\/it\/prodotti\/prodotti-analogici\/generatori-di-impulsi\/#primaryimage"},"thumbnailUrl":"https:\/\/www.beijer.com\/wp-content\/uploads\/2021\/08\/Productfoto_Pulsgever_512x512.png","datePublished":"2018-07-05T10:01:39+00:00","dateModified":"2022-01-21T11:14:34+00:00","breadcrumb":{"@id":"https:\/\/www.beijer.com\/it\/prodotti\/prodotti-analogici\/generatori-di-impulsi\/#breadcrumb"},"inLanguage":"it-IT","potentialAction":[{"@type":"ReadAction","target":["https:\/\/www.beijer.com\/it\/prodotti\/prodotti-analogici\/generatori-di-impulsi\/"]}]},{"@type":"ImageObject","inLanguage":"it-IT","@id":"https:\/\/www.beijer.com\/it\/prodotti\/prodotti-analogici\/generatori-di-impulsi\/#primaryimage","url":"https:\/\/www.beijer.com\/wp-content\/uploads\/2021\/08\/Productfoto_Pulsgever_512x512.png","contentUrl":"https:\/\/www.beijer.com\/wp-content\/uploads\/2021\/08\/Productfoto_Pulsgever_512x512.png","width":512,"height":512,"caption":"Pulsgever"},{"@type":"BreadcrumbList","@id":"https:\/\/www.beijer.com\/it\/prodotti\/prodotti-analogici\/generatori-di-impulsi\/#breadcrumb","itemListElement":[{"@type":"ListItem","position":1,"name":"Home","item":"https:\/\/www.beijer.com\/it\/"},{"@type":"ListItem","position":2,"name":"Prodotti","item":"https:\/\/www.beijer.com\/it\/prodotti\/"},{"@type":"ListItem","position":3,"name":"Prodotti analogici","item":"https:\/\/www.beijer.com\/it\/prodotti\/prodotti-analogici\/"},{"@type":"ListItem","position":4,"name":"Generatori di impulsi"}]},{"@type":"WebSite","@id":"https:\/\/www.beijer.com\/#website","url":"https:\/\/www.beijer.com\/","name":"Beijer Automotive","description":"","publisher":{"@id":"https:\/\/www.beijer.com\/#organization"},"potentialAction":[{"@type":"SearchAction","target":{"@type":"EntryPoint","urlTemplate":"https:\/\/www.beijer.com\/?s={search_term_string}"},"query-input":{"@type":"PropertyValueSpecification","valueRequired":true,"valueName":"search_term_string"}}],"inLanguage":"it-IT"},{"@type":"Organization","@id":"https:\/\/www.beijer.com\/#organization","name":"Beijer Automotive","url":"https:\/\/www.beijer.com\/","logo":{"@type":"ImageObject","inLanguage":"it-IT","@id":"https:\/\/www.beijer.com\/#\/schema\/logo\/image\/","url":"https:\/\/www.beijer.com\/wp-content\/uploads\/2018\/06\/cropped-sdf.jpg","contentUrl":"https:\/\/www.beijer.com\/wp-content\/uploads\/2018\/06\/cropped-sdf.jpg","width":"180","height":"59","caption":"Beijer Automotive"},"image":{"@id":"https:\/\/www.beijer.com\/#\/schema\/logo\/image\/"}}]}},"_links":{"self":[{"href":"https:\/\/www.beijer.com\/it\/wp-json\/wp\/v2\/pages\/4362","targetHints":{"allow":["GET"]}}],"collection":[{"href":"https:\/\/www.beijer.com\/it\/wp-json\/wp\/v2\/pages"}],"about":[{"href":"https:\/\/www.beijer.com\/it\/wp-json\/wp\/v2\/types\/page"}],"author":[{"embeddable":true,"href":"https:\/\/www.beijer.com\/it\/wp-json\/wp\/v2\/users\/2"}],"replies":[{"embeddable":true,"href":"https:\/\/www.beijer.com\/it\/wp-json\/wp\/v2\/comments?post=4362"}],"version-history":[{"count":4,"href":"https:\/\/www.beijer.com\/it\/wp-json\/wp\/v2\/pages\/4362\/revisions"}],"predecessor-version":[{"id":4927,"href":"https:\/\/www.beijer.com\/it\/wp-json\/wp\/v2\/pages\/4362\/revisions\/4927"}],"up":[{"embeddable":true,"href":"https:\/\/www.beijer.com\/it\/wp-json\/wp\/v2\/pages\/618"}],"wp:featuredmedia":[{"embeddable":true,"href":"https:\/\/www.beijer.com\/it\/wp-json\/wp\/v2\/media\/3787"}],"wp:attachment":[{"href":"https:\/\/www.beijer.com\/it\/wp-json\/wp\/v2\/media?parent=4362"}],"curies":[{"name":"wp","href":"https:\/\/api.w.org\/{rel}","templated":true}]}}