{"id":6777,"date":"2018-04-17T12:51:57","date_gmt":"2018-04-17T12:51:57","guid":{"rendered":"https:\/\/www.beijer.com\/disclaimer\/"},"modified":"2022-01-26T12:20:18","modified_gmt":"2022-01-26T11:20:18","slug":"note-legali","status":"publish","type":"page","link":"https:\/\/www.beijer.com\/it\/note-legali\/","title":{"rendered":"Note legali"},"content":{"rendered":"<p>Beijer Automotive B.V., di seguito denominata \u201cBeijer\u201d, \u00e8 registrata presso la Camera di commercio di \u2019s-Hertogenbosch al numero 73576433.<\/p>\n<p>Indice<br \/>\nLe informazioni fornite da Beijer su questo sito web sono tratte da fonti che possono essere considerate affidabili. Beijer non sar\u00e0 ritenuta responsabile per l\u2019accuratezza o la completezza di tali informazioni. Le informazioni visualizzate su questo sito web sono fornite esclusivamente a titolo indicativo e possono essere modificate in qualsiasi momento, senza preavviso. Le pagine di questo sito Web sono state tradotte automaticamente e potrebbero non essere accurate al 100%. Il testo originale \u00e8 disponibile nella versione inglese di questo sito Web.<\/p>\n<p>Responsabilit\u00e0<br \/>\nNessun diritto pu\u00f2 essere derivato dalle informazioni fornite. Beijer non pu\u00f2 garantire la totale assenza di errori del sito web e la sua disponibilit\u00e0 in ogni momento. Beijer e altri fornitori non accetteranno alcuna responsabilit\u00e0 per il contenuto di questo sito web o per le informazioni in esso fornite. Beijer non accetta alcuna responsabilit\u00e0 relativa al contenuto dei siti che non sono stati sviluppati da Beijer e ai quali viene fatto riferimento o che contengano riferimenti a siti web appartenenti a Beijer.<\/p>\n<p>Responsabilit\u00e0<br \/>\nIl cliente che richiede le informazioni \u00e8 responsabile della selezione delle informazioni richieste e della finalit\u00e0 del loro utilizzo. Le informazioni sono per uso esclusivo del cliente che ne ha fatto richiesta. Il cliente non pu\u00f2 trasferire, riprodurre, elaborare o distribuire le informazioni in alcun modo. Il cliente ha l\u2019obbligo di prestare attenzione alle istruzioni emesse da Beijer relative all\u2019uso delle informazioni. Per quanto riguarda il contenuto di questo sito web, nessuna informazione pu\u00f2 essere riprodotta da esso; tutti i copyright, compresi quelli di cui all\u2019articolo 15 del Dutch Copyright Act, sono riservati. La dichiarazione di esclusione di responsabilit\u00e0 \u00e8 regolamentata dalle leggi dei Paesi Bassi.<\/p>\n<p>In caso di ulteriori domande o quesiti, non esitate a contattarci anche via e-mail per ulteriori informazioni. Saremo lieti di aiutarvi!<br \/>\nTel: +31 73-5480351<br \/>\nE-mail: info@beijer.com<\/p>\n","protected":false},"excerpt":{"rendered":"<p>Beijer Automotive B.V., di seguito denominata \u201cBeijer\u201d, \u00e8 registrata presso la Camera di commercio di \u2019s-Hertogenbosch al numero 73576433. Indice Le informazioni fornite da&#8230;<\/p>\n","protected":false},"author":1,"featured_media":0,"parent":0,"menu_order":0,"comment_status":"closed","ping_status":"closed","template":"","meta":{"_acf_changed":false,"footnotes":""},"class_list":["post-6777","page","type-page","status-publish","hentry"],"acf":[],"yoast_head":"<!-- This site is optimized with the Yoast SEO plugin v26.8 - https:\/\/yoast.com\/product\/yoast-seo-wordpress\/ -->\n<title>Note legali - Beijer Automotive<\/title>\n<meta name=\"robots\" content=\"index, follow, max-snippet:-1, max-image-preview:large, max-video-preview:-1\" \/>\n<link rel=\"canonical\" href=\"https:\/\/www.beijer.com\/it\/note-legali\/\" \/>\n<meta property=\"og:locale\" content=\"it_IT\" \/>\n<meta property=\"og:type\" content=\"article\" \/>\n<meta property=\"og:title\" content=\"Note legali - Beijer Automotive\" \/>\n<meta property=\"og:description\" content=\"Beijer Automotive B.V., di seguito denominata \u201cBeijer\u201d, \u00e8 registrata presso la Camera di commercio di \u2019s-Hertogenbosch al numero 73576433. Indice Le informazioni fornite da...\" \/>\n<meta property=\"og:url\" content=\"https:\/\/www.beijer.com\/it\/note-legali\/\" \/>\n<meta property=\"og:site_name\" content=\"Beijer Automotive\" \/>\n<meta property=\"article:modified_time\" content=\"2022-01-26T11:20:18+00:00\" \/>\n<meta name=\"twitter:card\" content=\"summary_large_image\" \/>\n<script type=\"application\/ld+json\" class=\"yoast-schema-graph\">{\"@context\":\"https:\/\/schema.org\",\"@graph\":[{\"@type\":\"WebPage\",\"@id\":\"https:\/\/www.beijer.com\/it\/note-legali\/\",\"url\":\"https:\/\/www.beijer.com\/it\/note-legali\/\",\"name\":\"Note legali - Beijer Automotive\",\"isPartOf\":{\"@id\":\"https:\/\/www.beijer.com\/#website\"},\"datePublished\":\"2018-04-17T12:51:57+00:00\",\"dateModified\":\"2022-01-26T11:20:18+00:00\",\"breadcrumb\":{\"@id\":\"https:\/\/www.beijer.com\/it\/note-legali\/#breadcrumb\"},\"inLanguage\":\"it-IT\",\"potentialAction\":[{\"@type\":\"ReadAction\",\"target\":[\"https:\/\/www.beijer.com\/it\/note-legali\/\"]}]},{\"@type\":\"BreadcrumbList\",\"@id\":\"https:\/\/www.beijer.com\/it\/note-legali\/#breadcrumb\",\"itemListElement\":[{\"@type\":\"ListItem\",\"position\":1,\"name\":\"Home\",\"item\":\"https:\/\/www.beijer.com\/it\/\"},{\"@type\":\"ListItem\",\"position\":2,\"name\":\"Note legali\"}]},{\"@type\":\"WebSite\",\"@id\":\"https:\/\/www.beijer.com\/#website\",\"url\":\"https:\/\/www.beijer.com\/\",\"name\":\"Beijer Automotive\",\"description\":\"\",\"publisher\":{\"@id\":\"https:\/\/www.beijer.com\/#organization\"},\"potentialAction\":[{\"@type\":\"SearchAction\",\"target\":{\"@type\":\"EntryPoint\",\"urlTemplate\":\"https:\/\/www.beijer.com\/?s={search_term_string}\"},\"query-input\":{\"@type\":\"PropertyValueSpecification\",\"valueRequired\":true,\"valueName\":\"search_term_string\"}}],\"inLanguage\":\"it-IT\"},{\"@type\":\"Organization\",\"@id\":\"https:\/\/www.beijer.com\/#organization\",\"name\":\"Beijer Automotive\",\"url\":\"https:\/\/www.beijer.com\/\",\"logo\":{\"@type\":\"ImageObject\",\"inLanguage\":\"it-IT\",\"@id\":\"https:\/\/www.beijer.com\/#\/schema\/logo\/image\/\",\"url\":\"https:\/\/www.beijer.com\/wp-content\/uploads\/2018\/06\/cropped-sdf.jpg\",\"contentUrl\":\"https:\/\/www.beijer.com\/wp-content\/uploads\/2018\/06\/cropped-sdf.jpg\",\"width\":\"180\",\"height\":\"59\",\"caption\":\"Beijer Automotive\"},\"image\":{\"@id\":\"https:\/\/www.beijer.com\/#\/schema\/logo\/image\/\"}}]}<\/script>\n<!-- \/ Yoast SEO plugin. -->","yoast_head_json":{"title":"Note legali - Beijer Automotive","robots":{"index":"index","follow":"follow","max-snippet":"max-snippet:-1","max-image-preview":"max-image-preview:large","max-video-preview":"max-video-preview:-1"},"canonical":"https:\/\/www.beijer.com\/it\/note-legali\/","og_locale":"it_IT","og_type":"article","og_title":"Note legali - Beijer Automotive","og_description":"Beijer Automotive B.V., di seguito denominata \u201cBeijer\u201d, \u00e8 registrata presso la Camera di commercio di \u2019s-Hertogenbosch al numero 73576433. Indice Le informazioni fornite da...","og_url":"https:\/\/www.beijer.com\/it\/note-legali\/","og_site_name":"Beijer Automotive","article_modified_time":"2022-01-26T11:20:18+00:00","twitter_card":"summary_large_image","schema":{"@context":"https:\/\/schema.org","@graph":[{"@type":"WebPage","@id":"https:\/\/www.beijer.com\/it\/note-legali\/","url":"https:\/\/www.beijer.com\/it\/note-legali\/","name":"Note legali - Beijer Automotive","isPartOf":{"@id":"https:\/\/www.beijer.com\/#website"},"datePublished":"2018-04-17T12:51:57+00:00","dateModified":"2022-01-26T11:20:18+00:00","breadcrumb":{"@id":"https:\/\/www.beijer.com\/it\/note-legali\/#breadcrumb"},"inLanguage":"it-IT","potentialAction":[{"@type":"ReadAction","target":["https:\/\/www.beijer.com\/it\/note-legali\/"]}]},{"@type":"BreadcrumbList","@id":"https:\/\/www.beijer.com\/it\/note-legali\/#breadcrumb","itemListElement":[{"@type":"ListItem","position":1,"name":"Home","item":"https:\/\/www.beijer.com\/it\/"},{"@type":"ListItem","position":2,"name":"Note legali"}]},{"@type":"WebSite","@id":"https:\/\/www.beijer.com\/#website","url":"https:\/\/www.beijer.com\/","name":"Beijer Automotive","description":"","publisher":{"@id":"https:\/\/www.beijer.com\/#organization"},"potentialAction":[{"@type":"SearchAction","target":{"@type":"EntryPoint","urlTemplate":"https:\/\/www.beijer.com\/?s={search_term_string}"},"query-input":{"@type":"PropertyValueSpecification","valueRequired":true,"valueName":"search_term_string"}}],"inLanguage":"it-IT"},{"@type":"Organization","@id":"https:\/\/www.beijer.com\/#organization","name":"Beijer Automotive","url":"https:\/\/www.beijer.com\/","logo":{"@type":"ImageObject","inLanguage":"it-IT","@id":"https:\/\/www.beijer.com\/#\/schema\/logo\/image\/","url":"https:\/\/www.beijer.com\/wp-content\/uploads\/2018\/06\/cropped-sdf.jpg","contentUrl":"https:\/\/www.beijer.com\/wp-content\/uploads\/2018\/06\/cropped-sdf.jpg","width":"180","height":"59","caption":"Beijer Automotive"},"image":{"@id":"https:\/\/www.beijer.com\/#\/schema\/logo\/image\/"}}]}},"_links":{"self":[{"href":"https:\/\/www.beijer.com\/it\/wp-json\/wp\/v2\/pages\/6777","targetHints":{"allow":["GET"]}}],"collection":[{"href":"https:\/\/www.beijer.com\/it\/wp-json\/wp\/v2\/pages"}],"about":[{"href":"https:\/\/www.beijer.com\/it\/wp-json\/wp\/v2\/types\/page"}],"author":[{"embeddable":true,"href":"https:\/\/www.beijer.com\/it\/wp-json\/wp\/v2\/users\/1"}],"replies":[{"embeddable":true,"href":"https:\/\/www.beijer.com\/it\/wp-json\/wp\/v2\/comments?post=6777"}],"version-history":[{"count":2,"href":"https:\/\/www.beijer.com\/it\/wp-json\/wp\/v2\/pages\/6777\/revisions"}],"predecessor-version":[{"id":6783,"href":"https:\/\/www.beijer.com\/it\/wp-json\/wp\/v2\/pages\/6777\/revisions\/6783"}],"wp:attachment":[{"href":"https:\/\/www.beijer.com\/it\/wp-json\/wp\/v2\/media?parent=6777"}],"curies":[{"name":"wp","href":"https:\/\/api.w.org\/{rel}","templated":true}]}}