{"id":700,"date":"2018-07-05T07:51:27","date_gmt":"2018-07-05T07:51:27","guid":{"rendered":"https:\/\/www.beijer.com\/prodotti\/prodotti-analogici\/api\/"},"modified":"2025-12-30T14:33:30","modified_gmt":"2025-12-30T13:33:30","slug":"api","status":"publish","type":"page","link":"https:\/\/www.beijer.com\/it\/prodotti\/prodotti-analogici\/api\/","title":{"rendered":"API"},"content":{"rendered":"<p>L\u2019Automatic Pulse Interface (API) \u00e8 stata sviluppata per prevenire i problemi che possono verificarsi quando si estrae il segnale di velocit\u00e0 veicolo, per alimentare un dispositivo come un sistema di navigazione, il regolatore di velocit\u00e0, l\u2019allarme, la scatola nera, il tassametro o l\u2019apparecchiatura di analisi degli incidenti.<\/p>\n<p>Questo pu\u00f2 talvolta causare problemi nel sistema di gestione del motore; il sistema di navigazione non pu\u00f2 vedere gli impulsi in modo efficace; piccoli picchi di interferenza nel segnale possono farlo apparire come se il veicolo si muovesse mentre in realt\u00e0 \u00e8 fermo oppure il segnale pu\u00f2 semplicemente essere troppo debole per far funzionare il sistema a cui sar\u00e0 collegato.<img loading=\"lazy\" decoding=\"async\" class=\" wp-image-3899 alignright\" src=\"https:\/\/www.beijer.com\/wp-content\/uploads\/2021\/08\/Productfoto_API_512x512.png\" alt=\"API puls interface\" width=\"216\" height=\"216\" srcset=\"https:\/\/www.beijer.com\/wp-content\/uploads\/2021\/08\/Productfoto_API_512x512.png 512w, https:\/\/www.beijer.com\/wp-content\/uploads\/2021\/08\/Productfoto_API_512x512-150x150.png 150w, https:\/\/www.beijer.com\/wp-content\/uploads\/2021\/08\/Productfoto_API_512x512-300x300.png 300w\" sizes=\"auto, (max-width: 216px) 100vw, 216px\" \/><\/p>\n<p>Un API pu\u00f2 risolvere una serie di problemi. \u00c8 dotato di un amplificatore in grado di potenziare un segnale di velocit\u00e0 veicolo (o un segnale di regime di giri) a un\u2019onda quadra di 10V e comprende un filtro che si occupa dei picchi di tensione e dell\u2019interferenza. Adatto per tensioni da 12V a 24V.<br \/>\nL\u2019API risolve il 98% di tutti i tipi di problemi che possono influire su un segnale di velocit\u00e0 veicolo.<\/p>\n<p>API4 | \u20ac 95,- IVA esclusa<br \/>\nAPI4-S (sensitive) | \u20ac 108,- IVA esclusa<br \/>\nAPI4-D (double frequency) | \u20ac 125,- IVA esclusa<\/p>\n<p><strong><a href=\"https:\/\/www.beijer.com\/wp-content\/uploads\/2023\/02\/API4-brochure-ENG-2005.pdf\" target=\"_blank\" rel=\"noopener\">BROCHURE (SOLO INGLESE)<\/a><\/strong> <strong><a href=\"https:\/\/www.beijer.com\/wp-content\/uploads\/2018\/08\/API4-API4S-API4D-NL-ENG-bijsluiters-2007.pdf\" target=\"_blank\" rel=\"noopener\">MANUAL (SOLO INGLESE)<\/a><\/strong> <strong><a href=\"https:\/\/www.beijer.com\/wp-content\/uploads\/2023\/02\/APIarticle996x1600IT.png\" target=\"_blank\" rel=\"noopener\">ARTICOLO<\/a><\/strong><\/p>\n<p><strong><a href=\"https:\/\/incar.beijer.com\/shop\/interfaces\/signal.html\" target=\"_blank\" rel=\"noopener\">ORDINA ADESSO<\/a><\/strong><\/p>\n","protected":false},"excerpt":{"rendered":"<p>L\u2019Automatic Pulse Interface (API) \u00e8 stata sviluppata per prevenire i problemi che possono verificarsi quando si estrae il segnale di velocit\u00e0 veicolo, per alimentare&#8230;<\/p>\n","protected":false},"author":2,"featured_media":3899,"parent":618,"menu_order":1,"comment_status":"closed","ping_status":"closed","template":"","meta":{"_acf_changed":false,"footnotes":""},"class_list":["post-700","page","type-page","status-publish","has-post-thumbnail","hentry"],"acf":[],"yoast_head":"<!-- This site is optimized with the Yoast SEO plugin v26.8 - https:\/\/yoast.com\/product\/yoast-seo-wordpress\/ -->\n<title>API - Beijer Automotive<\/title>\n<meta name=\"robots\" content=\"index, follow, max-snippet:-1, max-image-preview:large, max-video-preview:-1\" \/>\n<link rel=\"canonical\" href=\"https:\/\/www.beijer.com\/it\/prodotti\/prodotti-analogici\/api\/\" \/>\n<meta property=\"og:locale\" content=\"it_IT\" \/>\n<meta property=\"og:type\" content=\"article\" \/>\n<meta property=\"og:title\" content=\"API - Beijer Automotive\" \/>\n<meta property=\"og:description\" content=\"L\u2019Automatic Pulse Interface (API) \u00e8 stata sviluppata per prevenire i problemi che possono verificarsi quando si estrae il segnale di velocit\u00e0 veicolo, per alimentare...\" \/>\n<meta property=\"og:url\" content=\"https:\/\/www.beijer.com\/it\/prodotti\/prodotti-analogici\/api\/\" \/>\n<meta property=\"og:site_name\" content=\"Beijer Automotive\" \/>\n<meta property=\"article:modified_time\" content=\"2025-12-30T13:33:30+00:00\" \/>\n<meta property=\"og:image\" content=\"https:\/\/www.beijer.com\/wp-content\/uploads\/2021\/08\/Productfoto_API_512x512.png\" \/>\n\t<meta property=\"og:image:width\" content=\"512\" \/>\n\t<meta property=\"og:image:height\" content=\"512\" \/>\n\t<meta property=\"og:image:type\" content=\"image\/png\" \/>\n<meta name=\"twitter:card\" content=\"summary_large_image\" \/>\n<script type=\"application\/ld+json\" class=\"yoast-schema-graph\">{\"@context\":\"https:\/\/schema.org\",\"@graph\":[{\"@type\":\"WebPage\",\"@id\":\"https:\/\/www.beijer.com\/it\/prodotti\/prodotti-analogici\/api\/\",\"url\":\"https:\/\/www.beijer.com\/it\/prodotti\/prodotti-analogici\/api\/\",\"name\":\"API - Beijer Automotive\",\"isPartOf\":{\"@id\":\"https:\/\/www.beijer.com\/#website\"},\"primaryImageOfPage\":{\"@id\":\"https:\/\/www.beijer.com\/it\/prodotti\/prodotti-analogici\/api\/#primaryimage\"},\"image\":{\"@id\":\"https:\/\/www.beijer.com\/it\/prodotti\/prodotti-analogici\/api\/#primaryimage\"},\"thumbnailUrl\":\"https:\/\/www.beijer.com\/wp-content\/uploads\/2021\/08\/Productfoto_API_512x512.png\",\"datePublished\":\"2018-07-05T07:51:27+00:00\",\"dateModified\":\"2025-12-30T13:33:30+00:00\",\"breadcrumb\":{\"@id\":\"https:\/\/www.beijer.com\/it\/prodotti\/prodotti-analogici\/api\/#breadcrumb\"},\"inLanguage\":\"it-IT\",\"potentialAction\":[{\"@type\":\"ReadAction\",\"target\":[\"https:\/\/www.beijer.com\/it\/prodotti\/prodotti-analogici\/api\/\"]}]},{\"@type\":\"ImageObject\",\"inLanguage\":\"it-IT\",\"@id\":\"https:\/\/www.beijer.com\/it\/prodotti\/prodotti-analogici\/api\/#primaryimage\",\"url\":\"https:\/\/www.beijer.com\/wp-content\/uploads\/2021\/08\/Productfoto_API_512x512.png\",\"contentUrl\":\"https:\/\/www.beijer.com\/wp-content\/uploads\/2021\/08\/Productfoto_API_512x512.png\",\"width\":512,\"height\":512,\"caption\":\"API puls interface\"},{\"@type\":\"BreadcrumbList\",\"@id\":\"https:\/\/www.beijer.com\/it\/prodotti\/prodotti-analogici\/api\/#breadcrumb\",\"itemListElement\":[{\"@type\":\"ListItem\",\"position\":1,\"name\":\"Home\",\"item\":\"https:\/\/www.beijer.com\/it\/\"},{\"@type\":\"ListItem\",\"position\":2,\"name\":\"Prodotti\",\"item\":\"https:\/\/www.beijer.com\/it\/prodotti\/\"},{\"@type\":\"ListItem\",\"position\":3,\"name\":\"Prodotti analogici\",\"item\":\"https:\/\/www.beijer.com\/it\/prodotti\/prodotti-analogici\/\"},{\"@type\":\"ListItem\",\"position\":4,\"name\":\"API\"}]},{\"@type\":\"WebSite\",\"@id\":\"https:\/\/www.beijer.com\/#website\",\"url\":\"https:\/\/www.beijer.com\/\",\"name\":\"Beijer Automotive\",\"description\":\"\",\"publisher\":{\"@id\":\"https:\/\/www.beijer.com\/#organization\"},\"potentialAction\":[{\"@type\":\"SearchAction\",\"target\":{\"@type\":\"EntryPoint\",\"urlTemplate\":\"https:\/\/www.beijer.com\/?s={search_term_string}\"},\"query-input\":{\"@type\":\"PropertyValueSpecification\",\"valueRequired\":true,\"valueName\":\"search_term_string\"}}],\"inLanguage\":\"it-IT\"},{\"@type\":\"Organization\",\"@id\":\"https:\/\/www.beijer.com\/#organization\",\"name\":\"Beijer Automotive\",\"url\":\"https:\/\/www.beijer.com\/\",\"logo\":{\"@type\":\"ImageObject\",\"inLanguage\":\"it-IT\",\"@id\":\"https:\/\/www.beijer.com\/#\/schema\/logo\/image\/\",\"url\":\"https:\/\/www.beijer.com\/wp-content\/uploads\/2018\/06\/cropped-sdf.jpg\",\"contentUrl\":\"https:\/\/www.beijer.com\/wp-content\/uploads\/2018\/06\/cropped-sdf.jpg\",\"width\":\"180\",\"height\":\"59\",\"caption\":\"Beijer Automotive\"},\"image\":{\"@id\":\"https:\/\/www.beijer.com\/#\/schema\/logo\/image\/\"}}]}<\/script>\n<!-- \/ Yoast SEO plugin. -->","yoast_head_json":{"title":"API - Beijer Automotive","robots":{"index":"index","follow":"follow","max-snippet":"max-snippet:-1","max-image-preview":"max-image-preview:large","max-video-preview":"max-video-preview:-1"},"canonical":"https:\/\/www.beijer.com\/it\/prodotti\/prodotti-analogici\/api\/","og_locale":"it_IT","og_type":"article","og_title":"API - Beijer Automotive","og_description":"L\u2019Automatic Pulse Interface (API) \u00e8 stata sviluppata per prevenire i problemi che possono verificarsi quando si estrae il segnale di velocit\u00e0 veicolo, per alimentare...","og_url":"https:\/\/www.beijer.com\/it\/prodotti\/prodotti-analogici\/api\/","og_site_name":"Beijer Automotive","article_modified_time":"2025-12-30T13:33:30+00:00","og_image":[{"width":512,"height":512,"url":"https:\/\/www.beijer.com\/wp-content\/uploads\/2021\/08\/Productfoto_API_512x512.png","type":"image\/png"}],"twitter_card":"summary_large_image","schema":{"@context":"https:\/\/schema.org","@graph":[{"@type":"WebPage","@id":"https:\/\/www.beijer.com\/it\/prodotti\/prodotti-analogici\/api\/","url":"https:\/\/www.beijer.com\/it\/prodotti\/prodotti-analogici\/api\/","name":"API - Beijer Automotive","isPartOf":{"@id":"https:\/\/www.beijer.com\/#website"},"primaryImageOfPage":{"@id":"https:\/\/www.beijer.com\/it\/prodotti\/prodotti-analogici\/api\/#primaryimage"},"image":{"@id":"https:\/\/www.beijer.com\/it\/prodotti\/prodotti-analogici\/api\/#primaryimage"},"thumbnailUrl":"https:\/\/www.beijer.com\/wp-content\/uploads\/2021\/08\/Productfoto_API_512x512.png","datePublished":"2018-07-05T07:51:27+00:00","dateModified":"2025-12-30T13:33:30+00:00","breadcrumb":{"@id":"https:\/\/www.beijer.com\/it\/prodotti\/prodotti-analogici\/api\/#breadcrumb"},"inLanguage":"it-IT","potentialAction":[{"@type":"ReadAction","target":["https:\/\/www.beijer.com\/it\/prodotti\/prodotti-analogici\/api\/"]}]},{"@type":"ImageObject","inLanguage":"it-IT","@id":"https:\/\/www.beijer.com\/it\/prodotti\/prodotti-analogici\/api\/#primaryimage","url":"https:\/\/www.beijer.com\/wp-content\/uploads\/2021\/08\/Productfoto_API_512x512.png","contentUrl":"https:\/\/www.beijer.com\/wp-content\/uploads\/2021\/08\/Productfoto_API_512x512.png","width":512,"height":512,"caption":"API puls interface"},{"@type":"BreadcrumbList","@id":"https:\/\/www.beijer.com\/it\/prodotti\/prodotti-analogici\/api\/#breadcrumb","itemListElement":[{"@type":"ListItem","position":1,"name":"Home","item":"https:\/\/www.beijer.com\/it\/"},{"@type":"ListItem","position":2,"name":"Prodotti","item":"https:\/\/www.beijer.com\/it\/prodotti\/"},{"@type":"ListItem","position":3,"name":"Prodotti analogici","item":"https:\/\/www.beijer.com\/it\/prodotti\/prodotti-analogici\/"},{"@type":"ListItem","position":4,"name":"API"}]},{"@type":"WebSite","@id":"https:\/\/www.beijer.com\/#website","url":"https:\/\/www.beijer.com\/","name":"Beijer Automotive","description":"","publisher":{"@id":"https:\/\/www.beijer.com\/#organization"},"potentialAction":[{"@type":"SearchAction","target":{"@type":"EntryPoint","urlTemplate":"https:\/\/www.beijer.com\/?s={search_term_string}"},"query-input":{"@type":"PropertyValueSpecification","valueRequired":true,"valueName":"search_term_string"}}],"inLanguage":"it-IT"},{"@type":"Organization","@id":"https:\/\/www.beijer.com\/#organization","name":"Beijer Automotive","url":"https:\/\/www.beijer.com\/","logo":{"@type":"ImageObject","inLanguage":"it-IT","@id":"https:\/\/www.beijer.com\/#\/schema\/logo\/image\/","url":"https:\/\/www.beijer.com\/wp-content\/uploads\/2018\/06\/cropped-sdf.jpg","contentUrl":"https:\/\/www.beijer.com\/wp-content\/uploads\/2018\/06\/cropped-sdf.jpg","width":"180","height":"59","caption":"Beijer Automotive"},"image":{"@id":"https:\/\/www.beijer.com\/#\/schema\/logo\/image\/"}}]}},"_links":{"self":[{"href":"https:\/\/www.beijer.com\/it\/wp-json\/wp\/v2\/pages\/700","targetHints":{"allow":["GET"]}}],"collection":[{"href":"https:\/\/www.beijer.com\/it\/wp-json\/wp\/v2\/pages"}],"about":[{"href":"https:\/\/www.beijer.com\/it\/wp-json\/wp\/v2\/types\/page"}],"author":[{"embeddable":true,"href":"https:\/\/www.beijer.com\/it\/wp-json\/wp\/v2\/users\/2"}],"replies":[{"embeddable":true,"href":"https:\/\/www.beijer.com\/it\/wp-json\/wp\/v2\/comments?post=700"}],"version-history":[{"count":18,"href":"https:\/\/www.beijer.com\/it\/wp-json\/wp\/v2\/pages\/700\/revisions"}],"predecessor-version":[{"id":51052,"href":"https:\/\/www.beijer.com\/it\/wp-json\/wp\/v2\/pages\/700\/revisions\/51052"}],"up":[{"embeddable":true,"href":"https:\/\/www.beijer.com\/it\/wp-json\/wp\/v2\/pages\/618"}],"wp:featuredmedia":[{"embeddable":true,"href":"https:\/\/www.beijer.com\/it\/wp-json\/wp\/v2\/media\/3899"}],"wp:attachment":[{"href":"https:\/\/www.beijer.com\/it\/wp-json\/wp\/v2\/media?parent=700"}],"curies":[{"name":"wp","href":"https:\/\/api.w.org\/{rel}","templated":true}]}}